{"id":1037,"date":"2015-07-21T09:47:03","date_gmt":"2015-07-21T09:47:03","guid":{"rendered":"http:\/\/alfasites.hu\/?page_id=1037"},"modified":"2026-02-27T09:39:29","modified_gmt":"2026-02-27T08:39:29","slug":"microhome-l","status":"publish","type":"page","link":"https:\/\/deltanet.hu\/index.php\/microhome-l\/","title":{"rendered":"MicroHome L-es csomag"},"content":{"rendered":"\t\t<div data-elementor-type=\"wp-post\" data-elementor-id=\"1037\" class=\"elementor elementor-1037\" data-elementor-settings=\"[]\">\n\t\t\t<div class=\"elementor-inner\">\n\t\t\t\t<div class=\"elementor-section-wrap\">\n\t\t\t\t\t\t\t<section class=\"elementor-element elementor-element-7f19e98 elementor-section-boxed elementor-section-height-default elementor-section-height-default elementor-section elementor-top-section\" data-id=\"7f19e98\" data-element_type=\"section\">\n\t\t\t\t\t\t<div class=\"elementor-container elementor-column-gap-default\">\n\t\t\t\t<div class=\"elementor-row\">\n\t\t\t\t<div class=\"elementor-element elementor-element-37dac6f elementor-column elementor-col-100 elementor-top-column\" data-id=\"37dac6f\" data-element_type=\"column\">\n\t\t\t<div class=\"elementor-column-wrap  elementor-element-populated\">\n\t\t\t\t\t<div class=\"elementor-widget-wrap\">\n\t\t\t\t<div class=\"elementor-element elementor-element-f57dcf1 elementor-widget elementor-widget-image\" data-id=\"f57dcf1\" data-element_type=\"widget\" data-widget_type=\"image.default\">\n\t\t\t\t<div class=\"elementor-widget-container\">\n\t\t\t\t\t<div class=\"elementor-image\">\n\t\t\t\t\t\t\t\t\t\t<img width=\"241\" height=\"79\" src=\"https:\/\/deltanet.hu\/wp-content\/uploads\/2020\/10\/mikrohome-csomagok-1.jpg\" class=\"attachment-large size-large\" alt=\"\" decoding=\"async\" loading=\"lazy\" \/>\t\t\t\t\t\t\t\t\t\t\t<\/div>\n\t\t\t\t<\/div>\n\t\t\t\t<\/div>\n\t\t\t\t\t\t<\/div>\n\t\t\t<\/div>\n\t\t<\/div>\n\t\t\t\t\t\t<\/div>\n\t\t\t<\/div>\n\t\t<\/section>\n\t\t\t\t<section class=\"elementor-element elementor-element-432e24d8 elementor-section-stretched elementor-section-boxed elementor-section-height-default elementor-section-height-default elementor-section elementor-top-section\" data-id=\"432e24d8\" data-element_type=\"section\" data-settings=\"{&quot;stretch_section&quot;:&quot;section-stretched&quot;}\">\n\t\t\t\t\t\t<div class=\"elementor-container elementor-column-gap-default\">\n\t\t\t\t<div class=\"elementor-row\">\n\t\t\t\t<div class=\"elementor-element elementor-element-fd632d9 elementor-column elementor-col-100 elementor-top-column\" data-id=\"fd632d9\" data-element_type=\"column\">\n\t\t\t<div class=\"elementor-column-wrap  elementor-element-populated\">\n\t\t\t\t\t<div class=\"elementor-widget-wrap\">\n\t\t\t\t<div class=\"elementor-element elementor-element-2f8274c6 elementor-widget elementor-widget-heading\" data-id=\"2f8274c6\" data-element_type=\"widget\" data-widget_type=\"heading.default\">\n\t\t\t\t<div class=\"elementor-widget-container\">\n\t\t\t<h2 class=\"elementor-heading-title elementor-size-default\"><span data-elementor-setting-key=\"title\" data-pen-placeholder=\"Ide \u00edrj...\" style=\"font-size: 30px; font-style: normal; clear: both;\">MikroHome L csomag<br><br><span style=\"font-size: 30px; font-style: normal; text-align: start; white-space: normal; caret-color: rgb(0, 0, 0); color: rgb(0, 0, 0);\"><span style=\"font-family: Arial; font-size: 16pt; font-style: normal; font-variant-ligatures: normal; font-variant-east-asian: normal; font-variant-position: normal; white-space: pre-wrap;\">30 Mbit\/s let\u00f6lt\u00e9si sebess\u00e9g<\/span><\/span><br><span data-elementor-setting-key=\"title\" data-pen-placeholder=\"Ide \u00edrj...\" style=\"font-size: 30px; font-style: normal; clear: both;\"><span style=\"font-size: 30px; font-style: normal; text-align: start; white-space: normal; caret-color: rgb(0, 0, 0); color: rgb(0, 0, 0);\"><span style=\"font-family: Arial; font-size: 16pt; font-style: normal; font-variant-ligatures: normal; font-variant-east-asian: normal; font-variant-position: normal; white-space: pre-wrap;\">6 Mbit\/s felt\u00f6lt\u00e9si sebess\u00e9g<\/span><\/span><\/span><br><\/span><\/h2>\t\t<\/div>\n\t\t\t\t<\/div>\n\t\t\t\t\t\t<\/div>\n\t\t\t<\/div>\n\t\t<\/div>\n\t\t\t\t\t\t<\/div>\n\t\t\t<\/div>\n\t\t<\/section>\n\t\t\t\t<section class=\"elementor-element elementor-element-46469d26 elementor-section-boxed elementor-section-height-default elementor-section-height-default elementor-section elementor-top-section\" data-id=\"46469d26\" data-element_type=\"section\">\n\t\t\t\t\t\t<div class=\"elementor-container elementor-column-gap-no\">\n\t\t\t\t<div class=\"elementor-row\">\n\t\t\t\t<div class=\"elementor-element elementor-element-16a2d63 elementor-invisible elementor-column elementor-col-33 elementor-top-column\" data-id=\"16a2d63\" data-element_type=\"column\" data-settings=\"{&quot;animation&quot;:&quot;fadeInRight&quot;}\">\n\t\t\t<div class=\"elementor-column-wrap  elementor-element-populated\">\n\t\t\t\t\t<div class=\"elementor-widget-wrap\">\n\t\t\t\t<div class=\"elementor-element elementor-element-d999352 elementor-widget elementor-widget-image\" data-id=\"d999352\" data-element_type=\"widget\" data-widget_type=\"image.default\">\n\t\t\t\t<div class=\"elementor-widget-container\">\n\t\t\t\t\t<div class=\"elementor-image\">\n\t\t\t\t\t\t\t\t\t\t<img width=\"584\" height=\"758\" src=\"https:\/\/deltanet.hu\/wp-content\/uploads\/2026\/02\/Rajztabla-1-masolat-11_2.png\" class=\"elementor-animation-pulse-grow attachment-large size-large\" alt=\"\" decoding=\"async\" loading=\"lazy\" srcset=\"https:\/\/deltanet.hu\/wp-content\/uploads\/2026\/02\/Rajztabla-1-masolat-11_2.png 584w, https:\/\/deltanet.hu\/wp-content\/uploads\/2026\/02\/Rajztabla-1-masolat-11_2-231x300.png 231w\" sizes=\"(max-width: 584px) 100vw, 584px\" \/>\t\t\t\t\t\t\t\t\t\t\t<\/div>\n\t\t\t\t<\/div>\n\t\t\t\t<\/div>\n\t\t\t\t\t\t<\/div>\n\t\t\t<\/div>\n\t\t<\/div>\n\t\t\t\t<div class=\"elementor-element elementor-element-33cc5f9a elementor-invisible elementor-column elementor-col-33 elementor-top-column\" data-id=\"33cc5f9a\" data-element_type=\"column\" data-settings=\"{&quot;animation&quot;:&quot;fadeInLeft&quot;}\">\n\t\t\t<div class=\"elementor-column-wrap  elementor-element-populated\">\n\t\t\t\t\t<div class=\"elementor-widget-wrap\">\n\t\t\t\t<div class=\"elementor-element elementor-element-559ea6c1 elementor-widget elementor-widget-image\" data-id=\"559ea6c1\" data-element_type=\"widget\" data-widget_type=\"image.default\">\n\t\t\t\t<div class=\"elementor-widget-container\">\n\t\t\t\t\t<div class=\"elementor-image\">\n\t\t\t\t\t\t\t\t\t\t<img width=\"585\" height=\"758\" src=\"https:\/\/deltanet.hu\/wp-content\/uploads\/2026\/02\/Rajztabla-1_3.png\" class=\"elementor-animation-pulse-grow attachment-large size-large\" alt=\"\" decoding=\"async\" loading=\"lazy\" srcset=\"https:\/\/deltanet.hu\/wp-content\/uploads\/2026\/02\/Rajztabla-1_3.png 585w, https:\/\/deltanet.hu\/wp-content\/uploads\/2026\/02\/Rajztabla-1_3-232x300.png 232w\" sizes=\"(max-width: 585px) 100vw, 585px\" \/>\t\t\t\t\t\t\t\t\t\t\t<\/div>\n\t\t\t\t<\/div>\n\t\t\t\t<\/div>\n\t\t\t\t\t\t<\/div>\n\t\t\t<\/div>\n\t\t<\/div>\n\t\t\t\t<div class=\"elementor-element elementor-element-772abbd elementor-invisible elementor-column elementor-col-33 elementor-top-column\" data-id=\"772abbd\" data-element_type=\"column\" data-settings=\"{&quot;animation&quot;:&quot;fadeInDown&quot;}\">\n\t\t\t<div class=\"elementor-column-wrap  elementor-element-populated\">\n\t\t\t\t\t<div class=\"elementor-widget-wrap\">\n\t\t\t\t<div class=\"elementor-element elementor-element-d0c2aed elementor-widget elementor-widget-image\" data-id=\"d0c2aed\" data-element_type=\"widget\" data-widget_type=\"image.default\">\n\t\t\t\t<div class=\"elementor-widget-container\">\n\t\t\t\t\t<div class=\"elementor-image\">\n\t\t\t\t\t\t\t\t\t\t<img width=\"584\" height=\"759\" src=\"https:\/\/deltanet.hu\/wp-content\/uploads\/2026\/02\/Rajztabla-1-masolat-10_2.png\" class=\"elementor-animation-pulse-grow attachment-large size-large\" alt=\"\" decoding=\"async\" loading=\"lazy\" srcset=\"https:\/\/deltanet.hu\/wp-content\/uploads\/2026\/02\/Rajztabla-1-masolat-10_2.png 584w, https:\/\/deltanet.hu\/wp-content\/uploads\/2026\/02\/Rajztabla-1-masolat-10_2-231x300.png 231w\" sizes=\"(max-width: 584px) 100vw, 584px\" \/>\t\t\t\t\t\t\t\t\t\t\t<\/div>\n\t\t\t\t<\/div>\n\t\t\t\t<\/div>\n\t\t\t\t\t\t<\/div>\n\t\t\t<\/div>\n\t\t<\/div>\n\t\t\t\t\t\t<\/div>\n\t\t\t<\/div>\n\t\t<\/section>\n\t\t\t\t<section class=\"elementor-element elementor-element-fc48101 elementor-section-content-middle elementor-section-stretched elementor-section-boxed elementor-section-height-default elementor-section-height-default elementor-section elementor-top-section\" data-id=\"fc48101\" data-element_type=\"section\" data-settings=\"{&quot;stretch_section&quot;:&quot;section-stretched&quot;}\">\n\t\t\t\t\t\t<div class=\"elementor-container elementor-column-gap-no\">\n\t\t\t\t<div class=\"elementor-row\">\n\t\t\t\t<div class=\"elementor-element elementor-element-b53bc32 elementor-column elementor-col-100 elementor-top-column\" data-id=\"b53bc32\" data-element_type=\"column\">\n\t\t\t<div class=\"elementor-column-wrap  elementor-element-populated\">\n\t\t\t\t\t<div class=\"elementor-widget-wrap\">\n\t\t\t\t<div class=\"elementor-element elementor-element-07ca6f9 elementor-widget elementor-widget-text-editor\" data-id=\"07ca6f9\" data-element_type=\"widget\" data-widget_type=\"text-editor.default\">\n\t\t\t\t<div class=\"elementor-widget-container\">\n\t\t\t\t\t<div class=\"elementor-text-editor elementor-clearfix\"><p><b>*Elektronikus fizet\u00e9si m\u00f3d:<\/b><\/p><p><b>Az \u00e1rak 1 500 Ft\/h\u00f3 fizet\u00e9si m\u00f3d kedvezm\u00e9nyt tartalmaznak. \u00c1tutal\u00e1ssal vagy csoportos beszed\u00e9si megb\u00edz\u00e1ssal kiegyenl\u00edtett, \u00e9s e-mailben k\u00fcld\u00f6tt PDF form\u00e1tum\u00fa sz\u00e1mla eset\u00e9n. Amennyiben m\u00e9gis a hagyom\u00e1nyos csekkes fizet\u00e9si m\u00f3dot v\u00e1lasztja, \u00fagy az 1 500 Ft fizet\u00e9si m\u00f3d kedvezm\u00e9nyt nem tudjuk biztos\u00edtani.<\/b><\/p><p><b>A WI-FI router 24 havi t\u00f6rleszt\u0151 r\u00e9szletre t\u00f6rt\u00e9n\u0151 megv\u00e1s\u00e1rl\u00e1sa eset\u00e9n, az \u00e1r 1 500 Ft\/h\u00f3, \u00e9s 24 h\u00f3napig fizetend\u0151.<\/b><\/p><p><b>A router teljes \u00e1ra 36.000 Ft.<\/b><\/p><p>A felt\u00fcntetett \u00e1rak brutt\u00f3 \u00e1rak.<\/p><p style=\"margin-bottom: 0px; font-style: normal; font-variant-numeric: normal; font-variant-east-asian: normal; font-weight: 400; font-stretch: normal; font-size: 11px; line-height: normal; font-family: Helvetica; color: #ff0000;\">\u00a0<\/p><\/div>\n\t\t\t\t<\/div>\n\t\t\t\t<\/div>\n\t\t\t\t\t\t<\/div>\n\t\t\t<\/div>\n\t\t<\/div>\n\t\t\t\t\t\t<\/div>\n\t\t\t<\/div>\n\t\t<\/section>\n\t\t\t\t\t\t<\/div>\n\t\t\t<\/div>\n\t\t<\/div>\n\t\t","protected":false},"excerpt":{"rendered":"<p>MikroHome L csomag 30 Mbit\/s let\u00f6lt\u00e9si sebess\u00e9g6 Mbit\/s felt\u00f6lt\u00e9si sebess\u00e9g *Elektronikus fizet\u00e9si m\u00f3d: Az \u00e1rak 1 500 Ft\/h\u00f3 fizet\u00e9si m\u00f3d kedvezm\u00e9nyt tartalmaznak. \u00c1tutal\u00e1ssal vagy csoportos<\/p>\n","protected":false},"author":10,"featured_media":2005,"parent":0,"menu_order":4,"comment_status":"closed","ping_status":"closed","template":"page-templates\/template-portfolio.php","meta":{"_mi_skip_tracking":false},"_links":{"self":[{"href":"https:\/\/deltanet.hu\/index.php\/wp-json\/wp\/v2\/pages\/1037"}],"collection":[{"href":"https:\/\/deltanet.hu\/index.php\/wp-json\/wp\/v2\/pages"}],"about":[{"href":"https:\/\/deltanet.hu\/index.php\/wp-json\/wp\/v2\/types\/page"}],"author":[{"embeddable":true,"href":"https:\/\/deltanet.hu\/index.php\/wp-json\/wp\/v2\/users\/10"}],"replies":[{"embeddable":true,"href":"https:\/\/deltanet.hu\/index.php\/wp-json\/wp\/v2\/comments?post=1037"}],"version-history":[{"count":73,"href":"https:\/\/deltanet.hu\/index.php\/wp-json\/wp\/v2\/pages\/1037\/revisions"}],"predecessor-version":[{"id":11161,"href":"https:\/\/deltanet.hu\/index.php\/wp-json\/wp\/v2\/pages\/1037\/revisions\/11161"}],"wp:featuredmedia":[{"embeddable":true,"href":"https:\/\/deltanet.hu\/index.php\/wp-json\/wp\/v2\/media\/2005"}],"wp:attachment":[{"href":"https:\/\/deltanet.hu\/index.php\/wp-json\/wp\/v2\/media?parent=1037"}],"curies":[{"name":"wp","href":"https:\/\/api.w.org\/{rel}","templated":true}]}}