{"id":11119,"date":"2018-10-18T12:14:42","date_gmt":"2018-10-18T10:14:42","guid":{"rendered":"https:\/\/deltanet.hu\/?page_id=11119"},"modified":"2026-02-27T09:31:51","modified_gmt":"2026-02-27T08:31:51","slug":"premium-csomagok","status":"publish","type":"page","link":"https:\/\/deltanet.hu\/index.php\/premium-csomagok\/","title":{"rendered":"Fokozott ig\u00e9nybev\u00e9telre"},"content":{"rendered":"\t\t<div data-elementor-type=\"wp-post\" data-elementor-id=\"11119\" class=\"elementor elementor-11119\" data-elementor-settings=\"[]\">\n\t\t\t<div class=\"elementor-inner\">\n\t\t\t\t<div class=\"elementor-section-wrap\">\n\t\t\t\t\t\t\t<section class=\"elementor-element elementor-element-541a97a9 elementor-section-stretched elementor-section-boxed elementor-section-height-default elementor-section-height-default elementor-section elementor-top-section\" data-id=\"541a97a9\" data-element_type=\"section\" data-settings=\"{&quot;stretch_section&quot;:&quot;section-stretched&quot;}\">\n\t\t\t\t\t\t<div class=\"elementor-container elementor-column-gap-default\">\n\t\t\t\t<div class=\"elementor-row\">\n\t\t\t\t<div class=\"elementor-element elementor-element-48d67316 elementor-column elementor-col-100 elementor-top-column\" data-id=\"48d67316\" data-element_type=\"column\">\n\t\t\t<div class=\"elementor-column-wrap  elementor-element-populated\">\n\t\t\t\t\t<div class=\"elementor-widget-wrap\">\n\t\t\t\t<div class=\"elementor-element elementor-element-67eed72 elementor-widget elementor-widget-heading\" data-id=\"67eed72\" data-element_type=\"widget\" data-widget_type=\"heading.default\">\n\t\t\t\t<div class=\"elementor-widget-container\">\n\t\t\t<h2 class=\"elementor-heading-title elementor-size-default\">2026-OS MIKROHULL\u00c1M\u00da INTERNET CSOMAGOK<\/h2>\t\t<\/div>\n\t\t\t\t<\/div>\n\t\t\t\t<div class=\"elementor-element elementor-element-0f07420 elementor-widget elementor-widget-text-editor\" data-id=\"0f07420\" data-element_type=\"widget\" data-widget_type=\"text-editor.default\">\n\t\t\t\t<div class=\"elementor-widget-container\">\n\t\t\t\t\t<div class=\"elementor-text-editor elementor-clearfix\"><p>Mikrohull\u00e1m\u00fa internet csomagjainkat azon \u00e9rdekl\u0151d\u0151knek aj\u00e1nljuk, akikn\u00e9l hagyom\u00e1nyos vezet\u00e9kes kapcsolat nincs ki\u00e9p\u00edtve.<\/p><p>A szolg\u00e1ltat\u00e1s Kecskem\u00e9ten \u00e9s 50 km-es vonz\u00e1sk\u00f6rzet\u00e9ben el\u00e9rhet\u0151.<\/p><\/div>\n\t\t\t\t<\/div>\n\t\t\t\t<\/div>\n\t\t\t\t\t\t<\/div>\n\t\t\t<\/div>\n\t\t<\/div>\n\t\t\t\t\t\t<\/div>\n\t\t\t<\/div>\n\t\t<\/section>\n\t\t\t\t<section class=\"elementor-element elementor-element-d671320 elementor-section-stretched elementor-section-content-middle elementor-section-boxed elementor-section-height-default elementor-section-height-default elementor-section elementor-top-section\" data-id=\"d671320\" data-element_type=\"section\" data-settings=\"{&quot;stretch_section&quot;:&quot;section-stretched&quot;,&quot;shape_divider_top&quot;:&quot;triangle-asymmetrical&quot;}\">\n\t\t\t\t\t<div class=\"elementor-shape elementor-shape-top\" data-negative=\"false\">\n\t\t\t<svg xmlns=\"http:\/\/www.w3.org\/2000\/svg\" viewBox=\"0 0 1000 100\" preserveAspectRatio=\"none\">\n\t<path class=\"elementor-shape-fill\" d=\"M738,99l262-93V0H0v5.6L738,99z\"\/>\n<\/svg>\t\t<\/div>\n\t\t\t\t\t<div class=\"elementor-container elementor-column-gap-extended\">\n\t\t\t\t<div class=\"elementor-row\">\n\t\t\t\t<div class=\"elementor-element elementor-element-fca3589 elementor-column elementor-col-25 elementor-top-column\" data-id=\"fca3589\" data-element_type=\"column\">\n\t\t\t<div class=\"elementor-column-wrap  elementor-element-populated\">\n\t\t\t\t\t<div class=\"elementor-widget-wrap\">\n\t\t\t\t<div class=\"elementor-element elementor-element-af68279 elementor-invisible elementor-widget elementor-widget-image\" data-id=\"af68279\" data-element_type=\"widget\" data-settings=\"{&quot;_animation&quot;:&quot;fadeInDown&quot;,&quot;_animation_delay&quot;:100}\" data-widget_type=\"image.default\">\n\t\t\t\t<div class=\"elementor-widget-container\">\n\t\t\t\t\t<div class=\"elementor-image\">\n\t\t\t\t\t\t\t\t\t\t\t<a href=\"https:\/\/deltanet.hu\/index.php\/microhome-3xl\/\">\n\t\t\t\t\t\t\t<img width=\"585\" height=\"639\" src=\"https:\/\/deltanet.hu\/wp-content\/uploads\/2026\/02\/Rajztabla-3_5.png\" class=\"elementor-animation-pulse-grow attachment-large size-large\" alt=\"\" decoding=\"async\" loading=\"lazy\" srcset=\"https:\/\/deltanet.hu\/wp-content\/uploads\/2026\/02\/Rajztabla-3_5.png 585w, https:\/\/deltanet.hu\/wp-content\/uploads\/2026\/02\/Rajztabla-3_5-275x300.png 275w\" sizes=\"(max-width: 585px) 100vw, 585px\" \/>\t\t\t\t\t\t\t\t<\/a>\n\t\t\t\t\t\t\t\t\t\t\t<\/div>\n\t\t\t\t<\/div>\n\t\t\t\t<\/div>\n\t\t\t\t\t\t<\/div>\n\t\t\t<\/div>\n\t\t<\/div>\n\t\t\t\t<div class=\"elementor-element elementor-element-2042fc6 elementor-column elementor-col-25 elementor-top-column\" data-id=\"2042fc6\" data-element_type=\"column\">\n\t\t\t<div class=\"elementor-column-wrap  elementor-element-populated\">\n\t\t\t\t\t<div class=\"elementor-widget-wrap\">\n\t\t\t\t<div class=\"elementor-element elementor-element-55dfc35 elementor-invisible elementor-widget elementor-widget-image\" data-id=\"55dfc35\" data-element_type=\"widget\" data-settings=\"{&quot;_animation&quot;:&quot;fadeInDown&quot;,&quot;_animation_delay&quot;:100}\" data-widget_type=\"image.default\">\n\t\t\t\t<div class=\"elementor-widget-container\">\n\t\t\t\t\t<div class=\"elementor-image\">\n\t\t\t\t\t\t\t\t\t\t\t<a href=\"https:\/\/deltanet.hu\/index.php\/microhome-4xl\/\">\n\t\t\t\t\t\t\t<img width=\"585\" height=\"639\" src=\"https:\/\/deltanet.hu\/wp-content\/uploads\/2026\/02\/Rajztabla-3_6.png\" class=\"elementor-animation-pulse-grow attachment-large size-large\" alt=\"\" decoding=\"async\" loading=\"lazy\" srcset=\"https:\/\/deltanet.hu\/wp-content\/uploads\/2026\/02\/Rajztabla-3_6.png 585w, https:\/\/deltanet.hu\/wp-content\/uploads\/2026\/02\/Rajztabla-3_6-275x300.png 275w\" sizes=\"(max-width: 585px) 100vw, 585px\" \/>\t\t\t\t\t\t\t\t<\/a>\n\t\t\t\t\t\t\t\t\t\t\t<\/div>\n\t\t\t\t<\/div>\n\t\t\t\t<\/div>\n\t\t\t\t\t\t<\/div>\n\t\t\t<\/div>\n\t\t<\/div>\n\t\t\t\t<div class=\"elementor-element elementor-element-0629458 elementor-column elementor-col-25 elementor-top-column\" data-id=\"0629458\" data-element_type=\"column\">\n\t\t\t<div class=\"elementor-column-wrap  elementor-element-populated\">\n\t\t\t\t\t<div class=\"elementor-widget-wrap\">\n\t\t\t\t<div class=\"elementor-element elementor-element-3a6bd3d elementor-invisible elementor-widget elementor-widget-image\" data-id=\"3a6bd3d\" data-element_type=\"widget\" data-settings=\"{&quot;_animation&quot;:&quot;fadeInDown&quot;,&quot;_animation_delay&quot;:100}\" data-widget_type=\"image.default\">\n\t\t\t\t<div class=\"elementor-widget-container\">\n\t\t\t\t\t<div class=\"elementor-image\">\n\t\t\t\t\t\t\t\t\t\t\t<a href=\"https:\/\/deltanet.hu\/index.php\/microhome-5xl\/\">\n\t\t\t\t\t\t\t<img width=\"585\" height=\"639\" src=\"https:\/\/deltanet.hu\/wp-content\/uploads\/2026\/02\/Rajztabla-3_7.png\" class=\"elementor-animation-pulse-grow attachment-large size-large\" alt=\"\" decoding=\"async\" loading=\"lazy\" srcset=\"https:\/\/deltanet.hu\/wp-content\/uploads\/2026\/02\/Rajztabla-3_7.png 585w, https:\/\/deltanet.hu\/wp-content\/uploads\/2026\/02\/Rajztabla-3_7-275x300.png 275w\" sizes=\"(max-width: 585px) 100vw, 585px\" \/>\t\t\t\t\t\t\t\t<\/a>\n\t\t\t\t\t\t\t\t\t\t\t<\/div>\n\t\t\t\t<\/div>\n\t\t\t\t<\/div>\n\t\t\t\t\t\t<\/div>\n\t\t\t<\/div>\n\t\t<\/div>\n\t\t\t\t<div class=\"elementor-element elementor-element-a469cc1 elementor-column elementor-col-25 elementor-top-column\" data-id=\"a469cc1\" data-element_type=\"column\">\n\t\t\t<div class=\"elementor-column-wrap  elementor-element-populated\">\n\t\t\t\t\t<div class=\"elementor-widget-wrap\">\n\t\t\t\t<div class=\"elementor-element elementor-element-a2c3437 elementor-invisible elementor-widget elementor-widget-image\" data-id=\"a2c3437\" data-element_type=\"widget\" data-settings=\"{&quot;_animation&quot;:&quot;fadeInDown&quot;,&quot;_animation_delay&quot;:100}\" data-widget_type=\"image.default\">\n\t\t\t\t<div class=\"elementor-widget-container\">\n\t\t\t\t\t<div class=\"elementor-image\">\n\t\t\t\t\t\t\t\t\t\t\t<a href=\"https:\/\/deltanet.hu\/index.php\/microhome-6xl\/\">\n\t\t\t\t\t\t\t<img width=\"585\" height=\"639\" src=\"https:\/\/deltanet.hu\/wp-content\/uploads\/2026\/02\/Rajztabla-3_8.png\" class=\"elementor-animation-pulse-grow attachment-large size-large\" alt=\"\" decoding=\"async\" loading=\"lazy\" srcset=\"https:\/\/deltanet.hu\/wp-content\/uploads\/2026\/02\/Rajztabla-3_8.png 585w, https:\/\/deltanet.hu\/wp-content\/uploads\/2026\/02\/Rajztabla-3_8-275x300.png 275w\" sizes=\"(max-width: 585px) 100vw, 585px\" \/>\t\t\t\t\t\t\t\t<\/a>\n\t\t\t\t\t\t\t\t\t\t\t<\/div>\n\t\t\t\t<\/div>\n\t\t\t\t<\/div>\n\t\t\t\t\t\t<\/div>\n\t\t\t<\/div>\n\t\t<\/div>\n\t\t\t\t\t\t<\/div>\n\t\t\t<\/div>\n\t\t<\/section>\n\t\t\t\t<section class=\"elementor-element elementor-element-76547a9 elementor-section-stretched elementor-section-content-middle elementor-section-boxed elementor-section-height-default elementor-section-height-default elementor-section elementor-top-section\" data-id=\"76547a9\" data-element_type=\"section\" data-settings=\"{&quot;stretch_section&quot;:&quot;section-stretched&quot;,&quot;shape_divider_top&quot;:&quot;triangle-asymmetrical&quot;}\">\n\t\t\t\t\t<div class=\"elementor-shape elementor-shape-top\" data-negative=\"false\">\n\t\t\t<svg xmlns=\"http:\/\/www.w3.org\/2000\/svg\" viewBox=\"0 0 1000 100\" preserveAspectRatio=\"none\">\n\t<path class=\"elementor-shape-fill\" d=\"M738,99l262-93V0H0v5.6L738,99z\"\/>\n<\/svg>\t\t<\/div>\n\t\t\t\t\t<div class=\"elementor-container elementor-column-gap-wider\">\n\t\t\t\t<div class=\"elementor-row\">\n\t\t\t\t<div class=\"elementor-element elementor-element-cf73789 elementor-column elementor-col-33 elementor-top-column\" data-id=\"cf73789\" data-element_type=\"column\">\n\t\t\t<div class=\"elementor-column-wrap  elementor-element-populated\">\n\t\t\t\t\t<div class=\"elementor-widget-wrap\">\n\t\t\t\t<div class=\"elementor-element elementor-element-50ec55f elementor-invisible elementor-widget elementor-widget-image\" data-id=\"50ec55f\" data-element_type=\"widget\" data-settings=\"{&quot;_animation&quot;:&quot;fadeInDown&quot;,&quot;_animation_delay&quot;:100}\" data-widget_type=\"image.default\">\n\t\t\t\t<div class=\"elementor-widget-container\">\n\t\t\t\t\t<div class=\"elementor-image\">\n\t\t\t\t\t\t\t\t\t\t\t<a href=\"https:\/\/deltanet.hu\/index.php\/microhome-7xl\/\">\n\t\t\t\t\t\t\t<img width=\"585\" height=\"639\" src=\"https:\/\/deltanet.hu\/wp-content\/uploads\/2026\/02\/Rajztabla-3_9.png\" class=\"elementor-animation-pulse-grow attachment-large size-large\" alt=\"\" decoding=\"async\" loading=\"lazy\" srcset=\"https:\/\/deltanet.hu\/wp-content\/uploads\/2026\/02\/Rajztabla-3_9.png 585w, https:\/\/deltanet.hu\/wp-content\/uploads\/2026\/02\/Rajztabla-3_9-275x300.png 275w\" sizes=\"(max-width: 585px) 100vw, 585px\" \/>\t\t\t\t\t\t\t\t<\/a>\n\t\t\t\t\t\t\t\t\t\t\t<\/div>\n\t\t\t\t<\/div>\n\t\t\t\t<\/div>\n\t\t\t\t\t\t<\/div>\n\t\t\t<\/div>\n\t\t<\/div>\n\t\t\t\t<div class=\"elementor-element elementor-element-5c52a3e elementor-column elementor-col-33 elementor-top-column\" data-id=\"5c52a3e\" data-element_type=\"column\">\n\t\t\t<div class=\"elementor-column-wrap  elementor-element-populated\">\n\t\t\t\t\t<div class=\"elementor-widget-wrap\">\n\t\t\t\t<div class=\"elementor-element elementor-element-97b655d elementor-invisible elementor-widget elementor-widget-image\" data-id=\"97b655d\" data-element_type=\"widget\" data-settings=\"{&quot;_animation&quot;:&quot;fadeInDown&quot;,&quot;_animation_delay&quot;:100}\" data-widget_type=\"image.default\">\n\t\t\t\t<div class=\"elementor-widget-container\">\n\t\t\t\t\t<div class=\"elementor-image\">\n\t\t\t\t\t\t\t\t\t\t\t<a href=\"https:\/\/deltanet.hu\/index.php\/microhome-8xl\/\">\n\t\t\t\t\t\t\t<img width=\"585\" height=\"639\" src=\"https:\/\/deltanet.hu\/wp-content\/uploads\/2026\/02\/Rajztabla-3_10.png\" class=\"elementor-animation-pulse-grow attachment-large size-large\" alt=\"\" decoding=\"async\" loading=\"lazy\" srcset=\"https:\/\/deltanet.hu\/wp-content\/uploads\/2026\/02\/Rajztabla-3_10.png 585w, https:\/\/deltanet.hu\/wp-content\/uploads\/2026\/02\/Rajztabla-3_10-275x300.png 275w\" sizes=\"(max-width: 585px) 100vw, 585px\" \/>\t\t\t\t\t\t\t\t<\/a>\n\t\t\t\t\t\t\t\t\t\t\t<\/div>\n\t\t\t\t<\/div>\n\t\t\t\t<\/div>\n\t\t\t\t\t\t<\/div>\n\t\t\t<\/div>\n\t\t<\/div>\n\t\t\t\t<div class=\"elementor-element elementor-element-96486ec elementor-column elementor-col-33 elementor-top-column\" data-id=\"96486ec\" data-element_type=\"column\">\n\t\t\t<div class=\"elementor-column-wrap  elementor-element-populated\">\n\t\t\t\t\t<div class=\"elementor-widget-wrap\">\n\t\t\t\t<div class=\"elementor-element elementor-element-55fadca elementor-invisible elementor-widget elementor-widget-image\" data-id=\"55fadca\" data-element_type=\"widget\" data-settings=\"{&quot;_animation&quot;:&quot;fadeInDown&quot;,&quot;_animation_delay&quot;:100}\" data-widget_type=\"image.default\">\n\t\t\t\t<div class=\"elementor-widget-container\">\n\t\t\t\t\t<div class=\"elementor-image\">\n\t\t\t\t\t\t\t\t\t\t\t<a href=\"https:\/\/deltanet.hu\/index.php\/microhome-9xl\/\">\n\t\t\t\t\t\t\t<img width=\"585\" height=\"639\" src=\"https:\/\/deltanet.hu\/wp-content\/uploads\/2026\/02\/Rajztabla-3_11.png\" class=\"elementor-animation-pulse-grow attachment-large size-large\" alt=\"\" decoding=\"async\" loading=\"lazy\" srcset=\"https:\/\/deltanet.hu\/wp-content\/uploads\/2026\/02\/Rajztabla-3_11.png 585w, https:\/\/deltanet.hu\/wp-content\/uploads\/2026\/02\/Rajztabla-3_11-275x300.png 275w\" sizes=\"(max-width: 585px) 100vw, 585px\" \/>\t\t\t\t\t\t\t\t<\/a>\n\t\t\t\t\t\t\t\t\t\t\t<\/div>\n\t\t\t\t<\/div>\n\t\t\t\t<\/div>\n\t\t\t\t\t\t<\/div>\n\t\t\t<\/div>\n\t\t<\/div>\n\t\t\t\t\t\t<\/div>\n\t\t\t<\/div>\n\t\t<\/section>\n\t\t\t\t<section class=\"elementor-element elementor-element-f366604 elementor-section-stretched elementor-section-content-middle elementor-section-boxed elementor-section-height-default elementor-section-height-default elementor-section elementor-top-section\" data-id=\"f366604\" data-element_type=\"section\" data-settings=\"{&quot;stretch_section&quot;:&quot;section-stretched&quot;}\">\n\t\t\t\t\t\t<div class=\"elementor-container elementor-column-gap-default\">\n\t\t\t\t<div class=\"elementor-row\">\n\t\t\t\t<div class=\"elementor-element elementor-element-f0f6dcc elementor-column elementor-col-100 elementor-top-column\" data-id=\"f0f6dcc\" data-element_type=\"column\">\n\t\t\t<div class=\"elementor-column-wrap  elementor-element-populated\">\n\t\t\t\t\t<div class=\"elementor-widget-wrap\">\n\t\t\t\t<div class=\"elementor-element elementor-element-9a44dec elementor-widget elementor-widget-heading\" data-id=\"9a44dec\" data-element_type=\"widget\" data-widget_type=\"heading.default\">\n\t\t\t\t<div class=\"elementor-widget-container\">\n\t\t\t<h5 class=\"elementor-heading-title elementor-size-default\">Elektronikus fizet\u00e9si m\u00f3d:\n\nAz \u00e1rak 1 500 Ft\/h\u00f3 fizet\u00e9si m\u00f3d kedvezm\u00e9nyt tartalmaznak. \u00c1tutal\u00e1sssal vagy csoportos beszed\u00e9si megb\u00edz\u00e1ssal kiegyenl\u00edtett, \u00e9s e-mailben k\u00fcld\u00f6tt PDF\nform\u00e1tum\u00fa sz\u00e1mla eset\u00e9n. Amennyiben m\u00e9gis a hagyom\u00e1nyos csekkes fizet\u00e9si m\u00f3dot v\u00e1lasztja, \u00fagy az 1 500 Ft fizet\u00e9si m\u00f3d kedvezm\u00e9nyt nem tudjuk biztos\u00edtani.\n\n A WI-FI router 24 havi t\u00f6rleszt\u0151 r\u00e9szletre t\u00f6rt\u00e9n\u0151 megv\u00e1s\u00e1rl\u00e1sa eset\u00e9n, az \u00e1r 1 500 Ft\/h\u00f3, \u00e9s 24 h\u00f3napig fizetend\u0151.\nA router teljes \u00e1ra 36.000 Ft.\n\nA felt\u00fcntetett \u00e1rak brutt\u00f3 \u00e1rak.<\/h5>\t\t<\/div>\n\t\t\t\t<\/div>\n\t\t\t\t\t\t<\/div>\n\t\t\t<\/div>\n\t\t<\/div>\n\t\t\t\t\t\t<\/div>\n\t\t\t<\/div>\n\t\t<\/section>\n\t\t\t\t\t\t<\/div>\n\t\t\t<\/div>\n\t\t<\/div>\n\t\t","protected":false},"excerpt":{"rendered":"<p>2026-OS MIKROHULL\u00c1M\u00da INTERNET CSOMAGOK Mikrohull\u00e1m\u00fa internet csomagjainkat azon \u00e9rdekl\u0151d\u0151knek aj\u00e1nljuk, akikn\u00e9l hagyom\u00e1nyos vezet\u00e9kes kapcsolat nincs ki\u00e9p\u00edtve. A szolg\u00e1ltat\u00e1s Kecskem\u00e9ten \u00e9s 50 km-es vonz\u00e1sk\u00f6rzet\u00e9ben el\u00e9rhet\u0151. Elektronikus<\/p>\n","protected":false},"author":15,"featured_media":523,"parent":0,"menu_order":0,"comment_status":"closed","ping_status":"closed","template":"","meta":{"_mi_skip_tracking":false},"_links":{"self":[{"href":"https:\/\/deltanet.hu\/index.php\/wp-json\/wp\/v2\/pages\/11119"}],"collection":[{"href":"https:\/\/deltanet.hu\/index.php\/wp-json\/wp\/v2\/pages"}],"about":[{"href":"https:\/\/deltanet.hu\/index.php\/wp-json\/wp\/v2\/types\/page"}],"author":[{"embeddable":true,"href":"https:\/\/deltanet.hu\/index.php\/wp-json\/wp\/v2\/users\/15"}],"replies":[{"embeddable":true,"href":"https:\/\/deltanet.hu\/index.php\/wp-json\/wp\/v2\/comments?post=11119"}],"version-history":[{"count":4,"href":"https:\/\/deltanet.hu\/index.php\/wp-json\/wp\/v2\/pages\/11119\/revisions"}],"predecessor-version":[{"id":11154,"href":"https:\/\/deltanet.hu\/index.php\/wp-json\/wp\/v2\/pages\/11119\/revisions\/11154"}],"wp:featuredmedia":[{"embeddable":true,"href":"https:\/\/deltanet.hu\/index.php\/wp-json\/wp\/v2\/media\/523"}],"wp:attachment":[{"href":"https:\/\/deltanet.hu\/index.php\/wp-json\/wp\/v2\/media?parent=11119"}],"curies":[{"name":"wp","href":"https:\/\/api.w.org\/{rel}","templated":true}]}}