{"id":1311,"date":"2018-10-18T12:14:42","date_gmt":"2018-10-18T12:14:42","guid":{"rendered":"http:\/\/alfasites.hu\/?page_id=1311"},"modified":"2022-10-20T12:21:01","modified_gmt":"2022-10-20T10:21:01","slug":"uzleti-internet-csomagok","status":"publish","type":"page","link":"https:\/\/deltanet.hu\/index.php\/uzleti-internet-csomagok\/","title":{"rendered":"\u00dczleti internet csomagok"},"content":{"rendered":"\t\t<div data-elementor-type=\"wp-post\" data-elementor-id=\"1311\" class=\"elementor elementor-1311\" data-elementor-settings=\"[]\">\n\t\t\t<div class=\"elementor-inner\">\n\t\t\t\t<div class=\"elementor-section-wrap\">\n\t\t\t\t\t\t\t<section class=\"elementor-element elementor-element-5fb82ef elementor-section-stretched elementor-section-boxed elementor-section-height-default elementor-section-height-default elementor-section elementor-top-section\" data-id=\"5fb82ef\" data-element_type=\"section\" data-settings=\"{&quot;stretch_section&quot;:&quot;section-stretched&quot;}\">\n\t\t\t\t\t\t<div class=\"elementor-container elementor-column-gap-default\">\n\t\t\t\t<div class=\"elementor-row\">\n\t\t\t\t<div class=\"elementor-element elementor-element-2be38fd elementor-column elementor-col-100 elementor-top-column\" data-id=\"2be38fd\" data-element_type=\"column\">\n\t\t\t<div class=\"elementor-column-wrap  elementor-element-populated\">\n\t\t\t\t\t<div class=\"elementor-widget-wrap\">\n\t\t\t\t<div class=\"elementor-element elementor-element-f79c364 elementor-widget elementor-widget-heading\" data-id=\"f79c364\" data-element_type=\"widget\" data-widget_type=\"heading.default\">\n\t\t\t\t<div class=\"elementor-widget-container\">\n\t\t\t<h2 class=\"elementor-heading-title elementor-size-default\">\u00dcZLETI INTERNET CSOMAGOK<\/h2>\t\t<\/div>\n\t\t\t\t<\/div>\n\t\t\t\t<div class=\"elementor-element elementor-element-f12b109 elementor-widget__width-inherit elementor-widget elementor-widget-text-editor\" data-id=\"f12b109\" data-element_type=\"widget\" data-widget_type=\"text-editor.default\">\n\t\t\t\t<div class=\"elementor-widget-container\">\n\t\t\t\t\t<div class=\"elementor-text-editor elementor-clearfix\"><p>\u00d6n d\u00f6nt mekkora csomagra van sz\u00fcks\u00e9ge! 1000 Ft megabitenk\u00e9nt!<\/p><p>H\u00edvja a 1290-es telefonsz\u00e1mot, koll\u00e9g\u00e1ink seg\u00edtenek a legmegfelel\u0151bb csomagot kiv\u00e1lasztani!<\/p><\/div>\n\t\t\t\t<\/div>\n\t\t\t\t<\/div>\n\t\t\t\t\t\t<\/div>\n\t\t\t<\/div>\n\t\t<\/div>\n\t\t\t\t\t\t<\/div>\n\t\t\t<\/div>\n\t\t<\/section>\n\t\t\t\t<section class=\"elementor-element elementor-element-6ee4115 elementor-section-stretched elementor-section-boxed elementor-section-height-default elementor-section-height-default elementor-section elementor-top-section\" data-id=\"6ee4115\" data-element_type=\"section\" data-settings=\"{&quot;stretch_section&quot;:&quot;section-stretched&quot;}\">\n\t\t\t\t\t\t<div class=\"elementor-container elementor-column-gap-no\">\n\t\t\t\t<div class=\"elementor-row\">\n\t\t\t\t<div class=\"elementor-element elementor-element-709965f elementor-column elementor-col-20 elementor-top-column\" data-id=\"709965f\" data-element_type=\"column\">\n\t\t\t<div class=\"elementor-column-wrap  elementor-element-populated\">\n\t\t\t\t\t<div class=\"elementor-widget-wrap\">\n\t\t\t\t<div class=\"elementor-element elementor-element-cb2f54c elementor-invisible elementor-widget elementor-widget-image\" data-id=\"cb2f54c\" data-element_type=\"widget\" data-settings=\"{&quot;_animation&quot;:&quot;bounceIn&quot;}\" data-widget_type=\"image.default\">\n\t\t\t\t<div class=\"elementor-widget-container\">\n\t\t\t\t\t<div class=\"elementor-image\">\n\t\t\t\t\t\t\t\t\t\t\t<a href=\"\/index.php\/6135-2\/\">\n\t\t\t\t\t\t\t<img width=\"583\" height=\"757\" src=\"https:\/\/deltanet.hu\/wp-content\/uploads\/2022\/04\/deltanet_csomagok_web-u\u0308zleti_Rajzta\u0301bla-1.jpg\" class=\"attachment-large size-large\" alt=\"\" decoding=\"async\" loading=\"lazy\" srcset=\"https:\/\/deltanet.hu\/wp-content\/uploads\/2022\/04\/deltanet_csomagok_web-u\u0308zleti_Rajzta\u0301bla-1.jpg 583w, https:\/\/deltanet.hu\/wp-content\/uploads\/2022\/04\/deltanet_csomagok_web-u\u0308zleti_Rajzta\u0301bla-1-231x300.jpg 231w\" sizes=\"(max-width: 583px) 100vw, 583px\" \/>\t\t\t\t\t\t\t\t<\/a>\n\t\t\t\t\t\t\t\t\t\t\t<\/div>\n\t\t\t\t<\/div>\n\t\t\t\t<\/div>\n\t\t\t\t\t\t<\/div>\n\t\t\t<\/div>\n\t\t<\/div>\n\t\t\t\t<div class=\"elementor-element elementor-element-be9a257 elementor-column elementor-col-20 elementor-top-column\" data-id=\"be9a257\" data-element_type=\"column\">\n\t\t\t<div class=\"elementor-column-wrap  elementor-element-populated\">\n\t\t\t\t\t<div class=\"elementor-widget-wrap\">\n\t\t\t\t<div class=\"elementor-element elementor-element-ada2fa9 elementor-invisible elementor-widget elementor-widget-image\" data-id=\"ada2fa9\" data-element_type=\"widget\" data-settings=\"{&quot;_animation&quot;:&quot;bounceIn&quot;}\" data-widget_type=\"image.default\">\n\t\t\t\t<div class=\"elementor-widget-container\">\n\t\t\t\t\t<div class=\"elementor-image\">\n\t\t\t\t\t\t\t\t\t\t\t<a href=\"\/index.php\/6135-2\/\">\n\t\t\t\t\t\t\t<img width=\"584\" height=\"759\" src=\"https:\/\/deltanet.hu\/wp-content\/uploads\/2022\/04\/deltanet_csomagok_web-u\u0308zleti_Rajzta\u0301bla-1-ma\u0301solat.png\" class=\"attachment-full size-full\" alt=\"\" decoding=\"async\" loading=\"lazy\" srcset=\"https:\/\/deltanet.hu\/wp-content\/uploads\/2022\/04\/deltanet_csomagok_web-u\u0308zleti_Rajzta\u0301bla-1-ma\u0301solat.png 584w, https:\/\/deltanet.hu\/wp-content\/uploads\/2022\/04\/deltanet_csomagok_web-u\u0308zleti_Rajzta\u0301bla-1-ma\u0301solat-231x300.png 231w\" sizes=\"(max-width: 584px) 100vw, 584px\" \/>\t\t\t\t\t\t\t\t<\/a>\n\t\t\t\t\t\t\t\t\t\t\t<\/div>\n\t\t\t\t<\/div>\n\t\t\t\t<\/div>\n\t\t\t\t\t\t<\/div>\n\t\t\t<\/div>\n\t\t<\/div>\n\t\t\t\t<div class=\"elementor-element elementor-element-96b5ae6 elementor-column elementor-col-20 elementor-top-column\" data-id=\"96b5ae6\" data-element_type=\"column\">\n\t\t\t<div class=\"elementor-column-wrap  elementor-element-populated\">\n\t\t\t\t\t<div class=\"elementor-widget-wrap\">\n\t\t\t\t<div class=\"elementor-element elementor-element-f49eac3 elementor-invisible elementor-widget elementor-widget-image\" data-id=\"f49eac3\" data-element_type=\"widget\" data-settings=\"{&quot;_animation&quot;:&quot;bounceIn&quot;}\" data-widget_type=\"image.default\">\n\t\t\t\t<div class=\"elementor-widget-container\">\n\t\t\t\t\t<div class=\"elementor-image\">\n\t\t\t\t\t\t\t\t\t\t\t<a href=\"\/index.php\/6135-2\/\">\n\t\t\t\t\t\t\t<img width=\"584\" height=\"759\" src=\"https:\/\/deltanet.hu\/wp-content\/uploads\/2022\/04\/deltanet_csomagok_web-u\u0308zleti_Rajzta\u0301bla-1-ma\u0301solat-2.png\" class=\"attachment-full size-full\" alt=\"\" decoding=\"async\" loading=\"lazy\" srcset=\"https:\/\/deltanet.hu\/wp-content\/uploads\/2022\/04\/deltanet_csomagok_web-u\u0308zleti_Rajzta\u0301bla-1-ma\u0301solat-2.png 584w, https:\/\/deltanet.hu\/wp-content\/uploads\/2022\/04\/deltanet_csomagok_web-u\u0308zleti_Rajzta\u0301bla-1-ma\u0301solat-2-231x300.png 231w\" sizes=\"(max-width: 584px) 100vw, 584px\" \/>\t\t\t\t\t\t\t\t<\/a>\n\t\t\t\t\t\t\t\t\t\t\t<\/div>\n\t\t\t\t<\/div>\n\t\t\t\t<\/div>\n\t\t\t\t\t\t<\/div>\n\t\t\t<\/div>\n\t\t<\/div>\n\t\t\t\t<div class=\"elementor-element elementor-element-786eadb elementor-column elementor-col-20 elementor-top-column\" data-id=\"786eadb\" data-element_type=\"column\">\n\t\t\t<div class=\"elementor-column-wrap  elementor-element-populated\">\n\t\t\t\t\t<div class=\"elementor-widget-wrap\">\n\t\t\t\t<div class=\"elementor-element elementor-element-5aaa64d elementor-invisible elementor-widget elementor-widget-image\" data-id=\"5aaa64d\" data-element_type=\"widget\" data-settings=\"{&quot;_animation&quot;:&quot;bounceIn&quot;}\" data-widget_type=\"image.default\">\n\t\t\t\t<div class=\"elementor-widget-container\">\n\t\t\t\t\t<div class=\"elementor-image\">\n\t\t\t\t\t\t\t\t\t\t\t<a href=\"\/index.php\/6135-2\/\">\n\t\t\t\t\t\t\t<img width=\"584\" height=\"759\" src=\"https:\/\/deltanet.hu\/wp-content\/uploads\/2022\/04\/deltanet_csomagok_web-u\u0308zleti_Rajzta\u0301bla-1-ma\u0301solat-3.png\" class=\"attachment-full size-full\" alt=\"\" decoding=\"async\" loading=\"lazy\" srcset=\"https:\/\/deltanet.hu\/wp-content\/uploads\/2022\/04\/deltanet_csomagok_web-u\u0308zleti_Rajzta\u0301bla-1-ma\u0301solat-3.png 584w, https:\/\/deltanet.hu\/wp-content\/uploads\/2022\/04\/deltanet_csomagok_web-u\u0308zleti_Rajzta\u0301bla-1-ma\u0301solat-3-231x300.png 231w\" sizes=\"(max-width: 584px) 100vw, 584px\" \/>\t\t\t\t\t\t\t\t<\/a>\n\t\t\t\t\t\t\t\t\t\t\t<\/div>\n\t\t\t\t<\/div>\n\t\t\t\t<\/div>\n\t\t\t\t\t\t<\/div>\n\t\t\t<\/div>\n\t\t<\/div>\n\t\t\t\t<div class=\"elementor-element elementor-element-c11e6c3 elementor-column elementor-col-20 elementor-top-column\" data-id=\"c11e6c3\" data-element_type=\"column\">\n\t\t\t<div class=\"elementor-column-wrap  elementor-element-populated\">\n\t\t\t\t\t<div class=\"elementor-widget-wrap\">\n\t\t\t\t<div class=\"elementor-element elementor-element-3a168e6 elementor-invisible elementor-widget elementor-widget-image\" data-id=\"3a168e6\" data-element_type=\"widget\" data-settings=\"{&quot;_animation&quot;:&quot;bounceIn&quot;}\" data-widget_type=\"image.default\">\n\t\t\t\t<div class=\"elementor-widget-container\">\n\t\t\t\t\t<div class=\"elementor-image\">\n\t\t\t\t\t\t\t\t\t\t\t<a href=\"\/index.php\/6135-2\/\">\n\t\t\t\t\t\t\t<img width=\"584\" height=\"759\" src=\"https:\/\/deltanet.hu\/wp-content\/uploads\/2022\/04\/deltanet_csomagok_web-u\u0308zleti_Rajzta\u0301bla-1-ma\u0301solat-4.png\" class=\"attachment-full size-full\" alt=\"\" decoding=\"async\" loading=\"lazy\" srcset=\"https:\/\/deltanet.hu\/wp-content\/uploads\/2022\/04\/deltanet_csomagok_web-u\u0308zleti_Rajzta\u0301bla-1-ma\u0301solat-4.png 584w, https:\/\/deltanet.hu\/wp-content\/uploads\/2022\/04\/deltanet_csomagok_web-u\u0308zleti_Rajzta\u0301bla-1-ma\u0301solat-4-231x300.png 231w\" sizes=\"(max-width: 584px) 100vw, 584px\" \/>\t\t\t\t\t\t\t\t<\/a>\n\t\t\t\t\t\t\t\t\t\t\t<\/div>\n\t\t\t\t<\/div>\n\t\t\t\t<\/div>\n\t\t\t\t\t\t<\/div>\n\t\t\t<\/div>\n\t\t<\/div>\n\t\t\t\t\t\t<\/div>\n\t\t\t<\/div>\n\t\t<\/section>\n\t\t\t\t<section class=\"elementor-element elementor-element-4814234 elementor-section-stretched elementor-section-boxed elementor-section-height-default elementor-section-height-default elementor-section elementor-top-section\" data-id=\"4814234\" data-element_type=\"section\" data-settings=\"{&quot;stretch_section&quot;:&quot;section-stretched&quot;}\">\n\t\t\t\t\t\t<div class=\"elementor-container elementor-column-gap-default\">\n\t\t\t\t<div class=\"elementor-row\">\n\t\t\t\t<div class=\"elementor-element elementor-element-b088898 elementor-column elementor-col-100 elementor-top-column\" data-id=\"b088898\" data-element_type=\"column\">\n\t\t\t<div class=\"elementor-column-wrap  elementor-element-populated\">\n\t\t\t\t\t<div class=\"elementor-widget-wrap\">\n\t\t\t\t<div class=\"elementor-element elementor-element-4428648 elementor-widget elementor-widget-text-editor\" data-id=\"4428648\" data-element_type=\"widget\" data-widget_type=\"text-editor.default\">\n\t\t\t\t<div class=\"elementor-widget-container\">\n\t\t\t\t\t<div class=\"elementor-text-editor elementor-clearfix\"><p>\u00c1rk\u00e9pz\u00e9s\u00fcnk alapja, 2 \u00e9ves szerz\u0151d\u00e9s eset\u00e9n, megabitenk\u00e9nt 1000 Ft, teljesen line\u00e1ris sk\u00e1l\u00e1z\u00e1ssal, minim\u00e1lisan 10 Mbit-t\u0151l felfel\u00e9. <br \/>B\u00e1rmekkora csomagot k\u00e9rhet.<\/p><p>* Elektronikus fizet\u00e9si m\u00f3d:<\/p><p>\u00c1tutal\u00e1ssal, csoportos beszed\u00e9si megb\u00edz\u00e1ssal vagy emailben k\u00fcld\u00f6tt pdf form\u00e1tum\u00fa sz\u00e1ml\u00e1val.<br \/><span style=\"font-family: Quicksand;\">Gigabites Wi-Fi router 24 havi r\u00e9szletre t\u00f6rt\u00e9n\u0151 v\u00e1s\u00e1rl\u00e1sa eset\u00e9n az \u00e1ra + 1 290 Ft\/h\u00f3, mely az internet-szolg\u00e1ltat\u00e1s havi d\u00edj\u00e1n fel\u00fcl fizetend\u0151 24 h\u00f3napig.<br \/><\/span><span style=\"color: #333333; font-family: Quicksand; font-size: 16px; font-style: normal; font-weight: bold; text-align: justify;\">Publikus FIX IP c\u00edm d\u00edja: 2 540 Ft\/h\u00f3\/db<br \/><\/span><\/p><h6 class=\"elementor-heading-title elementor-size-default\">A felt\u00fcntetett \u00e1rak brutt\u00f3 \u00e1rak.<\/h6><p><span style=\"color: #333333; font-family: Quicksand; font-size: 16px; font-style: normal; font-weight: bold; text-align: justify;\">\u00a0<\/span><\/p><\/div>\n\t\t\t\t<\/div>\n\t\t\t\t<\/div>\n\t\t\t\t\t\t<\/div>\n\t\t\t<\/div>\n\t\t<\/div>\n\t\t\t\t\t\t<\/div>\n\t\t\t<\/div>\n\t\t<\/section>\n\t\t\t\t\t\t<\/div>\n\t\t\t<\/div>\n\t\t<\/div>\n\t\t","protected":false},"excerpt":{"rendered":"<p>\u00dcZLETI INTERNET CSOMAGOK \u00d6n d\u00f6nt mekkora csomagra van sz\u00fcks\u00e9ge! 1000 Ft megabitenk\u00e9nt! H\u00edvja a 1290-es telefonsz\u00e1mot, koll\u00e9g\u00e1ink seg\u00edtenek a legmegfelel\u0151bb csomagot kiv\u00e1lasztani! \u00c1rk\u00e9pz\u00e9s\u00fcnk alapja, 2<\/p>\n","protected":false},"author":10,"featured_media":523,"parent":0,"menu_order":0,"comment_status":"closed","ping_status":"closed","template":"","meta":{"_mi_skip_tracking":false},"_links":{"self":[{"href":"https:\/\/deltanet.hu\/index.php\/wp-json\/wp\/v2\/pages\/1311"}],"collection":[{"href":"https:\/\/deltanet.hu\/index.php\/wp-json\/wp\/v2\/pages"}],"about":[{"href":"https:\/\/deltanet.hu\/index.php\/wp-json\/wp\/v2\/types\/page"}],"author":[{"embeddable":true,"href":"https:\/\/deltanet.hu\/index.php\/wp-json\/wp\/v2\/users\/10"}],"replies":[{"embeddable":true,"href":"https:\/\/deltanet.hu\/index.php\/wp-json\/wp\/v2\/comments?post=1311"}],"version-history":[{"count":54,"href":"https:\/\/deltanet.hu\/index.php\/wp-json\/wp\/v2\/pages\/1311\/revisions"}],"predecessor-version":[{"id":10772,"href":"https:\/\/deltanet.hu\/index.php\/wp-json\/wp\/v2\/pages\/1311\/revisions\/10772"}],"wp:featuredmedia":[{"embeddable":true,"href":"https:\/\/deltanet.hu\/index.php\/wp-json\/wp\/v2\/media\/523"}],"wp:attachment":[{"href":"https:\/\/deltanet.hu\/index.php\/wp-json\/wp\/v2\/media?parent=1311"}],"curies":[{"name":"wp","href":"https:\/\/api.w.org\/{rel}","templated":true}]}}