{"id":1655,"date":"2018-11-19T14:39:35","date_gmt":"2018-11-19T14:39:35","guid":{"rendered":"http:\/\/alfasites.hu\/?page_id=1655"},"modified":"2019-01-29T10:41:54","modified_gmt":"2019-01-29T10:41:54","slug":"telefon-2","status":"publish","type":"page","link":"https:\/\/deltanet.hu\/index.php\/szolgaltatasaink\/telefon-2\/","title":{"rendered":"TELEFON"},"content":{"rendered":"\t\t<div data-elementor-type=\"wp-post\" data-elementor-id=\"1655\" class=\"elementor elementor-1655 elementor-bc-flex-widget\" data-elementor-settings=\"[]\">\n\t\t\t<div class=\"elementor-inner\">\n\t\t\t\t<div class=\"elementor-section-wrap\">\n\t\t\t\t\t\t\t<section class=\"elementor-element elementor-element-1e1fba95 elementor-section-height-min-height elementor-section-content-middle elementor-section-stretched elementor-section-boxed elementor-section-height-default elementor-section-items-middle elementor-section elementor-top-section\" data-id=\"1e1fba95\" data-element_type=\"section\" data-settings=\"{&quot;background_background&quot;:&quot;classic&quot;,&quot;stretch_section&quot;:&quot;section-stretched&quot;}\">\n\t\t\t\t\t\t\t<div class=\"elementor-background-overlay\"><\/div>\n\t\t\t\t\t\t\t<div class=\"elementor-container elementor-column-gap-no\">\n\t\t\t\t<div class=\"elementor-row\">\n\t\t\t\t<div class=\"elementor-element elementor-element-6fc8b9a7 elementor-column elementor-col-100 elementor-top-column\" data-id=\"6fc8b9a7\" data-element_type=\"column\">\n\t\t\t<div class=\"elementor-column-wrap  elementor-element-populated\">\n\t\t\t\t\t<div class=\"elementor-widget-wrap\">\n\t\t\t\t<div class=\"elementor-element elementor-element-71166f4a elementor-widget elementor-widget-heading\" data-id=\"71166f4a\" data-element_type=\"widget\" data-widget_type=\"heading.default\">\n\t\t\t\t<div class=\"elementor-widget-container\">\n\t\t\t<h2 class=\"elementor-heading-title elementor-size-default\">Olcs\u00f3bban telefon\u00e1lna? V\u00e1lassza a VoiP telefonszolg\u00e1ltat\u00e1sunkat!<\/h2>\t\t<\/div>\n\t\t\t\t<\/div>\n\t\t\t\t<div class=\"elementor-element elementor-element-5309b35a elementor-widget elementor-widget-text-editor\" data-id=\"5309b35a\" data-element_type=\"widget\" data-widget_type=\"text-editor.default\">\n\t\t\t\t<div class=\"elementor-widget-container\">\n\t\t\t\t\t<div class=\"elementor-text-editor elementor-clearfix\"><p>A szolg\u00e1ltat\u00e1s, Interneten kereszt\u00fcli telefon\u00e1l\u00e1st tesz lehet\u0151v\u00e9, \u00d6nnek csup\u00e1n egy Internet el\u0151fizet\u00e9sre van sz\u00fcks\u00e9ge, hogy vezet\u00e9kes telefonsz\u00e1mon el\u00e9rhet\u0151 legyen. <\/p><p>A szolg\u00e1ltat\u00e1s r\u00e9szek\u00e9nt, egy el\u0151fizet\u00e9shez 1 telefonsz\u00e1mot biztos\u00edtunk alapesetben. <\/p><p>B\u0151vebb inform\u00e1ci\u00f3\u00e9rt k\u00e9rj\u00fck adja meg a nev\u00e9t,\u00a0 email c\u00edm\u00e9t \u00e9s telefonsz\u00e1m\u00e1t \u00e9s az illet\u00e9kes koll\u00e9g\u00e1nk visszah\u00edvja.<\/p><\/div>\n\t\t\t\t<\/div>\n\t\t\t\t<\/div>\n\t\t\t\t<div class=\"elementor-element elementor-element-1d09d05d elementor-button-align-start elementor-widget elementor-widget-form\" data-id=\"1d09d05d\" data-element_type=\"widget\" data-widget_type=\"form.default\">\n\t\t\t\t<div class=\"elementor-widget-container\">\n\t\t\t\t\t<form class=\"elementor-form\" method=\"post\" name=\"New Form\">\n\t\t\t<input type=\"hidden\" name=\"post_id\" value=\"1655\"\/>\n\t\t\t<input type=\"hidden\" name=\"form_id\" value=\"1d09d05d\"\/>\n\n\t\t\t\n\t\t\t<div class=\"elementor-form-fields-wrapper elementor-labels-\">\n\t\t\t\t\t\t\t\t<div class=\"elementor-field-type-text elementor-field-group elementor-column elementor-field-group-name elementor-col-33\">\n\t\t\t\t\t<label for=\"form-field-name\" class=\"elementor-field-label elementor-screen-only\">N\u00e9v<\/label><input size=\"1\" type=\"text\" name=\"form_fields[name]\" id=\"form-field-name\" class=\"elementor-field elementor-size-sm  elementor-field-textual\" placeholder=\"N\u00e9v\">\t\t\t\t<\/div>\n\t\t\t\t\t\t\t\t<div class=\"elementor-field-type-email elementor-field-group elementor-column elementor-field-group-email elementor-col-33 elementor-field-required\">\n\t\t\t\t\t<label for=\"form-field-email\" class=\"elementor-field-label elementor-screen-only\">E-mail<\/label><input size=\"1\" type=\"email\" name=\"form_fields[email]\" id=\"form-field-email\" class=\"elementor-field elementor-size-sm  elementor-field-textual\" placeholder=\"E-mail\" required=\"required\" aria-required=\"true\">\t\t\t\t<\/div>\n\t\t\t\t\t\t\t\t<div class=\"elementor-field-type-tel elementor-field-group elementor-column elementor-field-group-45f6c0c elementor-col-33\">\n\t\t\t\t\t<label for=\"form-field-45f6c0c\" class=\"elementor-field-label elementor-screen-only\">Telefonsz\u00e1m<\/label><input size=\"1\" type=\"tel\" name=\"form_fields[45f6c0c]\" id=\"form-field-45f6c0c\" class=\"elementor-field elementor-size-sm  elementor-field-textual\" placeholder=\"Telefonsz\u00e1m\" pattern=\"[0-9()#&amp;+*-=.]+\" title=\"Only numbers and phone characters (#, -, *, etc) are accepted.\">\t\t\t\t<\/div>\n\t\t\t\t\t\t\t\t<div class=\"elementor-field-group elementor-column elementor-field-type-submit elementor-col-25\">\n\t\t\t\t\t<button type=\"submit\" class=\"elementor-button elementor-size-sm elementor-animation-grow\">\n\t\t\t\t\t\t<span >\n\t\t\t\t\t\t\t\t\t\t\t\t\t\t\t<span class=\" elementor-button-icon\">\n\t\t\t\t\t\t\t\t\t\t\t\t\t\t\t\t\t\t\t\t\t\t\t\t\t\t<\/span>\n\t\t\t\t\t\t\t\t\t\t\t\t\t\t\t\t\t\t\t\t\t\t<span class=\"elementor-button-text\">K\u00fcld\u00e9s<\/span>\n\t\t\t\t\t\t\t\t\t\t\t\t\t<\/span>\n\t\t\t\t\t<\/button>\n\t\t\t\t<\/div>\n\t\t\t<\/div>\n\t\t<\/form>\n\t\t\t\t<\/div>\n\t\t\t\t<\/div>\n\t\t\t\t\t\t<\/div>\n\t\t\t<\/div>\n\t\t<\/div>\n\t\t\t\t\t\t<\/div>\n\t\t\t<\/div>\n\t\t<\/section>\n\t\t\t\t\t\t<\/div>\n\t\t\t<\/div>\n\t\t<\/div>\n\t\t","protected":false},"excerpt":{"rendered":"<p>Olcs\u00f3bban telefon\u00e1lna? V\u00e1lassza a VoiP telefonszolg\u00e1ltat\u00e1sunkat! A szolg\u00e1ltat\u00e1s, Interneten kereszt\u00fcli telefon\u00e1l\u00e1st tesz lehet\u0151v\u00e9, \u00d6nnek csup\u00e1n egy Internet el\u0151fizet\u00e9sre van sz\u00fcks\u00e9ge, hogy vezet\u00e9kes telefonsz\u00e1mon el\u00e9rhet\u0151 legyen.<\/p>\n","protected":false},"author":10,"featured_media":0,"parent":541,"menu_order":0,"comment_status":"closed","ping_status":"closed","template":"","meta":{"_mi_skip_tracking":false},"_links":{"self":[{"href":"https:\/\/deltanet.hu\/index.php\/wp-json\/wp\/v2\/pages\/1655"}],"collection":[{"href":"https:\/\/deltanet.hu\/index.php\/wp-json\/wp\/v2\/pages"}],"about":[{"href":"https:\/\/deltanet.hu\/index.php\/wp-json\/wp\/v2\/types\/page"}],"author":[{"embeddable":true,"href":"https:\/\/deltanet.hu\/index.php\/wp-json\/wp\/v2\/users\/10"}],"replies":[{"embeddable":true,"href":"https:\/\/deltanet.hu\/index.php\/wp-json\/wp\/v2\/comments?post=1655"}],"version-history":[{"count":9,"href":"https:\/\/deltanet.hu\/index.php\/wp-json\/wp\/v2\/pages\/1655\/revisions"}],"predecessor-version":[{"id":6764,"href":"https:\/\/deltanet.hu\/index.php\/wp-json\/wp\/v2\/pages\/1655\/revisions\/6764"}],"up":[{"embeddable":true,"href":"https:\/\/deltanet.hu\/index.php\/wp-json\/wp\/v2\/pages\/541"}],"wp:attachment":[{"href":"https:\/\/deltanet.hu\/index.php\/wp-json\/wp\/v2\/media?parent=1655"}],"curies":[{"name":"wp","href":"https:\/\/api.w.org\/{rel}","templated":true}]}}