{"id":1880,"date":"2018-11-26T09:02:00","date_gmt":"2018-11-26T09:02:00","guid":{"rendered":"http:\/\/alfasites.hu\/?page_id=1880"},"modified":"2021-08-09T12:59:02","modified_gmt":"2021-08-09T10:59:02","slug":"szolgaltatasi-terulet","status":"publish","type":"page","link":"https:\/\/deltanet.hu\/index.php\/mindig-is-a-kihivasokat-kerestem\/szolgaltatasi-terulet\/","title":{"rendered":"Szolg\u00e1ltat\u00e1si ter\u00fclet"},"content":{"rendered":"\t\t<div data-elementor-type=\"wp-post\" data-elementor-id=\"1880\" class=\"elementor elementor-1880\" data-elementor-settings=\"[]\">\n\t\t\t<div class=\"elementor-inner\">\n\t\t\t\t<div class=\"elementor-section-wrap\">\n\t\t\t\t\t\t\t<section class=\"elementor-element elementor-element-603c8cf elementor-section-boxed elementor-section-height-default elementor-section-height-default elementor-section elementor-top-section\" data-id=\"603c8cf\" data-element_type=\"section\">\n\t\t\t\t\t\t<div class=\"elementor-container elementor-column-gap-default\">\n\t\t\t\t<div class=\"elementor-row\">\n\t\t\t\t<div class=\"elementor-element elementor-element-25a3b2d elementor-column elementor-col-100 elementor-top-column\" data-id=\"25a3b2d\" data-element_type=\"column\">\n\t\t\t<div class=\"elementor-column-wrap\">\n\t\t\t\t\t<div class=\"elementor-widget-wrap\">\n\t\t\t\t\t\t<\/div>\n\t\t\t<\/div>\n\t\t<\/div>\n\t\t\t\t\t\t<\/div>\n\t\t\t<\/div>\n\t\t<\/section>\n\t\t\t\t<section class=\"elementor-element elementor-element-13ab918 elementor-section-boxed elementor-section-height-default elementor-section-height-default elementor-section elementor-top-section\" data-id=\"13ab918\" data-element_type=\"section\">\n\t\t\t\t\t\t<div class=\"elementor-container elementor-column-gap-default\">\n\t\t\t\t<div class=\"elementor-row\">\n\t\t\t\t<div class=\"elementor-element elementor-element-dc2a870 elementor-column elementor-col-100 elementor-top-column\" data-id=\"dc2a870\" data-element_type=\"column\">\n\t\t\t<div class=\"elementor-column-wrap\">\n\t\t\t\t\t<div class=\"elementor-widget-wrap\">\n\t\t\t\t\t\t<\/div>\n\t\t\t<\/div>\n\t\t<\/div>\n\t\t\t\t\t\t<\/div>\n\t\t\t<\/div>\n\t\t<\/section>\n\t\t\t\t<section class=\"elementor-element elementor-element-eb7647c elementor-section-boxed elementor-section-height-default elementor-section-height-default elementor-invisible elementor-section elementor-top-section\" data-id=\"eb7647c\" data-element_type=\"section\" data-settings=\"{&quot;animation&quot;:&quot;fadeInDown&quot;}\">\n\t\t\t\t\t\t<div class=\"elementor-container elementor-column-gap-default\">\n\t\t\t\t<div class=\"elementor-row\">\n\t\t\t\t<div class=\"elementor-element elementor-element-4772dad elementor-column elementor-col-100 elementor-top-column\" data-id=\"4772dad\" data-element_type=\"column\">\n\t\t\t<div class=\"elementor-column-wrap  elementor-element-populated\">\n\t\t\t\t\t<div class=\"elementor-widget-wrap\">\n\t\t\t\t<div class=\"elementor-element elementor-element-04bb040 elementor-widget elementor-widget-spacer\" data-id=\"04bb040\" data-element_type=\"widget\" data-widget_type=\"spacer.default\">\n\t\t\t\t<div class=\"elementor-widget-container\">\n\t\t\t\t\t<div class=\"elementor-spacer\">\n\t\t\t<div class=\"elementor-spacer-inner\"><\/div>\n\t\t<\/div>\n\t\t\t\t<\/div>\n\t\t\t\t<\/div>\n\t\t\t\t<div class=\"elementor-element elementor-element-6d8d1d6 elementor-widget elementor-widget-heading\" data-id=\"6d8d1d6\" data-element_type=\"widget\" data-widget_type=\"heading.default\">\n\t\t\t\t<div class=\"elementor-widget-container\">\n\t\t\t<h2 class=\"elementor-heading-title elementor-size-default\"><strong>Mikrohull\u00e1m\u00fa Internet \u00e9s Telefon szolg\u00e1ltat\u00e1si ter\u00fcleteink:<\/strong><\/h2>\t\t<\/div>\n\t\t\t\t<\/div>\n\t\t\t\t<div class=\"elementor-element elementor-element-ad4b94e elementor-widget elementor-widget-spacer\" data-id=\"ad4b94e\" data-element_type=\"widget\" data-widget_type=\"spacer.default\">\n\t\t\t\t<div class=\"elementor-widget-container\">\n\t\t\t\t\t<div class=\"elementor-spacer\">\n\t\t\t<div class=\"elementor-spacer-inner\"><\/div>\n\t\t<\/div>\n\t\t\t\t<\/div>\n\t\t\t\t<\/div>\n\t\t\t\t\t\t<\/div>\n\t\t\t<\/div>\n\t\t<\/div>\n\t\t\t\t\t\t<\/div>\n\t\t\t<\/div>\n\t\t<\/section>\n\t\t\t\t<section class=\"elementor-element elementor-element-75dec7c elementor-section-boxed elementor-section-height-default elementor-section-height-default elementor-section elementor-top-section\" data-id=\"75dec7c\" data-element_type=\"section\">\n\t\t\t\t\t\t<div class=\"elementor-container elementor-column-gap-default\">\n\t\t\t\t<div class=\"elementor-row\">\n\t\t\t\t<div class=\"elementor-element elementor-element-8b2d4c2 elementor-column elementor-col-50 elementor-top-column\" data-id=\"8b2d4c2\" data-element_type=\"column\">\n\t\t\t<div class=\"elementor-column-wrap  elementor-element-populated\">\n\t\t\t\t\t<div class=\"elementor-widget-wrap\">\n\t\t\t\t<div class=\"elementor-element elementor-element-3032446 elementor-widget elementor-widget-image-gallery\" data-id=\"3032446\" data-element_type=\"widget\" data-widget_type=\"image-gallery.default\">\n\t\t\t\t<div class=\"elementor-widget-container\">\n\t\t\t\t\t<div class=\"elementor-image-gallery\">\n\t\t\t<div id='gallery-1' class='gallery galleryid-1880 gallery-columns-1 gallery-size-large'><figure class='gallery-item'>\n\t\t\t<div class='gallery-icon landscape'>\n\t\t\t\t<a data-elementor-open-lightbox=\"yes\" data-elementor-lightbox-slideshow=\"3032446\" data-elementor-lightbox-title=\"deltanet_terkep_2021\" href='https:\/\/deltanet.hu\/wp-content\/uploads\/2021\/05\/deltanet_terkep_2021.jpg'><img width=\"783\" height=\"512\" src=\"https:\/\/deltanet.hu\/wp-content\/uploads\/2021\/05\/deltanet_terkep_2021-1024x669.jpg\" class=\"attachment-large size-large\" alt=\"\" decoding=\"async\" loading=\"lazy\" srcset=\"https:\/\/deltanet.hu\/wp-content\/uploads\/2021\/05\/deltanet_terkep_2021-1024x669.jpg 1024w, https:\/\/deltanet.hu\/wp-content\/uploads\/2021\/05\/deltanet_terkep_2021-300x196.jpg 300w, https:\/\/deltanet.hu\/wp-content\/uploads\/2021\/05\/deltanet_terkep_2021-768x502.jpg 768w, https:\/\/deltanet.hu\/wp-content\/uploads\/2021\/05\/deltanet_terkep_2021-781x512.jpg 781w, https:\/\/deltanet.hu\/wp-content\/uploads\/2021\/05\/deltanet_terkep_2021.jpg 1200w\" sizes=\"(max-width: 783px) 100vw, 783px\" \/><\/a>\n\t\t\t<\/div><\/figure>\n\t\t<\/div>\n\t\t<\/div>\n\t\t\t\t<\/div>\n\t\t\t\t<\/div>\n\t\t\t\t\t\t<\/div>\n\t\t\t<\/div>\n\t\t<\/div>\n\t\t\t\t<div class=\"elementor-element elementor-element-d2fda2b elementor-column elementor-col-50 elementor-top-column\" data-id=\"d2fda2b\" data-element_type=\"column\">\n\t\t\t<div class=\"elementor-column-wrap  elementor-element-populated\">\n\t\t\t\t\t<div class=\"elementor-widget-wrap\">\n\t\t\t\t<section class=\"elementor-element elementor-element-570f133 elementor-section-boxed elementor-section-height-default elementor-section-height-default elementor-section elementor-inner-section\" data-id=\"570f133\" data-element_type=\"section\">\n\t\t\t\t\t\t<div class=\"elementor-container elementor-column-gap-default\">\n\t\t\t\t<div class=\"elementor-row\">\n\t\t\t\t<div class=\"elementor-element elementor-element-7335540 elementor-invisible elementor-column elementor-col-50 elementor-inner-column\" data-id=\"7335540\" data-element_type=\"column\" data-settings=\"{&quot;animation&quot;:&quot;fadeInRight&quot;}\">\n\t\t\t<div class=\"elementor-column-wrap  elementor-element-populated\">\n\t\t\t\t\t<div class=\"elementor-widget-wrap\">\n\t\t\t\t<div class=\"elementor-element elementor-element-2941d98 elementor-widget elementor-widget-text-editor\" data-id=\"2941d98\" data-element_type=\"widget\" data-widget_type=\"text-editor.default\">\n\t\t\t\t<div class=\"elementor-widget-container\">\n\t\t\t\t\t<div class=\"elementor-text-editor elementor-clearfix\"><ul><li>\u00c1GASEGYH\u00c1ZA<\/li><li>BALL\u00d3SZ\u00d6G<\/li><li>B\u00d3CSA<\/li><li>BUGAC<\/li><li>BUGACPUSZTAH\u00c1ZA<\/li><li>CSEM\u0150<\/li><li>CSERKESZ\u0150L\u0150<\/li><li>CSONGR\u00c1D<\/li><li>FELS\u0150LAJOS<\/li><li>F\u00dcL\u00d6PH\u00c1ZA<\/li><li>F\u00dcL\u00d6PJAKAB<\/li><li>F\u00dcL\u00d6PSZ\u00c1LL\u00c1S<\/li><li>G\u00c1T\u00c9R<\/li><li>HELV\u00c9CIA<\/li><li>HERN\u00c1D<\/li><li>IZS\u00c1K<\/li><li>JAKABSZ\u00c1LL\u00c1S<\/li><li>J\u00c1SZSZENTL\u00c1SZL\u00d3<\/li><li>KECSKEM\u00c9T<\/li><li>KEREKEGYH\u00c1ZA<\/li><li>KISK\u0150R\u00d6S<\/li><li>KISKUNF\u00c9LEGYH\u00c1ZA<\/li><li>KUNADACS<\/li><li>KUNBARACS<\/li><li>KUNPESZ\u00c9R<\/li><\/ul><\/div>\n\t\t\t\t<\/div>\n\t\t\t\t<\/div>\n\t\t\t\t\t\t<\/div>\n\t\t\t<\/div>\n\t\t<\/div>\n\t\t\t\t<div class=\"elementor-element elementor-element-43ba8e6 elementor-invisible elementor-column elementor-col-50 elementor-inner-column\" data-id=\"43ba8e6\" data-element_type=\"column\" data-settings=\"{&quot;animation&quot;:&quot;fadeInRight&quot;}\">\n\t\t\t<div class=\"elementor-column-wrap  elementor-element-populated\">\n\t\t\t\t\t<div class=\"elementor-widget-wrap\">\n\t\t\t\t<div class=\"elementor-element elementor-element-39340c3 elementor-widget elementor-widget-text-editor\" data-id=\"39340c3\" data-element_type=\"widget\" data-widget_type=\"text-editor.default\">\n\t\t\t\t<div class=\"elementor-widget-container\">\n\t\t\t\t\t<div class=\"elementor-text-editor elementor-clearfix\"><ul><li>KUNSZ\u00c1LL\u00c1S<\/li><li>KUNSZENTM\u00c1RTON<\/li><li>KUNSZENTMIKL\u00d3S<\/li><li>LAD\u00c1NYBENE<\/li><li>LAJOSMIZSE<\/li><li>LAKITELEK<\/li><li>NAGYK\u0150R\u00d6S<\/li><li>NY\u00c1RL\u0150RINC<\/li><li>ORGOV\u00c1NY<\/li><li>\u00d6RK\u00c9NY<\/li><li>P\u00c1HI<\/li><li>P\u00c1LMONOSTORA<\/li><li>PET\u0150FISZ\u00c1LL\u00c1S<\/li><li>SOLTSZENTIMRE<\/li><li>SOLTVADKERT<\/li><li>SZABADSZ\u00c1LL\u00c1S<\/li><li>SZENTKIR\u00c1LY<\/li><li>T\u00c1BORFALVA<\/li><li>TASS<\/li><li>TAT\u00c1RSZENTGY\u00d6RGY<\/li><li>T\u00c1ZL\u00c1R<\/li><li>TISZAALP\u00c1R<\/li><li>TISZAJEN\u0150<\/li><li>TISZAK\u00c9CSKE<\/li><li>V\u00c1ROSF\u00d6LD<\/li><li><p><em>\u2026<\/em> <em>folyamatosan<\/em> <em>b\u0151v\u00fcl\u00fcnk<\/em><\/p><\/li><\/ul><\/div>\n\t\t\t\t<\/div>\n\t\t\t\t<\/div>\n\t\t\t\t\t\t<\/div>\n\t\t\t<\/div>\n\t\t<\/div>\n\t\t\t\t\t\t<\/div>\n\t\t\t<\/div>\n\t\t<\/section>\n\t\t\t\t\t\t<\/div>\n\t\t\t<\/div>\n\t\t<\/div>\n\t\t\t\t\t\t<\/div>\n\t\t\t<\/div>\n\t\t<\/section>\n\t\t\t\t<section class=\"elementor-element elementor-element-56c696f elementor-section-boxed elementor-section-height-default elementor-section-height-default elementor-section elementor-top-section\" data-id=\"56c696f\" data-element_type=\"section\">\n\t\t\t\t\t\t<div class=\"elementor-container elementor-column-gap-default\">\n\t\t\t\t<div class=\"elementor-row\">\n\t\t\t\t<div class=\"elementor-element elementor-element-a187252 elementor-column elementor-col-100 elementor-top-column\" data-id=\"a187252\" data-element_type=\"column\">\n\t\t\t<div class=\"elementor-column-wrap  elementor-element-populated\">\n\t\t\t\t\t<div class=\"elementor-widget-wrap\">\n\t\t\t\t<div class=\"elementor-element elementor-element-ff5e70e elementor-widget elementor-widget-spacer\" data-id=\"ff5e70e\" data-element_type=\"widget\" data-widget_type=\"spacer.default\">\n\t\t\t\t<div class=\"elementor-widget-container\">\n\t\t\t\t\t<div class=\"elementor-spacer\">\n\t\t\t<div class=\"elementor-spacer-inner\"><\/div>\n\t\t<\/div>\n\t\t\t\t<\/div>\n\t\t\t\t<\/div>\n\t\t\t\t<div class=\"elementor-element elementor-element-e5c2485 elementor-invisible elementor-widget elementor-widget-heading\" data-id=\"e5c2485\" data-element_type=\"widget\" data-settings=\"{&quot;_animation&quot;:&quot;fadeInDown&quot;}\" data-widget_type=\"heading.default\">\n\t\t\t\t<div class=\"elementor-widget-container\">\n\t\t\t<h2 class=\"elementor-heading-title elementor-size-default\"><strong>K\u00c1BELT\u00c9V\u00c9 szolg\u00e1ltat\u00e1sunk jelenleg Het\u00e9nyegyh\u00e1za belter\u00fclet\u00e9n <\/strong>\u00e9rhet\u0151 el.<\/h2>\t\t<\/div>\n\t\t\t\t<\/div>\n\t\t\t\t\t\t<\/div>\n\t\t\t<\/div>\n\t\t<\/div>\n\t\t\t\t\t\t<\/div>\n\t\t\t<\/div>\n\t\t<\/section>\n\t\t\t\t<section class=\"elementor-element elementor-element-8ee95cf elementor-section-boxed elementor-section-height-default elementor-section-height-default elementor-section elementor-top-section\" data-id=\"8ee95cf\" data-element_type=\"section\">\n\t\t\t\t\t\t<div class=\"elementor-container elementor-column-gap-default\">\n\t\t\t\t<div class=\"elementor-row\">\n\t\t\t\t<div class=\"elementor-element elementor-element-56d6bcb elementor-invisible elementor-column elementor-col-100 elementor-top-column\" data-id=\"56d6bcb\" data-element_type=\"column\" data-settings=\"{&quot;animation&quot;:&quot;fadeInRight&quot;}\">\n\t\t\t<div class=\"elementor-column-wrap  elementor-element-populated\">\n\t\t\t\t\t<div class=\"elementor-widget-wrap\">\n\t\t\t\t<div class=\"elementor-element elementor-element-ffb46c4 elementor-widget elementor-widget-google_maps\" data-id=\"ffb46c4\" data-element_type=\"widget\" data-widget_type=\"google_maps.default\">\n\t\t\t\t<div class=\"elementor-widget-container\">\n\t\t\t<div class=\"elementor-custom-embed\"><iframe frameborder=\"0\" scrolling=\"no\" marginheight=\"0\" marginwidth=\"0\" src=\"https:\/\/maps.google.com\/maps?q=HET%C3%89NYEGYH%C3%81ZA&amp;t=m&amp;z=14&amp;output=embed&amp;iwloc=near\" aria-label=\"HET\u00c9NYEGYH\u00c1ZA\"><\/iframe><\/div>\t\t<\/div>\n\t\t\t\t<\/div>\n\t\t\t\t\t\t<\/div>\n\t\t\t<\/div>\n\t\t<\/div>\n\t\t\t\t\t\t<\/div>\n\t\t\t<\/div>\n\t\t<\/section>\n\t\t\t\t\t\t<\/div>\n\t\t\t<\/div>\n\t\t<\/div>\n\t\t","protected":false},"excerpt":{"rendered":"<p>Mikrohull\u00e1m\u00fa Internet \u00e9s Telefon szolg\u00e1ltat\u00e1si ter\u00fcleteink: \u00c1GASEGYH\u00c1ZA BALL\u00d3SZ\u00d6G B\u00d3CSA BUGAC BUGACPUSZTAH\u00c1ZA CSEM\u0150 CSERKESZ\u0150L\u0150 CSONGR\u00c1D FELS\u0150LAJOS F\u00dcL\u00d6PH\u00c1ZA F\u00dcL\u00d6PJAKAB F\u00dcL\u00d6PSZ\u00c1LL\u00c1S G\u00c1T\u00c9R HELV\u00c9CIA HERN\u00c1D IZS\u00c1K JAKABSZ\u00c1LL\u00c1S J\u00c1SZSZENTL\u00c1SZL\u00d3 KECSKEM\u00c9T<\/p>\n","protected":false},"author":10,"featured_media":0,"parent":418,"menu_order":0,"comment_status":"closed","ping_status":"closed","template":"elementor_header_footer","meta":{"_mi_skip_tracking":false},"_links":{"self":[{"href":"https:\/\/deltanet.hu\/index.php\/wp-json\/wp\/v2\/pages\/1880"}],"collection":[{"href":"https:\/\/deltanet.hu\/index.php\/wp-json\/wp\/v2\/pages"}],"about":[{"href":"https:\/\/deltanet.hu\/index.php\/wp-json\/wp\/v2\/types\/page"}],"author":[{"embeddable":true,"href":"https:\/\/deltanet.hu\/index.php\/wp-json\/wp\/v2\/users\/10"}],"replies":[{"embeddable":true,"href":"https:\/\/deltanet.hu\/index.php\/wp-json\/wp\/v2\/comments?post=1880"}],"version-history":[{"count":17,"href":"https:\/\/deltanet.hu\/index.php\/wp-json\/wp\/v2\/pages\/1880\/revisions"}],"predecessor-version":[{"id":8457,"href":"https:\/\/deltanet.hu\/index.php\/wp-json\/wp\/v2\/pages\/1880\/revisions\/8457"}],"up":[{"embeddable":true,"href":"https:\/\/deltanet.hu\/index.php\/wp-json\/wp\/v2\/pages\/418"}],"wp:attachment":[{"href":"https:\/\/deltanet.hu\/index.php\/wp-json\/wp\/v2\/media?parent=1880"}],"curies":[{"name":"wp","href":"https:\/\/api.w.org\/{rel}","templated":true}]}}