{"id":2128,"date":"2019-01-04T09:44:51","date_gmt":"2019-01-04T09:44:51","guid":{"rendered":"http:\/\/alfasites.hu\/?page_id=2128"},"modified":"2022-06-21T12:19:36","modified_gmt":"2022-06-21T10:19:36","slug":"media-megjeleneseink","status":"publish","type":"page","link":"https:\/\/deltanet.hu\/index.php\/mindig-is-a-kihivasokat-kerestem\/media-megjeleneseink\/","title":{"rendered":"M\u00e9dia megjelen\u00e9seink"},"content":{"rendered":"\t\t<div data-elementor-type=\"wp-post\" data-elementor-id=\"2128\" class=\"elementor elementor-2128\" data-elementor-settings=\"[]\">\n\t\t\t<div class=\"elementor-inner\">\n\t\t\t\t<div class=\"elementor-section-wrap\">\n\t\t\t\t\t\t\t<section class=\"elementor-element elementor-element-43930c1e elementor-section-boxed elementor-section-height-default elementor-section-height-default elementor-section elementor-top-section\" data-id=\"43930c1e\" data-element_type=\"section\">\n\t\t\t\t\t\t<div class=\"elementor-container elementor-column-gap-default\">\n\t\t\t\t<div class=\"elementor-row\">\n\t\t\t\t<div class=\"elementor-element elementor-element-6d825d82 elementor-column elementor-col-100 elementor-top-column\" data-id=\"6d825d82\" data-element_type=\"column\">\n\t\t\t<div class=\"elementor-column-wrap  elementor-element-populated\">\n\t\t\t\t\t<div class=\"elementor-widget-wrap\">\n\t\t\t\t<div class=\"elementor-element elementor-element-6513432e elementor-widget elementor-widget-heading\" data-id=\"6513432e\" data-element_type=\"widget\" data-widget_type=\"heading.default\">\n\t\t\t\t<div class=\"elementor-widget-container\">\n\t\t\t<h2 class=\"elementor-heading-title elementor-size-default\">M\u00e9dia megjelen\u00e9sek:<\/h2>\t\t<\/div>\n\t\t\t\t<\/div>\n\t\t\t\t<div class=\"elementor-element elementor-element-1cb0f897 elementor-skin-carousel elementor-arrows-yes elementor-pagination-type-bullets elementor-pagination-position-outside elementor-widget elementor-widget-media-carousel\" data-id=\"1cb0f897\" data-element_type=\"widget\" data-settings=\"{&quot;slides_per_view&quot;:&quot;9&quot;,&quot;slides_to_scroll&quot;:&quot;7&quot;,&quot;skin&quot;:&quot;carousel&quot;,&quot;effect&quot;:&quot;slide&quot;,&quot;show_arrows&quot;:&quot;yes&quot;,&quot;pagination&quot;:&quot;bullets&quot;,&quot;speed&quot;:500,&quot;autoplay&quot;:&quot;yes&quot;,&quot;autoplay_speed&quot;:5000,&quot;loop&quot;:&quot;yes&quot;,&quot;pause_on_hover&quot;:&quot;yes&quot;,&quot;pause_on_interaction&quot;:&quot;yes&quot;,&quot;space_between&quot;:{&quot;unit&quot;:&quot;px&quot;,&quot;size&quot;:10,&quot;sizes&quot;:[]},&quot;space_between_tablet&quot;:{&quot;unit&quot;:&quot;px&quot;,&quot;size&quot;:10,&quot;sizes&quot;:[]},&quot;space_between_mobile&quot;:{&quot;unit&quot;:&quot;px&quot;,&quot;size&quot;:10,&quot;sizes&quot;:[]}}\" data-widget_type=\"media-carousel.default\">\n\t\t\t\t<div class=\"elementor-widget-container\">\n\t\t\t\t\t<div class=\"elementor-swiper\">\n\t\t\t<div class=\"elementor-main-swiper swiper-container\">\n\t\t\t\t<div class=\"swiper-wrapper\">\n\t\t\t\t\t\t\t\t\t\t\t<div class=\"swiper-slide\">\n\t\t\t\t\t\t\t<a href=\"http:\/\/alfasites.hu\/wp-content\/uploads\/2019\/01\/2018-12-17.pdf\">\t\t<div class=\"elementor-carousel-image\" style=\"background-image: url(https:\/\/deltanet.hu\/wp-content\/uploads\/2019\/01\/2018-12-17-1.jpg)\">\n\t\t\t\t\t<\/div>\n\t\t<\/a>\t\t\t\t\t\t<\/div>\n\t\t\t\t\t\t\t\t\t\t\t<div class=\"swiper-slide\">\n\t\t\t\t\t\t\t<a href=\"http:\/\/alfasites.hu\/wp-content\/uploads\/2019\/01\/videkiinfo-web-2018-december-1.jpg\" data-elementor-open-lightbox=\"yes\" data-elementor-lightbox-slideshow=\"1cb0f897\" data-elementor-lightbox-title=\"videkiinfo-web-2018-december-1\">\t\t<div class=\"elementor-carousel-image\" style=\"background-image: url(https:\/\/deltanet.hu\/wp-content\/uploads\/2019\/01\/videkiinfo-web-2018-december-1.jpg)\">\n\t\t\t\t\t<\/div>\n\t\t<\/a>\t\t\t\t\t\t<\/div>\n\t\t\t\t\t\t\t\t\t\t\t<div class=\"swiper-slide\">\n\t\t\t\t\t\t\t<a href=\"http:\/\/alfasites.hu\/wp-content\/uploads\/2019\/01\/videkiinfo-web-2018-november-1.jpg\" data-elementor-open-lightbox=\"yes\" data-elementor-lightbox-slideshow=\"1cb0f897\" data-elementor-lightbox-title=\"videkiinfo-web-2018-november-1\">\t\t<div class=\"elementor-carousel-image\" style=\"background-image: url(https:\/\/deltanet.hu\/wp-content\/uploads\/2019\/01\/videkiinfo-web-2018-november-1.jpg)\">\n\t\t\t\t\t<\/div>\n\t\t<\/a>\t\t\t\t\t\t<\/div>\n\t\t\t\t\t\t\t\t\t\t\t<div class=\"swiper-slide\">\n\t\t\t\t\t\t\t<a href=\"http:\/\/alfasites.hu\/wp-content\/uploads\/2019\/01\/videkiinfo-web-2018-szeptember-1.jpg\" data-elementor-open-lightbox=\"yes\" data-elementor-lightbox-slideshow=\"1cb0f897\" data-elementor-lightbox-title=\"videkiinfo-web-2018-szeptember-1\">\t\t<div class=\"elementor-carousel-image\" style=\"background-image: url(https:\/\/deltanet.hu\/wp-content\/uploads\/2019\/01\/videkiinfo-web-2018-szeptember-1.jpg)\">\n\t\t\t\t\t<\/div>\n\t\t<\/a>\t\t\t\t\t\t<\/div>\n\t\t\t\t\t\t\t\t\t\t\t<div class=\"swiper-slide\">\n\t\t\t\t\t\t\t<a href=\"http:\/\/alfasites.hu\/wp-content\/uploads\/2019\/01\/gal01_2018bacshirdeto20-1.jpg\" data-elementor-open-lightbox=\"yes\" data-elementor-lightbox-slideshow=\"1cb0f897\" data-elementor-lightbox-title=\"2018bacshirdeto20_szerkesztesi alap.qxd\">\t\t<div class=\"elementor-carousel-image\" style=\"background-image: url(https:\/\/deltanet.hu\/wp-content\/uploads\/2019\/01\/gal01_2018bacshirdeto20-1.jpg)\">\n\t\t\t\t\t<\/div>\n\t\t<\/a>\t\t\t\t\t\t<\/div>\n\t\t\t\t\t\t\t\t\t\t\t<div class=\"swiper-slide\">\n\t\t\t\t\t\t\t<a href=\"http:\/\/alfasites.hu\/wp-content\/uploads\/2019\/01\/gal01_2018bacshirdeto19-1.jpg\" data-elementor-open-lightbox=\"yes\" data-elementor-lightbox-slideshow=\"1cb0f897\" data-elementor-lightbox-title=\"2018bacshirdeto19_szerkesztesi alap.qxd\">\t\t<div class=\"elementor-carousel-image\" style=\"background-image: url(https:\/\/deltanet.hu\/wp-content\/uploads\/2019\/01\/gal01_2018bacshirdeto19-1.jpg)\">\n\t\t\t\t\t<\/div>\n\t\t<\/a>\t\t\t\t\t\t<\/div>\n\t\t\t\t\t\t\t\t\t\t\t<div class=\"swiper-slide\">\n\t\t\t\t\t\t\t<a href=\"http:\/\/alfasites.hu\/index.php\/mindig-is-a-kihivasokat-kerestem\/\">\t\t<div class=\"elementor-carousel-image\" style=\"background-image: url(https:\/\/deltanet.hu\/wp-content\/uploads\/2018\/11\/2015_szeptember.jpg)\">\n\t\t\t\t\t<\/div>\n\t\t<\/a>\t\t\t\t\t\t<\/div>\n\t\t\t\t\t\t\t\t\t\t\t<div class=\"swiper-slide\">\n\t\t\t\t\t\t\t<a href=\"https:\/\/deltanet.hu\/wp-content\/uploads\/2019\/01\/ARM_2018_5_digitalis.pdf\">\t\t<div class=\"elementor-carousel-image\" style=\"background-image: url(https:\/\/deltanet.hu\/wp-content\/uploads\/2019\/01\/ARM_2018_5_digitalis-8.jpg)\">\n\t\t\t\t\t<\/div>\n\t\t<\/a>\t\t\t\t\t\t<\/div>\n\t\t\t\t\t\t\t\t\t\t\t<div class=\"swiper-slide\">\n\t\t\t\t\t\t\t\t\t<div class=\"elementor-carousel-image\" style=\"background-image: url(https:\/\/deltanet.hu\/wp-content\/uploads\/2019\/02\/ARM_2018-2019_ET_Digitalis-59.jpg)\">\n\t\t\t\t\t<\/div>\n\t\t\t\t\t\t\t\t<\/div>\n\t\t\t\t\t\t\t\t\t<\/div>\n\t\t\t\t\t\t\t\t\t\t\t\t\t\t\t<div class=\"swiper-pagination\"><\/div>\n\t\t\t\t\t\t\t\t\t\t\t\t\t\t\t\t<div class=\"elementor-swiper-button elementor-swiper-button-prev\">\n\t\t\t\t\t\t\t<i class=\"eicon-chevron-left\" aria-hidden=\"true\"><\/i>\n\t\t\t\t\t\t\t<span class=\"elementor-screen-only\">El\u0151z\u0151<\/span>\n\t\t\t\t\t\t<\/div>\n\t\t\t\t\t\t<div class=\"elementor-swiper-button elementor-swiper-button-next\">\n\t\t\t\t\t\t\t<i class=\"eicon-chevron-right\" aria-hidden=\"true\"><\/i>\n\t\t\t\t\t\t\t<span class=\"elementor-screen-only\">K\u00f6vetkez\u0151<\/span>\n\t\t\t\t\t\t<\/div>\n\t\t\t\t\t\t\t\t\t\t\t\t<\/div>\n\t\t<\/div>\n\t\t\t\t<\/div>\n\t\t\t\t<\/div>\n\t\t\t\t\t\t<\/div>\n\t\t\t<\/div>\n\t\t<\/div>\n\t\t\t\t\t\t<\/div>\n\t\t\t<\/div>\n\t\t<\/section>\n\t\t\t\t<section class=\"elementor-element elementor-element-28a4680d elementor-section-content-middle elementor-reverse-mobile elementor-section-boxed elementor-section-height-default elementor-section-height-default elementor-section elementor-top-section\" data-id=\"28a4680d\" data-element_type=\"section\">\n\t\t\t\t\t\t<div class=\"elementor-container elementor-column-gap-no\">\n\t\t\t\t<div class=\"elementor-row\">\n\t\t\t\t<div class=\"elementor-element elementor-element-7b0857e3 elementor-column elementor-col-50 elementor-top-column\" data-id=\"7b0857e3\" data-element_type=\"column\">\n\t\t\t<div class=\"elementor-column-wrap  elementor-element-populated\">\n\t\t\t\t\t<div class=\"elementor-widget-wrap\">\n\t\t\t\t<div class=\"elementor-element elementor-element-8ecd635 elementor-widget elementor-widget-heading\" data-id=\"8ecd635\" data-element_type=\"widget\" data-widget_type=\"heading.default\">\n\t\t\t\t<div class=\"elementor-widget-container\">\n\t\t\t<h2 class=\"elementor-heading-title elementor-size-xl\">\"Els\u0151sorban az embert keress\u00fck, nem a szakembert.\"<\/h2>\t\t<\/div>\n\t\t\t\t<\/div>\n\t\t\t\t<div class=\"elementor-element elementor-element-2aefbc6f elementor-widget elementor-widget-text-editor\" data-id=\"2aefbc6f\" data-element_type=\"widget\" data-widget_type=\"text-editor.default\">\n\t\t\t\t<div class=\"elementor-widget-container\">\n\t\t\t\t\t<div class=\"elementor-text-editor elementor-clearfix\"><h6><strong>A kecskem\u00e9ti sz\u00e9khely\u0171 v\u00e1llalkoz\u00e1s Deltanet n\u00e9ven 18. \u00e9ve szolg\u00e1ltat vezet\u00e9k n\u00e9lk\u00fcli internetet Kecskem\u00e9ten \u00e9s a k\u00f6rnyez\u0151 telep\u00fcl\u00e9seken, illetve azok tanyavil\u00e1g\u00e1ban.<\/strong><span id=\"more-27636\"><\/span><\/h6><h6>Olyan helyekre jut el \u00e1ltaluk a sz\u00e9less\u00e1v\u00fa internet, ahol a vezet\u00e9kes szolg\u00e1ltat\u00f3k nem \u00e9p\u00fcltek ki.<\/h6><h6>A valaha egy f\u0151s v\u00e1llalkoz\u00e1sb\u00f3l imm\u00e1r 22 f\u0151s c\u00e9g lett, \u00e9s a folyamatos n\u00f6veked\u00e9s ok\u00e1n a m\u0171szaki csapatuk b\u0151v\u00edt\u00e9se, ez\u00e1ltal a szolg\u00e1ltat\u00e1s sz\u00ednvonal\u00e1nak tov\u00e1bbi emel\u00e9se az \u00fajabb c\u00e9l.<\/h6><h6>A l\u00e9tsz\u00e1mb\u0151v\u00edt\u00e9sr\u0151l, az aktu\u00e1lis nyitott poz\u00edci\u00f3kr\u00f3l, azok sz\u00e9ps\u00e9geir\u0151l \u00e9s kih\u00edv\u00e1sair\u00f3l Gyur\u00e1sz Zolt\u00e1nt, a Deltakon Kft. \u00fcgyvezet\u0151 tulajdonos\u00e1t k\u00e9rdezt\u00e9k.<\/h6><h6><em>A teljes cikk a 2021. augusztus 2-\u00e1n megjelent kecskem\u00e9ti Szuperinf\u00f3ban is olvashat\u00f3.\u00a0<\/em><\/h6><\/div>\n\t\t\t\t<\/div>\n\t\t\t\t<\/div>\n\t\t\t\t<div class=\"elementor-element elementor-element-c0ab000 elementor-align-center elementor-widget elementor-widget-button\" data-id=\"c0ab000\" data-element_type=\"widget\" data-widget_type=\"button.default\">\n\t\t\t\t<div class=\"elementor-widget-container\">\n\t\t\t\t\t<div class=\"elementor-button-wrapper\">\n\t\t\t<a href=\"http:\/\/keszin.hu\/2021\/08\/04\/elsosorban-az-embert-keressuk-nem-a-szakembert\/\" class=\"elementor-button-link elementor-button elementor-size-md\" role=\"button\">\n\t\t\t\t\t\t<span class=\"elementor-button-content-wrapper\">\n\t\t\t\t\t\t<span class=\"elementor-button-text\">Elolvasom a teljes cikket!<\/span>\n\t\t<\/span>\n\t\t\t\t\t<\/a>\n\t\t<\/div>\n\t\t\t\t<\/div>\n\t\t\t\t<\/div>\n\t\t\t\t\t\t<\/div>\n\t\t\t<\/div>\n\t\t<\/div>\n\t\t\t\t<div class=\"elementor-element elementor-element-5aafe6d2 elementor-column elementor-col-50 elementor-top-column\" data-id=\"5aafe6d2\" data-element_type=\"column\">\n\t\t\t<div class=\"elementor-column-wrap  elementor-element-populated\">\n\t\t\t\t\t<div class=\"elementor-widget-wrap\">\n\t\t\t\t<div class=\"elementor-element elementor-element-6991f101 elementor-widget elementor-widget-image\" data-id=\"6991f101\" data-element_type=\"widget\" data-widget_type=\"image.default\">\n\t\t\t\t<div class=\"elementor-widget-container\">\n\t\t\t\t\t<div class=\"elementor-image\">\n\t\t\t\t\t\t\t\t\t\t<img width=\"2415\" height=\"2000\" src=\"https:\/\/deltanet.hu\/wp-content\/uploads\/2021\/08\/IMG_20210309_151624.jpg\" class=\"attachment-full size-full\" alt=\"\" decoding=\"async\" loading=\"lazy\" srcset=\"https:\/\/deltanet.hu\/wp-content\/uploads\/2021\/08\/IMG_20210309_151624.jpg 2415w, https:\/\/deltanet.hu\/wp-content\/uploads\/2021\/08\/IMG_20210309_151624-300x248.jpg 300w, https:\/\/deltanet.hu\/wp-content\/uploads\/2021\/08\/IMG_20210309_151624-1024x848.jpg 1024w, https:\/\/deltanet.hu\/wp-content\/uploads\/2021\/08\/IMG_20210309_151624-768x636.jpg 768w, https:\/\/deltanet.hu\/wp-content\/uploads\/2021\/08\/IMG_20210309_151624-1536x1272.jpg 1536w, https:\/\/deltanet.hu\/wp-content\/uploads\/2021\/08\/IMG_20210309_151624-2048x1696.jpg 2048w\" sizes=\"(max-width: 2415px) 100vw, 2415px\" \/>\t\t\t\t\t\t\t\t\t\t\t<\/div>\n\t\t\t\t<\/div>\n\t\t\t\t<\/div>\n\t\t\t\t\t\t<\/div>\n\t\t\t<\/div>\n\t\t<\/div>\n\t\t\t\t\t\t<\/div>\n\t\t\t<\/div>\n\t\t<\/section>\n\t\t\t\t<section class=\"elementor-element elementor-element-54f2bc9 elementor-section-full_width elementor-section-height-default elementor-section-height-default elementor-section elementor-top-section\" data-id=\"54f2bc9\" data-element_type=\"section\">\n\t\t\t\t\t\t<div class=\"elementor-container elementor-column-gap-default\">\n\t\t\t\t<div class=\"elementor-row\">\n\t\t\t\t<div class=\"elementor-element elementor-element-ff3bce4 elementor-column elementor-col-50 elementor-top-column\" data-id=\"ff3bce4\" data-element_type=\"column\">\n\t\t\t<div class=\"elementor-column-wrap  elementor-element-populated\">\n\t\t\t\t\t<div class=\"elementor-widget-wrap\">\n\t\t\t\t<div class=\"elementor-element elementor-element-f910ad7 elementor-widget elementor-widget-image\" data-id=\"f910ad7\" data-element_type=\"widget\" data-widget_type=\"image.default\">\n\t\t\t\t<div class=\"elementor-widget-container\">\n\t\t\t\t\t<div class=\"elementor-image\">\n\t\t\t\t\t\t\t\t\t\t<img width=\"729\" height=\"1024\" src=\"https:\/\/deltanet.hu\/wp-content\/uploads\/2021\/08\/2020FERFIAKF\u00d3KUSZBAN-729x1024.jpg\" class=\"attachment-large size-large\" alt=\"\" decoding=\"async\" loading=\"lazy\" srcset=\"https:\/\/deltanet.hu\/wp-content\/uploads\/2021\/08\/2020FERFIAKF\u00d3KUSZBAN-729x1024.jpg 729w, https:\/\/deltanet.hu\/wp-content\/uploads\/2021\/08\/2020FERFIAKF\u00d3KUSZBAN-214x300.jpg 214w, https:\/\/deltanet.hu\/wp-content\/uploads\/2021\/08\/2020FERFIAKF\u00d3KUSZBAN-768x1079.jpg 768w, https:\/\/deltanet.hu\/wp-content\/uploads\/2021\/08\/2020FERFIAKF\u00d3KUSZBAN-1093x1536.jpg 1093w, https:\/\/deltanet.hu\/wp-content\/uploads\/2021\/08\/2020FERFIAKF\u00d3KUSZBAN-1458x2048.jpg 1458w, https:\/\/deltanet.hu\/wp-content\/uploads\/2021\/08\/2020FERFIAKF\u00d3KUSZBAN-scaled.jpg 1822w\" sizes=\"(max-width: 729px) 100vw, 729px\" \/>\t\t\t\t\t\t\t\t\t\t\t<\/div>\n\t\t\t\t<\/div>\n\t\t\t\t<\/div>\n\t\t\t\t\t\t<\/div>\n\t\t\t<\/div>\n\t\t<\/div>\n\t\t\t\t<div class=\"elementor-element elementor-element-d92f368 elementor-column elementor-col-50 elementor-top-column\" data-id=\"d92f368\" data-element_type=\"column\">\n\t\t\t<div class=\"elementor-column-wrap  elementor-element-populated\">\n\t\t\t\t\t<div class=\"elementor-widget-wrap\">\n\t\t\t\t<div class=\"elementor-element elementor-element-3c5fe0a elementor-widget elementor-widget-image\" data-id=\"3c5fe0a\" data-element_type=\"widget\" data-widget_type=\"image.default\">\n\t\t\t\t<div class=\"elementor-widget-container\">\n\t\t\t\t\t<div class=\"elementor-image\">\n\t\t\t\t\t\t\t\t\t\t<img width=\"729\" height=\"1024\" src=\"https:\/\/deltanet.hu\/wp-content\/uploads\/2021\/08\/K\u00e9perny\u0151fot\u00f3-2021-08-09-15.39.41-729x1024.png\" class=\"attachment-large size-large\" alt=\"\" decoding=\"async\" loading=\"lazy\" srcset=\"https:\/\/deltanet.hu\/wp-content\/uploads\/2021\/08\/K\u00e9perny\u0151fot\u00f3-2021-08-09-15.39.41-729x1024.png 729w, https:\/\/deltanet.hu\/wp-content\/uploads\/2021\/08\/K\u00e9perny\u0151fot\u00f3-2021-08-09-15.39.41-214x300.png 214w, https:\/\/deltanet.hu\/wp-content\/uploads\/2021\/08\/K\u00e9perny\u0151fot\u00f3-2021-08-09-15.39.41-768x1078.png 768w, https:\/\/deltanet.hu\/wp-content\/uploads\/2021\/08\/K\u00e9perny\u0151fot\u00f3-2021-08-09-15.39.41.png 1002w\" sizes=\"(max-width: 729px) 100vw, 729px\" \/>\t\t\t\t\t\t\t\t\t\t\t<\/div>\n\t\t\t\t<\/div>\n\t\t\t\t<\/div>\n\t\t\t\t\t\t<\/div>\n\t\t\t<\/div>\n\t\t<\/div>\n\t\t\t\t\t\t<\/div>\n\t\t\t<\/div>\n\t\t<\/section>\n\t\t\t\t<section class=\"elementor-element elementor-element-220996ae elementor-section-content-middle elementor-section-boxed elementor-section-height-default elementor-section-height-default elementor-section elementor-top-section\" data-id=\"220996ae\" data-element_type=\"section\">\n\t\t\t\t\t\t<div class=\"elementor-container elementor-column-gap-no\">\n\t\t\t\t<div class=\"elementor-row\">\n\t\t\t\t<div class=\"elementor-element elementor-element-6a7241d3 elementor-column elementor-col-100 elementor-top-column\" data-id=\"6a7241d3\" data-element_type=\"column\">\n\t\t\t<div class=\"elementor-column-wrap  elementor-element-populated\">\n\t\t\t\t\t<div class=\"elementor-widget-wrap\">\n\t\t\t\t<div class=\"elementor-element elementor-element-62b02fc5 elementor-widget elementor-widget-image\" data-id=\"62b02fc5\" data-element_type=\"widget\" data-widget_type=\"image.default\">\n\t\t\t\t<div class=\"elementor-widget-container\">\n\t\t\t\t\t<div class=\"elementor-image\">\n\t\t\t\t\t\t\t\t\t\t<img width=\"2560\" height=\"1112\" src=\"https:\/\/deltanet.hu\/wp-content\/uploads\/2021\/08\/DSC04099-scaled.jpeg\" class=\"attachment-full size-full\" alt=\"\" decoding=\"async\" loading=\"lazy\" srcset=\"https:\/\/deltanet.hu\/wp-content\/uploads\/2021\/08\/DSC04099-scaled.jpeg 2560w, https:\/\/deltanet.hu\/wp-content\/uploads\/2021\/08\/DSC04099-300x130.jpeg 300w, https:\/\/deltanet.hu\/wp-content\/uploads\/2021\/08\/DSC04099-1024x445.jpeg 1024w, https:\/\/deltanet.hu\/wp-content\/uploads\/2021\/08\/DSC04099-768x333.jpeg 768w, https:\/\/deltanet.hu\/wp-content\/uploads\/2021\/08\/DSC04099-1536x667.jpeg 1536w, https:\/\/deltanet.hu\/wp-content\/uploads\/2021\/08\/DSC04099-2048x889.jpeg 2048w\" sizes=\"(max-width: 2560px) 100vw, 2560px\" \/>\t\t\t\t\t\t\t\t\t\t\t<\/div>\n\t\t\t\t<\/div>\n\t\t\t\t<\/div>\n\t\t\t\t<div class=\"elementor-element elementor-element-392dc5e elementor-widget elementor-widget-heading\" data-id=\"392dc5e\" data-element_type=\"widget\" data-widget_type=\"heading.default\">\n\t\t\t\t<div class=\"elementor-widget-container\">\n\t\t\t<h2 class=\"elementor-heading-title elementor-size-xl\">Seg\u00edts\u00e9get kapott a kecskem\u00e9ti SOS Gyermekfalu            \n     - bels\u0151 informatikai h\u00e1l\u00f3zat a deltanett\u0151l<\/h2>\t\t<\/div>\n\t\t\t\t<\/div>\n\t\t\t\t<div class=\"elementor-element elementor-element-6f6a3e02 elementor-widget elementor-widget-text-editor\" data-id=\"6f6a3e02\" data-element_type=\"widget\" data-widget_type=\"text-editor.default\">\n\t\t\t\t<div class=\"elementor-widget-container\">\n\t\t\t\t\t<div class=\"elementor-text-editor elementor-clearfix\"><p><strong>A kecskem\u00e9ti SOS gyermekfalut \u00e9vek \u00f3ta t\u00e1mogatja a Deltanet internetszolg\u00e1ltat\u00f3. Most azonban egy, az eddigiekn\u00e9l nagyobb seg\u00edts\u00e9get is ny\u00fajtott a csal\u00e1dokb\u00f3l kiemelt gyermekeket nevel\u0151 alap\u00edtv\u00e1nynak.<\/strong><\/p><\/div>\n\t\t\t\t<\/div>\n\t\t\t\t<\/div>\n\t\t\t\t<section class=\"elementor-element elementor-element-2ce97f3b elementor-section-boxed elementor-section-height-default elementor-section-height-default elementor-section elementor-inner-section\" data-id=\"2ce97f3b\" data-element_type=\"section\">\n\t\t\t\t\t\t<div class=\"elementor-container elementor-column-gap-default\">\n\t\t\t\t<div class=\"elementor-row\">\n\t\t\t\t<div class=\"elementor-element elementor-element-118115de elementor-column elementor-col-50 elementor-inner-column\" data-id=\"118115de\" data-element_type=\"column\">\n\t\t\t<div class=\"elementor-column-wrap  elementor-element-populated\">\n\t\t\t\t\t<div class=\"elementor-widget-wrap\">\n\t\t\t\t<div class=\"elementor-element elementor-element-11630fc elementor-widget elementor-widget-text-editor\" data-id=\"11630fc\" data-element_type=\"widget\" data-widget_type=\"text-editor.default\">\n\t\t\t\t<div class=\"elementor-widget-container\">\n\t\t\t\t\t<div class=\"elementor-text-editor elementor-clearfix\"><p>A t\u00e1rsadalmi felel\u0151ss\u00e9gv\u00e1llal\u00e1st mindig is fontosnak tartotta a kecskem\u00e9ti internetszolg\u00e1ltat\u00f3. Legut\u00f3bb a v\u00e1ros \u00f3vod\u00e1sait lept\u00e9k meg piros labd\u00e1kkal, most pedig a gyermekfalu dolgoz\u00f3inak munk\u00e1j\u00e1t t\u00e1mogatt\u00e1k. \u2013 N\u00e9h\u00e1ny \u00e9vvel ezel\u0151tt ker\u00fclt partnereink k\u00f6z\u00e9 az SOS Gyermekfalvak, akik folyamatos t\u00e1mogat\u00e1st kapnak t\u0151l\u00fcnk abban a tekintetben, hogy jelent\u0151s kedvezm\u00e9nyt adunk nekik az internetszolg\u00e1ltat\u00e1sunk d\u00edj\u00e1b\u00f3l.<\/p><\/div>\n\t\t\t\t<\/div>\n\t\t\t\t<\/div>\n\t\t\t\t\t\t<\/div>\n\t\t\t<\/div>\n\t\t<\/div>\n\t\t\t\t<div class=\"elementor-element elementor-element-483ac51 elementor-column elementor-col-50 elementor-inner-column\" data-id=\"483ac51\" data-element_type=\"column\">\n\t\t\t<div class=\"elementor-column-wrap  elementor-element-populated\">\n\t\t\t\t\t<div class=\"elementor-widget-wrap\">\n\t\t\t\t<div class=\"elementor-element elementor-element-55a3a22 elementor-widget elementor-widget-text-editor\" data-id=\"55a3a22\" data-element_type=\"widget\" data-widget_type=\"text-editor.default\">\n\t\t\t\t<div class=\"elementor-widget-container\">\n\t\t\t\t\t<div class=\"elementor-text-editor elementor-clearfix\"><p>A hozz\u00e1j\u00e1rul\u00e1sunkkal egy \u00e1lland\u00f3 t\u00e1mogat\u00e1st k\u00edv\u00e1nunk ny\u00fajtani, hiszen nagyon sz\u00e9p \u00e9s j\u00f3 c\u00e9l az, ami\u00e9rt a gyermekfalu k\u00fczd. Azonban r\u00e1j\u00f6tt\u00fcnk, hogy bels\u0151 h\u00e1l\u00f3zati m\u0171k\u00f6d\u00e9si probl\u00e9m\u00e1i vannak a falunak, amire mi megold\u00e1st tudunk ny\u00fajtani. Saj\u00e1t k\u00f6lts\u00e9g\u00fcnk\u00f6n v\u00e1llaltuk egy olyan bels\u0151 informatikai h\u00e1l\u00f3zat ki\u00e9p\u00edt\u00e9s\u00e9t, amely a gyermekfalu mindennapi m\u0171k\u00f6d\u00e9s\u00e9t seg\u00edti \u2013 mes\u00e9li Gyur\u00e1sz Zolt\u00e1n, a Deltakon Kft. \u00fcgyvezet\u0151 tulajdonosa.<\/p><p>A teljes cikk a 2020. december 16-\u00e1n megjelent Szuperinf\u00f3ban olvashat\u00f3.<br \/><em>http:\/\/keszin.hu\/wp-content\/uploads\/2020\/12\/keszin-2020-12-14.pdf<\/em><\/p><\/div>\n\t\t\t\t<\/div>\n\t\t\t\t<\/div>\n\t\t\t\t\t\t<\/div>\n\t\t\t<\/div>\n\t\t<\/div>\n\t\t\t\t\t\t<\/div>\n\t\t\t<\/div>\n\t\t<\/section>\n\t\t\t\t\t\t<\/div>\n\t\t\t<\/div>\n\t\t<\/div>\n\t\t\t\t\t\t<\/div>\n\t\t\t<\/div>\n\t\t<\/section>\n\t\t\t\t<section class=\"elementor-element elementor-element-1c086d9 elementor-section-boxed elementor-section-height-default elementor-section-height-default elementor-section elementor-top-section\" data-id=\"1c086d9\" data-element_type=\"section\">\n\t\t\t\t\t\t<div class=\"elementor-container elementor-column-gap-default\">\n\t\t\t\t<div class=\"elementor-row\">\n\t\t\t\t<div class=\"elementor-element elementor-element-2a27a6a elementor-column elementor-col-100 elementor-top-column\" data-id=\"2a27a6a\" data-element_type=\"column\">\n\t\t\t<div class=\"elementor-column-wrap  elementor-element-populated\">\n\t\t\t\t\t<div class=\"elementor-widget-wrap\">\n\t\t\t\t<div class=\"elementor-element elementor-element-88c8c8d elementor-aspect-ratio-169 elementor-widget elementor-widget-video\" data-id=\"88c8c8d\" data-element_type=\"widget\" data-settings=\"{&quot;aspect_ratio&quot;:&quot;169&quot;}\" data-widget_type=\"video.default\">\n\t\t\t\t<div class=\"elementor-widget-container\">\n\t\t\t\t\t<div class=\"elementor-wrapper elementor-fit-aspect-ratio elementor-open-inline\">\n\t\t\t<iframe class=\"elementor-video-iframe\" allowfullscreen title=\"youtube vide\u00f3 lej\u00e1tsz\u00f3\" src=\"https:\/\/www.youtube.com\/embed\/g9hkduoXeOk?feature=oembed&amp;start&amp;end&amp;wmode=opaque&amp;loop=0&amp;controls=1&amp;mute=0&amp;rel=0&amp;modestbranding=0\"><\/iframe>\t\t<\/div>\n\t\t\t\t<\/div>\n\t\t\t\t<\/div>\n\t\t\t\t\t\t<\/div>\n\t\t\t<\/div>\n\t\t<\/div>\n\t\t\t\t\t\t<\/div>\n\t\t\t<\/div>\n\t\t<\/section>\n\t\t\t\t\t\t<\/div>\n\t\t\t<\/div>\n\t\t<\/div>\n\t\t","protected":false},"excerpt":{"rendered":"<p>M\u00e9dia megjelen\u00e9sek: El\u0151z\u0151 K\u00f6vetkez\u0151 &#8220;Els\u0151sorban az embert keress\u00fck, nem a szakembert.&#8221; A kecskem\u00e9ti sz\u00e9khely\u0171 v\u00e1llalkoz\u00e1s Deltanet n\u00e9ven 18. \u00e9ve szolg\u00e1ltat vezet\u00e9k n\u00e9lk\u00fcli internetet Kecskem\u00e9ten \u00e9s<\/p>\n","protected":false},"author":10,"featured_media":0,"parent":418,"menu_order":0,"comment_status":"closed","ping_status":"closed","template":"","meta":{"_mi_skip_tracking":false},"_links":{"self":[{"href":"https:\/\/deltanet.hu\/index.php\/wp-json\/wp\/v2\/pages\/2128"}],"collection":[{"href":"https:\/\/deltanet.hu\/index.php\/wp-json\/wp\/v2\/pages"}],"about":[{"href":"https:\/\/deltanet.hu\/index.php\/wp-json\/wp\/v2\/types\/page"}],"author":[{"embeddable":true,"href":"https:\/\/deltanet.hu\/index.php\/wp-json\/wp\/v2\/users\/10"}],"replies":[{"embeddable":true,"href":"https:\/\/deltanet.hu\/index.php\/wp-json\/wp\/v2\/comments?post=2128"}],"version-history":[{"count":16,"href":"https:\/\/deltanet.hu\/index.php\/wp-json\/wp\/v2\/pages\/2128\/revisions"}],"predecessor-version":[{"id":9907,"href":"https:\/\/deltanet.hu\/index.php\/wp-json\/wp\/v2\/pages\/2128\/revisions\/9907"}],"up":[{"embeddable":true,"href":"https:\/\/deltanet.hu\/index.php\/wp-json\/wp\/v2\/pages\/418"}],"wp:attachment":[{"href":"https:\/\/deltanet.hu\/index.php\/wp-json\/wp\/v2\/media?parent=2128"}],"curies":[{"name":"wp","href":"https:\/\/api.w.org\/{rel}","templated":true}]}}