{"id":2426,"date":"2019-01-08T14:44:05","date_gmt":"2019-01-08T14:44:05","guid":{"rendered":"http:\/\/alfasites.hu\/?page_id=2426"},"modified":"2019-01-08T14:44:05","modified_gmt":"2019-01-08T14:44:05","slug":"csoportos-beszedesi-megbizas","status":"publish","type":"page","link":"https:\/\/deltanet.hu\/index.php\/csoportos-beszedesi-megbizas\/","title":{"rendered":"Csoportos beszed\u00e9si megb\u00edz\u00e1s"},"content":{"rendered":"<div class=\"row main-title\">\n<h2 class=\"col-md-6 col-md-pull-6 category-title\">Csoportos beszed\u00e9si megb\u00edz\u00e1s<\/h2>\n<\/div>\n<div class=\"row\">\n<div class=\"col-md-12 wysiwyg-content\">\n<p>\u00dcgyfeleink csoportos beszed\u00e9si megb\u00edz\u00e1ssal is kiegyenl\u00edthetik sz\u00e1ml\u00e1jukat, \u00edgy nem kell folyton a napt\u00e1rt figyelni!<\/p>\n<p><strong>Mi\u00e9rt \u00e9rdemes a csoportos beszed\u00e9si megb\u00edz\u00e1st v\u00e1lasztani?<\/strong><\/p>\n<ul>\n<li><strong>Nem kell t\u00f6bb\u00e9 a napt\u00e1rat figyelnie:<\/strong> Csoportos beszed\u00e9si megb\u00edz\u00e1s eset\u00e9n a befizetend\u0151 \u00f6sszeget minden h\u00f3napban automatikusan levonjuk az \u00d6n sz\u00e1ml\u00e1j\u00e1r\u00f3l, \u00edgy nem kell a csekkek hat\u00e1ridej\u00e9t figyelnie.<\/li>\n<li><strong>Id\u0151t takar\u00edthat meg: <\/strong>T\u00f6bb\u00e9 nem kell a post\u00e1n sorban \u00e1llnia, amivel sok id\u0151t sp\u00f3rolhat meg.<\/li>\n<li><strong>Nem kell a t\u00falfizet\u00e9s miatt agg\u00f3dnia: <\/strong>Be\u00e1ll\u00edthat egy maxim\u00e1lis limitet, amin\u00e9l nagyobb \u00f6sszeg nem vonhat\u00f3 le a sz\u00e1ml\u00e1j\u00e1r\u00f3l.<\/li>\n<\/ul>\n<p>A csoportos beszed\u00e9si megb\u00edz\u00e1sra val\u00f3 \u00e1tt\u00e9r\u00e9shez sz\u00fcks\u00e9ges meghatalmaz\u00e1st k\u00e9rje \u00fcgyf\u00e9lszolg\u00e1latunkon!<\/p>\n<\/div>\n<\/div>\n","protected":false},"excerpt":{"rendered":"<p>Csoportos beszed\u00e9si megb\u00edz\u00e1s \u00dcgyfeleink csoportos beszed\u00e9si megb\u00edz\u00e1ssal is kiegyenl\u00edthetik sz\u00e1ml\u00e1jukat, \u00edgy nem kell folyton a napt\u00e1rt figyelni! Mi\u00e9rt \u00e9rdemes a csoportos beszed\u00e9si megb\u00edz\u00e1st v\u00e1lasztani? Nem<\/p>\n","protected":false},"author":10,"featured_media":0,"parent":0,"menu_order":0,"comment_status":"closed","ping_status":"closed","template":"","meta":{"_mi_skip_tracking":false},"_links":{"self":[{"href":"https:\/\/deltanet.hu\/index.php\/wp-json\/wp\/v2\/pages\/2426"}],"collection":[{"href":"https:\/\/deltanet.hu\/index.php\/wp-json\/wp\/v2\/pages"}],"about":[{"href":"https:\/\/deltanet.hu\/index.php\/wp-json\/wp\/v2\/types\/page"}],"author":[{"embeddable":true,"href":"https:\/\/deltanet.hu\/index.php\/wp-json\/wp\/v2\/users\/10"}],"replies":[{"embeddable":true,"href":"https:\/\/deltanet.hu\/index.php\/wp-json\/wp\/v2\/comments?post=2426"}],"version-history":[{"count":1,"href":"https:\/\/deltanet.hu\/index.php\/wp-json\/wp\/v2\/pages\/2426\/revisions"}],"predecessor-version":[{"id":2427,"href":"https:\/\/deltanet.hu\/index.php\/wp-json\/wp\/v2\/pages\/2426\/revisions\/2427"}],"wp:attachment":[{"href":"https:\/\/deltanet.hu\/index.php\/wp-json\/wp\/v2\/media?parent=2426"}],"curies":[{"name":"wp","href":"https:\/\/api.w.org\/{rel}","templated":true}]}}