{"id":3043,"date":"2019-01-16T13:10:14","date_gmt":"2019-01-16T13:10:14","guid":{"rendered":"http:\/\/alfasites.hu\/?page_id=3043"},"modified":"2019-01-17T14:25:02","modified_gmt":"2019-01-17T14:25:02","slug":"internet-melle-igenybe-veheto-egyeb-szolgaltatasok","status":"publish","type":"page","link":"https:\/\/deltanet.hu\/index.php\/szolgaltatasaink\/internet-melle-igenybe-veheto-egyeb-szolgaltatasok\/","title":{"rendered":"Internet mell\u00e9 ig\u00e9ny bevehet\u0151 egy\u00e9b szolg\u00e1ltat\u00e1saink"},"content":{"rendered":"","protected":false},"excerpt":{"rendered":"","protected":false},"author":10,"featured_media":0,"parent":541,"menu_order":0,"comment_status":"closed","ping_status":"closed","template":"elementor_header_footer","meta":{"_mi_skip_tracking":false},"_links":{"self":[{"href":"https:\/\/deltanet.hu\/index.php\/wp-json\/wp\/v2\/pages\/3043"}],"collection":[{"href":"https:\/\/deltanet.hu\/index.php\/wp-json\/wp\/v2\/pages"}],"about":[{"href":"https:\/\/deltanet.hu\/index.php\/wp-json\/wp\/v2\/types\/page"}],"author":[{"embeddable":true,"href":"https:\/\/deltanet.hu\/index.php\/wp-json\/wp\/v2\/users\/10"}],"replies":[{"embeddable":true,"href":"https:\/\/deltanet.hu\/index.php\/wp-json\/wp\/v2\/comments?post=3043"}],"version-history":[{"count":2,"href":"https:\/\/deltanet.hu\/index.php\/wp-json\/wp\/v2\/pages\/3043\/revisions"}],"predecessor-version":[{"id":3245,"href":"https:\/\/deltanet.hu\/index.php\/wp-json\/wp\/v2\/pages\/3043\/revisions\/3245"}],"up":[{"embeddable":true,"href":"https:\/\/deltanet.hu\/index.php\/wp-json\/wp\/v2\/pages\/541"}],"wp:attachment":[{"href":"https:\/\/deltanet.hu\/index.php\/wp-json\/wp\/v2\/media?parent=3043"}],"curies":[{"name":"wp","href":"https:\/\/api.w.org\/{rel}","templated":true}]}}