{"id":307,"date":"2015-07-21T09:47:03","date_gmt":"2015-07-21T07:47:03","guid":{"rendered":"http:\/\/demo.themegrill.com\/himalayas\/?page_id=106"},"modified":"2026-02-27T09:38:51","modified_gmt":"2026-02-27T08:38:51","slug":"microhome-s","status":"publish","type":"page","link":"https:\/\/deltanet.hu\/index.php\/microhome-s\/","title":{"rendered":"MicroHome S-es csomag"},"content":{"rendered":"\t\t<div data-elementor-type=\"wp-post\" data-elementor-id=\"307\" class=\"elementor elementor-307\" data-elementor-settings=\"[]\">\n\t\t\t<div class=\"elementor-inner\">\n\t\t\t\t<div class=\"elementor-section-wrap\">\n\t\t\t\t\t\t\t<section class=\"elementor-element elementor-element-3e1a90a elementor-section-boxed elementor-section-height-default elementor-section-height-default elementor-section elementor-top-section\" data-id=\"3e1a90a\" data-element_type=\"section\">\n\t\t\t\t\t\t<div class=\"elementor-container elementor-column-gap-default\">\n\t\t\t\t<div class=\"elementor-row\">\n\t\t\t\t<div class=\"elementor-element elementor-element-78ee3b3 elementor-column elementor-col-100 elementor-top-column\" data-id=\"78ee3b3\" data-element_type=\"column\">\n\t\t\t<div class=\"elementor-column-wrap  elementor-element-populated\">\n\t\t\t\t\t<div class=\"elementor-widget-wrap\">\n\t\t\t\t<div class=\"elementor-element elementor-element-bb44530 elementor-widget elementor-widget-image\" data-id=\"bb44530\" data-element_type=\"widget\" data-widget_type=\"image.default\">\n\t\t\t\t<div class=\"elementor-widget-container\">\n\t\t\t\t\t<div class=\"elementor-image\">\n\t\t\t\t\t\t\t\t\t\t<img width=\"241\" height=\"79\" src=\"https:\/\/deltanet.hu\/wp-content\/uploads\/2020\/10\/mikrohome-csomagok-3.jpg\" class=\"attachment-himalayas-services size-himalayas-services\" alt=\"\" decoding=\"async\" loading=\"lazy\" \/>\t\t\t\t\t\t\t\t\t\t\t<\/div>\n\t\t\t\t<\/div>\n\t\t\t\t<\/div>\n\t\t\t\t\t\t<\/div>\n\t\t\t<\/div>\n\t\t<\/div>\n\t\t\t\t\t\t<\/div>\n\t\t\t<\/div>\n\t\t<\/section>\n\t\t\t\t<section class=\"elementor-element elementor-element-432e24d8 elementor-section-boxed elementor-section-height-default elementor-section-height-default elementor-section elementor-top-section\" data-id=\"432e24d8\" data-element_type=\"section\">\n\t\t\t\t\t\t<div class=\"elementor-container elementor-column-gap-default\">\n\t\t\t\t<div class=\"elementor-row\">\n\t\t\t\t<div class=\"elementor-element elementor-element-fd632d9 elementor-column elementor-col-100 elementor-top-column\" data-id=\"fd632d9\" data-element_type=\"column\">\n\t\t\t<div class=\"elementor-column-wrap  elementor-element-populated\">\n\t\t\t\t\t<div class=\"elementor-widget-wrap\">\n\t\t\t\t<div class=\"elementor-element elementor-element-2f8274c6 elementor-widget elementor-widget-heading\" data-id=\"2f8274c6\" data-element_type=\"widget\" data-widget_type=\"heading.default\">\n\t\t\t\t<div class=\"elementor-widget-container\">\n\t\t\t<h2 class=\"elementor-heading-title elementor-size-default\">MikroHome S csomag<br><br><span style=\"font-style: normal; text-align: start; white-space: normal; caret-color: rgb(0, 0, 0); color: rgb(0, 0, 0);\"><span style=\"font-size: 16pt; font-family: Arial; font-style: normal; font-variant-ligatures: normal; font-variant-east-asian: normal; font-variant-position: normal; white-space: pre-wrap;\">20 Mbit\/s let\u00f6lt\u00e9si sebess\u00e9g<\/span><\/span><br><span data-elementor-setting-key=\"title\" data-pen-placeholder=\"Ide \u00edrj...\" style=\"font-size: 30px; font-style: normal; clear: both;\"><span style=\"font-size: 30px; font-style: normal; text-align: start; white-space: normal; caret-color: rgb(0, 0, 0); color: rgb(0, 0, 0);\"><span style=\"font-family: Arial; font-size: 16pt; font-style: normal; font-variant-ligatures: normal; font-variant-east-asian: normal; font-variant-position: normal; white-space: pre-wrap;\">4 Mbit\/s felt\u00f6lt\u00e9si sebess\u00e9g<\/span><\/span><\/span><br><br><\/h2>\t\t<\/div>\n\t\t\t\t<\/div>\n\t\t\t\t\t\t<\/div>\n\t\t\t<\/div>\n\t\t<\/div>\n\t\t\t\t\t\t<\/div>\n\t\t\t<\/div>\n\t\t<\/section>\n\t\t\t\t<section class=\"elementor-element elementor-element-1b88845 elementor-section-boxed elementor-section-height-default elementor-section-height-default elementor-section elementor-top-section\" data-id=\"1b88845\" data-element_type=\"section\">\n\t\t\t\t\t\t<div class=\"elementor-container elementor-column-gap-no\">\n\t\t\t\t<div class=\"elementor-row\">\n\t\t\t\t<div class=\"elementor-element elementor-element-5de108f elementor-invisible elementor-column elementor-col-33 elementor-top-column\" data-id=\"5de108f\" data-element_type=\"column\" data-settings=\"{&quot;animation&quot;:&quot;fadeInRight&quot;}\">\n\t\t\t<div class=\"elementor-column-wrap  elementor-element-populated\">\n\t\t\t\t\t<div class=\"elementor-widget-wrap\">\n\t\t\t\t<div class=\"elementor-element elementor-element-67612fd elementor-widget elementor-widget-image\" data-id=\"67612fd\" data-element_type=\"widget\" data-widget_type=\"image.default\">\n\t\t\t\t<div class=\"elementor-widget-container\">\n\t\t\t\t\t<div class=\"elementor-image\">\n\t\t\t\t\t\t\t\t\t\t<img width=\"584\" height=\"759\" src=\"https:\/\/deltanet.hu\/wp-content\/uploads\/2026\/02\/Rajztabla-1-masolat-11.png\" class=\"elementor-animation-pulse-grow attachment-large size-large\" alt=\"\" decoding=\"async\" loading=\"lazy\" srcset=\"https:\/\/deltanet.hu\/wp-content\/uploads\/2026\/02\/Rajztabla-1-masolat-11.png 584w, https:\/\/deltanet.hu\/wp-content\/uploads\/2026\/02\/Rajztabla-1-masolat-11-231x300.png 231w\" sizes=\"(max-width: 584px) 100vw, 584px\" \/>\t\t\t\t\t\t\t\t\t\t\t<\/div>\n\t\t\t\t<\/div>\n\t\t\t\t<\/div>\n\t\t\t\t\t\t<\/div>\n\t\t\t<\/div>\n\t\t<\/div>\n\t\t\t\t<div class=\"elementor-element elementor-element-bfa059a elementor-invisible elementor-column elementor-col-33 elementor-top-column\" data-id=\"bfa059a\" data-element_type=\"column\" data-settings=\"{&quot;animation&quot;:&quot;fadeInLeft&quot;}\">\n\t\t\t<div class=\"elementor-column-wrap  elementor-element-populated\">\n\t\t\t\t\t<div class=\"elementor-widget-wrap\">\n\t\t\t\t<div class=\"elementor-element elementor-element-2a2a9ce elementor-widget elementor-widget-image\" data-id=\"2a2a9ce\" data-element_type=\"widget\" data-widget_type=\"image.default\">\n\t\t\t\t<div class=\"elementor-widget-container\">\n\t\t\t\t\t<div class=\"elementor-image\">\n\t\t\t\t\t\t\t\t\t\t<img width=\"585\" height=\"758\" src=\"https:\/\/deltanet.hu\/wp-content\/uploads\/2026\/02\/Rajztabla-1_1.png\" class=\"elementor-animation-pulse-grow attachment-large size-large\" alt=\"\" decoding=\"async\" loading=\"lazy\" srcset=\"https:\/\/deltanet.hu\/wp-content\/uploads\/2026\/02\/Rajztabla-1_1.png 585w, https:\/\/deltanet.hu\/wp-content\/uploads\/2026\/02\/Rajztabla-1_1-232x300.png 232w\" sizes=\"(max-width: 585px) 100vw, 585px\" \/>\t\t\t\t\t\t\t\t\t\t\t<\/div>\n\t\t\t\t<\/div>\n\t\t\t\t<\/div>\n\t\t\t\t\t\t<\/div>\n\t\t\t<\/div>\n\t\t<\/div>\n\t\t\t\t<div class=\"elementor-element elementor-element-4e976e0 elementor-invisible elementor-column elementor-col-33 elementor-top-column\" data-id=\"4e976e0\" data-element_type=\"column\" data-settings=\"{&quot;animation&quot;:&quot;fadeInDown&quot;}\">\n\t\t\t<div class=\"elementor-column-wrap  elementor-element-populated\">\n\t\t\t\t\t<div class=\"elementor-widget-wrap\">\n\t\t\t\t<div class=\"elementor-element elementor-element-099e57f elementor-widget elementor-widget-image\" data-id=\"099e57f\" data-element_type=\"widget\" data-widget_type=\"image.default\">\n\t\t\t\t<div class=\"elementor-widget-container\">\n\t\t\t\t\t<div class=\"elementor-image\">\n\t\t\t\t\t\t\t\t\t\t<img width=\"584\" height=\"759\" src=\"https:\/\/deltanet.hu\/wp-content\/uploads\/2026\/02\/Rajztabla-1-masolat-10.png\" class=\"elementor-animation-pulse-grow attachment-large size-large\" alt=\"\" decoding=\"async\" loading=\"lazy\" srcset=\"https:\/\/deltanet.hu\/wp-content\/uploads\/2026\/02\/Rajztabla-1-masolat-10.png 584w, https:\/\/deltanet.hu\/wp-content\/uploads\/2026\/02\/Rajztabla-1-masolat-10-231x300.png 231w\" sizes=\"(max-width: 584px) 100vw, 584px\" \/>\t\t\t\t\t\t\t\t\t\t\t<\/div>\n\t\t\t\t<\/div>\n\t\t\t\t<\/div>\n\t\t\t\t\t\t<\/div>\n\t\t\t<\/div>\n\t\t<\/div>\n\t\t\t\t\t\t<\/div>\n\t\t\t<\/div>\n\t\t<\/section>\n\t\t\t\t<section class=\"elementor-element elementor-element-0bfb8ce elementor-section-content-middle elementor-section-stretched elementor-section-boxed elementor-section-height-default elementor-section-height-default elementor-section elementor-top-section\" data-id=\"0bfb8ce\" data-element_type=\"section\" data-settings=\"{&quot;stretch_section&quot;:&quot;section-stretched&quot;}\">\n\t\t\t\t\t\t<div class=\"elementor-container elementor-column-gap-no\">\n\t\t\t\t<div class=\"elementor-row\">\n\t\t\t\t<div class=\"elementor-element elementor-element-aef0d47 elementor-column elementor-col-100 elementor-top-column\" data-id=\"aef0d47\" data-element_type=\"column\">\n\t\t\t<div class=\"elementor-column-wrap  elementor-element-populated\">\n\t\t\t\t\t<div class=\"elementor-widget-wrap\">\n\t\t\t\t<div class=\"elementor-element elementor-element-122b109 elementor-widget elementor-widget-text-editor\" data-id=\"122b109\" data-element_type=\"widget\" data-widget_type=\"text-editor.default\">\n\t\t\t\t<div class=\"elementor-widget-container\">\n\t\t\t\t\t<div class=\"elementor-text-editor elementor-clearfix\"><p><b>*Elektronikus fizet\u00e9si m\u00f3d:<\/b><\/p>\n<p><b>Az \u00e1rak 1 500 Ft\/h\u00f3 fizet\u00e9si m\u00f3d kedvezm\u00e9nyt tartalmaznak. \u00c1tutal\u00e1ssal vagy csoportos beszed\u00e9si megb\u00edz\u00e1ssal kiegyenl\u00edtett, \u00e9s e-mailben k\u00fcld\u00f6tt PDF form\u00e1tum\u00fa sz\u00e1mla eset\u00e9n. Amennyiben m\u00e9gis a hagyom\u00e1nyos csekkes fizet\u00e9si m\u00f3dot v\u00e1lasztja, \u00fagy az 1 500 Ft fizet\u00e9si m\u00f3d kedvezm\u00e9nyt nem tudjuk biztos\u00edtani.<\/b><\/p>\n<p><b>A WI-FI router 24 havi t\u00f6rleszt\u0151 r\u00e9szletre t\u00f6rt\u00e9n\u0151 megv\u00e1s\u00e1rl\u00e1sa eset\u00e9n, az \u00e1r 1 500 Ft\/h\u00f3, \u00e9s 24 h\u00f3napig fizetend\u0151.<\/b><\/p>\n<p><b>A router teljes \u00e1ra 36.000 Ft.<\/b><\/p>\n<p>A felt\u00fcntetett \u00e1rak brutt\u00f3 \u00e1rak.<\/p>\n<p style=\"margin-bottom: 0px; font-style: normal; font-variant-numeric: normal; font-variant-east-asian: normal; font-weight: 400; font-stretch: normal; font-size: 11px; line-height: normal; font-family: Helvetica; color: #ff0000;\">\n<\/p><\/div>\n\t\t\t\t<\/div>\n\t\t\t\t<\/div>\n\t\t\t\t\t\t<\/div>\n\t\t\t<\/div>\n\t\t<\/div>\n\t\t\t\t\t\t<\/div>\n\t\t\t<\/div>\n\t\t<\/section>\n\t\t\t\t\t\t<\/div>\n\t\t\t<\/div>\n\t\t<\/div>\n\t\t","protected":false},"excerpt":{"rendered":"<p>MikroHome S csomag 20 Mbit\/s let\u00f6lt\u00e9si sebess\u00e9g4 Mbit\/s felt\u00f6lt\u00e9si sebess\u00e9g *Elektronikus fizet\u00e9si m\u00f3d: Az \u00e1rak 1 500 Ft\/h\u00f3 fizet\u00e9si m\u00f3d kedvezm\u00e9nyt tartalmaznak. \u00c1tutal\u00e1ssal vagy csoportos<\/p>\n","protected":false},"author":10,"featured_media":2002,"parent":0,"menu_order":2,"comment_status":"closed","ping_status":"closed","template":"page-templates\/template-portfolio.php","meta":{"_mi_skip_tracking":false},"_links":{"self":[{"href":"https:\/\/deltanet.hu\/index.php\/wp-json\/wp\/v2\/pages\/307"}],"collection":[{"href":"https:\/\/deltanet.hu\/index.php\/wp-json\/wp\/v2\/pages"}],"about":[{"href":"https:\/\/deltanet.hu\/index.php\/wp-json\/wp\/v2\/types\/page"}],"author":[{"embeddable":true,"href":"https:\/\/deltanet.hu\/index.php\/wp-json\/wp\/v2\/users\/10"}],"replies":[{"embeddable":true,"href":"https:\/\/deltanet.hu\/index.php\/wp-json\/wp\/v2\/comments?post=307"}],"version-history":[{"count":213,"href":"https:\/\/deltanet.hu\/index.php\/wp-json\/wp\/v2\/pages\/307\/revisions"}],"predecessor-version":[{"id":11159,"href":"https:\/\/deltanet.hu\/index.php\/wp-json\/wp\/v2\/pages\/307\/revisions\/11159"}],"wp:featuredmedia":[{"embeddable":true,"href":"https:\/\/deltanet.hu\/index.php\/wp-json\/wp\/v2\/media\/2002"}],"wp:attachment":[{"href":"https:\/\/deltanet.hu\/index.php\/wp-json\/wp\/v2\/media?parent=307"}],"curies":[{"name":"wp","href":"https:\/\/api.w.org\/{rel}","templated":true}]}}