{"id":309,"date":"2015-07-21T09:47:12","date_gmt":"2015-07-21T07:47:12","guid":{"rendered":"http:\/\/demo.themegrill.com\/himalayas\/?page_id=108"},"modified":"2026-02-27T09:39:05","modified_gmt":"2026-02-27T08:39:05","slug":"microhome-m","status":"publish","type":"page","link":"https:\/\/deltanet.hu\/index.php\/microhome-m\/","title":{"rendered":"MicroHome M-es csomag"},"content":{"rendered":"\t\t<div data-elementor-type=\"wp-post\" data-elementor-id=\"309\" class=\"elementor elementor-309\" data-elementor-settings=\"[]\">\n\t\t\t<div class=\"elementor-inner\">\n\t\t\t\t<div class=\"elementor-section-wrap\">\n\t\t\t\t\t\t\t<section class=\"elementor-element elementor-element-6fd6ad1 elementor-section-boxed elementor-section-height-default elementor-section-height-default elementor-section elementor-top-section\" data-id=\"6fd6ad1\" data-element_type=\"section\">\n\t\t\t\t\t\t<div class=\"elementor-container elementor-column-gap-default\">\n\t\t\t\t<div class=\"elementor-row\">\n\t\t\t\t<div class=\"elementor-element elementor-element-26007ae elementor-column elementor-col-100 elementor-top-column\" data-id=\"26007ae\" data-element_type=\"column\">\n\t\t\t<div class=\"elementor-column-wrap  elementor-element-populated\">\n\t\t\t\t\t<div class=\"elementor-widget-wrap\">\n\t\t\t\t<div class=\"elementor-element elementor-element-32959a2 elementor-widget elementor-widget-image\" data-id=\"32959a2\" data-element_type=\"widget\" data-widget_type=\"image.default\">\n\t\t\t\t<div class=\"elementor-widget-container\">\n\t\t\t\t\t<div class=\"elementor-image\">\n\t\t\t\t\t\t\t\t\t\t<img width=\"241\" height=\"79\" src=\"https:\/\/deltanet.hu\/wp-content\/uploads\/2020\/10\/mikrohome-csomagok-3.jpg\" class=\"attachment-himalayas-services size-himalayas-services\" alt=\"\" decoding=\"async\" loading=\"lazy\" \/>\t\t\t\t\t\t\t\t\t\t\t<\/div>\n\t\t\t\t<\/div>\n\t\t\t\t<\/div>\n\t\t\t\t\t\t<\/div>\n\t\t\t<\/div>\n\t\t<\/div>\n\t\t\t\t\t\t<\/div>\n\t\t\t<\/div>\n\t\t<\/section>\n\t\t\t\t<section class=\"elementor-element elementor-element-b0d0533 elementor-section-boxed elementor-section-height-default elementor-section-height-default elementor-section elementor-top-section\" data-id=\"b0d0533\" data-element_type=\"section\">\n\t\t\t\t\t\t<div class=\"elementor-container elementor-column-gap-default\">\n\t\t\t\t<div class=\"elementor-row\">\n\t\t\t\t<div class=\"elementor-element elementor-element-b3f146b elementor-column elementor-col-100 elementor-top-column\" data-id=\"b3f146b\" data-element_type=\"column\">\n\t\t\t<div class=\"elementor-column-wrap  elementor-element-populated\">\n\t\t\t\t\t<div class=\"elementor-widget-wrap\">\n\t\t\t\t<div class=\"elementor-element elementor-element-c71732f elementor-widget elementor-widget-heading\" data-id=\"c71732f\" data-element_type=\"widget\" data-widget_type=\"heading.default\">\n\t\t\t\t<div class=\"elementor-widget-container\">\n\t\t\t<h2 class=\"elementor-heading-title elementor-size-default\"><span data-elementor-setting-key=\"title\" data-pen-placeholder=\"Ide \u00edrj...\" style=\"font-size: 30px; font-style: normal; clear: both;\">MikroHome M csomag<br><br><span style=\"font-size: 30px; font-style: normal; text-align: start; white-space: normal; caret-color: rgb(0, 0, 0); color: rgb(0, 0, 0);\"><span style=\"font-family: Arial; font-size: 16pt; font-style: normal; font-variant-ligatures: normal; font-variant-east-asian: normal; font-variant-position: normal; white-space: pre-wrap;\">25 Mbit\/s let\u00f6lt\u00e9si sebess\u00e9g<\/span><\/span><br><span data-elementor-setting-key=\"title\" data-pen-placeholder=\"Ide \u00edrj...\" style=\"font-size: 30px; font-style: normal; clear: both;\"><span style=\"font-size: 30px; font-style: normal; text-align: start; white-space: normal; caret-color: rgb(0, 0, 0); color: rgb(0, 0, 0);\"><span style=\"font-family: Arial; font-size: 16pt; font-style: normal; font-variant-ligatures: normal; font-variant-east-asian: normal; font-variant-position: normal; white-space: pre-wrap;\">5 Mbit\/s felt\u00f6lt\u00e9si sebess\u00e9g<\/span><\/span><\/span><br><br><\/h2>\t\t<\/div>\n\t\t\t\t<\/div>\n\t\t\t\t\t\t<\/div>\n\t\t\t<\/div>\n\t\t<\/div>\n\t\t\t\t\t\t<\/div>\n\t\t\t<\/div>\n\t\t<\/section>\n\t\t\t\t<section class=\"elementor-element elementor-element-3a626087 elementor-section-boxed elementor-section-height-default elementor-section-height-default elementor-section elementor-top-section\" data-id=\"3a626087\" data-element_type=\"section\">\n\t\t\t\t\t\t<div class=\"elementor-container elementor-column-gap-no\">\n\t\t\t\t<div class=\"elementor-row\">\n\t\t\t\t<div class=\"elementor-element elementor-element-4ca17fcc elementor-invisible elementor-column elementor-col-33 elementor-top-column\" data-id=\"4ca17fcc\" data-element_type=\"column\" data-settings=\"{&quot;animation&quot;:&quot;fadeInRight&quot;}\">\n\t\t\t<div class=\"elementor-column-wrap  elementor-element-populated\">\n\t\t\t\t\t<div class=\"elementor-widget-wrap\">\n\t\t\t\t<div class=\"elementor-element elementor-element-2fc0b62 elementor-widget elementor-widget-image\" data-id=\"2fc0b62\" data-element_type=\"widget\" data-widget_type=\"image.default\">\n\t\t\t\t<div class=\"elementor-widget-container\">\n\t\t\t\t\t<div class=\"elementor-image\">\n\t\t\t\t\t\t\t\t\t\t<img width=\"584\" height=\"759\" src=\"https:\/\/deltanet.hu\/wp-content\/uploads\/2026\/02\/Rajztabla-1-masolat-11_1.png\" class=\"elementor-animation-pulse-grow attachment-large size-large\" alt=\"\" decoding=\"async\" loading=\"lazy\" srcset=\"https:\/\/deltanet.hu\/wp-content\/uploads\/2026\/02\/Rajztabla-1-masolat-11_1.png 584w, https:\/\/deltanet.hu\/wp-content\/uploads\/2026\/02\/Rajztabla-1-masolat-11_1-231x300.png 231w\" sizes=\"(max-width: 584px) 100vw, 584px\" \/>\t\t\t\t\t\t\t\t\t\t\t<\/div>\n\t\t\t\t<\/div>\n\t\t\t\t<\/div>\n\t\t\t\t\t\t<\/div>\n\t\t\t<\/div>\n\t\t<\/div>\n\t\t\t\t<div class=\"elementor-element elementor-element-c1a67c5 elementor-invisible elementor-column elementor-col-33 elementor-top-column\" data-id=\"c1a67c5\" data-element_type=\"column\" data-settings=\"{&quot;animation&quot;:&quot;fadeInLeft&quot;}\">\n\t\t\t<div class=\"elementor-column-wrap  elementor-element-populated\">\n\t\t\t\t\t<div class=\"elementor-widget-wrap\">\n\t\t\t\t<div class=\"elementor-element elementor-element-2c78cea9 elementor-widget elementor-widget-image\" data-id=\"2c78cea9\" data-element_type=\"widget\" data-widget_type=\"image.default\">\n\t\t\t\t<div class=\"elementor-widget-container\">\n\t\t\t\t\t<div class=\"elementor-image\">\n\t\t\t\t\t\t\t\t\t\t<img width=\"584\" height=\"758\" src=\"https:\/\/deltanet.hu\/wp-content\/uploads\/2026\/02\/Rajztabla-1_2.png\" class=\"elementor-animation-pulse-grow attachment-large size-large\" alt=\"\" decoding=\"async\" loading=\"lazy\" srcset=\"https:\/\/deltanet.hu\/wp-content\/uploads\/2026\/02\/Rajztabla-1_2.png 584w, https:\/\/deltanet.hu\/wp-content\/uploads\/2026\/02\/Rajztabla-1_2-231x300.png 231w\" sizes=\"(max-width: 584px) 100vw, 584px\" \/>\t\t\t\t\t\t\t\t\t\t\t<\/div>\n\t\t\t\t<\/div>\n\t\t\t\t<\/div>\n\t\t\t\t\t\t<\/div>\n\t\t\t<\/div>\n\t\t<\/div>\n\t\t\t\t<div class=\"elementor-element elementor-element-97a6f99 elementor-invisible elementor-column elementor-col-33 elementor-top-column\" data-id=\"97a6f99\" data-element_type=\"column\" data-settings=\"{&quot;animation&quot;:&quot;fadeInDown&quot;}\">\n\t\t\t<div class=\"elementor-column-wrap  elementor-element-populated\">\n\t\t\t\t\t<div class=\"elementor-widget-wrap\">\n\t\t\t\t<div class=\"elementor-element elementor-element-9e66ee4 elementor-widget elementor-widget-image\" data-id=\"9e66ee4\" data-element_type=\"widget\" data-widget_type=\"image.default\">\n\t\t\t\t<div class=\"elementor-widget-container\">\n\t\t\t\t\t<div class=\"elementor-image\">\n\t\t\t\t\t\t\t\t\t\t<img width=\"584\" height=\"759\" src=\"https:\/\/deltanet.hu\/wp-content\/uploads\/2026\/02\/Rajztabla-1-masolat-10_1.png\" class=\"elementor-animation-pulse-grow attachment-large size-large\" alt=\"\" decoding=\"async\" loading=\"lazy\" srcset=\"https:\/\/deltanet.hu\/wp-content\/uploads\/2026\/02\/Rajztabla-1-masolat-10_1.png 584w, https:\/\/deltanet.hu\/wp-content\/uploads\/2026\/02\/Rajztabla-1-masolat-10_1-231x300.png 231w\" sizes=\"(max-width: 584px) 100vw, 584px\" \/>\t\t\t\t\t\t\t\t\t\t\t<\/div>\n\t\t\t\t<\/div>\n\t\t\t\t<\/div>\n\t\t\t\t\t\t<\/div>\n\t\t\t<\/div>\n\t\t<\/div>\n\t\t\t\t\t\t<\/div>\n\t\t\t<\/div>\n\t\t<\/section>\n\t\t\t\t<section class=\"elementor-element elementor-element-7ad6ea8 elementor-section-content-middle elementor-section-stretched elementor-section-boxed elementor-section-height-default elementor-section-height-default elementor-section elementor-top-section\" data-id=\"7ad6ea8\" data-element_type=\"section\" data-settings=\"{&quot;stretch_section&quot;:&quot;section-stretched&quot;}\">\n\t\t\t\t\t\t<div class=\"elementor-container elementor-column-gap-no\">\n\t\t\t\t<div class=\"elementor-row\">\n\t\t\t\t<div class=\"elementor-element elementor-element-8f8f8a4 elementor-column elementor-col-100 elementor-top-column\" data-id=\"8f8f8a4\" data-element_type=\"column\">\n\t\t\t<div class=\"elementor-column-wrap  elementor-element-populated\">\n\t\t\t\t\t<div class=\"elementor-widget-wrap\">\n\t\t\t\t<div class=\"elementor-element elementor-element-cc2b47c elementor-widget elementor-widget-text-editor\" data-id=\"cc2b47c\" data-element_type=\"widget\" data-widget_type=\"text-editor.default\">\n\t\t\t\t<div class=\"elementor-widget-container\">\n\t\t\t\t\t<div class=\"elementor-text-editor elementor-clearfix\"><p><b>*Elektronikus fizet\u00e9si m\u00f3d:<\/b><\/p>\n<p><b>Az \u00e1rak 1 500 Ft\/h\u00f3 fizet\u00e9si m\u00f3d kedvezm\u00e9nyt tartalmaznak. \u00c1tutal\u00e1ssal vagy csoportos beszed\u00e9si megb\u00edz\u00e1ssal kiegyenl\u00edtett, \u00e9s e-mailben k\u00fcld\u00f6tt PDF form\u00e1tum\u00fa sz\u00e1mla eset\u00e9n. Amennyiben m\u00e9gis a hagyom\u00e1nyos csekkes fizet\u00e9si m\u00f3dot v\u00e1lasztja, \u00fagy az 1 500 Ft fizet\u00e9si m\u00f3d kedvezm\u00e9nyt nem tudjuk biztos\u00edtani.<\/b><\/p>\n<p><b>A WI-FI router 24 havi t\u00f6rleszt\u0151 r\u00e9szletre t\u00f6rt\u00e9n\u0151 megv\u00e1s\u00e1rl\u00e1sa eset\u00e9n, az \u00e1r 1 500 Ft\/h\u00f3, \u00e9s 24 h\u00f3napig fizetend\u0151.<\/b><\/p>\n<p><b>A router teljes \u00e1ra 36.000 Ft.<\/b><\/p>\n<p>A felt\u00fcntetett \u00e1rak brutt\u00f3 \u00e1rak.<\/p>\n<p style=\"margin-bottom: 0px; font-style: normal; font-variant-numeric: normal; font-variant-east-asian: normal; font-weight: 400; font-stretch: normal; font-size: 11px; line-height: normal; font-family: Helvetica; color: #ff0000;\">\n<\/p><\/div>\n\t\t\t\t<\/div>\n\t\t\t\t<\/div>\n\t\t\t\t\t\t<\/div>\n\t\t\t<\/div>\n\t\t<\/div>\n\t\t\t\t\t\t<\/div>\n\t\t\t<\/div>\n\t\t<\/section>\n\t\t\t\t\t\t<\/div>\n\t\t\t<\/div>\n\t\t<\/div>\n\t\t","protected":false},"excerpt":{"rendered":"<p>MikroHome M csomag 25 Mbit\/s let\u00f6lt\u00e9si sebess\u00e9g5 Mbit\/s felt\u00f6lt\u00e9si sebess\u00e9g *Elektronikus fizet\u00e9si m\u00f3d: Az \u00e1rak 1 500 Ft\/h\u00f3 fizet\u00e9si m\u00f3d kedvezm\u00e9nyt tartalmaznak. \u00c1tutal\u00e1ssal vagy csoportos<\/p>\n","protected":false},"author":10,"featured_media":2000,"parent":0,"menu_order":2,"comment_status":"closed","ping_status":"closed","template":"page-templates\/template-portfolio.php","meta":{"_mi_skip_tracking":false},"_links":{"self":[{"href":"https:\/\/deltanet.hu\/index.php\/wp-json\/wp\/v2\/pages\/309"}],"collection":[{"href":"https:\/\/deltanet.hu\/index.php\/wp-json\/wp\/v2\/pages"}],"about":[{"href":"https:\/\/deltanet.hu\/index.php\/wp-json\/wp\/v2\/types\/page"}],"author":[{"embeddable":true,"href":"https:\/\/deltanet.hu\/index.php\/wp-json\/wp\/v2\/users\/10"}],"replies":[{"embeddable":true,"href":"https:\/\/deltanet.hu\/index.php\/wp-json\/wp\/v2\/comments?post=309"}],"version-history":[{"count":102,"href":"https:\/\/deltanet.hu\/index.php\/wp-json\/wp\/v2\/pages\/309\/revisions"}],"predecessor-version":[{"id":11160,"href":"https:\/\/deltanet.hu\/index.php\/wp-json\/wp\/v2\/pages\/309\/revisions\/11160"}],"wp:featuredmedia":[{"embeddable":true,"href":"https:\/\/deltanet.hu\/index.php\/wp-json\/wp\/v2\/media\/2000"}],"wp:attachment":[{"href":"https:\/\/deltanet.hu\/index.php\/wp-json\/wp\/v2\/media?parent=309"}],"curies":[{"name":"wp","href":"https:\/\/api.w.org\/{rel}","templated":true}]}}