{"id":3283,"date":"2019-01-18T09:54:59","date_gmt":"2019-01-18T09:54:59","guid":{"rendered":"http:\/\/alfasites.hu\/?page_id=3283"},"modified":"2019-01-18T14:00:11","modified_gmt":"2019-01-18T14:00:11","slug":"szamlamagyarazo","status":"publish","type":"page","link":"https:\/\/deltanet.hu\/index.php\/szamlamagyarazo\/","title":{"rendered":"Sz\u00e1mlamagyar\u00e1z\u00f3"},"content":{"rendered":"\t\t<div data-elementor-type=\"wp-post\" data-elementor-id=\"3283\" class=\"elementor elementor-3283 elementor-bc-flex-widget\" data-elementor-settings=\"[]\">\n\t\t\t<div class=\"elementor-inner\">\n\t\t\t\t<div class=\"elementor-section-wrap\">\n\t\t\t\t\t\t\t<section class=\"elementor-element elementor-element-c1ca991 elementor-section-content-middle elementor-section-stretched elementor-section-boxed elementor-section-height-default elementor-section-height-default elementor-section elementor-top-section\" data-id=\"c1ca991\" data-element_type=\"section\" data-settings=\"{&quot;background_background&quot;:&quot;video&quot;,&quot;stretch_section&quot;:&quot;section-stretched&quot;}\">\n\t\t\t\t\t\t\t<div class=\"elementor-background-overlay\"><\/div>\n\t\t\t\t\t\t\t<div class=\"elementor-container elementor-column-gap-no\">\n\t\t\t\t<div class=\"elementor-row\">\n\t\t\t\t<div class=\"elementor-element elementor-element-94e53be elementor-column elementor-col-100 elementor-top-column\" data-id=\"94e53be\" data-element_type=\"column\">\n\t\t\t<div class=\"elementor-column-wrap  elementor-element-populated\">\n\t\t\t\t\t<div class=\"elementor-widget-wrap\">\n\t\t\t\t<div class=\"elementor-element elementor-element-6e86fc8 elementor-widget elementor-widget-heading\" data-id=\"6e86fc8\" data-element_type=\"widget\" data-widget_type=\"heading.default\">\n\t\t\t\t<div class=\"elementor-widget-container\">\n\t\t\t<h4 class=\"elementor-heading-title elementor-size-default\">SZ\u00c1MLAMAGYAR\u00c1Z\u00d3\n<\/h4>\t\t<\/div>\n\t\t\t\t<\/div>\n\t\t\t\t<div class=\"elementor-element elementor-element-abbf942 elementor-widget elementor-widget-heading\" data-id=\"abbf942\" data-element_type=\"widget\" data-widget_type=\"heading.default\">\n\t\t\t\t<div class=\"elementor-widget-container\">\n\t\t\t<h5 class=\"elementor-heading-title elementor-size-default\"><a href=\"http:\/\/alfasites.hu\/index.php\/ajanlatkeres\/\">A havid\u00edjas sz\u00e1mla az al\u00e1bbi adatokat tartalmazza:<\/a><\/h5>\t\t<\/div>\n\t\t\t\t<\/div>\n\t\t\t\t\t\t<\/div>\n\t\t\t<\/div>\n\t\t<\/div>\n\t\t\t\t\t\t<\/div>\n\t\t\t<\/div>\n\t\t<\/section>\n\t\t\t\t<section class=\"elementor-element elementor-element-f30b146 elementor-section-stretched elementor-section-boxed elementor-section-height-default elementor-section-height-default elementor-section elementor-top-section\" data-id=\"f30b146\" data-element_type=\"section\" data-settings=\"{&quot;stretch_section&quot;:&quot;section-stretched&quot;}\">\n\t\t\t\t\t\t<div class=\"elementor-container elementor-column-gap-default\">\n\t\t\t\t<div class=\"elementor-row\">\n\t\t\t\t<div class=\"elementor-element elementor-element-68db220 elementor-column elementor-col-50 elementor-top-column\" data-id=\"68db220\" data-element_type=\"column\">\n\t\t\t<div class=\"elementor-column-wrap  elementor-element-populated\">\n\t\t\t\t\t<div class=\"elementor-widget-wrap\">\n\t\t\t\t<div class=\"elementor-element elementor-element-8c65118 elementor-widget elementor-widget-image\" data-id=\"8c65118\" data-element_type=\"widget\" data-widget_type=\"image.default\">\n\t\t\t\t<div class=\"elementor-widget-container\">\n\t\t\t\t\t<div class=\"elementor-image\">\n\t\t\t\t\t\t\t\t\t\t\t<a href=\"http:\/\/alfasites.hu\/wp-content\/uploads\/2019\/01\/Szamlamagyarazo_Deltakon_Kft.jpg\">\n\t\t\t\t\t\t\t<img width=\"783\" height=\"842\" src=\"https:\/\/deltanet.hu\/wp-content\/uploads\/2019\/01\/sz\u00e1mlamagyar\u00e1z\u00f3_Deltakon_Kft-952x1024.png\" class=\"attachment-large size-large\" alt=\"\" decoding=\"async\" loading=\"lazy\" srcset=\"https:\/\/deltanet.hu\/wp-content\/uploads\/2019\/01\/sz\u00e1mlamagyar\u00e1z\u00f3_Deltakon_Kft-952x1024.png 952w, https:\/\/deltanet.hu\/wp-content\/uploads\/2019\/01\/sz\u00e1mlamagyar\u00e1z\u00f3_Deltakon_Kft-279x300.png 279w, https:\/\/deltanet.hu\/wp-content\/uploads\/2019\/01\/sz\u00e1mlamagyar\u00e1z\u00f3_Deltakon_Kft-768x826.png 768w, https:\/\/deltanet.hu\/wp-content\/uploads\/2019\/01\/sz\u00e1mlamagyar\u00e1z\u00f3_Deltakon_Kft.png 1860w\" sizes=\"(max-width: 783px) 100vw, 783px\" \/>\t\t\t\t\t\t\t\t<\/a>\n\t\t\t\t\t\t\t\t\t\t\t<\/div>\n\t\t\t\t<\/div>\n\t\t\t\t<\/div>\n\t\t\t\t\t\t<\/div>\n\t\t\t<\/div>\n\t\t<\/div>\n\t\t\t\t<div class=\"elementor-element elementor-element-60746de elementor-column elementor-col-50 elementor-top-column\" data-id=\"60746de\" data-element_type=\"column\">\n\t\t\t<div class=\"elementor-column-wrap  elementor-element-populated\">\n\t\t\t\t\t<div class=\"elementor-widget-wrap\">\n\t\t\t\t<div class=\"elementor-element elementor-element-f2d8d43 elementor-widget elementor-widget-text-editor\" data-id=\"f2d8d43\" data-element_type=\"widget\" data-widget_type=\"text-editor.default\">\n\t\t\t\t<div class=\"elementor-widget-container\">\n\t\t\t\t\t<div class=\"elementor-text-editor elementor-clearfix\"><div><ol><li><strong>Deltakon Kft adatai<\/strong><br \/>a Deltakon Kft. sz\u00e9khely\u00e9t, ad\u00f3sz\u00e1m\u00e1t \u00e9s banksz\u00e1mlasz\u00e1m\u00e1t, melyre az utal\u00e1st k\u00e9rj\u00fck ind\u00edtani. Valamint a k\u00f6zponti \u00fcgyf\u00e9lszolg\u00e1lat telefonsz\u00e1m\u00e1t.<\/li><li><b>Sz\u00e1ml\u00e1val kapcsolatos inform\u00e1ci\u00f3k<\/b><br \/>a sz\u00e1mla sorsz\u00e1m\u00e1t, a <span title=\"Az \u00d6n szerz\u0151d\u00e9ssz\u00e1ma: Deltakon Kft. rendszere \u00e1ltal gener\u00e1lt, egyedi \u00fcgyf\u00e9l azonos\u00edt\u00f3 sz\u00e1m\">szerz\u0151d\u00e9ssz\u00e1m\u00e1t<sup>1<\/sup><\/span>, a teljes\u00edt\u00e9s id\u0151pontj\u00e1t, a ki\u00e1ll\u00edt\u00e1s d\u00e1tum\u00e1t, valamint a fizet\u00e9si hat\u00e1rid\u0151t \u00e9s m\u00f3dot.<\/li><li><b>\u00dcgyf\u00e9llel \u00e9s felhaszn\u00e1l\u00e1si hellyel kapcsolatos inform\u00e1ci\u00f3k<\/b><br \/>az \u00dcgyf\u00e9l c\u00edm\u00e9t valamint az \u00c1fa-t\u00f6rv\u00e9nyben meghat\u00e1rozott sz\u00e1ml\u00e1z\u00e1si c\u00edm\u00e9t. \u00dcgyf\u00e9l ad\u00f3sz\u00e1m\u00e1t, (amennyiben van ilyen).<\/li><li><b>Sz\u00e1mlat\u00e9telek adatai<\/b><br \/>a <span title=\"A kisz\u00e1ml\u00e1zott t\u00e9telek r\u00f6vid\u00edt\u00e9s\u00e9t az al\u00e1bbiakban r\u00e9szletezz\u00fck\">kisz\u00e1ml\u00e1zott havid\u00edj<sup>2<\/sup><\/span>, a kisz\u00e1ml\u00e1zott mennyis\u00e9g, az \u00c1fa m\u00e9rt\u00e9k\u00e9t \u00e9s mennyis\u00e9g\u00e9t valamint a kisz\u00e1ml\u00e1zott havid\u00edj egys\u00e9g\u00e1ra, esetleges kedvezm\u00e9ny m\u00e9rt\u00e9k\u00e9t, a nett\u00f3 \u00e9s a brutt\u00f3 \u00e9rt\u00e9ket.<\/li><li><b>Sz\u00e1mla\u00f6sszes\u00edt\u0151 adatok<\/b><br \/>a sz\u00e1mla nett\u00f3 valamint brutt\u00f3 \u00f6ssz\u00e9rt\u00e9k\u00e9t tartalmazza.<\/li><li><b>\u00c1fa r\u00e9szletez\u0151 adatok<\/b><br \/>az \u00c1f\u00e1ra vonatkoz\u00f3 adatokat tartalmazza.<\/li><li><strong>Nyilv\u00e1ntartott egyenleg<\/strong><\/li><\/ol><\/div><\/div>\n\t\t\t\t<\/div>\n\t\t\t\t<\/div>\n\t\t\t\t\t\t<\/div>\n\t\t\t<\/div>\n\t\t<\/div>\n\t\t\t\t\t\t<\/div>\n\t\t\t<\/div>\n\t\t<\/section>\n\t\t\t\t<section class=\"elementor-element elementor-element-7ef1ed7 elementor-section-boxed elementor-section-height-default elementor-section-height-default elementor-section elementor-top-section\" data-id=\"7ef1ed7\" data-element_type=\"section\">\n\t\t\t\t\t\t<div class=\"elementor-container elementor-column-gap-default\">\n\t\t\t\t<div class=\"elementor-row\">\n\t\t\t\t<div class=\"elementor-element elementor-element-30d16de elementor-column elementor-col-100 elementor-top-column\" data-id=\"30d16de\" data-element_type=\"column\">\n\t\t\t<div class=\"elementor-column-wrap\">\n\t\t\t\t\t<div class=\"elementor-widget-wrap\">\n\t\t\t\t\t\t<\/div>\n\t\t\t<\/div>\n\t\t<\/div>\n\t\t\t\t\t\t<\/div>\n\t\t\t<\/div>\n\t\t<\/section>\n\t\t\t\t\t\t<\/div>\n\t\t\t<\/div>\n\t\t<\/div>\n\t\t","protected":false},"excerpt":{"rendered":"<p>SZ\u00c1MLAMAGYAR\u00c1Z\u00d3 A havid\u00edjas sz\u00e1mla az al\u00e1bbi adatokat tartalmazza: Deltakon Kft adataia Deltakon Kft. sz\u00e9khely\u00e9t, ad\u00f3sz\u00e1m\u00e1t \u00e9s banksz\u00e1mlasz\u00e1m\u00e1t, melyre az utal\u00e1st k\u00e9rj\u00fck ind\u00edtani. Valamint a k\u00f6zponti<\/p>\n","protected":false},"author":10,"featured_media":0,"parent":0,"menu_order":0,"comment_status":"closed","ping_status":"closed","template":"","meta":{"_mi_skip_tracking":false},"_links":{"self":[{"href":"https:\/\/deltanet.hu\/index.php\/wp-json\/wp\/v2\/pages\/3283"}],"collection":[{"href":"https:\/\/deltanet.hu\/index.php\/wp-json\/wp\/v2\/pages"}],"about":[{"href":"https:\/\/deltanet.hu\/index.php\/wp-json\/wp\/v2\/types\/page"}],"author":[{"embeddable":true,"href":"https:\/\/deltanet.hu\/index.php\/wp-json\/wp\/v2\/users\/10"}],"replies":[{"embeddable":true,"href":"https:\/\/deltanet.hu\/index.php\/wp-json\/wp\/v2\/comments?post=3283"}],"version-history":[{"count":10,"href":"https:\/\/deltanet.hu\/index.php\/wp-json\/wp\/v2\/pages\/3283\/revisions"}],"predecessor-version":[{"id":3667,"href":"https:\/\/deltanet.hu\/index.php\/wp-json\/wp\/v2\/pages\/3283\/revisions\/3667"}],"wp:attachment":[{"href":"https:\/\/deltanet.hu\/index.php\/wp-json\/wp\/v2\/media?parent=3283"}],"curies":[{"name":"wp","href":"https:\/\/api.w.org\/{rel}","templated":true}]}}