{"id":3492,"date":"2019-01-23T12:04:32","date_gmt":"2019-01-23T12:04:32","guid":{"rendered":"http:\/\/alfasites.hu\/?page_id=3492"},"modified":"2019-01-23T13:11:51","modified_gmt":"2019-01-23T13:11:51","slug":"alberlokent-hogyan-vehetem-igenybe-a-szolgaltatast","status":"publish","type":"page","link":"https:\/\/deltanet.hu\/index.php\/gyakran-ismetelt-kerdesek\/alberlokent-hogyan-vehetem-igenybe-a-szolgaltatast\/","title":{"rendered":"Alb\u00e9rl\u0151k\u00e9nt hogyan vehetem ig\u00e9nybe a szolg\u00e1ltat\u00e1st?"},"content":{"rendered":"\t\t<div data-elementor-type=\"wp-post\" data-elementor-id=\"3492\" class=\"elementor elementor-3492 elementor-bc-flex-widget\" data-elementor-settings=\"[]\">\n\t\t\t<div class=\"elementor-inner\">\n\t\t\t\t<div class=\"elementor-section-wrap\">\n\t\t\t\t\t\t\t<section class=\"elementor-element elementor-element-5390fe52 elementor-section-boxed elementor-section-height-default elementor-section-height-default elementor-section elementor-top-section\" data-id=\"5390fe52\" data-element_type=\"section\">\n\t\t\t\t\t\t<div class=\"elementor-container elementor-column-gap-default\">\n\t\t\t\t<div class=\"elementor-row\">\n\t\t\t\t<div class=\"elementor-element elementor-element-6dcfa6eb elementor-column elementor-col-100 elementor-top-column\" data-id=\"6dcfa6eb\" data-element_type=\"column\">\n\t\t\t<div class=\"elementor-column-wrap  elementor-element-populated\">\n\t\t\t\t\t<div class=\"elementor-widget-wrap\">\n\t\t\t\t<div class=\"elementor-element elementor-element-466be48f elementor-widget elementor-widget-text-editor\" data-id=\"466be48f\" data-element_type=\"widget\" data-widget_type=\"text-editor.default\">\n\t\t\t\t<div class=\"elementor-widget-container\">\n\t\t\t\t\t<div class=\"elementor-text-editor elementor-clearfix\"><section class=\"site-main\">\n\n<div class=\"entry-content\">\n<header class=\"entry-header\">\n<p class=\"entry-title\">Term\u00e9szetesen van lehet\u0151s\u00e9g arra, hogy alb\u00e9rl\u0151k\u00e9nt is ig\u00e9nybe vegye a szolg\u00e1ltat\u00e1sunkat!<\/p>\n<\/header>\n<div class=\"entry-content\">\n<p>Ehhez sz\u00fcks\u00e9g van egy \u201chozz\u00e1j\u00e1rul\u00e1si nyilatkozatra\u201d, melyet&nbsp;<a href=\"http:\/\/alfasites.hu\/wp-content\/uploads\/2019\/01\/Deltakon_Kft_Tulajdonosi_hozz%C3%A1j%C3%A1rul%C3%A1s.pdf\" target=\"_blank\" rel=\"noopener\">innen<\/a>&nbsp;t\u00f6lthet le.<\/p>\n<p>K\u00e9rj\u00fck, hogy ezt t\u00f6ltesse ki a f\u0151b\u00e9rl\u0151vel, legyenek hozz\u00e1 val\u00f3s tanuk s ez a nyilatkozat a szerz\u0151d\u00e9sk\u00f6t\u00e9s idej\u00e9ben legyen \u00d6nn\u00e9l!<\/p>\n<p><strong>Mi kell m\u00e9g a szerz\u0151d\u00e9sk\u00f6t\u00e9shez?<\/strong><\/p>\n<p>Els\u0151sorban az okm\u00e1nyai!<\/p>\n<p><em>\u2022 \u00c9rv\u00e9nyes szem\u00e9lyi igazolv\u00e1ny<\/em><br><em>\u2022 Ad\u00f3k\u00e1rtya<br>\u2022 Id\u0151re befizetett k\u00f6zm\u0171sz\u00e1mla igazol\u00f3szelv\u00e9nye<\/em><\/p>\n<\/div>\n<\/div>\n<\/section><\/div>\n\t\t\t\t<\/div>\n\t\t\t\t<\/div>\n\t\t\t\t\t\t<\/div>\n\t\t\t<\/div>\n\t\t<\/div>\n\t\t\t\t\t\t<\/div>\n\t\t\t<\/div>\n\t\t<\/section>\n\t\t\t\t\t\t<\/div>\n\t\t\t<\/div>\n\t\t<\/div>\n\t\t","protected":false},"excerpt":{"rendered":"<p>Term\u00e9szetesen van lehet\u0151s\u00e9g arra, hogy alb\u00e9rl\u0151k\u00e9nt is ig\u00e9nybe vegye a szolg\u00e1ltat\u00e1sunkat! Ehhez sz\u00fcks\u00e9g van egy \u201chozz\u00e1j\u00e1rul\u00e1si nyilatkozatra\u201d, melyet&nbsp;innen&nbsp;t\u00f6lthet le. K\u00e9rj\u00fck, hogy ezt t\u00f6ltesse ki a<\/p>\n","protected":false},"author":10,"featured_media":0,"parent":548,"menu_order":0,"comment_status":"closed","ping_status":"closed","template":"","meta":{"_mi_skip_tracking":false},"_links":{"self":[{"href":"https:\/\/deltanet.hu\/index.php\/wp-json\/wp\/v2\/pages\/3492"}],"collection":[{"href":"https:\/\/deltanet.hu\/index.php\/wp-json\/wp\/v2\/pages"}],"about":[{"href":"https:\/\/deltanet.hu\/index.php\/wp-json\/wp\/v2\/types\/page"}],"author":[{"embeddable":true,"href":"https:\/\/deltanet.hu\/index.php\/wp-json\/wp\/v2\/users\/10"}],"replies":[{"embeddable":true,"href":"https:\/\/deltanet.hu\/index.php\/wp-json\/wp\/v2\/comments?post=3492"}],"version-history":[{"count":5,"href":"https:\/\/deltanet.hu\/index.php\/wp-json\/wp\/v2\/pages\/3492\/revisions"}],"predecessor-version":[{"id":3501,"href":"https:\/\/deltanet.hu\/index.php\/wp-json\/wp\/v2\/pages\/3492\/revisions\/3501"}],"up":[{"embeddable":true,"href":"https:\/\/deltanet.hu\/index.php\/wp-json\/wp\/v2\/pages\/548"}],"wp:attachment":[{"href":"https:\/\/deltanet.hu\/index.php\/wp-json\/wp\/v2\/media?parent=3492"}],"curies":[{"name":"wp","href":"https:\/\/api.w.org\/{rel}","templated":true}]}}