{"id":4031,"date":"2019-02-28T11:06:44","date_gmt":"2019-02-28T11:06:44","guid":{"rendered":"http:\/\/deltanet.hu\/?page_id=4031"},"modified":"2019-03-01T07:22:04","modified_gmt":"2019-03-01T07:22:04","slug":"elegedettsegi-kerdoiv","status":"publish","type":"page","link":"https:\/\/deltanet.hu\/index.php\/elegedettsegi-kerdoiv\/","title":{"rendered":"El\u00e9gedetts\u00e9gi k\u00e9rd\u0151\u00edv"},"content":{"rendered":"\t\t<div data-elementor-type=\"wp-post\" data-elementor-id=\"4031\" class=\"elementor elementor-4031 elementor-bc-flex-widget\" data-elementor-settings=\"[]\">\n\t\t\t<div class=\"elementor-inner\">\n\t\t\t\t<div class=\"elementor-section-wrap\">\n\t\t\t\t\t\t\t<section class=\"elementor-element elementor-element-4ecc749 elementor-section-content-middle elementor-section-height-min-height elementor-section-boxed elementor-section-height-default elementor-section-items-middle elementor-section elementor-top-section\" data-id=\"4ecc749\" data-element_type=\"section\" data-settings=\"{&quot;background_background&quot;:&quot;video&quot;,&quot;background_video_link&quot;:&quot;https:\\\/\\\/youtu.be\\\/DsYNaw4qoJw&quot;}\">\n\t\t\t\t\t\t\t\t<div class=\"elementor-background-video-container elementor-hidden-phone\">\n\t\t\t\t\t\t\t\t\t\t\t\t\t<div class=\"elementor-background-video-embed\"><\/div>\n\t\t\t\t\t\t\t\t\t\t\t\t<\/div>\n\t\t\t\t\t\t\t\t\t<div class=\"elementor-background-overlay\"><\/div>\n\t\t\t\t\t\t\t<div class=\"elementor-container elementor-column-gap-wider\">\n\t\t\t\t<div class=\"elementor-row\">\n\t\t\t\t<div class=\"elementor-element elementor-element-43add93c elementor-column elementor-col-100 elementor-top-column\" data-id=\"43add93c\" data-element_type=\"column\">\n\t\t\t<div class=\"elementor-column-wrap  elementor-element-populated\">\n\t\t\t\t\t<div class=\"elementor-widget-wrap\">\n\t\t\t\t<div class=\"elementor-element elementor-element-2b71b36 elementor-widget elementor-widget-heading\" data-id=\"2b71b36\" data-element_type=\"widget\" data-widget_type=\"heading.default\">\n\t\t\t\t<div class=\"elementor-widget-container\">\n\t\t\t<h4 class=\"elementor-heading-title elementor-size-default\">EL\u00c9GEDETTS\u00c9GI K\u00c9RD\u0150\u00cdV\n<\/h4>\t\t<\/div>\n\t\t\t\t<\/div>\n\t\t\t\t<div class=\"elementor-element elementor-element-a074a7f elementor-widget elementor-widget-heading\" data-id=\"a074a7f\" data-element_type=\"widget\" data-widget_type=\"heading.default\">\n\t\t\t\t<div class=\"elementor-widget-container\">\n\t\t\t<h5 class=\"elementor-heading-title elementor-size-default\">Az \u00fcgyf\u00e9lszolg\u00e1lati \u00e9s szerel\u0151i tev\u00e9kenys\u00e9g\u00fcnk jav\u00edt\u00e1sa \u00e9rdek\u00e9ben k\u00e9rj\u00fck, t\u00f6ltse ki az \u00fcgyf\u00e9l el\u00e9gedetts\u00e9gi k\u00e9rd\u0151\u00edv\u00fcnket. \nV\u00e9lem\u00e9nye fontos sz\u00e1munkra! \n\n\nMikrohull\u00e1m\u00fa d\u00edjcsomagjaink csak a megfelel\u0151 m\u0171szaki felt\u00e9telek megl\u00e9te eset\u00e9n vehet\u0151k ig\u00e9nybe. A szolg\u00e1ltat\u00e1s ki\u00e9p\u00edt\u00e9s\u00e9hez el\u0151zetes felm\u00e9r\u00e9s sz\u00fcks\u00e9ges.\n\nA ki\u00e9p\u00edt\u00e9s d\u00edjmentes, az esetlegesen felmer\u00fcl\u0151 egyszeri k\u00f6lts\u00e9geket az el\u0151zetes felm\u00e9r\u00e9s alapj\u00e1n hat\u00e1rozzuk meg \u00e9s a szerz\u0151d\u00e9sk\u00f6t\u00e9s el\u0151tt r\u00e9szletes t\u00e1j\u00e9koztat\u00e1st adunk r\u00f3luk.<\/h5>\t\t<\/div>\n\t\t\t\t<\/div>\n\t\t\t\t<div class=\"elementor-element elementor-element-93b848d elementor-button-align-start elementor-widget elementor-widget-form\" data-id=\"93b848d\" data-element_type=\"widget\" data-widget_type=\"form.default\">\n\t\t\t\t<div class=\"elementor-widget-container\">\n\t\t\t\t\t<form class=\"elementor-form\" method=\"post\" name=\"El\u00e9gedets\u00e9gi k\u00e9rd\u0151\u00edv\">\n\t\t\t<input type=\"hidden\" name=\"post_id\" value=\"4031\"\/>\n\t\t\t<input type=\"hidden\" name=\"form_id\" value=\"93b848d\"\/>\n\n\t\t\t\n\t\t\t<div class=\"elementor-form-fields-wrapper elementor-labels-above\">\n\t\t\t\t\t\t\t\t<div class=\"elementor-field-type-checkbox elementor-field-group elementor-column elementor-field-group-d214767 elementor-col-100\">\n\t\t\t\t\t<label for=\"form-field-d214767\" class=\"elementor-field-label\">El\u00e9gedett-e az \u00fcgyint\u00e9z\u00e9s gyorsas\u00e1g\u00e1val?<\/label><div class=\"elementor-field-subgroup  \"><span class=\"elementor-field-option\"><input type=\"checkbox\" value=\"Igen\" id=\"form-field-d214767-0\" name=\"form_fields[d214767][]\"> <label for=\"form-field-d214767-0\">Igen<\/label><\/span><span class=\"elementor-field-option\"><input type=\"checkbox\" value=\"Nem\" id=\"form-field-d214767-1\" name=\"form_fields[d214767][]\"> <label for=\"form-field-d214767-1\">Nem<\/label><\/span><\/div>\t\t\t\t<\/div>\n\t\t\t\t\t\t\t\t<div class=\"elementor-field-type-checkbox elementor-field-group elementor-column elementor-field-group-2e7f8ac elementor-col-100\">\n\t\t\t\t\t<label for=\"form-field-2e7f8ac\" class=\"elementor-field-label\">El\u00e9gedett-e a kapott inform\u00e1ci\u00f3k hasznoss\u00e1g\u00e1val?<\/label><div class=\"elementor-field-subgroup  \"><span class=\"elementor-field-option\"><input type=\"checkbox\" value=\"Igen\" id=\"form-field-2e7f8ac-0\" name=\"form_fields[2e7f8ac][]\"> <label for=\"form-field-2e7f8ac-0\">Igen<\/label><\/span><span class=\"elementor-field-option\"><input type=\"checkbox\" value=\"Nem\" id=\"form-field-2e7f8ac-1\" name=\"form_fields[2e7f8ac][]\"> <label for=\"form-field-2e7f8ac-1\">Nem<\/label><\/span><\/div>\t\t\t\t<\/div>\n\t\t\t\t\t\t\t\t<div class=\"elementor-field-type-checkbox elementor-field-group elementor-column elementor-field-group-ed5016c elementor-col-100\">\n\t\t\t\t\t<label for=\"form-field-ed5016c\" class=\"elementor-field-label\">El\u00e9gedett-e az \u00fcgyint\u00e9z\u0151 magatart\u00e1s\u00e1val?<\/label><div class=\"elementor-field-subgroup  \"><span class=\"elementor-field-option\"><input type=\"checkbox\" value=\"Igen, nagyon kedves \u00e9s seg\u00edt\u0151k\u00e9sz volt\" id=\"form-field-ed5016c-0\" name=\"form_fields[ed5016c][]\"> <label for=\"form-field-ed5016c-0\">Igen, nagyon kedves \u00e9s seg\u00edt\u0151k\u00e9sz volt<\/label><\/span><span class=\"elementor-field-option\"><input type=\"checkbox\" value=\"Nem, nem mondhatn\u00e1m\" id=\"form-field-ed5016c-1\" name=\"form_fields[ed5016c][]\"> <label for=\"form-field-ed5016c-1\">Nem, nem mondhatn\u00e1m<\/label><\/span><\/div>\t\t\t\t<\/div>\n\t\t\t\t\t\t\t\t<div class=\"elementor-field-type-checkbox elementor-field-group elementor-column elementor-field-group-b0ae95f elementor-col-100\">\n\t\t\t\t\t<label for=\"form-field-b0ae95f\" class=\"elementor-field-label\">Panasza eset\u00e9n, el\u00e9gedett volt-e annak kezel\u00e9si m\u00f3dj\u00e1val?<\/label><div class=\"elementor-field-subgroup  \"><span class=\"elementor-field-option\"><input type=\"checkbox\" value=\"Igen, nagyon gyorsan int\u00e9zkedtek\" id=\"form-field-b0ae95f-0\" name=\"form_fields[b0ae95f][]\"> <label for=\"form-field-b0ae95f-0\">Igen, nagyon gyorsan int\u00e9zkedtek<\/label><\/span><span class=\"elementor-field-option\"><input type=\"checkbox\" value=\"Nem\" id=\"form-field-b0ae95f-1\" name=\"form_fields[b0ae95f][]\"> <label for=\"form-field-b0ae95f-1\">Nem<\/label><\/span><\/div>\t\t\t\t<\/div>\n\t\t\t\t\t\t\t\t<div class=\"elementor-field-type-checkbox elementor-field-group elementor-column elementor-field-group-b4f681c elementor-col-100\">\n\t\t\t\t\t<label for=\"form-field-b4f681c\" class=\"elementor-field-label\">El\u00e9gedett-e a szerel\u0151 koll\u00e9g\u00e1k magatart\u00e1s\u00e1val <\/label><div class=\"elementor-field-subgroup  \"><span class=\"elementor-field-option\"><input type=\"checkbox\" value=\"Igen\" id=\"form-field-b4f681c-0\" name=\"form_fields[b4f681c][]\"> <label for=\"form-field-b4f681c-0\">Igen<\/label><\/span><span class=\"elementor-field-option\"><input type=\"checkbox\" value=\"Nem\" id=\"form-field-b4f681c-1\" name=\"form_fields[b4f681c][]\"> <label for=\"form-field-b4f681c-1\">Nem<\/label><\/span><\/div>\t\t\t\t<\/div>\n\t\t\t\t\t\t\t\t<div class=\"elementor-field-type-checkbox elementor-field-group elementor-column elementor-field-group-fad019c elementor-col-100\">\n\t\t\t\t\t<label for=\"form-field-fad019c\" class=\"elementor-field-label\">El\u00e9gedett-e a szerel\u0151 koll\u00e9g\u00e1k munk\u00e1j\u00e1val?<\/label><div class=\"elementor-field-subgroup  \"><span class=\"elementor-field-option\"><input type=\"checkbox\" value=\"Igen, kedvesek voltak\" id=\"form-field-fad019c-0\" name=\"form_fields[fad019c][]\"> <label for=\"form-field-fad019c-0\">Igen, kedvesek voltak<\/label><\/span><span class=\"elementor-field-option\"><input type=\"checkbox\" value=\"Sajnos nem\" id=\"form-field-fad019c-1\" name=\"form_fields[fad019c][]\"> <label for=\"form-field-fad019c-1\">Sajnos nem<\/label><\/span><\/div>\t\t\t\t<\/div>\n\t\t\t\t\t\t\t\t<div class=\"elementor-field-type-checkbox elementor-field-group elementor-column elementor-field-group-5d3d42e elementor-col-100\">\n\t\t\t\t\t<label for=\"form-field-5d3d42e\" class=\"elementor-field-label\">El\u00e9gedett-e a szerel\u0151 koll\u00e9g\u00e1k magatart\u00e1s\u00e1val ?<\/label><div class=\"elementor-field-subgroup  \"><span class=\"elementor-field-option\"><input type=\"checkbox\" value=\"Igen\" id=\"form-field-5d3d42e-0\" name=\"form_fields[5d3d42e][]\"> <label for=\"form-field-5d3d42e-0\">Igen<\/label><\/span><span class=\"elementor-field-option\"><input type=\"checkbox\" value=\"Nem\" id=\"form-field-5d3d42e-1\" name=\"form_fields[5d3d42e][]\"> <label for=\"form-field-5d3d42e-1\">Nem<\/label><\/span><\/div>\t\t\t\t<\/div>\n\t\t\t\t\t\t\t\t<div class=\"elementor-field-type-checkbox elementor-field-group elementor-column elementor-field-group-8b44085 elementor-col-100\">\n\t\t\t\t\t<label for=\"form-field-8b44085\" class=\"elementor-field-label\">El\u00e9gedett-e szerel\u0151 munkat\u00e1rsaink kommunik\u00e1ci\u00f3j\u00e1val?<\/label><div class=\"elementor-field-subgroup  \"><span class=\"elementor-field-option\"><input type=\"checkbox\" value=\"Igen\" id=\"form-field-8b44085-0\" name=\"form_fields[8b44085][]\"> <label for=\"form-field-8b44085-0\">Igen<\/label><\/span><span class=\"elementor-field-option\"><input type=\"checkbox\" value=\"Nem\" id=\"form-field-8b44085-1\" name=\"form_fields[8b44085][]\"> <label for=\"form-field-8b44085-1\">Nem<\/label><\/span><\/div>\t\t\t\t<\/div>\n\t\t\t\t\t\t\t\t<div class=\"elementor-field-type-recaptcha elementor-field-group elementor-column elementor-field-group-field_1 elementor-col-100\">\n\t\t\t\t\t<div class=\"elementor-field\" id=\"form-field-field_1\"><div class=\"elementor-g-recaptcha\" data-sitekey=\"6LfIm40UAAAAAPO5oai9yBHT9n-kQxsJ-q-Dbm6r\" data-type=\"v2_checkbox\" data-theme=\"light\" data-size=\"normal\"><\/div><\/div>\t\t\t\t<\/div>\n\t\t\t\t\t\t\t\t<div class=\"elementor-field-group elementor-column elementor-field-type-submit elementor-col-60\">\n\t\t\t\t\t<button type=\"submit\" class=\"elementor-button elementor-size-xs\">\n\t\t\t\t\t\t<span >\n\t\t\t\t\t\t\t\t\t\t\t\t\t\t\t<span class=\" elementor-button-icon\">\n\t\t\t\t\t\t\t\t\t\t\t\t\t\t\t\t\t\t\t\t\t\t\t\t\t\t<\/span>\n\t\t\t\t\t\t\t\t\t\t\t\t\t\t\t\t\t\t\t\t\t\t<span class=\"elementor-button-text\">K\u00fcld\u00e9s<\/span>\n\t\t\t\t\t\t\t\t\t\t\t\t\t<\/span>\n\t\t\t\t\t<\/button>\n\t\t\t\t<\/div>\n\t\t\t<\/div>\n\t\t<\/form>\n\t\t\t\t<\/div>\n\t\t\t\t<\/div>\n\t\t\t\t\t\t<\/div>\n\t\t\t<\/div>\n\t\t<\/div>\n\t\t\t\t\t\t<\/div>\n\t\t\t<\/div>\n\t\t<\/section>\n\t\t\t\t\t\t<\/div>\n\t\t\t<\/div>\n\t\t<\/div>\n\t\t","protected":false},"excerpt":{"rendered":"<p>EL\u00c9GEDETTS\u00c9GI K\u00c9RD\u0150\u00cdV Az \u00fcgyf\u00e9lszolg\u00e1lati \u00e9s szerel\u0151i tev\u00e9kenys\u00e9g\u00fcnk jav\u00edt\u00e1sa \u00e9rdek\u00e9ben k\u00e9rj\u00fck, t\u00f6ltse ki az \u00fcgyf\u00e9l el\u00e9gedetts\u00e9gi k\u00e9rd\u0151\u00edv\u00fcnket. V\u00e9lem\u00e9nye fontos sz\u00e1munkra! Mikrohull\u00e1m\u00fa d\u00edjcsomagjaink csak a megfelel\u0151 m\u0171szaki<\/p>\n","protected":false},"author":10,"featured_media":0,"parent":0,"menu_order":0,"comment_status":"closed","ping_status":"closed","template":"elementor_header_footer","meta":{"_mi_skip_tracking":false},"_links":{"self":[{"href":"https:\/\/deltanet.hu\/index.php\/wp-json\/wp\/v2\/pages\/4031"}],"collection":[{"href":"https:\/\/deltanet.hu\/index.php\/wp-json\/wp\/v2\/pages"}],"about":[{"href":"https:\/\/deltanet.hu\/index.php\/wp-json\/wp\/v2\/types\/page"}],"author":[{"embeddable":true,"href":"https:\/\/deltanet.hu\/index.php\/wp-json\/wp\/v2\/users\/10"}],"replies":[{"embeddable":true,"href":"https:\/\/deltanet.hu\/index.php\/wp-json\/wp\/v2\/comments?post=4031"}],"version-history":[{"count":18,"href":"https:\/\/deltanet.hu\/index.php\/wp-json\/wp\/v2\/pages\/4031\/revisions"}],"predecessor-version":[{"id":4081,"href":"https:\/\/deltanet.hu\/index.php\/wp-json\/wp\/v2\/pages\/4031\/revisions\/4081"}],"wp:attachment":[{"href":"https:\/\/deltanet.hu\/index.php\/wp-json\/wp\/v2\/media?parent=4031"}],"curies":[{"name":"wp","href":"https:\/\/api.w.org\/{rel}","templated":true}]}}