{"id":407,"date":"2018-10-08T10:13:42","date_gmt":"2018-10-08T10:13:42","guid":{"rendered":"http:\/\/alfasites.hu\/?page_id=407"},"modified":"2019-01-29T09:49:24","modified_gmt":"2019-01-29T09:49:24","slug":"vezetek-nelkuli-internet-2","status":"publish","type":"page","link":"https:\/\/deltanet.hu\/index.php\/vezetek-nelkuli-internet-2\/","title":{"rendered":"Vezet\u00e9k n\u00e9lk\u00fcli internet?"},"content":{"rendered":"\t\t<div data-elementor-type=\"wp-post\" data-elementor-id=\"407\" class=\"elementor elementor-407 elementor-bc-flex-widget\" data-elementor-settings=\"[]\">\n\t\t\t<div class=\"elementor-inner\">\n\t\t\t\t<div class=\"elementor-section-wrap\">\n\t\t\t\t\t\t\t<section class=\"elementor-element elementor-element-a37fb3b elementor-section-stretched elementor-section-boxed elementor-section-height-default elementor-section-height-default elementor-section elementor-top-section\" data-id=\"a37fb3b\" data-element_type=\"section\" data-settings=\"{&quot;stretch_section&quot;:&quot;section-stretched&quot;}\">\n\t\t\t\t\t\t<div class=\"elementor-container elementor-column-gap-default\">\n\t\t\t\t<div class=\"elementor-row\">\n\t\t\t\t<div class=\"elementor-element elementor-element-6b6dd13 elementor-column elementor-col-66 elementor-top-column\" data-id=\"6b6dd13\" data-element_type=\"column\">\n\t\t\t<div class=\"elementor-column-wrap  elementor-element-populated\">\n\t\t\t\t\t<div class=\"elementor-widget-wrap\">\n\t\t\t\t<div class=\"elementor-element elementor-element-1fab1ce elementor-widget elementor-widget-image\" data-id=\"1fab1ce\" data-element_type=\"widget\" data-widget_type=\"image.default\">\n\t\t\t\t<div class=\"elementor-widget-container\">\n\t\t\t\t\t<div class=\"elementor-image\">\n\t\t\t\t\t\t\t\t\t\t<img width=\"783\" height=\"553\" src=\"https:\/\/deltanet.hu\/wp-content\/uploads\/2019\/01\/rakz-2.jpg\" class=\"attachment-large size-large\" alt=\"\" decoding=\"async\" loading=\"lazy\" srcset=\"https:\/\/deltanet.hu\/wp-content\/uploads\/2019\/01\/rakz-2.jpg 842w, https:\/\/deltanet.hu\/wp-content\/uploads\/2019\/01\/rakz-2-300x212.jpg 300w, https:\/\/deltanet.hu\/wp-content\/uploads\/2019\/01\/rakz-2-768x543.jpg 768w\" sizes=\"(max-width: 783px) 100vw, 783px\" \/>\t\t\t\t\t\t\t\t\t\t\t<\/div>\n\t\t\t\t<\/div>\n\t\t\t\t<\/div>\n\t\t\t\t\t\t<\/div>\n\t\t\t<\/div>\n\t\t<\/div>\n\t\t\t\t<div class=\"elementor-element elementor-element-63dd556 elementor-column elementor-col-33 elementor-top-column\" data-id=\"63dd556\" data-element_type=\"column\">\n\t\t\t<div class=\"elementor-column-wrap  elementor-element-populated\">\n\t\t\t\t\t<div class=\"elementor-widget-wrap\">\n\t\t\t\t<div class=\"elementor-element elementor-element-2c87ec8 elementor-widget elementor-widget-heading\" data-id=\"2c87ec8\" data-element_type=\"widget\" data-widget_type=\"heading.default\">\n\t\t\t\t<div class=\"elementor-widget-container\">\n\t\t\t<h2 class=\"elementor-heading-title elementor-size-default\">Vezet\u00e9k n\u00e9lk\u00fcli internet?<\/h2>\t\t<\/div>\n\t\t\t\t<\/div>\n\t\t\t\t<div class=\"elementor-element elementor-element-132cb67 elementor-widget elementor-widget-text-editor\" data-id=\"132cb67\" data-element_type=\"widget\" data-widget_type=\"text-editor.default\">\n\t\t\t\t<div class=\"elementor-widget-container\">\n\t\t\t\t\t<div class=\"elementor-text-editor elementor-clearfix\"><p>Olyan szel\u00e9ssav\u00fa internetkapcsolat, mely mikrohull\u00e1m\u00fa frekvenci\u00e1n kereszt\u00fcl j\u00f6n l\u00e9tre.<\/p><p>A szolg\u00e1ltat\u00e1shoz mind\u00f6ssze egy antenn\u00e1ra van sz\u00fcks\u00e9g a v\u00e9gfelhaszn\u00e1l\u00f3n\u00e1l, hogy ezen kereszt\u00fcl kapcsolatba tudjon l\u00e9pni az internetet ad\u00f3 \u00e1llom\u00e1ssal.<\/p><\/div>\n\t\t\t\t<\/div>\n\t\t\t\t<\/div>\n\t\t\t\t\t\t<\/div>\n\t\t\t<\/div>\n\t\t<\/div>\n\t\t\t\t\t\t<\/div>\n\t\t\t<\/div>\n\t\t<\/section>\n\t\t\t\t<section class=\"elementor-element elementor-element-7fc05bf elementor-section-boxed elementor-section-height-default elementor-section-height-default elementor-section elementor-top-section\" data-id=\"7fc05bf\" data-element_type=\"section\">\n\t\t\t\t\t\t<div class=\"elementor-container elementor-column-gap-default\">\n\t\t\t\t<div class=\"elementor-row\">\n\t\t\t\t<div class=\"elementor-element elementor-element-93e9321 elementor-column elementor-col-100 elementor-top-column\" data-id=\"93e9321\" data-element_type=\"column\">\n\t\t\t<div class=\"elementor-column-wrap\">\n\t\t\t\t\t<div class=\"elementor-widget-wrap\">\n\t\t\t\t\t\t<\/div>\n\t\t\t<\/div>\n\t\t<\/div>\n\t\t\t\t\t\t<\/div>\n\t\t\t<\/div>\n\t\t<\/section>\n\t\t\t\t\t\t<\/div>\n\t\t\t<\/div>\n\t\t<\/div>\n\t\t","protected":false},"excerpt":{"rendered":"<p>Vezet\u00e9k n\u00e9lk\u00fcli internet? Olyan szel\u00e9ssav\u00fa internetkapcsolat, mely mikrohull\u00e1m\u00fa frekvenci\u00e1n kereszt\u00fcl j\u00f6n l\u00e9tre. A szolg\u00e1ltat\u00e1shoz mind\u00f6ssze egy antenn\u00e1ra van sz\u00fcks\u00e9g a v\u00e9gfelhaszn\u00e1l\u00f3n\u00e1l, hogy ezen kereszt\u00fcl kapcsolatba<\/p>\n","protected":false},"author":10,"featured_media":328,"parent":0,"menu_order":0,"comment_status":"closed","ping_status":"closed","template":"page-templates\/template-services.php","meta":{"_mi_skip_tracking":false},"_links":{"self":[{"href":"https:\/\/deltanet.hu\/index.php\/wp-json\/wp\/v2\/pages\/407"}],"collection":[{"href":"https:\/\/deltanet.hu\/index.php\/wp-json\/wp\/v2\/pages"}],"about":[{"href":"https:\/\/deltanet.hu\/index.php\/wp-json\/wp\/v2\/types\/page"}],"author":[{"embeddable":true,"href":"https:\/\/deltanet.hu\/index.php\/wp-json\/wp\/v2\/users\/10"}],"replies":[{"embeddable":true,"href":"https:\/\/deltanet.hu\/index.php\/wp-json\/wp\/v2\/comments?post=407"}],"version-history":[{"count":7,"href":"https:\/\/deltanet.hu\/index.php\/wp-json\/wp\/v2\/pages\/407\/revisions"}],"predecessor-version":[{"id":3653,"href":"https:\/\/deltanet.hu\/index.php\/wp-json\/wp\/v2\/pages\/407\/revisions\/3653"}],"wp:featuredmedia":[{"embeddable":true,"href":"https:\/\/deltanet.hu\/index.php\/wp-json\/wp\/v2\/media\/328"}],"wp:attachment":[{"href":"https:\/\/deltanet.hu\/index.php\/wp-json\/wp\/v2\/media?parent=407"}],"curies":[{"name":"wp","href":"https:\/\/api.w.org\/{rel}","templated":true}]}}