{"id":4109,"date":"2019-01-14T08:58:36","date_gmt":"2019-01-14T08:58:36","guid":{"rendered":"http:\/\/deltanet.hu\/?page_id=4109"},"modified":"2022-04-07T17:31:38","modified_gmt":"2022-04-07T15:31:38","slug":"fooldal-2","status":"publish","type":"page","link":"https:\/\/deltanet.hu\/index.php\/fooldal-2\/","title":{"rendered":"f\u0151oldal"},"content":{"rendered":"\t\t<div data-elementor-type=\"wp-post\" data-elementor-id=\"4109\" class=\"elementor elementor-4109 elementor-bc-flex-widget\" data-elementor-settings=\"[]\">\n\t\t\t<div class=\"elementor-inner\">\n\t\t\t\t<div class=\"elementor-section-wrap\">\n\t\t\t\t\t\t\t<section class=\"elementor-element elementor-element-a306e8f elementor-section-boxed elementor-section-height-default elementor-section-height-default elementor-section elementor-top-section\" data-id=\"a306e8f\" data-element_type=\"section\">\n\t\t\t\t\t\t<div class=\"elementor-container elementor-column-gap-default\">\n\t\t\t\t<div class=\"elementor-row\">\n\t\t\t\t<div class=\"elementor-element elementor-element-250924f elementor-column elementor-col-100 elementor-top-column\" data-id=\"250924f\" data-element_type=\"column\">\n\t\t\t<div class=\"elementor-column-wrap  elementor-element-populated\">\n\t\t\t\t\t<div class=\"elementor-widget-wrap\">\n\t\t\t\t<div class=\"elementor-element elementor-element-a3333aa elementor-widget elementor-widget-spacer\" data-id=\"a3333aa\" data-element_type=\"widget\" data-widget_type=\"spacer.default\">\n\t\t\t\t<div class=\"elementor-widget-container\">\n\t\t\t\t\t<div class=\"elementor-spacer\">\n\t\t\t<div class=\"elementor-spacer-inner\"><\/div>\n\t\t<\/div>\n\t\t\t\t<\/div>\n\t\t\t\t<\/div>\n\t\t\t\t<div class=\"elementor-element elementor-element-1709bb3 elementor--h-position-center elementor--v-position-middle elementor-arrows-position-inside elementor-pagination-position-inside elementor-widget elementor-widget-slides\" data-id=\"1709bb3\" data-element_type=\"widget\" data-settings=\"{&quot;navigation&quot;:&quot;both&quot;,&quot;autoplay&quot;:&quot;yes&quot;,&quot;pause_on_hover&quot;:&quot;yes&quot;,&quot;pause_on_interaction&quot;:&quot;yes&quot;,&quot;autoplay_speed&quot;:5000,&quot;infinite&quot;:&quot;yes&quot;,&quot;transition&quot;:&quot;slide&quot;,&quot;transition_speed&quot;:500}\" data-widget_type=\"slides.default\">\n\t\t\t\t<div class=\"elementor-widget-container\">\n\t\t\t\t\t<div class=\"elementor-swiper\">\n\t\t\t<div class=\"elementor-slides-wrapper elementor-main-swiper swiper-container\" dir=\"ltr\" data-animation=\"fadeInUp\">\n\t\t\t\t<div class=\"swiper-wrapper elementor-slides\">\n\t\t\t\t\t<div class=\"elementor-repeater-item-f5b9307 swiper-slide\"><div class=\"swiper-slide-bg\"><\/div><a class=\"swiper-slide-inner\" href=\"\/index.php\/valassza-a-kenyelmet\/\"><div class=\"swiper-slide-contents\"><div class=\"elementor-slide-heading\">V\u00c1LASSZA A K\u00c9NYELMET!<\/div><div class=\"elementor-slide-description\">V\u00e1lassza a k\u00e9nyelmet! \u00cdgy minden h\u00f3napban 500 FT-ot elenged\u00fcnk havid\u00edj\u00e1b\u00f3l!<\/div><div  class=\"elementor-button elementor-slide-button elementor-size-xs\">Tov\u00e1bbi R\u00e9szletek<\/div><\/div><\/a><\/div><div class=\"elementor-repeater-item-eab3195 swiper-slide\"><div class=\"swiper-slide-bg\"><\/div><a class=\"swiper-slide-inner\" href=\"\/index.php\/uzleti-internet-csomagok\/\"><div class=\"swiper-slide-contents\"><div class=\"elementor-slide-heading\">BUSINESS CSOMAGOK<\/div><div class=\"elementor-slide-description\">\u00d6n d\u00f6nt mekkora csomagra van sz\u00fcks\u00e9ge! 1000 FT megabitenk\u00e9nt!<\/div><div  class=\"elementor-button elementor-slide-button elementor-size-xs\">\u00c9rdekel<\/div><\/div><\/a><\/div><div class=\"elementor-repeater-item-7b4d988 swiper-slide\"><div class=\"swiper-slide-bg\"><\/div><a class=\"swiper-slide-inner\" href=\"https:\/\/deltanet.hu\/index.php\/internet\/\"><div class=\"swiper-slide-contents\"><div class=\"elementor-slide-heading\">TANYANET<\/div><div class=\"elementor-slide-description\">\nNincs k\u00e1beles internete?\nA mikrohull\u00e1m\u00fa internet mindenhol el\u00e9rhet\u0151!<\/div><div  class=\"elementor-button elementor-slide-button elementor-size-xs\">D\u00edjcsomagok<\/div><\/div><\/a><\/div>\t\t\t\t<\/div>\n\t\t\t\t\t\t\t\t\t\t\t\t\t\t\t<div class=\"swiper-pagination\"><\/div>\n\t\t\t\t\t\t\t\t\t\t\t\t\t\t\t\t<div class=\"elementor-swiper-button elementor-swiper-button-prev\">\n\t\t\t\t\t\t\t<i class=\"eicon-chevron-left\" aria-hidden=\"true\"><\/i>\n\t\t\t\t\t\t\t<span class=\"elementor-screen-only\">El\u0151z\u0151<\/span>\n\t\t\t\t\t\t<\/div>\n\t\t\t\t\t\t<div class=\"elementor-swiper-button elementor-swiper-button-next\">\n\t\t\t\t\t\t\t<i class=\"eicon-chevron-right\" aria-hidden=\"true\"><\/i>\n\t\t\t\t\t\t\t<span class=\"elementor-screen-only\">K\u00f6vetkez\u0151<\/span>\n\t\t\t\t\t\t<\/div>\n\t\t\t\t\t\t\t\t\t\t\t\t<\/div>\n\t\t<\/div>\n\t\t\t\t<\/div>\n\t\t\t\t<\/div>\n\t\t\t\t\t\t<\/div>\n\t\t\t<\/div>\n\t\t<\/div>\n\t\t\t\t\t\t<\/div>\n\t\t\t<\/div>\n\t\t<\/section>\n\t\t\t\t<section class=\"elementor-element elementor-element-16fa518 elementor-section-boxed elementor-section-height-default elementor-section-height-default elementor-section elementor-top-section\" data-id=\"16fa518\" data-element_type=\"section\">\n\t\t\t\t\t\t<div class=\"elementor-container elementor-column-gap-default\">\n\t\t\t\t<div class=\"elementor-row\">\n\t\t\t\t<div class=\"elementor-element elementor-element-31c4a8c elementor-column elementor-col-100 elementor-top-column\" data-id=\"31c4a8c\" data-element_type=\"column\">\n\t\t\t<div class=\"elementor-column-wrap  elementor-element-populated\">\n\t\t\t\t\t<div class=\"elementor-widget-wrap\">\n\t\t\t\t<div class=\"elementor-element elementor-element-d512e20 elementor-widget elementor-widget-heading\" data-id=\"d512e20\" data-element_type=\"widget\" data-widget_type=\"heading.default\">\n\t\t\t\t<div class=\"elementor-widget-container\">\n\t\t\t<h4 class=\"elementor-heading-title elementor-size-xl\">LAKOSS\u00c1GI INTERNET CSOMAGOK\u200b<\/h4>\t\t<\/div>\n\t\t\t\t<\/div>\n\t\t\t\t\t\t<\/div>\n\t\t\t<\/div>\n\t\t<\/div>\n\t\t\t\t\t\t<\/div>\n\t\t\t<\/div>\n\t\t<\/section>\n\t\t\t\t\t\t<\/div>\n\t\t\t<\/div>\n\t\t<\/div>\n\t\t","protected":false},"excerpt":{"rendered":"<p>V\u00c1LASSZA A K\u00c9NYELMET!V\u00e1lassza a k\u00e9nyelmet! \u00cdgy minden h\u00f3napban 500 FT-ot elenged\u00fcnk havid\u00edj\u00e1b\u00f3l!Tov\u00e1bbi R\u00e9szletekBUSINESS CSOMAGOK\u00d6n d\u00f6nt mekkora csomagra van sz\u00fcks\u00e9ge! 1000 FT megabitenk\u00e9nt!\u00c9rdekelTANYANET Nincs k\u00e1beles internete?<\/p>\n","protected":false},"author":10,"featured_media":0,"parent":0,"menu_order":0,"comment_status":"closed","ping_status":"closed","template":"elementor_header_footer","meta":{"_mi_skip_tracking":false},"_links":{"self":[{"href":"https:\/\/deltanet.hu\/index.php\/wp-json\/wp\/v2\/pages\/4109"}],"collection":[{"href":"https:\/\/deltanet.hu\/index.php\/wp-json\/wp\/v2\/pages"}],"about":[{"href":"https:\/\/deltanet.hu\/index.php\/wp-json\/wp\/v2\/types\/page"}],"author":[{"embeddable":true,"href":"https:\/\/deltanet.hu\/index.php\/wp-json\/wp\/v2\/users\/10"}],"replies":[{"embeddable":true,"href":"https:\/\/deltanet.hu\/index.php\/wp-json\/wp\/v2\/comments?post=4109"}],"version-history":[{"count":23,"href":"https:\/\/deltanet.hu\/index.php\/wp-json\/wp\/v2\/pages\/4109\/revisions"}],"predecessor-version":[{"id":5364,"href":"https:\/\/deltanet.hu\/index.php\/wp-json\/wp\/v2\/pages\/4109\/revisions\/5364"}],"wp:attachment":[{"href":"https:\/\/deltanet.hu\/index.php\/wp-json\/wp\/v2\/media?parent=4109"}],"curies":[{"name":"wp","href":"https:\/\/api.w.org\/{rel}","templated":true}]}}