{"id":418,"date":"2018-10-08T10:54:03","date_gmt":"2018-10-08T10:54:03","guid":{"rendered":"http:\/\/alfasites.hu\/?page_id=418"},"modified":"2019-01-11T11:46:43","modified_gmt":"2019-01-11T11:46:43","slug":"mindig-is-a-kihivasokat-kerestem","status":"publish","type":"page","link":"https:\/\/deltanet.hu\/index.php\/mindig-is-a-kihivasokat-kerestem\/","title":{"rendered":"\u201eMindig is a kih\u00edv\u00e1sokat kerestem\u201d"},"content":{"rendered":"\t\t<div data-elementor-type=\"wp-post\" data-elementor-id=\"418\" class=\"elementor elementor-418 elementor-bc-flex-widget\" data-elementor-settings=\"[]\">\n\t\t\t<div class=\"elementor-inner\">\n\t\t\t\t<div class=\"elementor-section-wrap\">\n\t\t\t\t\t\t\t<section class=\"elementor-element elementor-element-4542fd5 elementor-section-boxed elementor-section-height-default elementor-section-height-default elementor-section elementor-top-section\" data-id=\"4542fd5\" data-element_type=\"section\">\n\t\t\t\t\t\t<div class=\"elementor-container elementor-column-gap-default\">\n\t\t\t\t<div class=\"elementor-row\">\n\t\t\t\t<div class=\"elementor-element elementor-element-286e831 elementor-column elementor-col-100 elementor-top-column\" data-id=\"286e831\" data-element_type=\"column\">\n\t\t\t<div class=\"elementor-column-wrap  elementor-element-populated\">\n\t\t\t\t\t<div class=\"elementor-widget-wrap\">\n\t\t\t\t<div class=\"elementor-element elementor-element-0171cc0 elementor-widget elementor-widget-spacer\" data-id=\"0171cc0\" data-element_type=\"widget\" data-widget_type=\"spacer.default\">\n\t\t\t\t<div class=\"elementor-widget-container\">\n\t\t\t\t\t<div class=\"elementor-spacer\">\n\t\t\t<div class=\"elementor-spacer-inner\"><\/div>\n\t\t<\/div>\n\t\t\t\t<\/div>\n\t\t\t\t<\/div>\n\t\t\t\t<div class=\"elementor-element elementor-element-0be652b elementor-invisible elementor-widget elementor-widget-heading\" data-id=\"0be652b\" data-element_type=\"widget\" data-settings=\"{&quot;_animation&quot;:&quot;fadeInDown&quot;}\" data-widget_type=\"heading.default\">\n\t\t\t\t<div class=\"elementor-widget-container\">\n\t\t\t<h1 class=\"elementor-heading-title elementor-size-default\">\u201eMindig is a kih\u00edv\u00e1sokat kerestem\u201d<\/h1>\t\t<\/div>\n\t\t\t\t<\/div>\n\t\t\t\t\t\t<\/div>\n\t\t\t<\/div>\n\t\t<\/div>\n\t\t\t\t\t\t<\/div>\n\t\t\t<\/div>\n\t\t<\/section>\n\t\t\t\t<section class=\"elementor-element elementor-element-cc8a5ee elementor-section-boxed elementor-section-height-default elementor-section-height-default elementor-section elementor-top-section\" data-id=\"cc8a5ee\" data-element_type=\"section\">\n\t\t\t\t\t\t<div class=\"elementor-container elementor-column-gap-default\">\n\t\t\t\t<div class=\"elementor-row\">\n\t\t\t\t<div class=\"elementor-element elementor-element-7761a52 elementor-column elementor-col-100 elementor-top-column\" data-id=\"7761a52\" data-element_type=\"column\">\n\t\t\t<div class=\"elementor-column-wrap  elementor-element-populated\">\n\t\t\t\t\t<div class=\"elementor-widget-wrap\">\n\t\t\t\t<div class=\"elementor-element elementor-element-1aebc0e elementor-invisible elementor-widget elementor-widget-text-editor\" data-id=\"1aebc0e\" data-element_type=\"widget\" data-settings=\"{&quot;_animation&quot;:&quot;fadeInRight&quot;}\" data-widget_type=\"text-editor.default\">\n\t\t\t\t<div class=\"elementor-widget-container\">\n\t\t\t\t\t<div class=\"elementor-text-editor elementor-clearfix\"><p>Megjelen\u00e9s a M\u00e9dia K\u00e1bel M\u0171hold c\u00edm\u0171 \u00fajs\u00e1g 2015-\u00f6s sz\u00e1m\u00e1ban<\/p><\/div>\n\t\t\t\t<\/div>\n\t\t\t\t<\/div>\n\t\t\t\t\t\t<\/div>\n\t\t\t<\/div>\n\t\t<\/div>\n\t\t\t\t\t\t<\/div>\n\t\t\t<\/div>\n\t\t<\/section>\n\t\t\t\t<section class=\"elementor-element elementor-element-f46725d elementor-section-boxed elementor-section-height-default elementor-section-height-default elementor-section elementor-top-section\" data-id=\"f46725d\" data-element_type=\"section\">\n\t\t\t\t\t\t<div class=\"elementor-container elementor-column-gap-default\">\n\t\t\t\t<div class=\"elementor-row\">\n\t\t\t\t<div class=\"elementor-element elementor-element-f9a87f6 elementor-column elementor-col-50 elementor-top-column\" data-id=\"f9a87f6\" data-element_type=\"column\">\n\t\t\t<div class=\"elementor-column-wrap  elementor-element-populated\">\n\t\t\t\t\t<div class=\"elementor-widget-wrap\">\n\t\t\t\t<div class=\"elementor-element elementor-element-93fe2e0 elementor-widget elementor-widget-image\" data-id=\"93fe2e0\" data-element_type=\"widget\" data-widget_type=\"image.default\">\n\t\t\t\t<div class=\"elementor-widget-container\">\n\t\t\t\t\t<div class=\"elementor-image\">\n\t\t\t\t\t\t\t\t\t\t<img decoding=\"async\" src=\"https:\/\/deltanet.hu\/wp-content\/uploads\/2018\/11\/Gyurasz7B.jpg\" title=\"Gyurasz7B\" alt=\"Gyurasz7B\" \/>\t\t\t\t\t\t\t\t\t\t\t<\/div>\n\t\t\t\t<\/div>\n\t\t\t\t<\/div>\n\t\t\t\t\t\t<\/div>\n\t\t\t<\/div>\n\t\t<\/div>\n\t\t\t\t<div class=\"elementor-element elementor-element-29f50df elementor-column elementor-col-50 elementor-top-column\" data-id=\"29f50df\" data-element_type=\"column\">\n\t\t\t<div class=\"elementor-column-wrap  elementor-element-populated\">\n\t\t\t\t\t<div class=\"elementor-widget-wrap\">\n\t\t\t\t<div class=\"elementor-element elementor-element-0bd975a elementor-widget elementor-widget-text-editor\" data-id=\"0bd975a\" data-element_type=\"widget\" data-widget_type=\"text-editor.default\">\n\t\t\t\t<div class=\"elementor-widget-container\">\n\t\t\t\t\t<div class=\"elementor-text-editor elementor-clearfix\"><p>Volt alkalmazott, alv\u00e1llalkoz\u00f3, c\u00e9gvezet\u0151. Harcolt a konkurenci\u00e1val, az \u00e1ramszolg\u00e1ltat\u00f3val \u00e9s m\u00e9g a saj\u00e1t koll\u00e9g\u00e1ival is. A h\u0151n \u00e1h\u00edtott vezet\u00e9kes h\u00e1l\u00f3zata mell\u00e9 vezet\u00e9k n\u00e9lk\u00fcli rendszert is l\u00e9trehozott, amellyel a c\u00e9geket \u00e9s a Kecskem\u00e9t k\u00f6rny\u00e9ki tanyavil\u00e1got is megh\u00f3d\u00edtotta. Gyur\u00e1sz Zolt\u00e1n , a Deltakon Kft. vezet\u0151je mindig az \u00faj lehet\u0151s\u00e9get keresi, \u00e9s att\u00f3l sem ijedne meg, ha a legfrissebb uni\u00f3s p\u00e1ly\u00e1zaton \u00f6ssze kellene fognia valakivel, hogy tov\u00e1bb b\u0151v\u00edtse szolg\u00e1ltat\u00e1si ter\u00fclet\u00e9t.<\/p><\/div>\n\t\t\t\t<\/div>\n\t\t\t\t<\/div>\n\t\t\t\t\t\t<\/div>\n\t\t\t<\/div>\n\t\t<\/div>\n\t\t\t\t\t\t<\/div>\n\t\t\t<\/div>\n\t\t<\/section>\n\t\t\t\t<section class=\"elementor-element elementor-element-69028a7a elementor-section-boxed elementor-section-height-default elementor-section-height-default elementor-section elementor-top-section\" data-id=\"69028a7a\" data-element_type=\"section\">\n\t\t\t\t\t\t<div class=\"elementor-container elementor-column-gap-default\">\n\t\t\t\t<div class=\"elementor-row\">\n\t\t\t\t<div class=\"elementor-element elementor-element-7afc6f52 elementor-column elementor-col-100 elementor-top-column\" data-id=\"7afc6f52\" data-element_type=\"column\">\n\t\t\t<div class=\"elementor-column-wrap  elementor-element-populated\">\n\t\t\t\t\t<div class=\"elementor-widget-wrap\">\n\t\t\t\t<div class=\"elementor-element elementor-element-efb7c32 elementor-invisible elementor-widget elementor-widget-text-editor\" data-id=\"efb7c32\" data-element_type=\"widget\" data-settings=\"{&quot;_animation&quot;:&quot;zoomIn&quot;}\" data-widget_type=\"text-editor.default\">\n\t\t\t\t<div class=\"elementor-widget-container\">\n\t\t\t\t\t<div class=\"elementor-text-editor elementor-clearfix\"><h5><b>Az \u00f6n\u00e1ll\u00f3sod\u00e1s fel\u00e9<\/b><\/h5><p>Tanul\u00e1s, fejl\u0151d\u00e9s, \u00fajdons\u00e1gok megismer\u00e9se \u2013 az elektronikai m\u0171szer\u00e9sz v\u00e9gzetts\u00e9g megszerz\u00e9se \u00f3ta hajtja a kecskem\u00e9ti szakembert, aki a helyi \u00f6nkorm\u00e1nyzat egyik c\u00e9g\u00e9nek antennaszerel\u0151 r\u00e9szleg\u00e9n\u00e9l kezdett igaz\u00e1b\u00f3l belem\u00e9ly\u00fclni a szakm\u00e1ba. Ahogy m\u00e1snak, \u00fagy neki sem az 1980-as \u00e9vek v\u00e9g\u00e9n m\u00e1s lehet\u0151se erre, pontosabban \u00fa m\u00e1r ebbe is nagy lehet\u0151s\u00e9get l\u00e1tott.<br \/>&#8211; M\u00e1r fiatalon pr\u00f3b\u00e1ltam a t\u00e9v\u00e9 k\u00e9pmin\u0151s\u00e9g\u00e9n jav\u00edtani sz\u00fcleim lak\u00f3telepi lak\u00e1s\u00e1ban. Amikor siker\u00fclt, akkor meg az alattunk lak\u00f3k maradtak ad\u00e1s n\u00e9lk\u00fcl. Meg akartam \u00e9rteni, hogyan is m\u0171k\u00f6dik a nagyfrekvencia. Az els\u0151 munkahelyemen koll\u00e9g\u00e1immal m\u00e1r egy 14 ezres lak\u00f3telepet kellett fel\u00fcgyeln\u00fcnk, ahol rendszeresen tal\u00e1lkoztunk h\u00e1zh\u00e1l\u00f3zat probl\u00e9m\u00e1kkal. Kaptam egy saj\u00e1t k\u00f6rzetet, \u00edgy mindig ugyanoda kellett kimennem, \u00e9s napi szenten tucatnyi er\u0151s\u00edt\u0151n jelszintet \u00e1ll\u00edtgatni. Meguntam. Huszon\u00e9vesen gondoltam, nincs sz\u00fcks\u00e9g ennyi er\u0151s\u00edt\u0151re, \u00edgy a 19-b\u0151l 18-at leszereltem. A koll\u00e9g\u00e1im h\u00fcledeztek, tam\u00e1skodtak, azt\u00e1n kider\u00fclt, hogy nekem volt igazam. Az iskol\u00e1ban igaz\u00e1b\u00f3l semmit nem hallottunk arr\u00f3l, hogyan m\u0171k\u00f6dik egy nagyfrekvenci\u00e1s rendszer val\u00f3j\u00e1ban, mindent a gyakorlatban lehetett elsaj\u00e1t\u00edtani \u2013 mes\u00e9l els\u0151 \u201ek\u00e1beles\u201d \u00e9lm\u00e9nyeir\u0151l Gyur\u00e1sz Zolt\u00e1n.<br \/>1992-ben m\u00e1sod\u00e1ll\u00e1sban m\u00e1r v\u00e1llalt egy\u00e9b szerel\u00e9si munk\u00e1kat is mint antennaszerel\u0151, azt\u00e1n v\u00e1ratlanul egy nagyobb lehet\u0151s\u00e9g cs\u00f6ppent az \u00f6l\u00e9be. A kecskem\u00e9ti Aranyhomok Sz\u00e1llod\u00e1ban egy h\u00e9tv\u00e9g\u00e9n elment az ad\u00e1s, az \u00f6nkorm\u00e1nyzati c\u00e9g azonban csak az \u00e9p\u00fcletig v\u00e1llalta a szerel\u00e9st, mondv\u00e1n, a bels\u0151 h\u00e1zh\u00e1l\u00f3zati probl\u00e9ma m\u00e1r nem tarozik r\u00e1. \u00dcgyeletesk\u00e9nt Gyur\u00e1sz Zolt\u00e1n sem mondhatott m\u00e1st az igazgat\u00f3nak. Munk\u00e1ja v\u00e9gezt\u00e9vel, szabadhet\u00e9n, seg\u00edt\u0151 sz\u00e1nd\u00e9kkal aj\u00e1nlatot tett m\u00e1sod\u00e1ll\u00e1s\u00fa v\u00e1llalkoz\u00f3k\u00e9nt a h\u00e1l\u00f3zat jav\u00edt\u00e1s\u00e1ra az \u00e9p\u00fcleten bel\u00fcl, amelyet nem sokkal k\u00e9s\u0151bb a hotel elfogadott. Ett\u0151l fogva a munkahely\u00e9n a sz\u0151nyeg sz\u00e9l\u00e9re ker\u00fclt, 1994-ben pedig meg is v\u00e1ltak t\u0151le. \u00c1m a szakember ekkor m\u00e1r ezt egy cseppet sem b\u00e1nta, s\u0151t ut\u00f3lag nagyon h\u00e1l\u00e1s ez\u00e9rt mindenkinek.<\/p><h5><b>Alv\u00e1llalkoz\u00f3b\u00f3l v\u00e1llalkoz\u00f3<\/b><\/h5><p>Elbocs\u00e1t\u00e1s\u00e1nak \u00e9v\u00e9ben \u00e9ppen \u00fczemeltet\u0151t keresett a kisk\u0151r\u00f6si h\u00e1l\u00f3zat bajban l\u00e9v\u0151 tulajdonosa. A vend\u00e9gl\u0151sk\u00e9nt dolgoz\u00f3 gazda csak p\u00e9nz\u00fcgyi befektet\u0151k\u00e9nt szeretett volna besz\u00e1llni a k\u00e1beles bizniszbe, \u00e1m t\u00e1sa kih\u00e1tr\u00e1lt a v\u00e1llalkoz\u00e1sb\u00f3l, \u0151 pedig nem igaz\u00e1n tudta, mint kezdjen az \u00e9p\u00fcl\u0151 rendszerrel. Gyur\u00e1sz Zolt\u00e1n alv\u00e1llalkoz\u00f3k\u00e9nt jelentkezett a karbantart\u00e1sa. Munk\u00e1ja olyan elismer\u00e9st hozott, hogy a szomsz\u00e9d telep\u00fcl\u00e9s helyi t\u00e9v\u00e9s\u00e9vel k\u00f6z\u00f6sen a soltvadkerti k\u00e1belh\u00e1l\u00f3zat \u00fczemeltet\u00e9s\u00e9t is bev\u00e1llalt\u00e1k. 1997-ben, az orsz\u00e1gos kereskedelmi t\u00e9v\u00e9k indul\u00e1sakor m\u00e1r tudta a szakember, hogy fejleszteni kell, mert \u00faj szelek f\u00fajnak. A tulajdonos azonban ett\u0151l mereven elz\u00e1rk\u00f3zott, ahogy att\u00f3l is, hogy eladja a k\u00e1belrendszert. Ez \u00fajabb l\u00f6k\u00e9st adott a k\u00e1belt\u00e9v\u00e9snek ahhoz, hogy v\u00e9gre saj\u00e1t beruh\u00e1z\u00e1sba kezdjen. Egy \u00faj t\u00e1rssal megalap\u00edtotta a Kisk\u0151r\u00f6si K\u00e1beltelev\u00edzi\u00f3 Kft-t, \u00e9s a kisv\u00e1rosban \u00faj h\u00e1l\u00f3zatot hozott l\u00e9tre, amely folyamatosan terjeszkedett. M\u00e1r az elej\u00e9n 40 csatorn\u00e1t k\u00edn\u00e1ltak az el\u0151fizet\u0151knek, \u00edgy az \u00fcgyf\u00e9lsz\u00e1m gyorsan gyarapodott. R\u00e9gi munkaad\u00f3ja ekkor feladta a k\u00fczdelmet, \u00e9s tisztes \u00e1ron eladta az \u00faj c\u00e9gnek a saj\u00e1t rendszer\u00e9t. A k\u00e1belt\u00e9v\u00e9 mellett helyi r\u00e1di\u00f3t \u00e9s t\u00e9v\u00e9st\u00fadi\u00f3t is \u00fczemetetett a c\u00e9g, az \u00fczlet j\u00f3l ment. Gyur\u00e1sz Zolt\u00e1n el\u00e9gedett lehetett volna, de 2001-ben egyszer csak azon vette \u00e9szre mag\u00e1t, hogy az irod\u00e1j\u00e1ban \u00fcld\u00f6g\u00e9l, \u00e9s a napi rutin \u00fcgyeket int\u00e9zi. Ez pedig nem az \u0151 m\u0171faja. Otthagyta az eg\u00e9szet, \u00e9s ism\u00e9t azon kezdte t\u00f6rni a fej\u00e9t, hogy csaknem 15 \u00e9v tapasztalattal a h\u00e1ta m\u00f6g\u00f6tt milyen \u00fajdons\u00e1gba foghatna bele.<\/p><h5><b>A het\u00e9nyegyh\u00e1zi kih\u00edv\u00e1s \u00e9s a tanyavil\u00e1g megh\u00f3d\u00edt\u00e1sa<\/b><\/h5><p>Kecskem\u00e9tt\u0151l h\u00e9t kilom\u00e9terre fekszik a v\u00e1ros belter\u00fclet\u00e9hez tartoz\u00f3 Het\u00e9nyegyh\u00e1za, ahol akkoriban a dr\u00f3tos telefonon k\u00edv\u00fcl m\u00e1s vezet\u00e9kes szolg\u00e1ltat\u00e1s nem volt el\u00e9rhet\u0151. A telep\u00fcl\u00e9s ugyan nem t\u00fal nagy, k\u00f6r\u00fclbel\u00fcl 1500 csal\u00e1di h\u00e1zb\u00f3l \u00e1ll, a v\u00e1llalkoz\u00f3 azonban b\u00edzott abba, hogy aha tisztess\u00e9gesen csin\u00e1lja, ebb\u0151l j\u00f3 \u00fczlet lehet. A z\u00f6ldmez\u0151s beruh\u00e1z\u00e1sba az id\u0151k\u00f6zben l\u00e9trehozott Het\u00e9nyegyh\u00e1za K\u00e1beltelev\u00edzi\u00f3 Kft. az ORTT t\u00e1mogat\u00e1s\u00e1val fogott bele, az ut\u00f3finansz\u00edroz\u00e1sos p\u00e1ly\u00e1zat azonban m\u00e1r felt\u00e9telk\u00e9nt az internet el\u00e9r\u00e9s\u00e9t is el\u0151\u00edrta. Ez \u00fajdons\u00e1g volt Gyur\u00e1sz Zolt\u00e1n sz\u00e1m\u00e1ra, \u00edgy ism\u00e9t egy t\u00e1rsat keresett, hogy a k\u00f6vetelm\u00e9nyeket teljes\u00edteni tudja. A k\u00e1belt\u00e9v\u00e9t saj\u00e1t c\u00e9g\u00e9n kereszt\u00fcl \u00fczemeltette, m\u00edg az internetes szolg\u00e1ltat\u00e1st egy m\u00e1sik v\u00e1llalkoz\u00e1sba szervezte ki, amelyben m\u00e1r ketten voltak. A k\u00f6rnyez\u0151 s\u0171r\u0171n lakott tanyavil\u00e1g ugyancsak sz\u0171z ter\u00fcletnek sz\u00e1m\u00edtott, senki nem l\u00e1tott benne fant\u00e1zi\u00e1t, a szakember viszont igen.<br \/>&#8211; Eleinte csak pr\u00f3bak\u00e9pp szerelt\u00fcnk fel \u00e1tj\u00e1tsz\u00f3 antenn\u00e1kat, amellyel j\u00f3 min\u0151s\u00e9g\u0171 mikrohull\u00e1m\u00fa internet-szolg\u00e1ltat\u00e1st tudtunk biztos\u00edtani. Ahogy h\u00edre ment, hogy van net, azonnal j\u00f6ttek a jelentkez\u0151k. Egyszer csak azon kaptuk magunkat, hogy ezzel m\u00e1r t\u00f6bbet foglalkozunk, mint a vezet\u00e9kes rendszer\u00fcnkkel. Sz\u00f3 szerint internetl\u00e1z tombolt, a k\u00fcls\u0151 r\u00e9szeken \u00e9l\u0151k nem gy\u0151zt\u00e9k kifejezni a h\u00e1l\u00e1jukat, hogy v\u00e9gre valami \u00f6sszek\u00f6ti \u0151ket a nagyvil\u00e1ggal. A t\u00f6bbs\u00e9g a legolcs\u00f3bb 3000 Ft-os csomagot v\u00e1lasztotta, mert t\u00f6bbre \u00e1ltal\u00e1ban nem futja, de ehhez viszont ragaszkodik. Ekkoriban v\u00e1ltottunk terepj\u00e1r\u00f3 aut\u00f3kra, hogy b\u00e1rmilyen rossz id\u0151ben ki tudjunk menni az el\u0151fizet\u0151inkhez. Kifejezetten j\u00f3 \u00e9rz\u00e9s itt dolgozni, fejleszteni, k\u00f6zvetlen\u00fcl \u00e9rezz\u00fck, hogy \u00e9rdemes, mert az emberek mindennapj\u00e1t val\u00f3ban k\u00f6nnyebb\u00e9 tessz\u00fck \u2013 mutatja be a tanyavil\u00e1g megh\u00f3d\u00edt\u00e1s\u00e1t a v\u00e1llalkoz\u00f3.<br \/>A mikrohull\u00e1m\u00fa szolg\u00e1ltat\u00e1s id\u0151vel egyre n\u00e9pszer\u0171bb lett m\u00e1shol is. Eleinte a c\u00e9g egy\u00e1ltal\u00e1n nem gondolkodott Kecskem\u00e9t belter\u00fclet\u00e9n, azt\u00e1n kider\u00fclt, a v\u00e1rosban is akad olyan, aki sz\u00edvesen \u00e1tt\u00e9rne. Vagy az\u00e9rt, mert nem kapott megfelel\u0151 s\u00e1vsz\u00e9less\u00e9get, vagy ez\u00e9rt, mert az ottani vezet\u00e9kes h\u00e1l\u00f3zat hozz\u00e1 m\u00e1r nem \u00e9rt el. azt\u00e1n j\u00f6ttek a k\u00f6rnyez\u0151 falvak, kisebb v\u00e1rosok, ezek k\u00f6z\u00f6tt ez\u00e9rt olyan nagyobbak is akadtak, mint Kiskunf\u00e9legyh\u00e1za vagy Tiszak\u00e9cske. A siker titka egyszer\u0171: megb\u00edzhat\u00f3 szolg\u00e1ltat\u00e1st ny\u00fajt a c\u00e9g, egyedi, nagy s\u00e1vsz\u00e9less\u00e9g-ig\u00e9nyeket is ki tud el\u00e9g\u00edteni, \u00e9s ak\u00e1r 50 kilom\u00e9terre is hajland\u00f3 elvinni a jelet.<\/p><\/div>\n\t\t\t\t<\/div>\n\t\t\t\t<\/div>\n\t\t\t\t\t\t<\/div>\n\t\t\t<\/div>\n\t\t<\/div>\n\t\t\t\t\t\t<\/div>\n\t\t\t<\/div>\n\t\t<\/section>\n\t\t\t\t\t\t<\/div>\n\t\t\t<\/div>\n\t\t<\/div>\n\t\t","protected":false},"excerpt":{"rendered":"<p>\u201eMindig is a kih\u00edv\u00e1sokat kerestem\u201d Megjelen\u00e9s a M\u00e9dia K\u00e1bel M\u0171hold c\u00edm\u0171 \u00fajs\u00e1g 2015-\u00f6s sz\u00e1m\u00e1ban Volt alkalmazott, alv\u00e1llalkoz\u00f3, c\u00e9gvezet\u0151. Harcolt a konkurenci\u00e1val, az \u00e1ramszolg\u00e1ltat\u00f3val \u00e9s m\u00e9g<\/p>\n","protected":false},"author":10,"featured_media":0,"parent":0,"menu_order":0,"comment_status":"closed","ping_status":"closed","template":"","meta":{"_mi_skip_tracking":false},"_links":{"self":[{"href":"https:\/\/deltanet.hu\/index.php\/wp-json\/wp\/v2\/pages\/418"}],"collection":[{"href":"https:\/\/deltanet.hu\/index.php\/wp-json\/wp\/v2\/pages"}],"about":[{"href":"https:\/\/deltanet.hu\/index.php\/wp-json\/wp\/v2\/types\/page"}],"author":[{"embeddable":true,"href":"https:\/\/deltanet.hu\/index.php\/wp-json\/wp\/v2\/users\/10"}],"replies":[{"embeddable":true,"href":"https:\/\/deltanet.hu\/index.php\/wp-json\/wp\/v2\/comments?post=418"}],"version-history":[{"count":9,"href":"https:\/\/deltanet.hu\/index.php\/wp-json\/wp\/v2\/pages\/418\/revisions"}],"predecessor-version":[{"id":2676,"href":"https:\/\/deltanet.hu\/index.php\/wp-json\/wp\/v2\/pages\/418\/revisions\/2676"}],"wp:attachment":[{"href":"https:\/\/deltanet.hu\/index.php\/wp-json\/wp\/v2\/media?parent=418"}],"curies":[{"name":"wp","href":"https:\/\/api.w.org\/{rel}","templated":true}]}}