{"id":4431,"date":"2019-05-13T20:42:48","date_gmt":"2019-05-13T20:42:48","guid":{"rendered":"http:\/\/deltanet.hu\/?page_id=4431"},"modified":"2019-06-05T14:16:04","modified_gmt":"2019-06-05T14:16:04","slug":"aszf-modositasok","status":"publish","type":"page","link":"https:\/\/deltanet.hu\/index.php\/aszf-modositasok\/","title":{"rendered":"\u00c1szf M\u00f3dos\u00edt\u00e1sok"},"content":{"rendered":"\t\t<div data-elementor-type=\"wp-post\" data-elementor-id=\"4431\" class=\"elementor elementor-4431 elementor-bc-flex-widget\" data-elementor-settings=\"[]\">\n\t\t\t<div class=\"elementor-inner\">\n\t\t\t\t<div class=\"elementor-section-wrap\">\n\t\t\t\t\t\t\t<section class=\"elementor-element elementor-element-3301c83 elementor-section-boxed elementor-section-height-default elementor-section-height-default elementor-section elementor-top-section\" data-id=\"3301c83\" data-element_type=\"section\">\n\t\t\t\t\t\t<div class=\"elementor-container elementor-column-gap-default\">\n\t\t\t\t<div class=\"elementor-row\">\n\t\t\t\t<div class=\"elementor-element elementor-element-b8a7794 elementor-column elementor-col-100 elementor-top-column\" data-id=\"b8a7794\" data-element_type=\"column\">\n\t\t\t<div class=\"elementor-column-wrap  elementor-element-populated\">\n\t\t\t\t\t<div class=\"elementor-widget-wrap\">\n\t\t\t\t<div class=\"elementor-element elementor-element-524194a elementor-widget elementor-widget-text-editor\" data-id=\"524194a\" data-element_type=\"widget\" data-widget_type=\"text-editor.default\">\n\t\t\t\t<div class=\"elementor-widget-container\">\n\t\t\t\t\t<div class=\"elementor-text-editor elementor-clearfix\"><p><a href=\"https:\/\/deltanet.hu\/wp-content\/uploads\/aszfvaltozasok\/DELTAKON_TELEFON_ASZF_KL.pdf\">TELEFON \u00c1SZF M\u00d3DOS\u00cdT\u00c1S \u00c9RTES\u00cdT\u0150 LEV\u00c9L 2019.07.05.<\/a><\/p><p><a href=\"https:\/\/deltanet.hu\/wp-content\/20190610.pdf\">INTERNET \u00c1SZF M\u00d3DOS\u00cdT\u00c1S \u00c9RTES\u00cdT\u0150 LEV\u00c9L 2019.06.10.<\/a><\/p><p><a href=\"https:\/\/deltanet.hu\/wp-content\/20190520.pdf\">INTERNET D\u00cdJCSOMAG M\u00d3DOS\u00cdT\u00c1S \u00c9RTES\u00cdT\u0150 LEV\u00c9L DELTAKON KFT 2019.05.20<\/a><\/p><\/div>\n\t\t\t\t<\/div>\n\t\t\t\t<\/div>\n\t\t\t\t\t\t<\/div>\n\t\t\t<\/div>\n\t\t<\/div>\n\t\t\t\t\t\t<\/div>\n\t\t\t<\/div>\n\t\t<\/section>\n\t\t\t\t\t\t<\/div>\n\t\t\t<\/div>\n\t\t<\/div>\n\t\t","protected":false},"excerpt":{"rendered":"<p>TELEFON \u00c1SZF M\u00d3DOS\u00cdT\u00c1S \u00c9RTES\u00cdT\u0150 LEV\u00c9L 2019.07.05. INTERNET \u00c1SZF M\u00d3DOS\u00cdT\u00c1S \u00c9RTES\u00cdT\u0150 LEV\u00c9L 2019.06.10. INTERNET D\u00cdJCSOMAG M\u00d3DOS\u00cdT\u00c1S \u00c9RTES\u00cdT\u0150 LEV\u00c9L DELTAKON KFT 2019.05.20<\/p>\n","protected":false},"author":10,"featured_media":0,"parent":0,"menu_order":0,"comment_status":"closed","ping_status":"closed","template":"","meta":{"_mi_skip_tracking":false},"_links":{"self":[{"href":"https:\/\/deltanet.hu\/index.php\/wp-json\/wp\/v2\/pages\/4431"}],"collection":[{"href":"https:\/\/deltanet.hu\/index.php\/wp-json\/wp\/v2\/pages"}],"about":[{"href":"https:\/\/deltanet.hu\/index.php\/wp-json\/wp\/v2\/types\/page"}],"author":[{"embeddable":true,"href":"https:\/\/deltanet.hu\/index.php\/wp-json\/wp\/v2\/users\/10"}],"replies":[{"embeddable":true,"href":"https:\/\/deltanet.hu\/index.php\/wp-json\/wp\/v2\/comments?post=4431"}],"version-history":[{"count":11,"href":"https:\/\/deltanet.hu\/index.php\/wp-json\/wp\/v2\/pages\/4431\/revisions"}],"predecessor-version":[{"id":4455,"href":"https:\/\/deltanet.hu\/index.php\/wp-json\/wp\/v2\/pages\/4431\/revisions\/4455"}],"wp:attachment":[{"href":"https:\/\/deltanet.hu\/index.php\/wp-json\/wp\/v2\/media?parent=4431"}],"curies":[{"name":"wp","href":"https:\/\/api.w.org\/{rel}","templated":true}]}}