{"id":4468,"date":"2019-09-17T11:52:20","date_gmt":"2019-09-17T11:52:20","guid":{"rendered":"http:\/\/deltanet.hu\/?page_id=4468"},"modified":"2019-09-18T08:43:02","modified_gmt":"2019-09-18T08:43:02","slug":"rendszergazda","status":"publish","type":"page","link":"https:\/\/deltanet.hu\/index.php\/rendszergazda\/","title":{"rendered":"Rendszergazda"},"content":{"rendered":"\t\t<div data-elementor-type=\"wp-post\" data-elementor-id=\"4468\" class=\"elementor elementor-4468 elementor-bc-flex-widget\" data-elementor-settings=\"[]\">\n\t\t\t<div class=\"elementor-inner\">\n\t\t\t\t<div class=\"elementor-section-wrap\">\n\t\t\t\t\t\t\t<section class=\"elementor-element elementor-element-6641f8d elementor-section-boxed elementor-section-height-default elementor-section-height-default elementor-section elementor-top-section\" data-id=\"6641f8d\" data-element_type=\"section\">\n\t\t\t\t\t\t<div class=\"elementor-container elementor-column-gap-default\">\n\t\t\t\t<div class=\"elementor-row\">\n\t\t\t\t<div class=\"elementor-element elementor-element-06cd3dc elementor-column elementor-col-100 elementor-top-column\" data-id=\"06cd3dc\" data-element_type=\"column\">\n\t\t\t<div class=\"elementor-column-wrap  elementor-element-populated\">\n\t\t\t\t\t<div class=\"elementor-widget-wrap\">\n\t\t\t\t<div class=\"elementor-element elementor-element-55853c8 elementor-widget elementor-widget-image\" data-id=\"55853c8\" data-element_type=\"widget\" data-widget_type=\"image.default\">\n\t\t\t\t<div class=\"elementor-widget-container\">\n\t\t\t\t\t<div class=\"elementor-image\">\n\t\t\t\t\t\t\t\t\t\t<img width=\"341\" height=\"86\" src=\"https:\/\/deltanet.hu\/wp-content\/uploads\/2019\/01\/deltanet-logo.png\" class=\"attachment-large size-large\" alt=\"\" decoding=\"async\" loading=\"lazy\" srcset=\"https:\/\/deltanet.hu\/wp-content\/uploads\/2019\/01\/deltanet-logo.png 341w, https:\/\/deltanet.hu\/wp-content\/uploads\/2019\/01\/deltanet-logo-300x76.png 300w\" sizes=\"(max-width: 341px) 100vw, 341px\" \/>\t\t\t\t\t\t\t\t\t\t\t<\/div>\n\t\t\t\t<\/div>\n\t\t\t\t<\/div>\n\t\t\t\t<div class=\"elementor-element elementor-element-acec25c elementor-widget elementor-widget-text-editor\" data-id=\"acec25c\" data-element_type=\"widget\" data-widget_type=\"text-editor.default\">\n\t\t\t\t<div class=\"elementor-widget-container\">\n\t\t\t\t\t<div class=\"elementor-text-editor elementor-clearfix\"><p>V\u00e1llalkoz\u00e1sunk Kecskem\u00e9ten \u00e9s k\u00f6rny\u00e9k\u00e9n olyan t\u00e1vk\u00f6zl\u00e9si szolg\u00e1ltat\u00e1sokat ny\u00fajt a helyi embereknek \u00e9s k\u00f6rny\u00e9kbeli c\u00e9geknek, melyek nagym\u00e9rt\u00e9kben seg\u00edtik \u00e9let\u00fcket, megk\u00f6nny\u00edtik munk\u00e1jukat \u00e9s sz\u00ednesebb\u00e9 teszik mindennapjaikat.<\/p><h2>B\u0151v\u00fcl\u0151 csapatunkba<\/h2><h1>RENDSZERGAZDA<\/h1><h2>munkat\u00e1rsat keres\u00fcnk.<\/h2><\/div>\n\t\t\t\t<\/div>\n\t\t\t\t<\/div>\n\t\t\t\t<div class=\"elementor-element elementor-element-97f99e2 elementor-widget elementor-widget-spacer\" data-id=\"97f99e2\" data-element_type=\"widget\" data-widget_type=\"spacer.default\">\n\t\t\t\t<div class=\"elementor-widget-container\">\n\t\t\t\t\t<div class=\"elementor-spacer\">\n\t\t\t<div class=\"elementor-spacer-inner\"><\/div>\n\t\t<\/div>\n\t\t\t\t<\/div>\n\t\t\t\t<\/div>\n\t\t\t\t<div class=\"elementor-element elementor-element-3a1556b elementor-widget elementor-widget-text-editor\" data-id=\"3a1556b\" data-element_type=\"widget\" data-widget_type=\"text-editor.default\">\n\t\t\t\t<div class=\"elementor-widget-container\">\n\t\t\t\t\t<div class=\"elementor-text-editor elementor-clearfix\"><h3>F\u0151bb feladatok, munk\u00e1k:<\/h3><p>\u00a0Rendszergazda munkat\u00e1rsk\u00e9nt feladatod lesz az el\u0151fizet\u0151i h\u00e1l\u00f3zatunk fel\u00fcgyelete, kihelyezett antenn\u00e1k, routerek menedzsel\u00e9se, hibabejelens\u00e9gek kivizsg\u00e1l\u00e1sa. Kreativit\u00e1sod kibontakoztathatod a kih\u00edv\u00e1st jelent\u0151 feladatokban. Itt minden nap, minden munka m\u00e1s \u00e9s m\u00e1s! Garant\u00e1ljuk, hogy nem lesznek unalmasak a napjaid, folyamatosan akci\u00f3ban lehetsz.<\/p><h3>Az \u00e1ll\u00e1shoz tartoz\u00f3 elv\u00e1r\u00e1sok:<\/h3><p>\u00a0Informatikai h\u00e1l\u00f3zati ismeretekkel, tanul\u00e1si hajland\u00f3s\u00e1ggal el tudod l\u00e1tni a feladatot. Minden nap \u00faj feladatokkal \u00e9s \u00faj emberekkel fogsz tal\u00e1lkozni, ez\u00e9rt fontos, hogy \u00edr\u00e1sbeli \u00e9s sz\u00f3beli kommunik\u00e1ci\u00f3d is j\u00f3l \u00e9rthet\u0151 \u00e9s \u00fcgyf\u00e9lk\u00f6zpont\u00fa legyen.<br \/>\u00a0Fontos, hogy loj\u00e1lis l\u00e9gy a c\u00e9ghez, a vezet\u0151h\u00f6z \u00e9s j\u00f3 kommunik\u00e1ci\u00f3t tarts a munkat\u00e1rsakkal is. Sz\u00fcks\u00e9ges, hogy motiv\u00e1ljon a siker \u00e9s a szem\u00e9lyes fejl\u0151d\u00e9s lehet\u0151s\u00e9ge, valamint l\u00e9gy mindig nyitott az \u00faj dolgokra.<\/p><h3>Az \u00e1ll\u00e1s bet\u00f6lt\u00e9s\u00e9hez el\u0151nyt jelent:<\/h3><p>\u00a0Magasfok\u00fa \u00e9rdekl\u0151d\u00e9s \u00e9s elk\u00f6telezetts\u00e9g a h\u00e1l\u00f3zati megold\u00e1sok, kih\u00edv\u00e1sok ir\u00e1ny\u00e1ban. El\u0151ny az informatikai, rendszergazdai, rendszerm\u00e9rn\u00f6ki v\u00e9gzetts\u00e9g, vagy t\u00f6bb \u00e9ves h\u00e1l\u00f3zat\u00fczemeltet\u00e9si tapasztalat.<\/p><h3>Amit k\u00edn\u00e1lunk:<\/h3><p>Teljes munkaid\u0151ben alkalmazunk. <br \/>A munk\u00e1dhoz kapsz mobiltelefont, sz\u00e1m\u00edt\u00f3g\u00e9pet.<\/p><p>\u00a0Munkab\u00e9red teljes\u00edtm\u00e9nyf\u00fcgg\u0151, eredm\u00e9nyeiddel ar\u00e1nyos, mely t\u00f6bb r\u00e9szb\u0151l \u00e1ll \u00f6ssze: fix alapfizet\u00e9s + teljes\u00edtm\u00e9ny \u00e9s min\u0151s\u00e9g f\u00fcgg\u0151 mozg\u00f3b\u00e9r. \u00d6sszege a pr\u00f3baid\u0151 alatt alacsonyabb, majd a pr\u00f3baid\u0151 ut\u00e1n megegyez\u00e9s szerinti. A kett\u0151 k\u00fcl\u00f6nb\u00f6zet\u00e9t v\u00e9gleges\u00edt\u00e9s eset\u00e9n visszamen\u0151leg egy\u00f6sszegben megkapod.<\/p><p>\u00a0Munk\u00e1d t\u00e1mogat\u00e1sak\u00e9nt folyamatos tanul\u00e1si \u00e9s fejl\u0151d\u00e9si lehet\u0151s\u00e9get biztos\u00edtunk, ami tov\u00e1bbi sikerek el\u00e9r\u00e9s\u00e9hez seg\u00edt hozz\u00e1! C\u00e9g\u00fcnk modern eszk\u00f6z\u00f6kkel dolgozik. Szerviz aut\u00f3ink \u00faj beszerz\u00e9sek, melyek maxim\u00e1lis k\u00e9nyelmi \u00e9s biztons\u00e1gi felszerelts\u00e9g\u00fckkel seg\u00edtik a koll\u00e9g\u00e1k munk\u00e1j\u00e1t.<br \/>\u00a0Norm\u00e1l esetben a munkaid\u0151 8-16.30-ig tart 40 \u00f3r\u00e1s munkah\u00e9ttel \u00e9s napi f\u00e9l \u00f3ra munkak\u00f6zi (eb\u00e9d) sz\u00fcnettel.<\/p><p>\u00a0Amit itt csin\u00e1lhatsz, amit itt tanulhatsz, az neked nagyon hasznos lehet. Ez olyan dolog amit val\u00f3j\u00e1ban nem lehet szabv\u00e1ny fix munkaid\u0151ben v\u00e9gezni. Ezt sz\u00edvvel-l\u00e9lekkel kell csin\u00e1lni, mert mi is \u00fagy t\u00e1mogatjuk a partnereinket \u00e9s akkor seg\u00edt\u00fcnk az el\u0151fizet\u0151knek, amikor sz\u00fcks\u00e9g\u00fck van r\u00e1. Ez nem egy klasszikus bej\u00f6v\u00f6k-hazamegyek munkahely. <br \/>\u00a0Mi tessz\u00fck a dolgunkat \u00e9s akkor fejez\u0151dik be egy nap,<br \/>amikor a munka el van v\u00e9gezve.<\/p><p>\u00a0A mi kih\u00edv\u00e1sunk, hogy minden helyzetben a lehet\u0151 legmagasabb szint\u0171 szolg\u00e1ltat\u00e1st ny\u00fajtsuk partnereinknek. C\u00e9lunk a ter\u00fcleten \u00fczemel\u0151 legprofibb szolg\u00e1ltat\u00f3v\u00e1 v\u00e1l\u00e1s, aki az \u00fcgyfelek sz\u00e9les k\u00f6r\u00e9nek els\u0151 v\u00e1laszt\u00e1sa. Ha \u00fagy l\u00e1tod, ebben akt\u00edv szerepet tudsz v\u00e1llalni \u00e9s szereted a kih\u00edv\u00e1sokat, jelentkezz hozz\u00e1nk!<\/p><h3>\u00c1ll\u00e1s, munka ter\u00fclete(i):<\/h3><p>\u25cf IT \u00fczemeltet\u00e9s, Telekommunik\u00e1ci\u00f3<br \/>\u25cf Telekommunik\u00e1ci\u00f3<br \/>\u25cf Szakmunka<br \/>\u25cf M\u0171szer\u00e9sz<br \/>\u25cf Villanyszerel\u0151<br \/>\u25cf Teljes munkaid\u0151<\/p><h3>Sz\u00fcks\u00e9ges tapasztalat:<\/h3><p>\u25cf Mindegy, vagy nem ig\u00e9nyel tapasztalatot<\/p><h3>Sz\u00fcks\u00e9ges nyelvtud\u00e1s:<\/h3><p>\u25cf Nem ig\u00e9nyel nyelvtud\u00e1st<\/p><h3>Munkav\u00e9gz\u00e9s helye:<\/h3><p>Rugalmas munkav\u00e9gz\u00e9si hely &#8211; B\u00e1cs-Kiskun megye<\/p><h3>Egy\u00e9b juttat\u00e1sok:<\/h3><p>\u00e9ves b\u00f3nusz \/ mozg\u00f3b\u00e9r, c\u00e9ges aut\u00f3, mobiltelefon,<br \/>szakmai tr\u00e9ningek, nyelvtanul\u00e1s t\u00e1mogat\u00e1sa<\/p><\/div>\n\t\t\t\t<\/div>\n\t\t\t\t<\/div>\n\t\t\t\t<div class=\"elementor-element elementor-element-fe15cf2 elementor-widget elementor-widget-spacer\" data-id=\"fe15cf2\" data-element_type=\"widget\" data-widget_type=\"spacer.default\">\n\t\t\t\t<div class=\"elementor-widget-container\">\n\t\t\t\t\t<div class=\"elementor-spacer\">\n\t\t\t<div class=\"elementor-spacer-inner\"><\/div>\n\t\t<\/div>\n\t\t\t\t<\/div>\n\t\t\t\t<\/div>\n\t\t\t\t<div class=\"elementor-element elementor-element-f246da5 elementor-widget elementor-widget-text-editor\" data-id=\"f246da5\" data-element_type=\"widget\" data-widget_type=\"text-editor.default\">\n\t\t\t\t<div class=\"elementor-widget-container\">\n\t\t\t\t\t<div class=\"elementor-text-editor elementor-clearfix\"><h2>JELENTKEZ\u00c9S AZ \u00c1LL\u00c1SRA:<\/h2><p>Jelentkezz am\u00edg lehet, \u00e9lj a lehet\u0151s\u00e9ggel! Csak rajtad m\u00falik!<br \/>Az al\u00e1bbi gombra kattintva tudsz tov\u00e1bbl\u00e9pni.<\/p><\/div>\n\t\t\t\t<\/div>\n\t\t\t\t<\/div>\n\t\t\t\t\t\t<\/div>\n\t\t\t<\/div>\n\t\t<\/div>\n\t\t\t\t\t\t<\/div>\n\t\t\t<\/div>\n\t\t<\/section>\n\t\t\t\t<section class=\"elementor-element elementor-element-79fef24 elementor-section-boxed elementor-section-height-default elementor-section-height-default elementor-section elementor-top-section\" data-id=\"79fef24\" data-element_type=\"section\">\n\t\t\t\t\t\t<div class=\"elementor-container elementor-column-gap-default\">\n\t\t\t\t<div class=\"elementor-row\">\n\t\t\t\t<div class=\"elementor-element elementor-element-80f1c01 elementor-column elementor-col-100 elementor-top-column\" data-id=\"80f1c01\" data-element_type=\"column\">\n\t\t\t<div class=\"elementor-column-wrap  elementor-element-populated\">\n\t\t\t\t\t<div class=\"elementor-widget-wrap\">\n\t\t\t\t<div class=\"elementor-element elementor-element-cfda866 elementor-align-center elementor-widget elementor-widget-button\" data-id=\"cfda866\" data-element_type=\"widget\" data-widget_type=\"button.default\">\n\t\t\t\t<div class=\"elementor-widget-container\">\n\t\t\t\t\t<div class=\"elementor-button-wrapper\">\n\t\t\t<a href=\"https:\/\/tech.interspeedia.com\/jobs\/38556.52818.48911.1\" class=\"elementor-button-link elementor-button elementor-size-sm\" role=\"button\">\n\t\t\t\t\t\t<span class=\"elementor-button-content-wrapper\">\n\t\t\t\t\t\t<span class=\"elementor-button-text\">JELENTKEZEM<\/span>\n\t\t<\/span>\n\t\t\t\t\t<\/a>\n\t\t<\/div>\n\t\t\t\t<\/div>\n\t\t\t\t<\/div>\n\t\t\t\t\t\t<\/div>\n\t\t\t<\/div>\n\t\t<\/div>\n\t\t\t\t\t\t<\/div>\n\t\t\t<\/div>\n\t\t<\/section>\n\t\t\t\t\t\t<\/div>\n\t\t\t<\/div>\n\t\t<\/div>\n\t\t","protected":false},"excerpt":{"rendered":"<p>V\u00e1llalkoz\u00e1sunk Kecskem\u00e9ten \u00e9s k\u00f6rny\u00e9k\u00e9n olyan t\u00e1vk\u00f6zl\u00e9si szolg\u00e1ltat\u00e1sokat ny\u00fajt a helyi embereknek \u00e9s k\u00f6rny\u00e9kbeli c\u00e9geknek, melyek nagym\u00e9rt\u00e9kben seg\u00edtik \u00e9let\u00fcket, megk\u00f6nny\u00edtik munk\u00e1jukat \u00e9s sz\u00ednesebb\u00e9 teszik mindennapjaikat. B\u0151v\u00fcl\u0151<\/p>\n","protected":false},"author":10,"featured_media":0,"parent":0,"menu_order":0,"comment_status":"closed","ping_status":"closed","template":"","meta":{"_mi_skip_tracking":false},"_links":{"self":[{"href":"https:\/\/deltanet.hu\/index.php\/wp-json\/wp\/v2\/pages\/4468"}],"collection":[{"href":"https:\/\/deltanet.hu\/index.php\/wp-json\/wp\/v2\/pages"}],"about":[{"href":"https:\/\/deltanet.hu\/index.php\/wp-json\/wp\/v2\/types\/page"}],"author":[{"embeddable":true,"href":"https:\/\/deltanet.hu\/index.php\/wp-json\/wp\/v2\/users\/10"}],"replies":[{"embeddable":true,"href":"https:\/\/deltanet.hu\/index.php\/wp-json\/wp\/v2\/comments?post=4468"}],"version-history":[{"count":6,"href":"https:\/\/deltanet.hu\/index.php\/wp-json\/wp\/v2\/pages\/4468\/revisions"}],"predecessor-version":[{"id":8383,"href":"https:\/\/deltanet.hu\/index.php\/wp-json\/wp\/v2\/pages\/4468\/revisions\/8383"}],"wp:attachment":[{"href":"https:\/\/deltanet.hu\/index.php\/wp-json\/wp\/v2\/media?parent=4468"}],"curies":[{"name":"wp","href":"https:\/\/api.w.org\/{rel}","templated":true}]}}