{"id":4477,"date":"2019-09-17T12:26:15","date_gmt":"2019-09-17T12:26:15","guid":{"rendered":"http:\/\/deltanet.hu\/?page_id=4477"},"modified":"2019-09-30T12:34:48","modified_gmt":"2019-09-30T12:34:48","slug":"ugyfelszolgalati-munkatars","status":"publish","type":"page","link":"https:\/\/deltanet.hu\/index.php\/ugyfelszolgalati-munkatars\/","title":{"rendered":"\u00dcgyf\u00e9lszolg\u00e1lati munkat\u00e1rs"},"content":{"rendered":"\t\t<div data-elementor-type=\"wp-post\" data-elementor-id=\"4477\" class=\"elementor elementor-4477 elementor-bc-flex-widget\" data-elementor-settings=\"[]\">\n\t\t\t<div class=\"elementor-inner\">\n\t\t\t\t<div class=\"elementor-section-wrap\">\n\t\t\t\t\t\t\t<section class=\"elementor-element elementor-element-91e0cb5 elementor-section-boxed elementor-section-height-default elementor-section-height-default elementor-section elementor-top-section\" data-id=\"91e0cb5\" data-element_type=\"section\">\n\t\t\t\t\t\t<div class=\"elementor-container elementor-column-gap-default\">\n\t\t\t\t<div class=\"elementor-row\">\n\t\t\t\t<div class=\"elementor-element elementor-element-588b2ef elementor-column elementor-col-100 elementor-top-column\" data-id=\"588b2ef\" data-element_type=\"column\">\n\t\t\t<div class=\"elementor-column-wrap  elementor-element-populated\">\n\t\t\t\t\t<div class=\"elementor-widget-wrap\">\n\t\t\t\t<div class=\"elementor-element elementor-element-c64f7af elementor-widget elementor-widget-image\" data-id=\"c64f7af\" data-element_type=\"widget\" data-widget_type=\"image.default\">\n\t\t\t\t<div class=\"elementor-widget-container\">\n\t\t\t\t\t<div class=\"elementor-image\">\n\t\t\t\t\t\t\t\t\t\t<img width=\"341\" height=\"86\" src=\"https:\/\/deltanet.hu\/wp-content\/uploads\/2019\/01\/deltanet-logo.png\" class=\"attachment-large size-large\" alt=\"\" decoding=\"async\" loading=\"lazy\" srcset=\"https:\/\/deltanet.hu\/wp-content\/uploads\/2019\/01\/deltanet-logo.png 341w, https:\/\/deltanet.hu\/wp-content\/uploads\/2019\/01\/deltanet-logo-300x76.png 300w\" sizes=\"(max-width: 341px) 100vw, 341px\" \/>\t\t\t\t\t\t\t\t\t\t\t<\/div>\n\t\t\t\t<\/div>\n\t\t\t\t<\/div>\n\t\t\t\t<div class=\"elementor-element elementor-element-b0a3769 elementor-widget elementor-widget-text-editor\" data-id=\"b0a3769\" data-element_type=\"widget\" data-widget_type=\"text-editor.default\">\n\t\t\t\t<div class=\"elementor-widget-container\">\n\t\t\t\t\t<div class=\"elementor-text-editor elementor-clearfix\"><p>A Deltanet egy folyamatosan n\u00f6vekv\u0151 kecskem\u00e9ti sz\u00e9khely\u0171 t\u00e1vk\u00f6zl\u00e9si szolg\u00e1ltat\u00f3 4.000 \u00fcgyf\u00e9llel. Szolg\u00e1ltat\u00e1si ter\u00fclet\u00fcnk\u00f6n piacvezet\u0151k vagyunk a helyhez k\u00f6t\u00f6tt vezet\u00e9kn\u00e9lk\u00fcli internetszolg\u00e1ltat\u00e1s ter\u00fclet\u00e9n, \u00e9s k\u00fcldet\u00e9s\u00fcnk a korl\u00e1tlan adatmennyis\u00e9gben felhaszn\u00e1lhat\u00f3 mikrohull\u00e1m\u00fa internet, szem\u00e9lyre szabott form\u00e1ban t\u00f6rt\u00e9n\u0151 eljuttat\u00e1sa \u00fcgyfeleink ingatlan\u00e1ba. C\u00e9lkit\u0171z\u00e9s\u00fcnk 10.000 \u00fcgyf\u00e9l kiszolg\u00e1l\u00e1sa 5 \u00e9ven bel\u00fcl.<\/p><h2>B\u0151v\u00fcl\u0151 csapatunkba<\/h2><h1>\u00dcGYF\u00c9LSZOLG\u00c1LATI \u00c9RT\u00c9KES\u00cdT\u00c9SI MENEDZSER<\/h1><h2>munkat\u00e1rsunkat keress\u00fck.<\/h2><\/div>\n\t\t\t\t<\/div>\n\t\t\t\t<\/div>\n\t\t\t\t<div class=\"elementor-element elementor-element-682ef74 elementor-widget elementor-widget-text-editor\" data-id=\"682ef74\" data-element_type=\"widget\" data-widget_type=\"text-editor.default\">\n\t\t\t\t<div class=\"elementor-widget-container\">\n\t\t\t\t\t<div class=\"elementor-text-editor elementor-clearfix\"><h3>F\u0151bb feladatok, munk\u00e1k:<\/h3><p>Rendszeret\u0151, szervezett \u00e9s megb\u00edzhat\u00f3 vagy, aki \u00fcgyesen el\u00e9ri, hogy a dolgok rendben menjenek? Dolgozt\u00e1l m\u00e1r \u00fcgyf\u00e9lszolg\u00e1lati munkak\u00f6rben, ahol sz\u00e9les felel\u0151ss\u00e9gi k\u00f6rt kezelve, k\u00fcl\u00f6nb\u00f6z\u0151 emberekkel koordin\u00e1lt\u00e1l, hogy egy\u00fctt el\u00e9rj\u00e9tek a v\u00e9geredm\u00e9nyt?<\/p><p>Amint stabill\u00e1 v\u00e1lsz ebben a munkak\u00f6rben, Te leszel csapatunkban az az els\u0151dleges munkat\u00e1rs, akivel el\u0151sz\u00f6r kapcsolatba ker\u00fclnek lehets\u00e9ges \u00e9rdekl\u0151d\u0151 partnereink, de azok is akik m\u00e1r a mi rendszer\u00fcnket haszn\u00e1lj\u00e1k, hogy naponta el\u00e9rj\u00e9k a vil\u00e1gh\u00e1l\u00f3t vagy folyamatosan n\u00f6velj\u00e9k \u00fczleti eredm\u00e9nyeiket. F\u0151 feladatod lesz, hogy a legoptim\u00e1lisabb csomagokat add el \u00fcgyfeleinknek, ez\u00e1ltal a legt\u00f6bb \u00e9rt\u00e9ket kapj\u00e1k szolg\u00e1ltat\u00e1sainkb\u00f3l, \u00edgy \u00e9vr\u0151l-\u00e9vre folyamatosan kapcsolatban maradjanak vel\u00fcnk.<\/p><h3>Az \u00e1ll\u00e1shoz tartoz\u00f3 elv\u00e1r\u00e1sok:<\/h3><p>Kiterjedt felel\u0151ss\u00e9gi k\u00f6r\u00f6dbe beletartozik a lej\u00e1r\u00f3 szerz\u0151d\u00e9sek meg\u00faj\u00edt\u00e1s\u00e1nak koordin\u00e1ci\u00f3ja \u00e9s logisztikai szervez\u00e9se, adminisztr\u00e1ci\u00f3ja, t\u00e1mogat\u00e1sa. Ez egy irodai munkak\u00f6r a k\u00f6zponti \u00fcgyf\u00e9lszolg\u00e1laton, melyben h\u00e9tf\u0151t\u0151l p\u00e9ntekig, reggel 8 \u00e9s d\u00e9lut\u00e1n 5 \u00f3ra k\u00f6z\u00f6tt fogsz dolgozni.<\/p><h3>Az \u00e1ll\u00e1s bet\u00f6lt\u00e9s\u00e9hez el\u0151nyt jelent:<\/h3><p>Sz\u00e1mos k\u00fcl\u00f6nb\u00f6z\u0151 rendszert fogsz haszn\u00e1lni, ez\u00e9rt fontos, hogy szeresd a technol\u00f3gi\u00e1t \u00e9s egyed\u00fcl, t\u00e1mogat\u00e1s n\u00e9lk\u00fcl le tudd k\u00fczdeni a bonyolult, kih\u00edv\u00e1sokkal teli feladatokat. El\u0151fordulhat olyan \u00fcgyf\u00e9l megkeres\u00e9s, ahol angol vagy n\u00e9met nyelven sz\u00fcks\u00e9ges egyeztetni, ez\u00e9rt el\u0151ny\u00f6s ha sz\u00f3ban is, \u00edr\u00e1sban is k\u00e9pes vagy hat\u00e9konyan kommunik\u00e1lni.<\/p><h3>Amit k\u00edn\u00e1lunk:<\/h3><p>\u00a0Ez egy sok kitart\u00e1st k\u00f6vetel\u0151 munkak\u00f6r, sz\u00e1mtalan kih\u00edv\u00e1ssal, egy piacvezet\u0151 szervezetn\u00e9l t\u00f6rt\u00e9n\u0151 tanul\u00e1si, karrier \u00e9p\u00edt\u00e9si \u00e9s fejl\u0151d\u00e9si lehet\u0151s\u00e9ggel.<br \/>A munkak\u00f6r tanul\u00e1si lehet\u0151s\u00e9geket, tr\u00e9ningeket k\u00edn\u00e1l minden olyan ter\u00fcleten mely seg\u00edti az \u00e9rt\u00e9kes\u00edt\u00e9si \u00e9s kommunik\u00e1ci\u00f3s k\u00e9pess\u00e9geidet, felk\u00e9sz\u00fclts\u00e9gedet, tud\u00e1sodat.<\/p><h3>\u00c1ll\u00e1s, munka ter\u00fclete(i):<\/h3><ul><li class=\"\"><p><b>\u00c9rt\u00e9kes\u00edt\u00e9s, Kereskedelem<\/b><\/p><\/li><li class=\"\"><p>Informatikai \u00e9rt\u00e9kes\u00edt\u0151<\/p><\/li><li class=\"\"><p><b>\u00dcgyf\u00e9lszolg\u00e1lat, Vev\u0151szolg\u00e1lat<\/b><\/p><\/li><li class=\"\"><p>\u00dcgyf\u00e9lszolg\u00e1lat, \u00dcgyf\u00e9lkapcsolat vezet\u0151<\/p><\/li><li class=\"\"><p>Teljes munkaid\u0151<\/p><\/li><\/ul><h3>Sz\u00fcks\u00e9ges tapasztalat:<\/h3><p>1-3 \u00e9v szakmai tapasztalat<\/p><h3>Sz\u00fcks\u00e9ges nyelvtud\u00e1s:<\/h3><p>Nem ig\u00e9nyel nyelvtud\u00e1st, el\u0151ny angol nyelv ismerete<\/p><h3>Munkav\u00e9gz\u00e9s helye:<\/h3><p>B\u00e1cs-Kiskun megye<\/p><h3>Egy\u00e9b juttat\u00e1sok:<\/h3><p>\u00e9ves b\u00f3nusz \/ mozg\u00f3b\u00e9r, mobiltelefon, szakmai tr\u00e9ningek, nyelvtanul\u00e1s t\u00e1mogat\u00e1sa<\/p><\/div>\n\t\t\t\t<\/div>\n\t\t\t\t<\/div>\n\t\t\t\t<div class=\"elementor-element elementor-element-47198cc elementor-widget elementor-widget-text-editor\" data-id=\"47198cc\" data-element_type=\"widget\" data-widget_type=\"text-editor.default\">\n\t\t\t\t<div class=\"elementor-widget-container\">\n\t\t\t\t\t<div class=\"elementor-text-editor elementor-clearfix\"><h2>JELENTKEZ\u00c9S AZ \u00c1LL\u00c1SRA:<\/h2><p>Jelentkezz am\u00edg lehet, \u00e9lj a lehet\u0151s\u00e9ggel! Csak rajtad m\u00falik! <br \/>Az al\u00e1bbi gombra kattintva tudsz tov\u00e1bbl\u00e9pni.<\/p><\/div>\n\t\t\t\t<\/div>\n\t\t\t\t<\/div>\n\t\t\t\t\t\t<\/div>\n\t\t\t<\/div>\n\t\t<\/div>\n\t\t\t\t\t\t<\/div>\n\t\t\t<\/div>\n\t\t<\/section>\n\t\t\t\t<section class=\"elementor-element elementor-element-4e0f037 elementor-section-boxed elementor-section-height-default elementor-section-height-default elementor-section elementor-top-section\" data-id=\"4e0f037\" data-element_type=\"section\">\n\t\t\t\t\t\t<div class=\"elementor-container elementor-column-gap-default\">\n\t\t\t\t<div class=\"elementor-row\">\n\t\t\t\t<div class=\"elementor-element elementor-element-f6c2cff elementor-column elementor-col-100 elementor-top-column\" data-id=\"f6c2cff\" data-element_type=\"column\">\n\t\t\t<div class=\"elementor-column-wrap  elementor-element-populated\">\n\t\t\t\t\t<div class=\"elementor-widget-wrap\">\n\t\t\t\t<div class=\"elementor-element elementor-element-3815207 elementor-align-center elementor-widget elementor-widget-button\" data-id=\"3815207\" data-element_type=\"widget\" data-widget_type=\"button.default\">\n\t\t\t\t<div class=\"elementor-widget-container\">\n\t\t\t\t\t<div class=\"elementor-button-wrapper\">\n\t\t\t<a href=\"https:\/\/tech.interspeedia.com\/jobs\/38556.49001.45266.1\" class=\"elementor-button-link elementor-button elementor-size-sm\" role=\"button\">\n\t\t\t\t\t\t<span class=\"elementor-button-content-wrapper\">\n\t\t\t\t\t\t<span class=\"elementor-button-text\">JELENTKEZEM<\/span>\n\t\t<\/span>\n\t\t\t\t\t<\/a>\n\t\t<\/div>\n\t\t\t\t<\/div>\n\t\t\t\t<\/div>\n\t\t\t\t\t\t<\/div>\n\t\t\t<\/div>\n\t\t<\/div>\n\t\t\t\t\t\t<\/div>\n\t\t\t<\/div>\n\t\t<\/section>\n\t\t\t\t\t\t<\/div>\n\t\t\t<\/div>\n\t\t<\/div>\n\t\t","protected":false},"excerpt":{"rendered":"<p>A Deltanet egy folyamatosan n\u00f6vekv\u0151 kecskem\u00e9ti sz\u00e9khely\u0171 t\u00e1vk\u00f6zl\u00e9si szolg\u00e1ltat\u00f3 4.000 \u00fcgyf\u00e9llel. Szolg\u00e1ltat\u00e1si ter\u00fclet\u00fcnk\u00f6n piacvezet\u0151k vagyunk a helyhez k\u00f6t\u00f6tt vezet\u00e9kn\u00e9lk\u00fcli internetszolg\u00e1ltat\u00e1s ter\u00fclet\u00e9n, \u00e9s k\u00fcldet\u00e9s\u00fcnk a korl\u00e1tlan<\/p>\n","protected":false},"author":10,"featured_media":0,"parent":0,"menu_order":0,"comment_status":"closed","ping_status":"closed","template":"","meta":{"_mi_skip_tracking":false},"_links":{"self":[{"href":"https:\/\/deltanet.hu\/index.php\/wp-json\/wp\/v2\/pages\/4477"}],"collection":[{"href":"https:\/\/deltanet.hu\/index.php\/wp-json\/wp\/v2\/pages"}],"about":[{"href":"https:\/\/deltanet.hu\/index.php\/wp-json\/wp\/v2\/types\/page"}],"author":[{"embeddable":true,"href":"https:\/\/deltanet.hu\/index.php\/wp-json\/wp\/v2\/users\/10"}],"replies":[{"embeddable":true,"href":"https:\/\/deltanet.hu\/index.php\/wp-json\/wp\/v2\/comments?post=4477"}],"version-history":[{"count":6,"href":"https:\/\/deltanet.hu\/index.php\/wp-json\/wp\/v2\/pages\/4477\/revisions"}],"predecessor-version":[{"id":4536,"href":"https:\/\/deltanet.hu\/index.php\/wp-json\/wp\/v2\/pages\/4477\/revisions\/4536"}],"wp:attachment":[{"href":"https:\/\/deltanet.hu\/index.php\/wp-json\/wp\/v2\/media?parent=4477"}],"curies":[{"name":"wp","href":"https:\/\/api.w.org\/{rel}","templated":true}]}}