{"id":4481,"date":"2019-09-17T12:39:54","date_gmt":"2019-09-17T12:39:54","guid":{"rendered":"http:\/\/deltanet.hu\/?page_id=4481"},"modified":"2019-09-18T08:47:54","modified_gmt":"2019-09-18T08:47:54","slug":"penzugyi-munkatars","status":"publish","type":"page","link":"https:\/\/deltanet.hu\/index.php\/penzugyi-munkatars\/","title":{"rendered":"P\u00e9nz\u00fcgyi munkat\u00e1rs"},"content":{"rendered":"\t\t<div data-elementor-type=\"wp-post\" data-elementor-id=\"4481\" class=\"elementor elementor-4481 elementor-bc-flex-widget\" data-elementor-settings=\"[]\">\n\t\t\t<div class=\"elementor-inner\">\n\t\t\t\t<div class=\"elementor-section-wrap\">\n\t\t\t\t\t\t\t<section class=\"elementor-element elementor-element-ba000a9 elementor-section-boxed elementor-section-height-default elementor-section-height-default elementor-section elementor-top-section\" data-id=\"ba000a9\" data-element_type=\"section\">\n\t\t\t\t\t\t<div class=\"elementor-container elementor-column-gap-default\">\n\t\t\t\t<div class=\"elementor-row\">\n\t\t\t\t<div class=\"elementor-element elementor-element-bed7739 elementor-column elementor-col-100 elementor-top-column\" data-id=\"bed7739\" data-element_type=\"column\">\n\t\t\t<div class=\"elementor-column-wrap  elementor-element-populated\">\n\t\t\t\t\t<div class=\"elementor-widget-wrap\">\n\t\t\t\t<div class=\"elementor-element elementor-element-8876251 elementor-widget elementor-widget-text-editor\" data-id=\"8876251\" data-element_type=\"widget\" data-widget_type=\"text-editor.default\">\n\t\t\t\t<div class=\"elementor-widget-container\">\n\t\t\t\t\t<div class=\"elementor-text-editor elementor-clearfix\"><h1>P\u00c9NZ\u00dcGYI MUNKAT\u00c1RS<\/h1><p>Erre a posztokra jelenleg nem keres\u00fcnk munkat\u00e1rsat, amennyiben ett\u0151l f\u00fcggetlen\u00fcl is szeretn\u00e9 elk\u00fcldeni jelentkez\u00e9s\u00e9t <br \/>kattintson az al\u00e1bbi jelentkezem gombra!<\/p><\/div>\n\t\t\t\t<\/div>\n\t\t\t\t<\/div>\n\t\t\t\t\t\t<\/div>\n\t\t\t<\/div>\n\t\t<\/div>\n\t\t\t\t\t\t<\/div>\n\t\t\t<\/div>\n\t\t<\/section>\n\t\t\t\t<section class=\"elementor-element elementor-element-9bc5f68 elementor-section-boxed elementor-section-height-default elementor-section-height-default elementor-section elementor-top-section\" data-id=\"9bc5f68\" data-element_type=\"section\">\n\t\t\t\t\t\t<div class=\"elementor-container elementor-column-gap-default\">\n\t\t\t\t<div class=\"elementor-row\">\n\t\t\t\t<div class=\"elementor-element elementor-element-e163425 elementor-column elementor-col-100 elementor-top-column\" data-id=\"e163425\" data-element_type=\"column\">\n\t\t\t<div class=\"elementor-column-wrap  elementor-element-populated\">\n\t\t\t\t\t<div class=\"elementor-widget-wrap\">\n\t\t\t\t<div class=\"elementor-element elementor-element-f6cce11 elementor-align-center elementor-widget elementor-widget-button\" data-id=\"f6cce11\" data-element_type=\"widget\" data-widget_type=\"button.default\">\n\t\t\t\t<div class=\"elementor-widget-container\">\n\t\t\t\t\t<div class=\"elementor-button-wrapper\">\n\t\t\t<a href=\"https:\/\/tech.interspeedia.com\/jobs\/38556.48640.44904.1\" class=\"elementor-button-link elementor-button elementor-size-sm\" role=\"button\">\n\t\t\t\t\t\t<span class=\"elementor-button-content-wrapper\">\n\t\t\t\t\t\t<span class=\"elementor-button-text\">JELENTKEZEM<\/span>\n\t\t<\/span>\n\t\t\t\t\t<\/a>\n\t\t<\/div>\n\t\t\t\t<\/div>\n\t\t\t\t<\/div>\n\t\t\t\t\t\t<\/div>\n\t\t\t<\/div>\n\t\t<\/div>\n\t\t\t\t\t\t<\/div>\n\t\t\t<\/div>\n\t\t<\/section>\n\t\t\t\t\t\t<\/div>\n\t\t\t<\/div>\n\t\t<\/div>\n\t\t","protected":false},"excerpt":{"rendered":"<p>P\u00c9NZ\u00dcGYI MUNKAT\u00c1RS Erre a posztokra jelenleg nem keres\u00fcnk munkat\u00e1rsat, amennyiben ett\u0151l f\u00fcggetlen\u00fcl is szeretn\u00e9 elk\u00fcldeni jelentkez\u00e9s\u00e9t kattintson az al\u00e1bbi jelentkezem gombra! JELENTKEZEM<\/p>\n","protected":false},"author":10,"featured_media":0,"parent":0,"menu_order":0,"comment_status":"closed","ping_status":"closed","template":"","meta":{"_mi_skip_tracking":false},"_links":{"self":[{"href":"https:\/\/deltanet.hu\/index.php\/wp-json\/wp\/v2\/pages\/4481"}],"collection":[{"href":"https:\/\/deltanet.hu\/index.php\/wp-json\/wp\/v2\/pages"}],"about":[{"href":"https:\/\/deltanet.hu\/index.php\/wp-json\/wp\/v2\/types\/page"}],"author":[{"embeddable":true,"href":"https:\/\/deltanet.hu\/index.php\/wp-json\/wp\/v2\/users\/10"}],"replies":[{"embeddable":true,"href":"https:\/\/deltanet.hu\/index.php\/wp-json\/wp\/v2\/comments?post=4481"}],"version-history":[{"count":4,"href":"https:\/\/deltanet.hu\/index.php\/wp-json\/wp\/v2\/pages\/4481\/revisions"}],"predecessor-version":[{"id":4523,"href":"https:\/\/deltanet.hu\/index.php\/wp-json\/wp\/v2\/pages\/4481\/revisions\/4523"}],"wp:attachment":[{"href":"https:\/\/deltanet.hu\/index.php\/wp-json\/wp\/v2\/media?parent=4481"}],"curies":[{"name":"wp","href":"https:\/\/api.w.org\/{rel}","templated":true}]}}