{"id":506,"date":"2018-10-16T09:44:56","date_gmt":"2018-10-16T09:44:56","guid":{"rendered":"http:\/\/alfasites.hu\/?page_id=506"},"modified":"2022-05-10T14:35:17","modified_gmt":"2022-05-10T12:35:17","slug":"tanyanet","status":"publish","type":"page","link":"https:\/\/deltanet.hu\/index.php\/tanyanet\/","title":{"rendered":"Tanyanet"},"content":{"rendered":"\t\t<div data-elementor-type=\"wp-post\" data-elementor-id=\"506\" class=\"elementor elementor-506 elementor-bc-flex-widget\" data-elementor-settings=\"[]\">\n\t\t\t<div class=\"elementor-inner\">\n\t\t\t\t<div class=\"elementor-section-wrap\">\n\t\t\t\t\t\t\t<section class=\"elementor-element elementor-element-887473c elementor-section-height-min-height elementor-section-content-middle elementor-section-stretched elementor-section-boxed elementor-section-height-default elementor-section-items-middle elementor-section elementor-top-section\" data-id=\"887473c\" data-element_type=\"section\" data-settings=\"{&quot;background_background&quot;:&quot;classic&quot;,&quot;stretch_section&quot;:&quot;section-stretched&quot;}\">\n\t\t\t\t\t\t\t<div class=\"elementor-background-overlay\"><\/div>\n\t\t\t\t\t\t\t<div class=\"elementor-container elementor-column-gap-default\">\n\t\t\t\t<div class=\"elementor-row\">\n\t\t\t\t<div class=\"elementor-element elementor-element-2a1ae4e2 elementor-column elementor-col-100 elementor-top-column\" data-id=\"2a1ae4e2\" data-element_type=\"column\">\n\t\t\t<div class=\"elementor-column-wrap  elementor-element-populated\">\n\t\t\t\t\t<div class=\"elementor-widget-wrap\">\n\t\t\t\t<div class=\"elementor-element elementor-element-5f337a81 elementor-widget elementor-widget-heading\" data-id=\"5f337a81\" data-element_type=\"widget\" data-widget_type=\"heading.default\">\n\t\t\t\t<div class=\"elementor-widget-container\">\n\t\t\t<h5 class=\"elementor-heading-title elementor-size-default\">Tanyanet<\/h5>\t\t<\/div>\n\t\t\t\t<\/div>\n\t\t\t\t<div class=\"elementor-element elementor-element-fffdf1f elementor-widget elementor-widget-heading\" data-id=\"fffdf1f\" data-element_type=\"widget\" data-widget_type=\"heading.default\">\n\t\t\t\t<div class=\"elementor-widget-container\">\n\t\t\t<h2 class=\"elementor-heading-title elementor-size-default\">\nNincs k\u00e1beles internete?<\/h2>\t\t<\/div>\n\t\t\t\t<\/div>\n\t\t\t\t<div class=\"elementor-element elementor-element-f0da467 elementor-widget elementor-widget-heading\" data-id=\"f0da467\" data-element_type=\"widget\" data-widget_type=\"heading.default\">\n\t\t\t\t<div class=\"elementor-widget-container\">\n\t\t\t<h1 class=\"elementor-heading-title elementor-size-default\">A mikrohull\u00e1m\u00fa internet a v\u00e1rosokon t\u00fal!<\/h1>\t\t<\/div>\n\t\t\t\t<\/div>\n\t\t\t\t<div class=\"elementor-element elementor-element-30f8599 elementor-widget elementor-widget-heading\" data-id=\"30f8599\" data-element_type=\"widget\" data-widget_type=\"heading.default\">\n\t\t\t\t<div class=\"elementor-widget-container\">\n\t\t\t<h1 class=\"elementor-heading-title elementor-size-default\">A mikrohull\u00e1m\u00fa szolg\u00e1ltat\u00e1sunk alapj\u00e1t k\u00e9pez\u0151 kapcsolat egy vezet\u00e9k n\u00e9lk\u00fcli adatkapcsolat, ahol az \u00fcgyf\u00e9lhez telep\u00edtett antenn\u00e1s-r\u00e1di\u00f3s eszk\u00f6z a mi k\u00f6zponti antenn\u00e1nkkal kommunik\u00e1l. A szolg\u00e1ltat\u00e1s csak a k\u00f6zpontok meghat\u00e1rozott hat\u00f3sugar\u00e1ban \u00e9rhet\u0151 el. <br><br>Az antenn\u00e1k k\u00f6z\u00f6tt tiszta optikai kapcsolatnak kell lenni, egy\u00e9b esetben a szolg\u00e1ltat\u00e1s nem vagy el\u00e9gtelen min\u0151s\u00e9gben m\u0171k\u00f6dne.<\/h1>\t\t<\/div>\n\t\t\t\t<\/div>\n\t\t\t\t<div class=\"elementor-element elementor-element-4e41d38 elementor-widget elementor-widget-button\" data-id=\"4e41d38\" data-element_type=\"widget\" data-widget_type=\"button.default\">\n\t\t\t\t<div class=\"elementor-widget-container\">\n\t\t\t\t\t<div class=\"elementor-button-wrapper\">\n\t\t\t<a href=\"\/index.php\/lakossagi-csomag-ajanlatok\/\" class=\"elementor-button-link elementor-button elementor-size-sm\" role=\"button\">\n\t\t\t\t\t\t<span class=\"elementor-button-content-wrapper\">\n\t\t\t\t\t\t<span class=\"elementor-button-text\">Megn\u00e9zem az aj\u00e1nlatokat<\/span>\n\t\t<\/span>\n\t\t\t\t\t<\/a>\n\t\t<\/div>\n\t\t\t\t<\/div>\n\t\t\t\t<\/div>\n\t\t\t\t\t\t<\/div>\n\t\t\t<\/div>\n\t\t<\/div>\n\t\t\t\t\t\t<\/div>\n\t\t\t<\/div>\n\t\t<\/section>\n\t\t\t\t\t\t<\/div>\n\t\t\t<\/div>\n\t\t<\/div>\n\t\t","protected":false},"excerpt":{"rendered":"<p>Tanyanet Nincs k\u00e1beles internete? A mikrohull\u00e1m\u00fa internet a v\u00e1rosokon t\u00fal! A mikrohull\u00e1m\u00fa szolg\u00e1ltat\u00e1sunk alapj\u00e1t k\u00e9pez\u0151 kapcsolat egy vezet\u00e9k n\u00e9lk\u00fcli adatkapcsolat, ahol az \u00fcgyf\u00e9lhez telep\u00edtett antenn\u00e1s-r\u00e1di\u00f3s<\/p>\n","protected":false},"author":10,"featured_media":524,"parent":0,"menu_order":0,"comment_status":"closed","ping_status":"closed","template":"","meta":{"_mi_skip_tracking":false},"_links":{"self":[{"href":"https:\/\/deltanet.hu\/index.php\/wp-json\/wp\/v2\/pages\/506"}],"collection":[{"href":"https:\/\/deltanet.hu\/index.php\/wp-json\/wp\/v2\/pages"}],"about":[{"href":"https:\/\/deltanet.hu\/index.php\/wp-json\/wp\/v2\/types\/page"}],"author":[{"embeddable":true,"href":"https:\/\/deltanet.hu\/index.php\/wp-json\/wp\/v2\/users\/10"}],"replies":[{"embeddable":true,"href":"https:\/\/deltanet.hu\/index.php\/wp-json\/wp\/v2\/comments?post=506"}],"version-history":[{"count":21,"href":"https:\/\/deltanet.hu\/index.php\/wp-json\/wp\/v2\/pages\/506\/revisions"}],"predecessor-version":[{"id":9576,"href":"https:\/\/deltanet.hu\/index.php\/wp-json\/wp\/v2\/pages\/506\/revisions\/9576"}],"wp:featuredmedia":[{"embeddable":true,"href":"https:\/\/deltanet.hu\/index.php\/wp-json\/wp\/v2\/media\/524"}],"wp:attachment":[{"href":"https:\/\/deltanet.hu\/index.php\/wp-json\/wp\/v2\/media?parent=506"}],"curies":[{"name":"wp","href":"https:\/\/api.w.org\/{rel}","templated":true}]}}