{"id":556,"date":"2018-10-18T06:38:24","date_gmt":"2018-10-18T06:38:24","guid":{"rendered":"http:\/\/alfasites.hu\/?page_id=556"},"modified":"2019-01-21T14:01:21","modified_gmt":"2019-01-21T14:01:21","slug":"technikai-felhivas","status":"publish","type":"page","link":"https:\/\/deltanet.hu\/index.php\/technikai-felhivas\/","title":{"rendered":"Technikai felh\u00edv\u00e1s"},"content":{"rendered":"\t\t<div data-elementor-type=\"wp-post\" data-elementor-id=\"556\" class=\"elementor elementor-556 elementor-bc-flex-widget\" data-elementor-settings=\"[]\">\n\t\t\t<div class=\"elementor-inner\">\n\t\t\t\t<div class=\"elementor-section-wrap\">\n\t\t\t\t\t\t\t<section class=\"elementor-element elementor-element-4127cafb elementor-section-boxed elementor-section-height-default elementor-section-height-default elementor-section elementor-top-section\" data-id=\"4127cafb\" data-element_type=\"section\">\n\t\t\t\t\t\t<div class=\"elementor-container elementor-column-gap-default\">\n\t\t\t\t<div class=\"elementor-row\">\n\t\t\t\t<div class=\"elementor-element elementor-element-3add70cf elementor-column elementor-col-100 elementor-top-column\" data-id=\"3add70cf\" data-element_type=\"column\">\n\t\t\t<div class=\"elementor-column-wrap  elementor-element-populated\">\n\t\t\t\t\t<div class=\"elementor-widget-wrap\">\n\t\t\t\t<div class=\"elementor-element elementor-element-6d9c61a2 elementor-widget elementor-widget-text-editor\" data-id=\"6d9c61a2\" data-element_type=\"widget\" data-widget_type=\"text-editor.default\">\n\t\t\t\t<div class=\"elementor-widget-container\">\n\t\t\t\t\t<div class=\"elementor-text-editor elementor-clearfix\"><div class=\"entry-content\">\n<header class=\"entry-header\">\n<p class=\"entry-title\">Ez\u00faton is t\u00e1j\u00e9koztatjuk \u00d6n\u00f6ket arr\u00f3l, hogy a napi gyakorlatunk sor\u00e1n az \u00e1ltalunk fel\u00fcgyelt h\u00e1l\u00f3zatokon egyre t\u00f6bbsz\u00f6r tal\u00e1lkozunk azzal a jelens\u00e9ggel, hogy az \u00fcgyfelek olyan eszk\u00f6z\u00f6ket haszn\u00e1lnak a v\u00e9gpontjaikon, amik nem rendeltet\u00e9sszer\u0171 m\u0171k\u00f6d\u00e9s\u00fckkel rontj\u00e1k a szolg\u00e1ltat\u00e1s min\u0151s\u00e9g\u00e9t. Ezek az eszk\u00f6z\u00f6k \u00e1ltal\u00e1ban olyan olcs\u00f3 vagy r\u00e9gi firmware-rel rendelkez\u0151 routerek, melyek m\u0171k\u00f6d\u00e9s\u00fck k\u00f6zben gyakran bontj\u00e1k a kapcsolatot, nem megfelel\u0151 jelszinttel sug\u00e1roznak, vagy magas v\u00e1laszid\u0151vel rendelkeznek.<\/p>\n<\/header>\n<div class=\"entry-content\">\n<p>Mivel nem egyedi esetekr\u0151l van sz\u00f3 \u00e9s egyre n\u00f6vekszik az ilyen probl\u00e9m\u00e1k sz\u00e1ma, az al\u00e1bbiakban foglaljuk \u00f6ssze \u00fatmutat\u00e1sunkat \u00e9s javaslatunkat.<\/p>\n<p>SZEMPONTOK, JAVASLATOK MELYEKET EGY ROUTER V\u00c1S\u00c1RL\u00c1SAKOR (FRISS\u00cdT\u00c9SEKOR) \u00c9RDEMES FIGYELEMBE VENNI:<\/p>\n<p>1. VAN-E A ROUTER GY\u00c1RT\u00d3J\u00c1NAK HONLAPJA?<\/p>\n<p>Ha nincs, vagy van, de csak k\u00ednai\/taiwani nyelvezet\u0171, akkor \u00e9rdemes ink\u00e1bb egy m\u00e1sik gy\u00e1rt\u00f3 (legal\u00e1bb angol nyelven) t\u00e1mogatott eszk\u00f6z\u00e9t v\u00e1lasztani helyette.<\/p>\n<p>2. A GY\u00c1RT\u00d3NAK VANNAK-E FRISS TERM\u00c9KEI, VAGY LEGUT\u00d3BB 5 \u00c9VE M\u00d3DOSULT A GY\u00c1RT\u00d3 HONLAPJ\u00c1NAK LEGFRISSEBB CIKKE IS?<\/p>\n<p>Ha ut\u00f3bbi, akkor \u00e9rdemes ink\u00e1bb m\u00e1s gy\u00e1rt\u00f3 term\u00e9k\u00e9t v\u00e1lasztani. Az informatika vil\u00e1ga napr\u00f3l napra, \u00f3r\u00e1r\u00f3l \u00f3r\u00e1ra v\u00e1ltozik. Ha egy olyan eszk\u00f6zt v\u00e1lasztunk,aminek a t\u00e1mogat\u00e1s\u00e1t m\u00e1r r\u00e9g befejezte a gy\u00e1rt\u00f3 \u2013erre utalhat a r\u00e9g aktualiz\u00e1lt honlapja is- akkor biztosak lehet\u00fcnk benne, hogy az eszk\u00f6z nem fog tudni megfelelni teljes m\u00e9rt\u00e9kben a mai k\u00f6vetelm\u00e9nyeknek. Felesleges probl\u00e9m\u00e1kat \u00e9s kiad\u00e1st fog jelenteni, m\u00e9g akkor is, ha esetleg olcs\u00f3n jutunk hozz\u00e1.<\/p>\n<p>3. HA VANNAK FRISS TERM\u00c9KEK, DE A KIV\u00c1LASZTOTT ESZK\u00d6Z M\u00c1R MOST \u201cMEGSZ\u00dcNT\u201d<\/p>\n<p>akkor azt \u2013 hacsak nem valami sok\u00e1ig nagyon felkapott\/sikeres term\u00e9kr\u0151l van sz\u00f3, pl. Linksys WRT54GL \u2013 ink\u00e1bb hagyjuk!<\/p>\n<p>4. VAN-E RENDSZERES TERM\u00c9KT\u00c1MOGAT\u00c1SA (\u00daJ FIRMWARE-EK)?<\/p>\n<p>Ha t\u00fal sok fajta firmware-t tudunk let\u00f6lteni, gyan\u00fas lehet, ha egy\u00e1ltal\u00e1n nincs ilyen lehet\u0151s\u00e9g, az is.<\/p>\n<p>5. CSAK AKKOR FRISS\u00cdTSE ROUTER\u00c9NEK FIRMWARE-\u00c9T HA MEGFELEL\u0150 INFORMATIKAI J\u00c1RTASS\u00c1GGAL B\u00cdR, ELLENKEZ\u0150 ESETBEN FORDULJON SZAKEMBERHEZ! A SZAKSZER\u0170TLEN\/HIB\u00c1S TELEP\u00cdT\u00c9S AZ ESZK\u00d6Z GARANCI\u00c1J\u00c1NAK ELVESZT\u00c9S\u00c9HEZ \u00c9S HASZN\u00c1LHATATLANN\u00c1 V\u00c1L\u00c1S\u00c1HOZ VEZETHET<\/p>\n<p>6. AZ \u00c1LTALUNK LEGINK\u00c1BB T\u00c1MOGATOTT TERM\u00c9K :<\/p>\n<p>Az \u00e1ltalunk legink\u00e1bb t\u00e1mogatott router m\u00e1rka a mikrotik.<\/p>\n<p>7. \u00c1LTAL\u00c1BAN HIB\u00c1S M\u0170K\u00d6D\u00c9SSEL RENDELKEZ\u0150 MODELLEK:<\/p>\n<p>Az \u00e1ltalunk legink\u00e1bb tapasztalt HIB\u00c1S MODELLEK, gy\u00e1rt\u00f3k a teljess\u00e9g ig\u00e9nye n\u00e9lk\u00fcl:<\/p>\n<p>TP-Link TL-WR841N, TP-Link TL-WR1043ND, TP-Link TL-WR740N, TP-Link TL-WR340GD<\/p>\n<p>A kiemelt modellek csak p\u00e9ldak\u00e9nt szolg\u00e1lnak, tapasztalataink alapj\u00e1n az itt felsorolt gy\u00e1rt\u00f3k \u00e1ltal k\u00edn\u00e1lt term\u00e9kek megb\u00edzhat\u00f3s\u00e1ga NEM MEGFELEL\u0150, EZ\u00c9RT NE ALKALMAZZUK<\/p>\n<p>TP-Link, ZyXEL, SMC<\/p>\n<\/div>\n<\/div>\n<div><br><\/div><div><br><\/div><\/div>\n\t\t\t\t<\/div>\n\t\t\t\t<\/div>\n\t\t\t\t\t\t<\/div>\n\t\t\t<\/div>\n\t\t<\/div>\n\t\t\t\t\t\t<\/div>\n\t\t\t<\/div>\n\t\t<\/section>\n\t\t\t\t\t\t<\/div>\n\t\t\t<\/div>\n\t\t<\/div>\n\t\t","protected":false},"excerpt":{"rendered":"<p>Ez\u00faton is t\u00e1j\u00e9koztatjuk \u00d6n\u00f6ket arr\u00f3l, hogy a napi gyakorlatunk sor\u00e1n az \u00e1ltalunk fel\u00fcgyelt h\u00e1l\u00f3zatokon egyre t\u00f6bbsz\u00f6r tal\u00e1lkozunk azzal a jelens\u00e9ggel, hogy az \u00fcgyfelek olyan eszk\u00f6z\u00f6ket<\/p>\n","protected":false},"author":10,"featured_media":0,"parent":0,"menu_order":0,"comment_status":"closed","ping_status":"closed","template":"","meta":{"_mi_skip_tracking":false},"_links":{"self":[{"href":"https:\/\/deltanet.hu\/index.php\/wp-json\/wp\/v2\/pages\/556"}],"collection":[{"href":"https:\/\/deltanet.hu\/index.php\/wp-json\/wp\/v2\/pages"}],"about":[{"href":"https:\/\/deltanet.hu\/index.php\/wp-json\/wp\/v2\/types\/page"}],"author":[{"embeddable":true,"href":"https:\/\/deltanet.hu\/index.php\/wp-json\/wp\/v2\/users\/10"}],"replies":[{"embeddable":true,"href":"https:\/\/deltanet.hu\/index.php\/wp-json\/wp\/v2\/comments?post=556"}],"version-history":[{"count":4,"href":"https:\/\/deltanet.hu\/index.php\/wp-json\/wp\/v2\/pages\/556\/revisions"}],"predecessor-version":[{"id":3479,"href":"https:\/\/deltanet.hu\/index.php\/wp-json\/wp\/v2\/pages\/556\/revisions\/3479"}],"wp:attachment":[{"href":"https:\/\/deltanet.hu\/index.php\/wp-json\/wp\/v2\/media?parent=556"}],"curies":[{"name":"wp","href":"https:\/\/api.w.org\/{rel}","templated":true}]}}