{"id":6592,"date":"2020-12-14T13:16:14","date_gmt":"2020-12-14T12:16:14","guid":{"rendered":"http:\/\/deltanet.hu\/?page_id=6592"},"modified":"2026-04-23T16:19:37","modified_gmt":"2026-04-23T14:19:37","slug":"ajanlatkeres-2","status":"publish","type":"page","link":"https:\/\/deltanet.hu\/index.php\/ajanlatkeres-2\/","title":{"rendered":"Aj\u00e1nlatk\u00e9r\u00e9s"},"content":{"rendered":"\t\t<div data-elementor-type=\"wp-page\" data-elementor-id=\"6592\" class=\"elementor elementor-6592\" data-elementor-settings=\"[]\">\n\t\t\t<div class=\"elementor-inner\">\n\t\t\t\t<div class=\"elementor-section-wrap\">\n\t\t\t\t\t\t\t<section class=\"elementor-element elementor-element-e22d576 elementor-section-boxed elementor-section-height-default elementor-section-height-default elementor-section elementor-top-section\" data-id=\"e22d576\" data-element_type=\"section\">\n\t\t\t\t\t\t<div class=\"elementor-container elementor-column-gap-default\">\n\t\t\t\t<div class=\"elementor-row\">\n\t\t\t\t<div class=\"elementor-element elementor-element-b881546 elementor-column elementor-col-100 elementor-top-column\" data-id=\"b881546\" data-element_type=\"column\">\n\t\t\t<div class=\"elementor-column-wrap  elementor-element-populated\">\n\t\t\t\t\t<div class=\"elementor-widget-wrap\">\n\t\t\t\t<div class=\"elementor-element elementor-element-543dcce elementor-widget elementor-widget-heading\" data-id=\"543dcce\" data-element_type=\"widget\" data-widget_type=\"heading.default\">\n\t\t\t\t<div class=\"elementor-widget-container\">\n\t\t\t<h1 class=\"elementor-heading-title elementor-size-default\">K\u00e9rjen \u00e1raj\u00e1nlatot<\/h1>\t\t<\/div>\n\t\t\t\t<\/div>\n\t\t\t\t\t\t<\/div>\n\t\t\t<\/div>\n\t\t<\/div>\n\t\t\t\t\t\t<\/div>\n\t\t\t<\/div>\n\t\t<\/section>\n\t\t\t\t<section class=\"elementor-element elementor-element-2d90e27 elementor-section-boxed elementor-section-height-default elementor-section-height-default elementor-section elementor-top-section\" data-id=\"2d90e27\" data-element_type=\"section\">\n\t\t\t\t\t\t<div class=\"elementor-container elementor-column-gap-default\">\n\t\t\t\t<div class=\"elementor-row\">\n\t\t\t\t<div class=\"elementor-element elementor-element-35da7a2 elementor-column elementor-col-100 elementor-top-column\" data-id=\"35da7a2\" data-element_type=\"column\">\n\t\t\t<div class=\"elementor-column-wrap  elementor-element-populated\">\n\t\t\t\t\t<div class=\"elementor-widget-wrap\">\n\t\t\t\t<div class=\"elementor-element elementor-element-ea8b3d4 elementor-widget elementor-widget-text-editor\" data-id=\"ea8b3d4\" data-element_type=\"widget\" data-widget_type=\"text-editor.default\">\n\t\t\t\t<div class=\"elementor-widget-container\">\n\t\t\t\t\t<div class=\"elementor-text-editor elementor-clearfix\"><h4><span style=\"color: #ff0000;\">Az oldal fejleszt\u00e9s alatt \u00e1ll.<\/span><br \/>\u00c1raj\u00e1nlat\u00e9rt k\u00e9rj\u00fck keresse fel \u00fcgyf\u00e9lszolg\u00e1latunkat az al\u00e1bbi el\u00e9rhet\u0151s\u00e9geken:<br \/><br \/><strong>Email:<\/strong> ugyfelszolgalat@deltanet.hu<\/h4><h4><strong>Telefon: <\/strong>1290 vagy +36 76 76 76 76\u00a0<\/h4><\/div>\n\t\t\t\t<\/div>\n\t\t\t\t<\/div>\n\t\t\t\t\t\t<\/div>\n\t\t\t<\/div>\n\t\t<\/div>\n\t\t\t\t\t\t<\/div>\n\t\t\t<\/div>\n\t\t<\/section>\n\t\t\t\t\t\t<\/div>\n\t\t\t<\/div>\n\t\t<\/div>\n\t\t","protected":false},"excerpt":{"rendered":"<p>K\u00e9rjen \u00e1raj\u00e1nlatot Az oldal fejleszt\u00e9s alatt \u00e1ll.\u00c1raj\u00e1nlat\u00e9rt k\u00e9rj\u00fck keresse fel \u00fcgyf\u00e9lszolg\u00e1latunkat az al\u00e1bbi el\u00e9rhet\u0151s\u00e9geken: Email: ugyfelszolgalat@deltanet.hu Telefon: 1290 vagy +36 76 76 76 76\u00a0<\/p>\n","protected":false},"author":4,"featured_media":0,"parent":0,"menu_order":0,"comment_status":"closed","ping_status":"closed","template":"","meta":{"_mi_skip_tracking":false},"_links":{"self":[{"href":"https:\/\/deltanet.hu\/index.php\/wp-json\/wp\/v2\/pages\/6592"}],"collection":[{"href":"https:\/\/deltanet.hu\/index.php\/wp-json\/wp\/v2\/pages"}],"about":[{"href":"https:\/\/deltanet.hu\/index.php\/wp-json\/wp\/v2\/types\/page"}],"author":[{"embeddable":true,"href":"https:\/\/deltanet.hu\/index.php\/wp-json\/wp\/v2\/users\/4"}],"replies":[{"embeddable":true,"href":"https:\/\/deltanet.hu\/index.php\/wp-json\/wp\/v2\/comments?post=6592"}],"version-history":[{"count":9,"href":"https:\/\/deltanet.hu\/index.php\/wp-json\/wp\/v2\/pages\/6592\/revisions"}],"predecessor-version":[{"id":11248,"href":"https:\/\/deltanet.hu\/index.php\/wp-json\/wp\/v2\/pages\/6592\/revisions\/11248"}],"wp:attachment":[{"href":"https:\/\/deltanet.hu\/index.php\/wp-json\/wp\/v2\/media?parent=6592"}],"curies":[{"name":"wp","href":"https:\/\/api.w.org\/{rel}","templated":true}]}}