{"id":6609,"date":"2018-10-18T12:14:42","date_gmt":"2018-10-18T10:14:42","guid":{"rendered":"http:\/\/deltanet.hu\/?page_id=6609"},"modified":"2022-07-11T10:42:53","modified_gmt":"2022-07-11T08:42:53","slug":"kabelnet-csomag-ajanlatok","status":"publish","type":"page","link":"https:\/\/deltanet.hu\/index.php\/kabelnet-csomag-ajanlatok\/","title":{"rendered":"K\u00e1belnet csomag aj\u00e1nlatok nem k\u00f6zz\u00e9tett"},"content":{"rendered":"\t\t<div data-elementor-type=\"wp-post\" data-elementor-id=\"6609\" class=\"elementor elementor-6609\" data-elementor-settings=\"[]\">\n\t\t\t<div class=\"elementor-inner\">\n\t\t\t\t<div class=\"elementor-section-wrap\">\n\t\t\t\t\t\t\t<section class=\"elementor-element elementor-element-541a97a9 elementor-section-stretched elementor-section-boxed elementor-section-height-default elementor-section-height-default elementor-section elementor-top-section\" data-id=\"541a97a9\" data-element_type=\"section\" data-settings=\"{&quot;stretch_section&quot;:&quot;section-stretched&quot;}\">\n\t\t\t\t\t\t<div class=\"elementor-container elementor-column-gap-default\">\n\t\t\t\t<div class=\"elementor-row\">\n\t\t\t\t<div class=\"elementor-element elementor-element-48d67316 elementor-column elementor-col-100 elementor-top-column\" data-id=\"48d67316\" data-element_type=\"column\">\n\t\t\t<div class=\"elementor-column-wrap  elementor-element-populated\">\n\t\t\t\t\t<div class=\"elementor-widget-wrap\">\n\t\t\t\t<div class=\"elementor-element elementor-element-67eed72 elementor-widget elementor-widget-heading\" data-id=\"67eed72\" data-element_type=\"widget\" data-widget_type=\"heading.default\">\n\t\t\t\t<div class=\"elementor-widget-container\">\n\t\t\t<h2 class=\"elementor-heading-title elementor-size-default\">K\u00c1BELNET CSOMAGOK<\/h2>\t\t<\/div>\n\t\t\t\t<\/div>\n\t\t\t\t<div class=\"elementor-element elementor-element-0f07420 elementor-widget elementor-widget-text-editor\" data-id=\"0f07420\" data-element_type=\"widget\" data-widget_type=\"text-editor.default\">\n\t\t\t\t<div class=\"elementor-widget-container\">\n\t\t\t\t\t<div class=\"elementor-text-editor elementor-clearfix\"><p>K\u00e1belnet csomagjainkat azon \u00e9rdekl\u0151d\u0151knek aj\u00e1nljuk, akikn\u00e9l hagyom\u00e1nyos vezet\u00e9kes kapcsolat nincs ki\u00e9p\u00edtve.<\/p><p>A szolg\u00e1ltat\u00e1s csak Kecskem\u00e9t-Het\u00e9nyegyh\u00e1z\u00e1n \u00e9rhet\u0151 el.<\/p><\/div>\n\t\t\t\t<\/div>\n\t\t\t\t<\/div>\n\t\t\t\t\t\t<\/div>\n\t\t\t<\/div>\n\t\t<\/div>\n\t\t\t\t\t\t<\/div>\n\t\t\t<\/div>\n\t\t<\/section>\n\t\t\t\t<section class=\"elementor-element elementor-element-890b823 elementor-section-stretched elementor-section-content-middle elementor-section-boxed elementor-section-height-default elementor-section-height-default elementor-section elementor-top-section\" data-id=\"890b823\" data-element_type=\"section\" data-settings=\"{&quot;stretch_section&quot;:&quot;section-stretched&quot;,&quot;shape_divider_top&quot;:&quot;triangle-asymmetrical&quot;}\">\n\t\t\t\t\t<div class=\"elementor-shape elementor-shape-top\" data-negative=\"false\">\n\t\t\t<svg xmlns=\"http:\/\/www.w3.org\/2000\/svg\" viewBox=\"0 0 1000 100\" preserveAspectRatio=\"none\">\n\t<path class=\"elementor-shape-fill\" d=\"M738,99l262-93V0H0v5.6L738,99z\"\/>\n<\/svg>\t\t<\/div>\n\t\t\t\t\t<div class=\"elementor-container elementor-column-gap-no\">\n\t\t\t\t<div class=\"elementor-row\">\n\t\t\t\t<div class=\"elementor-element elementor-element-c94c93d elementor-column elementor-col-16 elementor-top-column\" data-id=\"c94c93d\" data-element_type=\"column\">\n\t\t\t<div class=\"elementor-column-wrap  elementor-element-populated\">\n\t\t\t\t\t<div class=\"elementor-widget-wrap\">\n\t\t\t\t<div class=\"elementor-element elementor-element-5426ea9 elementor-invisible elementor-widget elementor-widget-image\" data-id=\"5426ea9\" data-element_type=\"widget\" data-settings=\"{&quot;_animation&quot;:&quot;fadeInDown&quot;,&quot;_animation_delay&quot;:100}\" data-widget_type=\"image.default\">\n\t\t\t\t<div class=\"elementor-widget-container\">\n\t\t\t\t\t<div class=\"elementor-image\">\n\t\t\t\t\t\t\t\t\t\t\t<a href=\"\/index.php\/microhome_s\/\">\n\t\t\t\t\t\t\t<img width=\"583\" height=\"1024\" src=\"https:\/\/deltanet.hu\/wp-content\/uploads\/2020\/12\/K\u00e1belnet-XS-2-\u00e9ves.jpg\" class=\"elementor-animation-pulse-grow attachment-large size-large\" alt=\"\" decoding=\"async\" loading=\"lazy\" srcset=\"https:\/\/deltanet.hu\/wp-content\/uploads\/2020\/12\/K\u00e1belnet-XS-2-\u00e9ves.jpg 583w, https:\/\/deltanet.hu\/wp-content\/uploads\/2020\/12\/K\u00e1belnet-XS-2-\u00e9ves-171x300.jpg 171w\" sizes=\"(max-width: 583px) 100vw, 583px\" \/>\t\t\t\t\t\t\t\t<\/a>\n\t\t\t\t\t\t\t\t\t\t\t<\/div>\n\t\t\t\t<\/div>\n\t\t\t\t<\/div>\n\t\t\t\t\t\t<\/div>\n\t\t\t<\/div>\n\t\t<\/div>\n\t\t\t\t<div class=\"elementor-element elementor-element-72baab0 elementor-column elementor-col-16 elementor-top-column\" data-id=\"72baab0\" data-element_type=\"column\">\n\t\t\t<div class=\"elementor-column-wrap  elementor-element-populated\">\n\t\t\t\t\t<div class=\"elementor-widget-wrap\">\n\t\t\t\t<div class=\"elementor-element elementor-element-1ece165 elementor-invisible elementor-widget elementor-widget-image\" data-id=\"1ece165\" data-element_type=\"widget\" data-settings=\"{&quot;_animation&quot;:&quot;fadeInDown&quot;,&quot;_animation_delay&quot;:100}\" data-widget_type=\"image.default\">\n\t\t\t\t<div class=\"elementor-widget-container\">\n\t\t\t\t\t<div class=\"elementor-image\">\n\t\t\t\t\t\t\t\t\t\t\t<a href=\"\/index.php\/microhome_s\/\">\n\t\t\t\t\t\t\t<img width=\"583\" height=\"1024\" src=\"https:\/\/deltanet.hu\/wp-content\/uploads\/2020\/12\/K\u00e1belnet-S-2-\u00e9ves.jpg\" class=\"elementor-animation-pulse-grow attachment-large size-large\" alt=\"\" decoding=\"async\" loading=\"lazy\" srcset=\"https:\/\/deltanet.hu\/wp-content\/uploads\/2020\/12\/K\u00e1belnet-S-2-\u00e9ves.jpg 583w, https:\/\/deltanet.hu\/wp-content\/uploads\/2020\/12\/K\u00e1belnet-S-2-\u00e9ves-171x300.jpg 171w\" sizes=\"(max-width: 583px) 100vw, 583px\" \/>\t\t\t\t\t\t\t\t<\/a>\n\t\t\t\t\t\t\t\t\t\t\t<\/div>\n\t\t\t\t<\/div>\n\t\t\t\t<\/div>\n\t\t\t\t\t\t<\/div>\n\t\t\t<\/div>\n\t\t<\/div>\n\t\t\t\t<div class=\"elementor-element elementor-element-623f510 elementor-column elementor-col-16 elementor-top-column\" data-id=\"623f510\" data-element_type=\"column\">\n\t\t\t<div class=\"elementor-column-wrap  elementor-element-populated\">\n\t\t\t\t\t<div class=\"elementor-widget-wrap\">\n\t\t\t\t<div class=\"elementor-element elementor-element-470fc67 elementor-invisible elementor-widget elementor-widget-image\" data-id=\"470fc67\" data-element_type=\"widget\" data-settings=\"{&quot;_animation&quot;:&quot;fadeInDown&quot;,&quot;_animation_delay&quot;:100}\" data-widget_type=\"image.default\">\n\t\t\t\t<div class=\"elementor-widget-container\">\n\t\t\t\t\t<div class=\"elementor-image\">\n\t\t\t\t\t\t\t\t\t\t\t<a href=\"\/index.php\/microhome_m\/\">\n\t\t\t\t\t\t\t<img width=\"583\" height=\"1024\" src=\"https:\/\/deltanet.hu\/wp-content\/uploads\/2020\/12\/K\u00e1belnet-M-2-\u00e9ves.jpg\" class=\"elementor-animation-pulse-grow attachment-large size-large\" alt=\"\" decoding=\"async\" loading=\"lazy\" srcset=\"https:\/\/deltanet.hu\/wp-content\/uploads\/2020\/12\/K\u00e1belnet-M-2-\u00e9ves.jpg 583w, https:\/\/deltanet.hu\/wp-content\/uploads\/2020\/12\/K\u00e1belnet-M-2-\u00e9ves-171x300.jpg 171w\" sizes=\"(max-width: 583px) 100vw, 583px\" \/>\t\t\t\t\t\t\t\t<\/a>\n\t\t\t\t\t\t\t\t\t\t\t<\/div>\n\t\t\t\t<\/div>\n\t\t\t\t<\/div>\n\t\t\t\t\t\t<\/div>\n\t\t\t<\/div>\n\t\t<\/div>\n\t\t\t\t<div class=\"elementor-element elementor-element-6fb950e elementor-column elementor-col-16 elementor-top-column\" data-id=\"6fb950e\" data-element_type=\"column\">\n\t\t\t<div class=\"elementor-column-wrap  elementor-element-populated\">\n\t\t\t\t\t<div class=\"elementor-widget-wrap\">\n\t\t\t\t<div class=\"elementor-element elementor-element-e9de1e5 elementor-invisible elementor-widget elementor-widget-image\" data-id=\"e9de1e5\" data-element_type=\"widget\" data-settings=\"{&quot;_animation&quot;:&quot;fadeInDown&quot;,&quot;_animation_delay&quot;:100}\" data-widget_type=\"image.default\">\n\t\t\t\t<div class=\"elementor-widget-container\">\n\t\t\t\t\t<div class=\"elementor-image\">\n\t\t\t\t\t\t\t\t\t\t\t<a href=\"\/index.php\/microhome-l\/\">\n\t\t\t\t\t\t\t<img width=\"583\" height=\"1024\" src=\"https:\/\/deltanet.hu\/wp-content\/uploads\/2020\/12\/K\u00e1belnet-L-2-\u00e9ves.jpg\" class=\"elementor-animation-pulse-grow attachment-large size-large\" alt=\"\" decoding=\"async\" loading=\"lazy\" srcset=\"https:\/\/deltanet.hu\/wp-content\/uploads\/2020\/12\/K\u00e1belnet-L-2-\u00e9ves.jpg 583w, https:\/\/deltanet.hu\/wp-content\/uploads\/2020\/12\/K\u00e1belnet-L-2-\u00e9ves-171x300.jpg 171w\" sizes=\"(max-width: 583px) 100vw, 583px\" \/>\t\t\t\t\t\t\t\t<\/a>\n\t\t\t\t\t\t\t\t\t\t\t<\/div>\n\t\t\t\t<\/div>\n\t\t\t\t<\/div>\n\t\t\t\t\t\t<\/div>\n\t\t\t<\/div>\n\t\t<\/div>\n\t\t\t\t<div class=\"elementor-element elementor-element-0a996c7 elementor-column elementor-col-16 elementor-top-column\" data-id=\"0a996c7\" data-element_type=\"column\">\n\t\t\t<div class=\"elementor-column-wrap  elementor-element-populated\">\n\t\t\t\t\t<div class=\"elementor-widget-wrap\">\n\t\t\t\t<div class=\"elementor-element elementor-element-08a6cac elementor-invisible elementor-widget elementor-widget-image\" data-id=\"08a6cac\" data-element_type=\"widget\" data-settings=\"{&quot;_animation&quot;:&quot;fadeInDown&quot;,&quot;_animation_delay&quot;:100}\" data-widget_type=\"image.default\">\n\t\t\t\t<div class=\"elementor-widget-container\">\n\t\t\t\t\t<div class=\"elementor-image\">\n\t\t\t\t\t\t\t\t\t\t\t<a href=\"\/index.php\/microhome-xl\/\">\n\t\t\t\t\t\t\t<img width=\"583\" height=\"1024\" src=\"https:\/\/deltanet.hu\/wp-content\/uploads\/2020\/12\/K\u00e1belnet-XL-2-\u00e9ves.jpg\" class=\"elementor-animation-pulse-grow attachment-large size-large\" alt=\"\" decoding=\"async\" loading=\"lazy\" srcset=\"https:\/\/deltanet.hu\/wp-content\/uploads\/2020\/12\/K\u00e1belnet-XL-2-\u00e9ves.jpg 583w, https:\/\/deltanet.hu\/wp-content\/uploads\/2020\/12\/K\u00e1belnet-XL-2-\u00e9ves-171x300.jpg 171w\" sizes=\"(max-width: 583px) 100vw, 583px\" \/>\t\t\t\t\t\t\t\t<\/a>\n\t\t\t\t\t\t\t\t\t\t\t<\/div>\n\t\t\t\t<\/div>\n\t\t\t\t<\/div>\n\t\t\t\t\t\t<\/div>\n\t\t\t<\/div>\n\t\t<\/div>\n\t\t\t\t<div class=\"elementor-element elementor-element-bc7f399 elementor-column elementor-col-16 elementor-top-column\" data-id=\"bc7f399\" data-element_type=\"column\">\n\t\t\t<div class=\"elementor-column-wrap  elementor-element-populated\">\n\t\t\t\t\t<div class=\"elementor-widget-wrap\">\n\t\t\t\t<div class=\"elementor-element elementor-element-4d5d28a elementor-invisible elementor-widget elementor-widget-image\" data-id=\"4d5d28a\" data-element_type=\"widget\" data-settings=\"{&quot;_animation&quot;:&quot;fadeInDown&quot;,&quot;_animation_delay&quot;:100}\" data-widget_type=\"image.default\">\n\t\t\t\t<div class=\"elementor-widget-container\">\n\t\t\t\t\t<div class=\"elementor-image\">\n\t\t\t\t\t\t\t\t\t\t\t<a href=\"\/index.php\/microhome-xxl\/\">\n\t\t\t\t\t\t\t<img width=\"583\" height=\"1024\" src=\"https:\/\/deltanet.hu\/wp-content\/uploads\/2020\/12\/K\u00e1belnet-XXL-2-\u00e9ves.jpg\" class=\"elementor-animation-pulse-grow attachment-large size-large\" alt=\"\" decoding=\"async\" loading=\"lazy\" srcset=\"https:\/\/deltanet.hu\/wp-content\/uploads\/2020\/12\/K\u00e1belnet-XXL-2-\u00e9ves.jpg 583w, https:\/\/deltanet.hu\/wp-content\/uploads\/2020\/12\/K\u00e1belnet-XXL-2-\u00e9ves-171x300.jpg 171w\" sizes=\"(max-width: 583px) 100vw, 583px\" \/>\t\t\t\t\t\t\t\t<\/a>\n\t\t\t\t\t\t\t\t\t\t\t<\/div>\n\t\t\t\t<\/div>\n\t\t\t\t<\/div>\n\t\t\t\t\t\t<\/div>\n\t\t\t<\/div>\n\t\t<\/div>\n\t\t\t\t\t\t<\/div>\n\t\t\t<\/div>\n\t\t<\/section>\n\t\t\t\t<section class=\"elementor-element elementor-element-f366604 elementor-section-stretched elementor-section-content-middle elementor-section-boxed elementor-section-height-default elementor-section-height-default elementor-section elementor-top-section\" data-id=\"f366604\" data-element_type=\"section\" data-settings=\"{&quot;stretch_section&quot;:&quot;section-stretched&quot;}\">\n\t\t\t\t\t\t<div class=\"elementor-container elementor-column-gap-default\">\n\t\t\t\t<div class=\"elementor-row\">\n\t\t\t\t<div class=\"elementor-element elementor-element-f0f6dcc elementor-column elementor-col-100 elementor-top-column\" data-id=\"f0f6dcc\" data-element_type=\"column\">\n\t\t\t<div class=\"elementor-column-wrap  elementor-element-populated\">\n\t\t\t\t\t<div class=\"elementor-widget-wrap\">\n\t\t\t\t<div class=\"elementor-element elementor-element-6182e2b elementor-widget elementor-widget-text-editor\" data-id=\"6182e2b\" data-element_type=\"widget\" data-widget_type=\"text-editor.default\">\n\t\t\t\t<div class=\"elementor-widget-container\">\n\t\t\t\t\t<div class=\"elementor-text-editor elementor-clearfix\"><p>*Elektronikus fizet\u00e9si m\u00f3d: \u00e1tutal\u00e1ssal vagy csoportos beszed\u00e9si megb\u00edz\u00e1ssal \u00e9s emailben k\u00fcld\u00f6tt pdf form\u00e1tum\u00fa sz\u00e1ml\u00e1val. <br \/>A fenti \u00e1rak m\u00e1r tartalmazz\u00e1k a fizet\u00e9si m\u00f3d kedvezm\u00e9nyt, melynek m\u00e9rt\u00e9ke &#8211; 500 Ft\/h\u00f3.<\/p><p>Gigabites Wi-Fi router 24 havi r\u00e9szletre t\u00f6rt\u00e9n\u0151 v\u00e1s\u00e1rl\u00e1sa eset\u00e9n a t\u00f6rleszt\u00e9s 1 000 Ft\/h\u00f3, mely az internet-szolg\u00e1ltat\u00e1s havi d\u00edj\u00e1n fel\u00fcl fizetend\u0151 24 h\u00f3napig. <br \/>A fenti \u00e1rak m\u00e1r tartalmazz\u00e1k az 1 000 Ft-os t\u00f6rleszt\u0151 r\u00e9szletet.<\/p><p>Az elektronikus h\u00edrk\u00f6zl\u00e9sr\u0151l sz\u00f3l\u00f3 2003. \u00e9vi C. t\u00f6rv\u00e9ny m\u00f3dos\u00edt\u00e1sa szerint 2017.\u00a0okt\u00f3ber\u00a024-t\u0151l\u00a02 \u00e9ves hat\u00e1rozott idej\u0171 szerz\u0151d\u00e9s csak router v\u00e1s\u00e1rl\u00e1ssal egy\u00fctt k\u00f6thet\u0151.<\/p><p>Publikus FIX IP c\u00edm d\u00edja: 2 540 Ft\/h\u00f3\/db<\/p><p>A fenti \u00e1rak brutt\u00f3 \u00e1rak.<\/p><\/div>\n\t\t\t\t<\/div>\n\t\t\t\t<\/div>\n\t\t\t\t\t\t<\/div>\n\t\t\t<\/div>\n\t\t<\/div>\n\t\t\t\t\t\t<\/div>\n\t\t\t<\/div>\n\t\t<\/section>\n\t\t\t\t\t\t<\/div>\n\t\t\t<\/div>\n\t\t<\/div>\n\t\t","protected":false},"excerpt":{"rendered":"<p>K\u00c1BELNET CSOMAGOK K\u00e1belnet csomagjainkat azon \u00e9rdekl\u0151d\u0151knek aj\u00e1nljuk, akikn\u00e9l hagyom\u00e1nyos vezet\u00e9kes kapcsolat nincs ki\u00e9p\u00edtve. A szolg\u00e1ltat\u00e1s csak Kecskem\u00e9t-Het\u00e9nyegyh\u00e1z\u00e1n \u00e9rhet\u0151 el. *Elektronikus fizet\u00e9si m\u00f3d: \u00e1tutal\u00e1ssal vagy csoportos<\/p>\n","protected":false},"author":4,"featured_media":523,"parent":0,"menu_order":0,"comment_status":"closed","ping_status":"closed","template":"","meta":{"_mi_skip_tracking":false},"_links":{"self":[{"href":"https:\/\/deltanet.hu\/index.php\/wp-json\/wp\/v2\/pages\/6609"}],"collection":[{"href":"https:\/\/deltanet.hu\/index.php\/wp-json\/wp\/v2\/pages"}],"about":[{"href":"https:\/\/deltanet.hu\/index.php\/wp-json\/wp\/v2\/types\/page"}],"author":[{"embeddable":true,"href":"https:\/\/deltanet.hu\/index.php\/wp-json\/wp\/v2\/users\/4"}],"replies":[{"embeddable":true,"href":"https:\/\/deltanet.hu\/index.php\/wp-json\/wp\/v2\/comments?post=6609"}],"version-history":[{"count":5,"href":"https:\/\/deltanet.hu\/index.php\/wp-json\/wp\/v2\/pages\/6609\/revisions"}],"predecessor-version":[{"id":6903,"href":"https:\/\/deltanet.hu\/index.php\/wp-json\/wp\/v2\/pages\/6609\/revisions\/6903"}],"wp:featuredmedia":[{"embeddable":true,"href":"https:\/\/deltanet.hu\/index.php\/wp-json\/wp\/v2\/media\/523"}],"wp:attachment":[{"href":"https:\/\/deltanet.hu\/index.php\/wp-json\/wp\/v2\/media?parent=6609"}],"curies":[{"name":"wp","href":"https:\/\/api.w.org\/{rel}","templated":true}]}}