{"id":6762,"date":"2020-12-28T14:26:36","date_gmt":"2020-12-28T13:26:36","guid":{"rendered":"http:\/\/deltanet.hu\/?page_id=6762"},"modified":"2022-07-14T16:03:29","modified_gmt":"2022-07-14T14:03:29","slug":"voip-telefonszolgaltatas","status":"publish","type":"page","link":"https:\/\/deltanet.hu\/index.php\/voip-telefonszolgaltatas\/","title":{"rendered":""},"content":{"rendered":"\t\t<div data-elementor-type=\"wp-page\" data-elementor-id=\"6762\" class=\"elementor elementor-6762\" data-elementor-settings=\"[]\">\n\t\t\t<div class=\"elementor-inner\">\n\t\t\t\t<div class=\"elementor-section-wrap\">\n\t\t\t\t\t\t\t<section class=\"elementor-element elementor-element-bffb58f elementor-section-boxed elementor-section-height-default elementor-section-height-default elementor-section elementor-top-section\" data-id=\"bffb58f\" data-element_type=\"section\">\n\t\t\t\t\t\t<div class=\"elementor-container elementor-column-gap-default\">\n\t\t\t\t<div class=\"elementor-row\">\n\t\t\t\t<div class=\"elementor-element elementor-element-7b63595 elementor-column elementor-col-100 elementor-top-column\" data-id=\"7b63595\" data-element_type=\"column\">\n\t\t\t<div class=\"elementor-column-wrap  elementor-element-populated\">\n\t\t\t\t\t<div class=\"elementor-widget-wrap\">\n\t\t\t\t<div class=\"elementor-element elementor-element-a15cd4b elementor-widget elementor-widget-image\" data-id=\"a15cd4b\" data-element_type=\"widget\" data-widget_type=\"image.default\">\n\t\t\t\t<div class=\"elementor-widget-container\">\n\t\t\t\t\t<div class=\"elementor-image\">\n\t\t\t\t\t\t\t\t\t\t<img width=\"502\" height=\"513\" src=\"https:\/\/deltanet.hu\/wp-content\/uploads\/2022\/07\/voip-png.png\" class=\"attachment-medium_large size-medium_large\" alt=\"\" decoding=\"async\" loading=\"lazy\" srcset=\"https:\/\/deltanet.hu\/wp-content\/uploads\/2022\/07\/voip-png.png 502w, https:\/\/deltanet.hu\/wp-content\/uploads\/2022\/07\/voip-png-294x300.png 294w\" sizes=\"(max-width: 502px) 100vw, 502px\" \/>\t\t\t\t\t\t\t\t\t\t\t<\/div>\n\t\t\t\t<\/div>\n\t\t\t\t<\/div>\n\t\t\t\t<div class=\"elementor-element elementor-element-44ff044 elementor-widget elementor-widget-heading\" data-id=\"44ff044\" data-element_type=\"widget\" data-widget_type=\"heading.default\">\n\t\t\t\t<div class=\"elementor-widget-container\">\n\t\t\t<h2 class=\"elementor-heading-title elementor-size-default\">Olcs\u00f3bban telefon\u00e1lna?<\/h2>\t\t<\/div>\n\t\t\t\t<\/div>\n\t\t\t\t<div class=\"elementor-element elementor-element-2b772b8 elementor-widget elementor-widget-heading\" data-id=\"2b772b8\" data-element_type=\"widget\" data-widget_type=\"heading.default\">\n\t\t\t\t<div class=\"elementor-widget-container\">\n\t\t\t<h2 class=\"elementor-heading-title elementor-size-default\">V\u00e1lassza VoIP telefonszolg\u00e1ltat\u00e1sunkat!<\/h2>\t\t<\/div>\n\t\t\t\t<\/div>\n\t\t\t\t<div class=\"elementor-element elementor-element-f4f72ce elementor-widget elementor-widget-text-editor\" data-id=\"f4f72ce\" data-element_type=\"widget\" data-widget_type=\"text-editor.default\">\n\t\t\t\t<div class=\"elementor-widget-container\">\n\t\t\t\t\t<div class=\"elementor-text-editor elementor-clearfix\"><h5>A szolg\u00e1ltat\u00e1s, Interneten kereszt\u00fcli telefon\u00e1l\u00e1st tesz lehet\u0151v\u00e9, \u00d6nnek csup\u00e1n egy Internet el\u0151fizet\u00e9sre van sz\u00fcks\u00e9ge, hogy vezet\u00e9kes telefonsz\u00e1mon el\u00e9rhet\u0151 legyen.<\/h5><h5>A szolg\u00e1ltat\u00e1s r\u00e9szek\u00e9nt, egy el\u0151fizet\u00e9shez 1 telefonsz\u00e1mot biztos\u00edtunk alapesetben.<\/h5><h5>B\u0151vebb inform\u00e1ci\u00f3\u00e9rt k\u00e9rj\u00fck adja meg a nev\u00e9t,\u00a0 email c\u00edm\u00e9t \u00e9s telefonsz\u00e1m\u00e1t \u00e9s Koll\u00e9g\u00e1ink hamarosan felveszik \u00d6nnel a kapcsolatot!<\/h5><\/div>\n\t\t\t\t<\/div>\n\t\t\t\t<\/div>\n\t\t\t\t<div class=\"elementor-element elementor-element-d76faa9 elementor-button-align-center elementor-widget elementor-widget-form\" data-id=\"d76faa9\" data-element_type=\"widget\" data-widget_type=\"form.default\">\n\t\t\t\t<div class=\"elementor-widget-container\">\n\t\t\t\t\t<form class=\"elementor-form\" method=\"post\" name=\"\u00daj \u0171rlap\">\n\t\t\t<input type=\"hidden\" name=\"post_id\" value=\"6762\"\/>\n\t\t\t<input type=\"hidden\" name=\"form_id\" value=\"d76faa9\"\/>\n\n\t\t\t\n\t\t\t<div class=\"elementor-form-fields-wrapper elementor-labels-above\">\n\t\t\t\t\t\t\t\t<div class=\"elementor-field-type-text elementor-field-group elementor-column elementor-field-group-name elementor-col-100\">\n\t\t\t\t\t<label for=\"form-field-name\" class=\"elementor-field-label\">N\u00e9v<\/label><input size=\"1\" type=\"text\" name=\"form_fields[name]\" id=\"form-field-name\" class=\"elementor-field elementor-size-sm  elementor-field-textual\" placeholder=\"N\u00e9v\">\t\t\t\t<\/div>\n\t\t\t\t\t\t\t\t<div class=\"elementor-field-type-email elementor-field-group elementor-column elementor-field-group-email elementor-col-100 elementor-field-required\">\n\t\t\t\t\t<label for=\"form-field-email\" class=\"elementor-field-label\">Email<\/label><input size=\"1\" type=\"email\" name=\"form_fields[email]\" id=\"form-field-email\" class=\"elementor-field elementor-size-sm  elementor-field-textual\" placeholder=\"Email\" required=\"required\" aria-required=\"true\">\t\t\t\t<\/div>\n\t\t\t\t\t\t\t\t<div class=\"elementor-field-type-tel elementor-field-group elementor-column elementor-field-group-field_97ec5d0 elementor-col-100 elementor-field-required\">\n\t\t\t\t\t<label for=\"form-field-field_97ec5d0\" class=\"elementor-field-label\">Telefonsz\u00e1m<\/label><input size=\"1\" type=\"tel\" name=\"form_fields[field_97ec5d0]\" id=\"form-field-field_97ec5d0\" class=\"elementor-field elementor-size-sm  elementor-field-textual\" placeholder=\"Telefonsz\u00e1m\" required=\"required\" aria-required=\"true\" pattern=\"[0-9()#&amp;+*-=.]+\" title=\"Only numbers and phone characters (#, -, *, etc) are accepted.\">\t\t\t\t<\/div>\n\t\t\t\t\t\t\t\t<div class=\"elementor-field-group elementor-column elementor-field-type-submit elementor-col-100\">\n\t\t\t\t\t<button type=\"submit\" class=\"elementor-button elementor-size-md\">\n\t\t\t\t\t\t<span >\n\t\t\t\t\t\t\t\t\t\t\t\t\t\t\t<span class=\" elementor-button-icon\">\n\t\t\t\t\t\t\t\t\t\t\t\t\t\t\t\t\t\t\t\t\t\t\t\t\t\t<\/span>\n\t\t\t\t\t\t\t\t\t\t\t\t\t\t\t\t\t\t\t\t\t\t<span class=\"elementor-button-text\">K\u00fcld\u00e9s<\/span>\n\t\t\t\t\t\t\t\t\t\t\t\t\t<\/span>\n\t\t\t\t\t<\/button>\n\t\t\t\t<\/div>\n\t\t\t<\/div>\n\t\t<\/form>\n\t\t\t\t<\/div>\n\t\t\t\t<\/div>\n\t\t\t\t\t\t<\/div>\n\t\t\t<\/div>\n\t\t<\/div>\n\t\t\t\t\t\t<\/div>\n\t\t\t<\/div>\n\t\t<\/section>\n\t\t\t\t\t\t<\/div>\n\t\t\t<\/div>\n\t\t<\/div>\n\t\t","protected":false},"excerpt":{"rendered":"<p>Olcs\u00f3bban telefon\u00e1lna? V\u00e1lassza VoIP telefonszolg\u00e1ltat\u00e1sunkat! A szolg\u00e1ltat\u00e1s, Interneten kereszt\u00fcli telefon\u00e1l\u00e1st tesz lehet\u0151v\u00e9, \u00d6nnek csup\u00e1n egy Internet el\u0151fizet\u00e9sre van sz\u00fcks\u00e9ge, hogy vezet\u00e9kes telefonsz\u00e1mon el\u00e9rhet\u0151 legyen. A<\/p>\n","protected":false},"author":4,"featured_media":0,"parent":0,"menu_order":0,"comment_status":"closed","ping_status":"closed","template":"","meta":{"_mi_skip_tracking":false},"_links":{"self":[{"href":"https:\/\/deltanet.hu\/index.php\/wp-json\/wp\/v2\/pages\/6762"}],"collection":[{"href":"https:\/\/deltanet.hu\/index.php\/wp-json\/wp\/v2\/pages"}],"about":[{"href":"https:\/\/deltanet.hu\/index.php\/wp-json\/wp\/v2\/types\/page"}],"author":[{"embeddable":true,"href":"https:\/\/deltanet.hu\/index.php\/wp-json\/wp\/v2\/users\/4"}],"replies":[{"embeddable":true,"href":"https:\/\/deltanet.hu\/index.php\/wp-json\/wp\/v2\/comments?post=6762"}],"version-history":[{"count":17,"href":"https:\/\/deltanet.hu\/index.php\/wp-json\/wp\/v2\/pages\/6762\/revisions"}],"predecessor-version":[{"id":10335,"href":"https:\/\/deltanet.hu\/index.php\/wp-json\/wp\/v2\/pages\/6762\/revisions\/10335"}],"wp:attachment":[{"href":"https:\/\/deltanet.hu\/index.php\/wp-json\/wp\/v2\/media?parent=6762"}],"curies":[{"name":"wp","href":"https:\/\/api.w.org\/{rel}","templated":true}]}}