{"id":6814,"date":"2020-12-28T21:41:12","date_gmt":"2020-12-28T20:41:12","guid":{"rendered":"http:\/\/deltanet.hu\/?page_id=6814"},"modified":"2021-05-11T17:14:20","modified_gmt":"2021-05-11T15:14:20","slug":"kabelnet-xs-csomag","status":"publish","type":"page","link":"https:\/\/deltanet.hu\/index.php\/kabelnet-xs-csomag\/","title":{"rendered":""},"content":{"rendered":"\t\t<div data-elementor-type=\"wp-page\" data-elementor-id=\"6814\" class=\"elementor elementor-6814\" data-elementor-settings=\"[]\">\n\t\t\t<div class=\"elementor-inner\">\n\t\t\t\t<div class=\"elementor-section-wrap\">\n\t\t\t\t\t\t\t<section class=\"elementor-element elementor-element-cc51b29 elementor-section-boxed elementor-section-height-default elementor-section-height-default elementor-section elementor-top-section\" data-id=\"cc51b29\" data-element_type=\"section\">\n\t\t\t\t\t\t<div class=\"elementor-container elementor-column-gap-default\">\n\t\t\t\t<div class=\"elementor-row\">\n\t\t\t\t<div class=\"elementor-element elementor-element-9d5332b elementor-column elementor-col-100 elementor-top-column\" data-id=\"9d5332b\" data-element_type=\"column\">\n\t\t\t<div class=\"elementor-column-wrap  elementor-element-populated\">\n\t\t\t\t\t<div class=\"elementor-widget-wrap\">\n\t\t\t\t<div class=\"elementor-element elementor-element-a88d49f elementor-widget elementor-widget-image\" data-id=\"a88d49f\" data-element_type=\"widget\" data-widget_type=\"image.default\">\n\t\t\t\t<div class=\"elementor-widget-container\">\n\t\t\t\t\t<div class=\"elementor-image\">\n\t\t\t\t\t\t\t\t\t\t<img width=\"241\" height=\"79\" src=\"https:\/\/deltanet.hu\/wp-content\/uploads\/2020\/12\/k\u00e1belnet-fejl\u00e9c.jpg\" class=\"attachment-himalayas-services size-himalayas-services\" alt=\"\" decoding=\"async\" loading=\"lazy\" \/>\t\t\t\t\t\t\t\t\t\t\t<\/div>\n\t\t\t\t<\/div>\n\t\t\t\t<\/div>\n\t\t\t\t\t\t<\/div>\n\t\t\t<\/div>\n\t\t<\/div>\n\t\t\t\t\t\t<\/div>\n\t\t\t<\/div>\n\t\t<\/section>\n\t\t\t\t<section class=\"elementor-element elementor-element-ec4c556 elementor-section-boxed elementor-section-height-default elementor-section-height-default elementor-section elementor-top-section\" data-id=\"ec4c556\" data-element_type=\"section\">\n\t\t\t\t\t\t<div class=\"elementor-container elementor-column-gap-default\">\n\t\t\t\t<div class=\"elementor-row\">\n\t\t\t\t<div class=\"elementor-element elementor-element-f57f1dd elementor-column elementor-col-100 elementor-top-column\" data-id=\"f57f1dd\" data-element_type=\"column\">\n\t\t\t<div class=\"elementor-column-wrap  elementor-element-populated\">\n\t\t\t\t\t<div class=\"elementor-widget-wrap\">\n\t\t\t\t<div class=\"elementor-element elementor-element-0b3ed62 elementor-widget elementor-widget-heading\" data-id=\"0b3ed62\" data-element_type=\"widget\" data-widget_type=\"heading.default\">\n\t\t\t\t<div class=\"elementor-widget-container\">\n\t\t\t<h2 class=\"elementor-heading-title elementor-size-default\">K\u00e1belNet XS csomag<br><span style=\"font-style: normal; text-align: start; white-space: normal; caret-color: rgb(0, 0, 0); color: rgb(0, 0, 0);\"><span style=\"font-size: 16pt; font-family: Arial; font-style: normal; font-variant-ligatures: normal; font-variant-east-asian: normal; font-variant-position: normal; white-space: pre-wrap;\">10 Mbit\/s let\u00f6lt\u00e9si sebess\u00e9g<\/span><\/span><br><span style=\"font-family: Arial; font-size: 11pt; font-style: normal; color: rgb(102, 102, 102); caret-color: rgb(0, 0, 0); text-align: start;\">2 Mbit\/s garant\u00e1lt let\u00f6lt\u00e9si sebess\u00e9g<\/span><br><span style=\"font-style: normal; text-align: start; white-space: normal; caret-color: rgb(0, 0, 0); color: rgb(0, 0, 0);\"><span style=\"font-size: 16pt; font-family: Arial; font-style: normal; font-variant-ligatures: normal; font-variant-east-asian: normal; font-variant-position: normal; white-space: pre-wrap;\">6 Mbit\/s felt\u00f6lt\u00e9si sebess\u00e9g<\/span><\/span><br><span style=\"font-family: Arial; font-size: 11pt; font-style: normal; color: rgb(102, 102, 102); caret-color: rgb(0, 0, 0); text-align: start;\">1 Mbit\/s garant\u00e1lt felt\u00f6lt\u00e9si sebess\u00e9g<\/span><\/h2>\t\t<\/div>\n\t\t\t\t<\/div>\n\t\t\t\t\t\t<\/div>\n\t\t\t<\/div>\n\t\t<\/div>\n\t\t\t\t\t\t<\/div>\n\t\t\t<\/div>\n\t\t<\/section>\n\t\t\t\t<section class=\"elementor-element elementor-element-9cc0fcc elementor-section-boxed elementor-section-height-default elementor-section-height-default elementor-section elementor-top-section\" data-id=\"9cc0fcc\" data-element_type=\"section\">\n\t\t\t\t\t\t<div class=\"elementor-container elementor-column-gap-no\">\n\t\t\t\t<div class=\"elementor-row\">\n\t\t\t\t<div class=\"elementor-element elementor-element-2ac8208 elementor-invisible elementor-column elementor-col-33 elementor-top-column\" data-id=\"2ac8208\" data-element_type=\"column\" data-settings=\"{&quot;animation&quot;:&quot;fadeInLeft&quot;}\">\n\t\t\t<div class=\"elementor-column-wrap  elementor-element-populated\">\n\t\t\t\t\t<div class=\"elementor-widget-wrap\">\n\t\t\t\t<div class=\"elementor-element elementor-element-1dd0ed5 elementor-widget elementor-widget-image\" data-id=\"1dd0ed5\" data-element_type=\"widget\" data-widget_type=\"image.default\">\n\t\t\t\t<div class=\"elementor-widget-container\">\n\t\t\t\t\t<div class=\"elementor-image\">\n\t\t\t\t\t\t\t\t\t\t<img width=\"583\" height=\"1024\" src=\"https:\/\/deltanet.hu\/wp-content\/uploads\/2020\/12\/1-\u00e9ves-xs.jpg\" class=\"elementor-animation-pulse-grow attachment-large size-large\" alt=\"\" decoding=\"async\" loading=\"lazy\" srcset=\"https:\/\/deltanet.hu\/wp-content\/uploads\/2020\/12\/1-\u00e9ves-xs.jpg 583w, https:\/\/deltanet.hu\/wp-content\/uploads\/2020\/12\/1-\u00e9ves-xs-171x300.jpg 171w\" sizes=\"(max-width: 583px) 100vw, 583px\" \/>\t\t\t\t\t\t\t\t\t\t\t<\/div>\n\t\t\t\t<\/div>\n\t\t\t\t<\/div>\n\t\t\t\t\t\t<\/div>\n\t\t\t<\/div>\n\t\t<\/div>\n\t\t\t\t<div class=\"elementor-element elementor-element-dcb52dd elementor-invisible elementor-column elementor-col-33 elementor-top-column\" data-id=\"dcb52dd\" data-element_type=\"column\" data-settings=\"{&quot;animation&quot;:&quot;fadeInDown&quot;}\">\n\t\t\t<div class=\"elementor-column-wrap  elementor-element-populated\">\n\t\t\t\t\t<div class=\"elementor-widget-wrap\">\n\t\t\t\t<div class=\"elementor-element elementor-element-72fa156 elementor-widget elementor-widget-image\" data-id=\"72fa156\" data-element_type=\"widget\" data-widget_type=\"image.default\">\n\t\t\t\t<div class=\"elementor-widget-container\">\n\t\t\t\t\t<div class=\"elementor-image\">\n\t\t\t\t\t\t\t\t\t\t<img width=\"583\" height=\"1024\" src=\"https:\/\/deltanet.hu\/wp-content\/uploads\/2021\/05\/2-\u00e9ves-xs-m\u00e1solat.jpg\" class=\"elementor-animation-pulse-grow attachment-large size-large\" alt=\"\" decoding=\"async\" loading=\"lazy\" srcset=\"https:\/\/deltanet.hu\/wp-content\/uploads\/2021\/05\/2-\u00e9ves-xs-m\u00e1solat.jpg 583w, https:\/\/deltanet.hu\/wp-content\/uploads\/2021\/05\/2-\u00e9ves-xs-m\u00e1solat-171x300.jpg 171w\" sizes=\"(max-width: 583px) 100vw, 583px\" \/>\t\t\t\t\t\t\t\t\t\t\t<\/div>\n\t\t\t\t<\/div>\n\t\t\t\t<\/div>\n\t\t\t\t\t\t<\/div>\n\t\t\t<\/div>\n\t\t<\/div>\n\t\t\t\t<div class=\"elementor-element elementor-element-22df011 elementor-invisible elementor-column elementor-col-33 elementor-top-column\" data-id=\"22df011\" data-element_type=\"column\" data-settings=\"{&quot;animation&quot;:&quot;fadeInRight&quot;}\">\n\t\t\t<div class=\"elementor-column-wrap  elementor-element-populated\">\n\t\t\t\t\t<div class=\"elementor-widget-wrap\">\n\t\t\t\t<div class=\"elementor-element elementor-element-0d569eb elementor-widget elementor-widget-image\" data-id=\"0d569eb\" data-element_type=\"widget\" data-widget_type=\"image.default\">\n\t\t\t\t<div class=\"elementor-widget-container\">\n\t\t\t\t\t<div class=\"elementor-image\">\n\t\t\t\t\t\t\t\t\t\t<img width=\"583\" height=\"1024\" src=\"https:\/\/deltanet.hu\/wp-content\/uploads\/2020\/12\/hat\u00e1rozatlan-xs.jpg\" class=\"elementor-animation-pulse-grow attachment-large size-large\" alt=\"\" decoding=\"async\" loading=\"lazy\" srcset=\"https:\/\/deltanet.hu\/wp-content\/uploads\/2020\/12\/hat\u00e1rozatlan-xs.jpg 583w, https:\/\/deltanet.hu\/wp-content\/uploads\/2020\/12\/hat\u00e1rozatlan-xs-171x300.jpg 171w\" sizes=\"(max-width: 583px) 100vw, 583px\" \/>\t\t\t\t\t\t\t\t\t\t\t<\/div>\n\t\t\t\t<\/div>\n\t\t\t\t<\/div>\n\t\t\t\t\t\t<\/div>\n\t\t\t<\/div>\n\t\t<\/div>\n\t\t\t\t\t\t<\/div>\n\t\t\t<\/div>\n\t\t<\/section>\n\t\t\t\t<section class=\"elementor-element elementor-element-d2939d0 elementor-section-content-middle elementor-section-stretched elementor-section-boxed elementor-section-height-default elementor-section-height-default elementor-section elementor-top-section\" data-id=\"d2939d0\" data-element_type=\"section\" data-settings=\"{&quot;stretch_section&quot;:&quot;section-stretched&quot;}\">\n\t\t\t\t\t\t<div class=\"elementor-container elementor-column-gap-no\">\n\t\t\t\t<div class=\"elementor-row\">\n\t\t\t\t<div class=\"elementor-element elementor-element-2c7a334 elementor-column elementor-col-100 elementor-top-column\" data-id=\"2c7a334\" data-element_type=\"column\">\n\t\t\t<div class=\"elementor-column-wrap  elementor-element-populated\">\n\t\t\t\t\t<div class=\"elementor-widget-wrap\">\n\t\t\t\t<div class=\"elementor-element elementor-element-f8019a0 elementor-widget elementor-widget-text-editor\" data-id=\"f8019a0\" data-element_type=\"widget\" data-widget_type=\"text-editor.default\">\n\t\t\t\t<div class=\"elementor-widget-container\">\n\t\t\t\t\t<div class=\"elementor-text-editor elementor-clearfix\"><p>*Elektronikus fizet\u00e9si m\u00f3d: \u00e1tutal\u00e1ssal vagy csoportos beszed\u00e9si megb\u00edz\u00e1ssal \u00e9s emailben k\u00fcld\u00f6tt pdf form\u00e1tum\u00fa sz\u00e1ml\u00e1val. <br \/>A fenti \u00e1rak m\u00e1r tartalmazz\u00e1k a fizet\u00e9si m\u00f3d kedvezm\u00e9nyt, melynek m\u00e9rt\u00e9ke &#8211; 500 Ft\/h\u00f3.<\/p><p>Gigabites Wi-Fi router 24 havi r\u00e9szletre t\u00f6rt\u00e9n\u0151 v\u00e1s\u00e1rl\u00e1sa eset\u00e9n a t\u00f6rleszt\u00e9s 1 000 Ft\/h\u00f3, mely az internet-szolg\u00e1ltat\u00e1s havi d\u00edj\u00e1n fel\u00fcl fizetend\u0151 24 h\u00f3napig. <br \/>A fenti \u00e1rak m\u00e1r tartalmazz\u00e1k az 1 000 Ft-os t\u00f6rleszt\u0151 r\u00e9szletet.<\/p><p>Az elektronikus h\u00edrk\u00f6zl\u00e9sr\u0151l sz\u00f3l\u00f3 2003. \u00e9vi C. t\u00f6rv\u00e9ny m\u00f3dos\u00edt\u00e1sa szerint 2017.\u00a0okt\u00f3ber\u00a024-t\u0151l\u00a02 \u00e9ves hat\u00e1rozott idej\u0171 szerz\u0151d\u00e9s csak router v\u00e1s\u00e1rl\u00e1ssal egy\u00fctt k\u00f6thet\u0151.<\/p><p>Publikus FIX IP c\u00edm d\u00edja: 2 540 Ft\/h\u00f3\/db<\/p><p>A fenti \u00e1rak brutt\u00f3 \u00e1rak.<\/p><\/div>\n\t\t\t\t<\/div>\n\t\t\t\t<\/div>\n\t\t\t\t<div class=\"elementor-element elementor-element-d9398e1 elementor-invisible elementor-widget elementor-widget-heading\" data-id=\"d9398e1\" data-element_type=\"widget\" data-settings=\"{&quot;_animation&quot;:&quot;pulse&quot;}\" data-widget_type=\"heading.default\">\n\t\t\t\t<div class=\"elementor-widget-container\">\n\t\t\t<h1 class=\"elementor-heading-title elementor-size-default\">M\u00e9gis m\u00e1sik csomagot v\u00e1lasztana?<\/h1>\t\t<\/div>\n\t\t\t\t<\/div>\n\t\t\t\t\t\t<\/div>\n\t\t\t<\/div>\n\t\t<\/div>\n\t\t\t\t\t\t<\/div>\n\t\t\t<\/div>\n\t\t<\/section>\n\t\t\t\t<section class=\"elementor-element elementor-element-22431fc elementor-section-boxed elementor-section-height-default elementor-section-height-default elementor-section elementor-top-section\" data-id=\"22431fc\" data-element_type=\"section\">\n\t\t\t\t\t\t<div class=\"elementor-container elementor-column-gap-no\">\n\t\t\t\t<div class=\"elementor-row\">\n\t\t\t\t<div class=\"elementor-element elementor-element-2f732cc elementor-invisible elementor-column elementor-col-16 elementor-top-column\" data-id=\"2f732cc\" data-element_type=\"column\" data-settings=\"{&quot;animation&quot;:&quot;slideInDown&quot;}\">\n\t\t\t<div class=\"elementor-column-wrap  elementor-element-populated\">\n\t\t\t\t\t<div class=\"elementor-widget-wrap\">\n\t\t\t\t<div class=\"elementor-element elementor-element-fe6bbee elementor-widget elementor-widget-image\" data-id=\"fe6bbee\" data-element_type=\"widget\" data-widget_type=\"image.default\">\n\t\t\t\t<div class=\"elementor-widget-container\">\n\t\t\t\t\t<div class=\"elementor-image\">\n\t\t\t\t\t\t\t\t\t\t\t<a href=\"https:\/\/deltanet.hu\/index.php\/kabelnet-xs-csomag\/\">\n\t\t\t\t\t\t\t<img width=\"583\" height=\"1024\" src=\"https:\/\/deltanet.hu\/wp-content\/uploads\/2021\/05\/m\u00e1sikat-xs-m\u00e1solat.jpg\" class=\"elementor-animation-pulse-grow attachment-large size-large\" alt=\"\" decoding=\"async\" loading=\"lazy\" srcset=\"https:\/\/deltanet.hu\/wp-content\/uploads\/2021\/05\/m\u00e1sikat-xs-m\u00e1solat.jpg 583w, https:\/\/deltanet.hu\/wp-content\/uploads\/2021\/05\/m\u00e1sikat-xs-m\u00e1solat-171x300.jpg 171w\" sizes=\"(max-width: 583px) 100vw, 583px\" \/>\t\t\t\t\t\t\t\t<\/a>\n\t\t\t\t\t\t\t\t\t\t\t<\/div>\n\t\t\t\t<\/div>\n\t\t\t\t<\/div>\n\t\t\t\t\t\t<\/div>\n\t\t\t<\/div>\n\t\t<\/div>\n\t\t\t\t<div class=\"elementor-element elementor-element-2e1e0b9 elementor-invisible elementor-column elementor-col-16 elementor-top-column\" data-id=\"2e1e0b9\" data-element_type=\"column\" data-settings=\"{&quot;animation&quot;:&quot;slideInDown&quot;}\">\n\t\t\t<div class=\"elementor-column-wrap  elementor-element-populated\">\n\t\t\t\t\t<div class=\"elementor-widget-wrap\">\n\t\t\t\t<div class=\"elementor-element elementor-element-0bf190d elementor-widget elementor-widget-image\" data-id=\"0bf190d\" data-element_type=\"widget\" data-widget_type=\"image.default\">\n\t\t\t\t<div class=\"elementor-widget-container\">\n\t\t\t\t\t<div class=\"elementor-image\">\n\t\t\t\t\t\t\t\t\t\t\t<a href=\"https:\/\/deltanet.hu\/index.php\/kabelnet-s-csomag\/\">\n\t\t\t\t\t\t\t<img width=\"583\" height=\"1024\" src=\"https:\/\/deltanet.hu\/wp-content\/uploads\/2021\/05\/m\u00e1sikat-s-m\u00e1solat.jpg\" class=\"elementor-animation-pulse-grow attachment-large size-large\" alt=\"\" decoding=\"async\" loading=\"lazy\" srcset=\"https:\/\/deltanet.hu\/wp-content\/uploads\/2021\/05\/m\u00e1sikat-s-m\u00e1solat.jpg 583w, https:\/\/deltanet.hu\/wp-content\/uploads\/2021\/05\/m\u00e1sikat-s-m\u00e1solat-171x300.jpg 171w\" sizes=\"(max-width: 583px) 100vw, 583px\" \/>\t\t\t\t\t\t\t\t<\/a>\n\t\t\t\t\t\t\t\t\t\t\t<\/div>\n\t\t\t\t<\/div>\n\t\t\t\t<\/div>\n\t\t\t\t\t\t<\/div>\n\t\t\t<\/div>\n\t\t<\/div>\n\t\t\t\t<div class=\"elementor-element elementor-element-a3e287b elementor-invisible elementor-column elementor-col-16 elementor-top-column\" data-id=\"a3e287b\" data-element_type=\"column\" data-settings=\"{&quot;animation&quot;:&quot;slideInDown&quot;,&quot;animation_delay&quot;:200}\">\n\t\t\t<div class=\"elementor-column-wrap  elementor-element-populated\">\n\t\t\t\t\t<div class=\"elementor-widget-wrap\">\n\t\t\t\t<div class=\"elementor-element elementor-element-f0dee07 elementor-widget elementor-widget-image\" data-id=\"f0dee07\" data-element_type=\"widget\" data-widget_type=\"image.default\">\n\t\t\t\t<div class=\"elementor-widget-container\">\n\t\t\t\t\t<div class=\"elementor-image\">\n\t\t\t\t\t\t\t\t\t\t\t<a href=\"https:\/\/deltanet.hu\/index.php\/kabelnet-m-csomag\/\">\n\t\t\t\t\t\t\t<img width=\"583\" height=\"1024\" src=\"https:\/\/deltanet.hu\/wp-content\/uploads\/2021\/05\/masikat-m-m\u00e1solat.jpg\" class=\"elementor-animation-pulse-grow attachment-large size-large\" alt=\"\" decoding=\"async\" loading=\"lazy\" srcset=\"https:\/\/deltanet.hu\/wp-content\/uploads\/2021\/05\/masikat-m-m\u00e1solat.jpg 583w, https:\/\/deltanet.hu\/wp-content\/uploads\/2021\/05\/masikat-m-m\u00e1solat-171x300.jpg 171w\" sizes=\"(max-width: 583px) 100vw, 583px\" \/>\t\t\t\t\t\t\t\t<\/a>\n\t\t\t\t\t\t\t\t\t\t\t<\/div>\n\t\t\t\t<\/div>\n\t\t\t\t<\/div>\n\t\t\t\t\t\t<\/div>\n\t\t\t<\/div>\n\t\t<\/div>\n\t\t\t\t<div class=\"elementor-element elementor-element-d1133dd elementor-invisible elementor-column elementor-col-16 elementor-top-column\" data-id=\"d1133dd\" data-element_type=\"column\" data-settings=\"{&quot;animation&quot;:&quot;slideInDown&quot;,&quot;animation_delay&quot;:200}\">\n\t\t\t<div class=\"elementor-column-wrap  elementor-element-populated\">\n\t\t\t\t\t<div class=\"elementor-widget-wrap\">\n\t\t\t\t<div class=\"elementor-element elementor-element-03e4143 elementor-widget elementor-widget-image\" data-id=\"03e4143\" data-element_type=\"widget\" data-widget_type=\"image.default\">\n\t\t\t\t<div class=\"elementor-widget-container\">\n\t\t\t\t\t<div class=\"elementor-image\">\n\t\t\t\t\t\t\t\t\t\t\t<a href=\"https:\/\/deltanet.hu\/index.php\/kabelnet-l-csomag\/\">\n\t\t\t\t\t\t\t<img width=\"583\" height=\"1024\" src=\"https:\/\/deltanet.hu\/wp-content\/uploads\/2021\/05\/m\u00e1sikat-l-m\u00e1solat.jpg\" class=\"elementor-animation-pulse-grow attachment-large size-large\" alt=\"\" decoding=\"async\" loading=\"lazy\" srcset=\"https:\/\/deltanet.hu\/wp-content\/uploads\/2021\/05\/m\u00e1sikat-l-m\u00e1solat.jpg 583w, https:\/\/deltanet.hu\/wp-content\/uploads\/2021\/05\/m\u00e1sikat-l-m\u00e1solat-171x300.jpg 171w\" sizes=\"(max-width: 583px) 100vw, 583px\" \/>\t\t\t\t\t\t\t\t<\/a>\n\t\t\t\t\t\t\t\t\t\t\t<\/div>\n\t\t\t\t<\/div>\n\t\t\t\t<\/div>\n\t\t\t\t\t\t<\/div>\n\t\t\t<\/div>\n\t\t<\/div>\n\t\t\t\t<div class=\"elementor-element elementor-element-ff4c490 elementor-invisible elementor-column elementor-col-16 elementor-top-column\" data-id=\"ff4c490\" data-element_type=\"column\" data-settings=\"{&quot;animation&quot;:&quot;slideInDown&quot;,&quot;animation_delay&quot;:400}\">\n\t\t\t<div class=\"elementor-column-wrap  elementor-element-populated\">\n\t\t\t\t\t<div class=\"elementor-widget-wrap\">\n\t\t\t\t<div class=\"elementor-element elementor-element-9878b5e elementor-widget elementor-widget-image\" data-id=\"9878b5e\" data-element_type=\"widget\" data-widget_type=\"image.default\">\n\t\t\t\t<div class=\"elementor-widget-container\">\n\t\t\t\t\t<div class=\"elementor-image\">\n\t\t\t\t\t\t\t\t\t\t\t<a href=\"https:\/\/deltanet.hu\/index.php\/kabelnet-xl-csomag\/\">\n\t\t\t\t\t\t\t<img width=\"583\" height=\"1024\" src=\"https:\/\/deltanet.hu\/wp-content\/uploads\/2021\/05\/m\u00e1sikat-xl-m\u00e1solat.jpg\" class=\"elementor-animation-pulse-grow attachment-large size-large\" alt=\"\" decoding=\"async\" loading=\"lazy\" srcset=\"https:\/\/deltanet.hu\/wp-content\/uploads\/2021\/05\/m\u00e1sikat-xl-m\u00e1solat.jpg 583w, https:\/\/deltanet.hu\/wp-content\/uploads\/2021\/05\/m\u00e1sikat-xl-m\u00e1solat-171x300.jpg 171w\" sizes=\"(max-width: 583px) 100vw, 583px\" \/>\t\t\t\t\t\t\t\t<\/a>\n\t\t\t\t\t\t\t\t\t\t\t<\/div>\n\t\t\t\t<\/div>\n\t\t\t\t<\/div>\n\t\t\t\t\t\t<\/div>\n\t\t\t<\/div>\n\t\t<\/div>\n\t\t\t\t<div class=\"elementor-element elementor-element-1b0f904 elementor-invisible elementor-column elementor-col-16 elementor-top-column\" data-id=\"1b0f904\" data-element_type=\"column\" data-settings=\"{&quot;animation&quot;:&quot;slideInDown&quot;,&quot;animation_delay&quot;:500}\">\n\t\t\t<div class=\"elementor-column-wrap  elementor-element-populated\">\n\t\t\t\t\t<div class=\"elementor-widget-wrap\">\n\t\t\t\t<div class=\"elementor-element elementor-element-84509dd elementor-widget elementor-widget-image\" data-id=\"84509dd\" data-element_type=\"widget\" data-widget_type=\"image.default\">\n\t\t\t\t<div class=\"elementor-widget-container\">\n\t\t\t\t\t<div class=\"elementor-image\">\n\t\t\t\t\t\t\t\t\t\t\t<a href=\"https:\/\/deltanet.hu\/index.php\/kabelnet-xxl-csomag\/\">\n\t\t\t\t\t\t\t<img width=\"583\" height=\"1024\" src=\"https:\/\/deltanet.hu\/wp-content\/uploads\/2021\/05\/m\u00e1sikat-xxl-m\u00e1solat.jpg\" class=\"elementor-animation-pulse-grow attachment-large size-large\" alt=\"\" decoding=\"async\" loading=\"lazy\" srcset=\"https:\/\/deltanet.hu\/wp-content\/uploads\/2021\/05\/m\u00e1sikat-xxl-m\u00e1solat.jpg 583w, https:\/\/deltanet.hu\/wp-content\/uploads\/2021\/05\/m\u00e1sikat-xxl-m\u00e1solat-171x300.jpg 171w\" sizes=\"(max-width: 583px) 100vw, 583px\" \/>\t\t\t\t\t\t\t\t<\/a>\n\t\t\t\t\t\t\t\t\t\t\t<\/div>\n\t\t\t\t<\/div>\n\t\t\t\t<\/div>\n\t\t\t\t\t\t<\/div>\n\t\t\t<\/div>\n\t\t<\/div>\n\t\t\t\t\t\t<\/div>\n\t\t\t<\/div>\n\t\t<\/section>\n\t\t\t\t\t\t<\/div>\n\t\t\t<\/div>\n\t\t<\/div>\n\t\t","protected":false},"excerpt":{"rendered":"<p>K\u00e1belNet XS csomag10 Mbit\/s let\u00f6lt\u00e9si sebess\u00e9g2 Mbit\/s garant\u00e1lt let\u00f6lt\u00e9si sebess\u00e9g6 Mbit\/s felt\u00f6lt\u00e9si sebess\u00e9g1 Mbit\/s garant\u00e1lt felt\u00f6lt\u00e9si sebess\u00e9g *Elektronikus fizet\u00e9si m\u00f3d: \u00e1tutal\u00e1ssal vagy csoportos beszed\u00e9si megb\u00edz\u00e1ssal<\/p>\n","protected":false},"author":4,"featured_media":0,"parent":0,"menu_order":0,"comment_status":"closed","ping_status":"closed","template":"","meta":{"_mi_skip_tracking":false},"_links":{"self":[{"href":"https:\/\/deltanet.hu\/index.php\/wp-json\/wp\/v2\/pages\/6814"}],"collection":[{"href":"https:\/\/deltanet.hu\/index.php\/wp-json\/wp\/v2\/pages"}],"about":[{"href":"https:\/\/deltanet.hu\/index.php\/wp-json\/wp\/v2\/types\/page"}],"author":[{"embeddable":true,"href":"https:\/\/deltanet.hu\/index.php\/wp-json\/wp\/v2\/users\/4"}],"replies":[{"embeddable":true,"href":"https:\/\/deltanet.hu\/index.php\/wp-json\/wp\/v2\/comments?post=6814"}],"version-history":[{"count":15,"href":"https:\/\/deltanet.hu\/index.php\/wp-json\/wp\/v2\/pages\/6814\/revisions"}],"predecessor-version":[{"id":7759,"href":"https:\/\/deltanet.hu\/index.php\/wp-json\/wp\/v2\/pages\/6814\/revisions\/7759"}],"wp:attachment":[{"href":"https:\/\/deltanet.hu\/index.php\/wp-json\/wp\/v2\/media?parent=6814"}],"curies":[{"name":"wp","href":"https:\/\/api.w.org\/{rel}","templated":true}]}}