{"id":6837,"date":"2020-12-28T22:08:48","date_gmt":"2020-12-28T21:08:48","guid":{"rendered":"http:\/\/deltanet.hu\/?page_id=6837"},"modified":"2022-06-09T12:23:04","modified_gmt":"2022-06-09T10:23:04","slug":"kabelnet-l-csomag","status":"publish","type":"page","link":"https:\/\/deltanet.hu\/index.php\/kabelnet-l-csomag\/","title":{"rendered":"Elementor #6837"},"content":{"rendered":"\t\t<div data-elementor-type=\"wp-page\" data-elementor-id=\"6837\" class=\"elementor elementor-6837\" data-elementor-settings=\"[]\">\n\t\t\t<div class=\"elementor-inner\">\n\t\t\t\t<div class=\"elementor-section-wrap\">\n\t\t\t\t\t\t\t<section class=\"elementor-element elementor-element-754bbc2 elementor-section-boxed elementor-section-height-default elementor-section-height-default elementor-section elementor-top-section\" data-id=\"754bbc2\" data-element_type=\"section\">\n\t\t\t\t\t\t<div class=\"elementor-container elementor-column-gap-default\">\n\t\t\t\t<div class=\"elementor-row\">\n\t\t\t\t<div class=\"elementor-element elementor-element-f2db29d elementor-column elementor-col-100 elementor-top-column\" data-id=\"f2db29d\" data-element_type=\"column\">\n\t\t\t<div class=\"elementor-column-wrap  elementor-element-populated\">\n\t\t\t\t\t<div class=\"elementor-widget-wrap\">\n\t\t\t\t<div class=\"elementor-element elementor-element-3dec737 elementor-widget elementor-widget-image\" data-id=\"3dec737\" data-element_type=\"widget\" data-widget_type=\"image.default\">\n\t\t\t\t<div class=\"elementor-widget-container\">\n\t\t\t\t\t<div class=\"elementor-image\">\n\t\t\t\t\t\t\t\t\t\t<img width=\"241\" height=\"79\" src=\"https:\/\/deltanet.hu\/wp-content\/uploads\/2020\/12\/k\u00e1belnet-fejl\u00e9c.jpg\" class=\"attachment-himalayas-services size-himalayas-services\" alt=\"\" decoding=\"async\" loading=\"lazy\" \/>\t\t\t\t\t\t\t\t\t\t\t<\/div>\n\t\t\t\t<\/div>\n\t\t\t\t<\/div>\n\t\t\t\t\t\t<\/div>\n\t\t\t<\/div>\n\t\t<\/div>\n\t\t\t\t\t\t<\/div>\n\t\t\t<\/div>\n\t\t<\/section>\n\t\t\t\t<section class=\"elementor-element elementor-element-ac9a6f9 elementor-section-boxed elementor-section-height-default elementor-section-height-default elementor-section elementor-top-section\" data-id=\"ac9a6f9\" data-element_type=\"section\">\n\t\t\t\t\t\t<div class=\"elementor-container elementor-column-gap-default\">\n\t\t\t\t<div class=\"elementor-row\">\n\t\t\t\t<div class=\"elementor-element elementor-element-4f20437 elementor-column elementor-col-100 elementor-top-column\" data-id=\"4f20437\" data-element_type=\"column\">\n\t\t\t<div class=\"elementor-column-wrap  elementor-element-populated\">\n\t\t\t\t\t<div class=\"elementor-widget-wrap\">\n\t\t\t\t<div class=\"elementor-element elementor-element-68d2671 elementor-widget elementor-widget-heading\" data-id=\"68d2671\" data-element_type=\"widget\" data-widget_type=\"heading.default\">\n\t\t\t\t<div class=\"elementor-widget-container\">\n\t\t\t<h2 class=\"elementor-heading-title elementor-size-default\">K\u00e1belNet L csomag<br><span style=\"font-style: normal; text-align: start; white-space: normal; caret-color: rgb(0, 0, 0); color: rgb(0, 0, 0);\"><span style=\"font-size: 16pt; font-family: Arial; font-style: normal; font-variant-ligatures: normal; font-variant-east-asian: normal; font-variant-position: normal; white-space: pre-wrap;\">40 Mbit\/s let\u00f6lt\u00e9si sebess\u00e9g<\/span><\/span><br><span style=\"font-family: Arial; font-size: 11pt; font-style: normal; color: rgb(102, 102, 102); caret-color: rgb(0, 0, 0); text-align: start;\">8 Mbit\/s garant\u00e1lt let\u00f6lt\u00e9si sebess\u00e9g<\/span><br><span style=\"font-style: normal; text-align: start; white-space: normal; caret-color: rgb(0, 0, 0); color: rgb(0, 0, 0);\"><span style=\"font-size: 16pt; font-family: Arial; font-style: normal; font-variant-ligatures: normal; font-variant-east-asian: normal; font-variant-position: normal; white-space: pre-wrap;\">9 Mbit\/s felt\u00f6lt\u00e9si sebess\u00e9g<\/span><\/span><br><span style=\"font-family: Arial; font-size: 11pt; font-style: normal; color: rgb(102, 102, 102); caret-color: rgb(0, 0, 0); text-align: start;\">4 Mbit\/s garant\u00e1lt felt\u00f6lt\u00e9si sebess\u00e9g<\/span><\/h2>\t\t<\/div>\n\t\t\t\t<\/div>\n\t\t\t\t\t\t<\/div>\n\t\t\t<\/div>\n\t\t<\/div>\n\t\t\t\t\t\t<\/div>\n\t\t\t<\/div>\n\t\t<\/section>\n\t\t\t\t<section class=\"elementor-element elementor-element-b0f843a elementor-section-boxed elementor-section-height-default elementor-section-height-default elementor-section elementor-top-section\" data-id=\"b0f843a\" data-element_type=\"section\">\n\t\t\t\t\t\t<div class=\"elementor-container elementor-column-gap-no\">\n\t\t\t\t<div class=\"elementor-row\">\n\t\t\t\t<div class=\"elementor-element elementor-element-0fc5916 elementor-invisible elementor-column elementor-col-33 elementor-top-column\" data-id=\"0fc5916\" data-element_type=\"column\" data-settings=\"{&quot;animation&quot;:&quot;fadeInLeft&quot;}\">\n\t\t\t<div class=\"elementor-column-wrap  elementor-element-populated\">\n\t\t\t\t\t<div class=\"elementor-widget-wrap\">\n\t\t\t\t<div class=\"elementor-element elementor-element-4401f1f elementor-widget elementor-widget-image\" data-id=\"4401f1f\" data-element_type=\"widget\" data-widget_type=\"image.default\">\n\t\t\t\t<div class=\"elementor-widget-container\">\n\t\t\t\t\t<div class=\"elementor-image\">\n\t\t\t\t\t\t\t\t\t\t<img width=\"583\" height=\"1024\" src=\"https:\/\/deltanet.hu\/wp-content\/uploads\/2020\/12\/1-\u00e9ves-l.jpg\" class=\"elementor-animation-pulse-grow attachment-large size-large\" alt=\"\" decoding=\"async\" loading=\"lazy\" srcset=\"https:\/\/deltanet.hu\/wp-content\/uploads\/2020\/12\/1-\u00e9ves-l.jpg 583w, https:\/\/deltanet.hu\/wp-content\/uploads\/2020\/12\/1-\u00e9ves-l-171x300.jpg 171w\" sizes=\"(max-width: 583px) 100vw, 583px\" \/>\t\t\t\t\t\t\t\t\t\t\t<\/div>\n\t\t\t\t<\/div>\n\t\t\t\t<\/div>\n\t\t\t\t\t\t<\/div>\n\t\t\t<\/div>\n\t\t<\/div>\n\t\t\t\t<div class=\"elementor-element elementor-element-b75b4ff elementor-invisible elementor-column elementor-col-33 elementor-top-column\" data-id=\"b75b4ff\" data-element_type=\"column\" data-settings=\"{&quot;animation&quot;:&quot;fadeInDown&quot;}\">\n\t\t\t<div class=\"elementor-column-wrap  elementor-element-populated\">\n\t\t\t\t\t<div class=\"elementor-widget-wrap\">\n\t\t\t\t<div class=\"elementor-element elementor-element-28607bb elementor-widget elementor-widget-image\" data-id=\"28607bb\" data-element_type=\"widget\" data-widget_type=\"image.default\">\n\t\t\t\t<div class=\"elementor-widget-container\">\n\t\t\t\t\t<div class=\"elementor-image\">\n\t\t\t\t\t\t\t\t\t\t<img width=\"583\" height=\"1024\" src=\"https:\/\/deltanet.hu\/wp-content\/uploads\/2021\/05\/2-\u00e9ves-l-m\u00e1solat.jpg\" class=\"elementor-animation-pulse-grow attachment-large size-large\" alt=\"\" decoding=\"async\" loading=\"lazy\" srcset=\"https:\/\/deltanet.hu\/wp-content\/uploads\/2021\/05\/2-\u00e9ves-l-m\u00e1solat.jpg 583w, https:\/\/deltanet.hu\/wp-content\/uploads\/2021\/05\/2-\u00e9ves-l-m\u00e1solat-171x300.jpg 171w\" sizes=\"(max-width: 583px) 100vw, 583px\" \/>\t\t\t\t\t\t\t\t\t\t\t<\/div>\n\t\t\t\t<\/div>\n\t\t\t\t<\/div>\n\t\t\t\t\t\t<\/div>\n\t\t\t<\/div>\n\t\t<\/div>\n\t\t\t\t<div class=\"elementor-element elementor-element-86a4743 elementor-invisible elementor-column elementor-col-33 elementor-top-column\" data-id=\"86a4743\" data-element_type=\"column\" data-settings=\"{&quot;animation&quot;:&quot;fadeInRight&quot;}\">\n\t\t\t<div class=\"elementor-column-wrap  elementor-element-populated\">\n\t\t\t\t\t<div class=\"elementor-widget-wrap\">\n\t\t\t\t<div class=\"elementor-element elementor-element-be78942 elementor-widget elementor-widget-image\" data-id=\"be78942\" data-element_type=\"widget\" data-widget_type=\"image.default\">\n\t\t\t\t<div class=\"elementor-widget-container\">\n\t\t\t\t\t<div class=\"elementor-image\">\n\t\t\t\t\t\t\t\t\t\t<img width=\"583\" height=\"1024\" src=\"https:\/\/deltanet.hu\/wp-content\/uploads\/2020\/12\/hat\u00e1rozatlan-l.jpg\" class=\"elementor-animation-pulse-grow attachment-large size-large\" alt=\"\" decoding=\"async\" loading=\"lazy\" srcset=\"https:\/\/deltanet.hu\/wp-content\/uploads\/2020\/12\/hat\u00e1rozatlan-l.jpg 583w, https:\/\/deltanet.hu\/wp-content\/uploads\/2020\/12\/hat\u00e1rozatlan-l-171x300.jpg 171w\" sizes=\"(max-width: 583px) 100vw, 583px\" \/>\t\t\t\t\t\t\t\t\t\t\t<\/div>\n\t\t\t\t<\/div>\n\t\t\t\t<\/div>\n\t\t\t\t\t\t<\/div>\n\t\t\t<\/div>\n\t\t<\/div>\n\t\t\t\t\t\t<\/div>\n\t\t\t<\/div>\n\t\t<\/section>\n\t\t\t\t<section class=\"elementor-element elementor-element-74da1ed elementor-section-content-middle elementor-section-stretched elementor-section-boxed elementor-section-height-default elementor-section-height-default elementor-section elementor-top-section\" data-id=\"74da1ed\" data-element_type=\"section\" data-settings=\"{&quot;stretch_section&quot;:&quot;section-stretched&quot;}\">\n\t\t\t\t\t\t<div class=\"elementor-container elementor-column-gap-no\">\n\t\t\t\t<div class=\"elementor-row\">\n\t\t\t\t<div class=\"elementor-element elementor-element-1384698 elementor-column elementor-col-100 elementor-top-column\" data-id=\"1384698\" data-element_type=\"column\">\n\t\t\t<div class=\"elementor-column-wrap  elementor-element-populated\">\n\t\t\t\t\t<div class=\"elementor-widget-wrap\">\n\t\t\t\t<div class=\"elementor-element elementor-element-e4faed0 elementor-widget elementor-widget-text-editor\" data-id=\"e4faed0\" data-element_type=\"widget\" data-widget_type=\"text-editor.default\">\n\t\t\t\t<div class=\"elementor-widget-container\">\n\t\t\t\t\t<div class=\"elementor-text-editor elementor-clearfix\"><p>*Elektronikus fizet\u00e9si m\u00f3d: \u00e1tutal\u00e1ssal vagy csoportos beszed\u00e9si megb\u00edz\u00e1ssal \u00e9s emailben k\u00fcld\u00f6tt pdf form\u00e1tum\u00fa sz\u00e1ml\u00e1val. <br \/>A fenti \u00e1rak m\u00e1r tartalmazz\u00e1k a fizet\u00e9si m\u00f3d kedvezm\u00e9nyt, melynek m\u00e9rt\u00e9ke &#8211; 500 Ft\/h\u00f3.<\/p><p>Gigabites Wi-Fi router 24 havi r\u00e9szletre t\u00f6rt\u00e9n\u0151 v\u00e1s\u00e1rl\u00e1sa eset\u00e9n a t\u00f6rleszt\u00e9s 1 000 Ft\/h\u00f3, mely az internet-szolg\u00e1ltat\u00e1s havi d\u00edj\u00e1n fel\u00fcl fizetend\u0151 24 h\u00f3napig. <br \/>A fenti \u00e1rak m\u00e1r tartalmazz\u00e1k az 1 000 Ft-os t\u00f6rleszt\u0151 r\u00e9szletet.<\/p><p>Az elektronikus h\u00edrk\u00f6zl\u00e9sr\u0151l sz\u00f3l\u00f3 2003. \u00e9vi C. t\u00f6rv\u00e9ny m\u00f3dos\u00edt\u00e1sa szerint 2017.\u00a0okt\u00f3ber\u00a024-t\u0151l\u00a02 \u00e9ves hat\u00e1rozott idej\u0171 szerz\u0151d\u00e9s csak router v\u00e1s\u00e1rl\u00e1ssal egy\u00fctt k\u00f6thet\u0151.<\/p><p>Publikus FIX IP c\u00edm d\u00edja: 2 540 Ft\/h\u00f3\/db<\/p><p>A fenti \u00e1rak brutt\u00f3 \u00e1rak.<\/p><\/div>\n\t\t\t\t<\/div>\n\t\t\t\t<\/div>\n\t\t\t\t<div class=\"elementor-element elementor-element-a0c56ca elementor-invisible elementor-widget elementor-widget-heading\" data-id=\"a0c56ca\" data-element_type=\"widget\" data-settings=\"{&quot;_animation&quot;:&quot;pulse&quot;}\" data-widget_type=\"heading.default\">\n\t\t\t\t<div class=\"elementor-widget-container\">\n\t\t\t<h1 class=\"elementor-heading-title elementor-size-default\">M\u00e9gis m\u00e1sik csomagot v\u00e1lasztana?<\/h1>\t\t<\/div>\n\t\t\t\t<\/div>\n\t\t\t\t\t\t<\/div>\n\t\t\t<\/div>\n\t\t<\/div>\n\t\t\t\t\t\t<\/div>\n\t\t\t<\/div>\n\t\t<\/section>\n\t\t\t\t<section class=\"elementor-element elementor-element-3f7f6e7 elementor-section-boxed elementor-section-height-default elementor-section-height-default elementor-section elementor-top-section\" data-id=\"3f7f6e7\" data-element_type=\"section\">\n\t\t\t\t\t\t<div class=\"elementor-container elementor-column-gap-no\">\n\t\t\t\t<div class=\"elementor-row\">\n\t\t\t\t<div class=\"elementor-element elementor-element-dda3181 elementor-invisible elementor-column elementor-col-16 elementor-top-column\" data-id=\"dda3181\" data-element_type=\"column\" data-settings=\"{&quot;animation&quot;:&quot;slideInDown&quot;}\">\n\t\t\t<div class=\"elementor-column-wrap  elementor-element-populated\">\n\t\t\t\t\t<div class=\"elementor-widget-wrap\">\n\t\t\t\t<div class=\"elementor-element elementor-element-0db180c elementor-widget elementor-widget-image\" data-id=\"0db180c\" data-element_type=\"widget\" data-widget_type=\"image.default\">\n\t\t\t\t<div class=\"elementor-widget-container\">\n\t\t\t\t\t<div class=\"elementor-image\">\n\t\t\t\t\t\t\t\t\t\t\t<a href=\"https:\/\/deltanet.hu\/index.php\/kabelnet-xs-csomag\/\">\n\t\t\t\t\t\t\t<img width=\"583\" height=\"1024\" src=\"https:\/\/deltanet.hu\/wp-content\/uploads\/2021\/05\/m\u00e1sikat-xs-m\u00e1solat.jpg\" class=\"elementor-animation-pulse-grow attachment-large size-large\" alt=\"\" decoding=\"async\" loading=\"lazy\" srcset=\"https:\/\/deltanet.hu\/wp-content\/uploads\/2021\/05\/m\u00e1sikat-xs-m\u00e1solat.jpg 583w, https:\/\/deltanet.hu\/wp-content\/uploads\/2021\/05\/m\u00e1sikat-xs-m\u00e1solat-171x300.jpg 171w\" sizes=\"(max-width: 583px) 100vw, 583px\" \/>\t\t\t\t\t\t\t\t<\/a>\n\t\t\t\t\t\t\t\t\t\t\t<\/div>\n\t\t\t\t<\/div>\n\t\t\t\t<\/div>\n\t\t\t\t\t\t<\/div>\n\t\t\t<\/div>\n\t\t<\/div>\n\t\t\t\t<div class=\"elementor-element elementor-element-0e734a0 elementor-invisible elementor-column elementor-col-16 elementor-top-column\" data-id=\"0e734a0\" data-element_type=\"column\" data-settings=\"{&quot;animation&quot;:&quot;slideInDown&quot;}\">\n\t\t\t<div class=\"elementor-column-wrap  elementor-element-populated\">\n\t\t\t\t\t<div class=\"elementor-widget-wrap\">\n\t\t\t\t<div class=\"elementor-element elementor-element-563a7ec elementor-widget elementor-widget-image\" data-id=\"563a7ec\" data-element_type=\"widget\" data-widget_type=\"image.default\">\n\t\t\t\t<div class=\"elementor-widget-container\">\n\t\t\t\t\t<div class=\"elementor-image\">\n\t\t\t\t\t\t\t\t\t\t\t<a href=\"https:\/\/deltanet.hu\/index.php\/kabelnet-s-csomag\/\">\n\t\t\t\t\t\t\t<img width=\"583\" height=\"1024\" src=\"https:\/\/deltanet.hu\/wp-content\/uploads\/2021\/05\/m\u00e1sikat-s-m\u00e1solat.jpg\" class=\"elementor-animation-pulse-grow attachment-large size-large\" alt=\"\" decoding=\"async\" loading=\"lazy\" srcset=\"https:\/\/deltanet.hu\/wp-content\/uploads\/2021\/05\/m\u00e1sikat-s-m\u00e1solat.jpg 583w, https:\/\/deltanet.hu\/wp-content\/uploads\/2021\/05\/m\u00e1sikat-s-m\u00e1solat-171x300.jpg 171w\" sizes=\"(max-width: 583px) 100vw, 583px\" \/>\t\t\t\t\t\t\t\t<\/a>\n\t\t\t\t\t\t\t\t\t\t\t<\/div>\n\t\t\t\t<\/div>\n\t\t\t\t<\/div>\n\t\t\t\t\t\t<\/div>\n\t\t\t<\/div>\n\t\t<\/div>\n\t\t\t\t<div class=\"elementor-element elementor-element-405078b elementor-invisible elementor-column elementor-col-16 elementor-top-column\" data-id=\"405078b\" data-element_type=\"column\" data-settings=\"{&quot;animation&quot;:&quot;slideInDown&quot;,&quot;animation_delay&quot;:200}\">\n\t\t\t<div class=\"elementor-column-wrap  elementor-element-populated\">\n\t\t\t\t\t<div class=\"elementor-widget-wrap\">\n\t\t\t\t<div class=\"elementor-element elementor-element-fc92dd9 elementor-widget elementor-widget-image\" data-id=\"fc92dd9\" data-element_type=\"widget\" data-widget_type=\"image.default\">\n\t\t\t\t<div class=\"elementor-widget-container\">\n\t\t\t\t\t<div class=\"elementor-image\">\n\t\t\t\t\t\t\t\t\t\t\t<a href=\"https:\/\/deltanet.hu\/index.php\/kabelnet-m-csomag\/\">\n\t\t\t\t\t\t\t<img width=\"583\" height=\"1024\" src=\"https:\/\/deltanet.hu\/wp-content\/uploads\/2021\/05\/masikat-m-m\u00e1solat.jpg\" class=\"elementor-animation-pulse-grow attachment-large size-large\" alt=\"\" decoding=\"async\" loading=\"lazy\" srcset=\"https:\/\/deltanet.hu\/wp-content\/uploads\/2021\/05\/masikat-m-m\u00e1solat.jpg 583w, https:\/\/deltanet.hu\/wp-content\/uploads\/2021\/05\/masikat-m-m\u00e1solat-171x300.jpg 171w\" sizes=\"(max-width: 583px) 100vw, 583px\" \/>\t\t\t\t\t\t\t\t<\/a>\n\t\t\t\t\t\t\t\t\t\t\t<\/div>\n\t\t\t\t<\/div>\n\t\t\t\t<\/div>\n\t\t\t\t\t\t<\/div>\n\t\t\t<\/div>\n\t\t<\/div>\n\t\t\t\t<div class=\"elementor-element elementor-element-ca5a65c elementor-invisible elementor-column elementor-col-16 elementor-top-column\" data-id=\"ca5a65c\" data-element_type=\"column\" data-settings=\"{&quot;animation&quot;:&quot;slideInDown&quot;,&quot;animation_delay&quot;:200}\">\n\t\t\t<div class=\"elementor-column-wrap  elementor-element-populated\">\n\t\t\t\t\t<div class=\"elementor-widget-wrap\">\n\t\t\t\t<div class=\"elementor-element elementor-element-6cb0b66 elementor-widget elementor-widget-image\" data-id=\"6cb0b66\" data-element_type=\"widget\" data-widget_type=\"image.default\">\n\t\t\t\t<div class=\"elementor-widget-container\">\n\t\t\t\t\t<div class=\"elementor-image\">\n\t\t\t\t\t\t\t\t\t\t\t<a href=\"https:\/\/deltanet.hu\/index.php\/kabelnet-l-csomag\/\">\n\t\t\t\t\t\t\t<img width=\"583\" height=\"1024\" src=\"https:\/\/deltanet.hu\/wp-content\/uploads\/2021\/05\/m\u00e1sikat-l-m\u00e1solat.jpg\" class=\"elementor-animation-pulse-grow attachment-large size-large\" alt=\"\" decoding=\"async\" loading=\"lazy\" srcset=\"https:\/\/deltanet.hu\/wp-content\/uploads\/2021\/05\/m\u00e1sikat-l-m\u00e1solat.jpg 583w, https:\/\/deltanet.hu\/wp-content\/uploads\/2021\/05\/m\u00e1sikat-l-m\u00e1solat-171x300.jpg 171w\" sizes=\"(max-width: 583px) 100vw, 583px\" \/>\t\t\t\t\t\t\t\t<\/a>\n\t\t\t\t\t\t\t\t\t\t\t<\/div>\n\t\t\t\t<\/div>\n\t\t\t\t<\/div>\n\t\t\t\t\t\t<\/div>\n\t\t\t<\/div>\n\t\t<\/div>\n\t\t\t\t<div class=\"elementor-element elementor-element-82351ec elementor-invisible elementor-column elementor-col-16 elementor-top-column\" data-id=\"82351ec\" data-element_type=\"column\" data-settings=\"{&quot;animation&quot;:&quot;slideInDown&quot;,&quot;animation_delay&quot;:400}\">\n\t\t\t<div class=\"elementor-column-wrap  elementor-element-populated\">\n\t\t\t\t\t<div class=\"elementor-widget-wrap\">\n\t\t\t\t<div class=\"elementor-element elementor-element-a7ec40a elementor-widget elementor-widget-image\" data-id=\"a7ec40a\" data-element_type=\"widget\" data-widget_type=\"image.default\">\n\t\t\t\t<div class=\"elementor-widget-container\">\n\t\t\t\t\t<div class=\"elementor-image\">\n\t\t\t\t\t\t\t\t\t\t\t<a href=\"https:\/\/deltanet.hu\/index.php\/kabelnet-xl-csomag\/\">\n\t\t\t\t\t\t\t<img width=\"583\" height=\"1024\" src=\"https:\/\/deltanet.hu\/wp-content\/uploads\/2021\/05\/m\u00e1sikat-xl-m\u00e1solat.jpg\" class=\"elementor-animation-pulse-grow attachment-large size-large\" alt=\"\" decoding=\"async\" loading=\"lazy\" srcset=\"https:\/\/deltanet.hu\/wp-content\/uploads\/2021\/05\/m\u00e1sikat-xl-m\u00e1solat.jpg 583w, https:\/\/deltanet.hu\/wp-content\/uploads\/2021\/05\/m\u00e1sikat-xl-m\u00e1solat-171x300.jpg 171w\" sizes=\"(max-width: 583px) 100vw, 583px\" \/>\t\t\t\t\t\t\t\t<\/a>\n\t\t\t\t\t\t\t\t\t\t\t<\/div>\n\t\t\t\t<\/div>\n\t\t\t\t<\/div>\n\t\t\t\t\t\t<\/div>\n\t\t\t<\/div>\n\t\t<\/div>\n\t\t\t\t<div class=\"elementor-element elementor-element-05fab75 elementor-invisible elementor-column elementor-col-16 elementor-top-column\" data-id=\"05fab75\" data-element_type=\"column\" data-settings=\"{&quot;animation&quot;:&quot;slideInDown&quot;,&quot;animation_delay&quot;:500}\">\n\t\t\t<div class=\"elementor-column-wrap  elementor-element-populated\">\n\t\t\t\t\t<div class=\"elementor-widget-wrap\">\n\t\t\t\t<div class=\"elementor-element elementor-element-b8412bb elementor-widget elementor-widget-image\" data-id=\"b8412bb\" data-element_type=\"widget\" data-widget_type=\"image.default\">\n\t\t\t\t<div class=\"elementor-widget-container\">\n\t\t\t\t\t<div class=\"elementor-image\">\n\t\t\t\t\t\t\t\t\t\t\t<a href=\"https:\/\/deltanet.hu\/index.php\/kabelnet-xxl-csomag\/\">\n\t\t\t\t\t\t\t<img width=\"583\" height=\"1024\" src=\"https:\/\/deltanet.hu\/wp-content\/uploads\/2021\/05\/m\u00e1sikat-xxl-m\u00e1solat.jpg\" class=\"elementor-animation-pulse-grow attachment-large size-large\" alt=\"\" decoding=\"async\" loading=\"lazy\" srcset=\"https:\/\/deltanet.hu\/wp-content\/uploads\/2021\/05\/m\u00e1sikat-xxl-m\u00e1solat.jpg 583w, https:\/\/deltanet.hu\/wp-content\/uploads\/2021\/05\/m\u00e1sikat-xxl-m\u00e1solat-171x300.jpg 171w\" sizes=\"(max-width: 583px) 100vw, 583px\" \/>\t\t\t\t\t\t\t\t<\/a>\n\t\t\t\t\t\t\t\t\t\t\t<\/div>\n\t\t\t\t<\/div>\n\t\t\t\t<\/div>\n\t\t\t\t\t\t<\/div>\n\t\t\t<\/div>\n\t\t<\/div>\n\t\t\t\t\t\t<\/div>\n\t\t\t<\/div>\n\t\t<\/section>\n\t\t\t\t\t\t<\/div>\n\t\t\t<\/div>\n\t\t<\/div>\n\t\t","protected":false},"excerpt":{"rendered":"<p>K\u00e1belNet L csomag 40 Mbit\/s let\u00f6lt\u00e9si sebess\u00e9g 8 Mbit\/s garant\u00e1lt let\u00f6lt\u00e9si sebess\u00e9g 9 Mbit\/s felt\u00f6lt\u00e9si sebess\u00e9g 4 Mbit\/s garant\u00e1lt felt\u00f6lt\u00e9si sebess\u00e9g *Elektronikus fizet\u00e9si m\u00f3d: \u00e1tutal\u00e1ssal<\/p>\n","protected":false},"author":4,"featured_media":0,"parent":0,"menu_order":0,"comment_status":"closed","ping_status":"closed","template":"","meta":{"_mi_skip_tracking":false},"_links":{"self":[{"href":"https:\/\/deltanet.hu\/index.php\/wp-json\/wp\/v2\/pages\/6837"}],"collection":[{"href":"https:\/\/deltanet.hu\/index.php\/wp-json\/wp\/v2\/pages"}],"about":[{"href":"https:\/\/deltanet.hu\/index.php\/wp-json\/wp\/v2\/types\/page"}],"author":[{"embeddable":true,"href":"https:\/\/deltanet.hu\/index.php\/wp-json\/wp\/v2\/users\/4"}],"replies":[{"embeddable":true,"href":"https:\/\/deltanet.hu\/index.php\/wp-json\/wp\/v2\/comments?post=6837"}],"version-history":[{"count":8,"href":"https:\/\/deltanet.hu\/index.php\/wp-json\/wp\/v2\/pages\/6837\/revisions"}],"predecessor-version":[{"id":9765,"href":"https:\/\/deltanet.hu\/index.php\/wp-json\/wp\/v2\/pages\/6837\/revisions\/9765"}],"wp:attachment":[{"href":"https:\/\/deltanet.hu\/index.php\/wp-json\/wp\/v2\/media?parent=6837"}],"curies":[{"name":"wp","href":"https:\/\/api.w.org\/{rel}","templated":true}]}}