{"id":7019,"date":"2021-01-05T13:33:28","date_gmt":"2021-01-05T12:33:28","guid":{"rendered":"http:\/\/deltanet.hu\/?page_id=7019"},"modified":"2025-12-05T14:07:13","modified_gmt":"2025-12-05T13:07:13","slug":"kabeltv","status":"publish","type":"page","link":"https:\/\/deltanet.hu\/index.php\/kabeltv\/","title":{"rendered":""},"content":{"rendered":"\t\t<div data-elementor-type=\"wp-page\" data-elementor-id=\"7019\" class=\"elementor elementor-7019\" data-elementor-settings=\"[]\">\n\t\t\t<div class=\"elementor-inner\">\n\t\t\t\t<div class=\"elementor-section-wrap\">\n\t\t\t\t\t\t\t<section class=\"elementor-element elementor-element-77ab5e3 elementor-section-boxed elementor-section-height-default elementor-section-height-default elementor-section elementor-top-section\" data-id=\"77ab5e3\" data-element_type=\"section\">\n\t\t\t\t\t\t<div class=\"elementor-container elementor-column-gap-default\">\n\t\t\t\t<div class=\"elementor-row\">\n\t\t\t\t<div class=\"elementor-element elementor-element-68e432b elementor-column elementor-col-100 elementor-top-column\" data-id=\"68e432b\" data-element_type=\"column\">\n\t\t\t<div class=\"elementor-column-wrap  elementor-element-populated\">\n\t\t\t\t\t<div class=\"elementor-widget-wrap\">\n\t\t\t\t<div class=\"elementor-element elementor-element-f9bf362 elementor-widget elementor-widget-heading\" data-id=\"f9bf362\" data-element_type=\"widget\" data-widget_type=\"heading.default\">\n\t\t\t\t<div class=\"elementor-widget-container\">\n\t\t\t<h2 class=\"elementor-heading-title elementor-size-default\">K\u00e1belTV szolg\u00e1ltat\u00e1sunk jelenleg Kecskem\u00e9t-Het\u00e9nyegyh\u00e1z\u00e1n \u00e9rhet\u0151 el.<\/h2>\t\t<\/div>\n\t\t\t\t<\/div>\n\t\t\t\t\t\t<\/div>\n\t\t\t<\/div>\n\t\t<\/div>\n\t\t\t\t\t\t<\/div>\n\t\t\t<\/div>\n\t\t<\/section>\n\t\t\t\t<section class=\"elementor-element elementor-element-86a6211 elementor-section-stretched elementor-section-boxed elementor-section-height-default elementor-section-height-default elementor-section elementor-top-section\" data-id=\"86a6211\" data-element_type=\"section\" data-settings=\"{&quot;stretch_section&quot;:&quot;section-stretched&quot;}\">\n\t\t\t\t\t\t<div class=\"elementor-container elementor-column-gap-default\">\n\t\t\t\t<div class=\"elementor-row\">\n\t\t\t\t<div class=\"elementor-element elementor-element-ec21e5d elementor-column elementor-col-50 elementor-top-column\" data-id=\"ec21e5d\" data-element_type=\"column\">\n\t\t\t<div class=\"elementor-column-wrap  elementor-element-populated\">\n\t\t\t\t\t<div class=\"elementor-widget-wrap\">\n\t\t\t\t<div class=\"elementor-element elementor-element-8eeb71a eael-pricing-content-align-center eael-pricing-button-align-center elementor-widget elementor-widget-eael-pricing-table\" data-id=\"8eeb71a\" data-element_type=\"widget\" data-widget_type=\"eael-pricing-table.default\">\n\t\t\t\t<div class=\"elementor-widget-container\">\n\t\t\t\t\t<div class=\"eael-pricing style-1\">\n\t    <div class=\"eael-pricing-item \">\n\t        <div class=\"header\">\n\t            <h2 class=\"title\">K\u00e1belTV Mini<\/h2>\n\t        <\/div>\n\t        <div class=\"eael-pricing-tag\">\n\t            <span class=\"price-tag\">4 205 Ft<span class=\"price-currency\"><\/span><\/span>\n\t            <span class=\"price-period\"> <\/span>\n\t        <\/div>\n\t        <div class=\"body\">\n\t            \t\t<ul>\n\t\t\t\t\t\t<li >\n\t\t\t\t\t\t\t\t\t<span class=\"li-icon\" style=\"color:#ff0000\">\n\t\t\t\t\t\t\t\t\t\t\t\t\t\t\t\t\t\t<i class=\"fas fa-check\"><\/i>\n\t\t\t\t\t\t\t\t\t\t\t\t\t\t\t\t<\/span>\n\t\t\t\t            35 csatorna            <\/li>\n\t\t\t\t\t<\/ul>\n\t\t\t        <\/div>\n\t        <div class=\"footer\">\n\t\t    \t<a href=\"https:\/\/deltanet.hu\/index.php\/kabeltv-mini\/\"   class=\"eael-pricing-button\">\n\t\t    \t\t\t\t\t\t\t\t\t\t\t\t\t\t\t\t\t\t\t\t\t\t\t<i class=\" fa-icon-left\"><\/i>\n\t\t\t\t\t\t\t\t\t\t\t\t\t\t\t\t\t\t\tezt v\u00e1lasztom\t\t\t\t\t\t\t    \t<\/a>\n\t\t    <\/div>\n\t    <\/div>\n\t<\/div>\n\t\t\t\t\t<\/div>\n\t\t\t\t<\/div>\n\t\t\t\t\t\t<\/div>\n\t\t\t<\/div>\n\t\t<\/div>\n\t\t\t\t<div class=\"elementor-element elementor-element-7011a64 elementor-column elementor-col-50 elementor-top-column\" data-id=\"7011a64\" data-element_type=\"column\">\n\t\t\t<div class=\"elementor-column-wrap  elementor-element-populated\">\n\t\t\t\t\t<div class=\"elementor-widget-wrap\">\n\t\t\t\t<div class=\"elementor-element elementor-element-9274e73 eael-pricing-content-align-center eael-pricing-button-align-center elementor-widget elementor-widget-eael-pricing-table\" data-id=\"9274e73\" data-element_type=\"widget\" data-widget_type=\"eael-pricing-table.default\">\n\t\t\t\t<div class=\"elementor-widget-container\">\n\t\t\t\t\t<div class=\"eael-pricing style-1\">\n\t    <div class=\"eael-pricing-item \">\n\t        <div class=\"header\">\n\t            <h2 class=\"title\">K\u00e1belTV Maxi<\/h2>\n\t        <\/div>\n\t        <div class=\"eael-pricing-tag\">\n\t            <span class=\"price-tag\"><span class=\"price-currency\"><\/span>5 446 Ft<\/span>\n\t            <span class=\"price-period\"> <\/span>\n\t        <\/div>\n\t        <div class=\"body\">\n\t            \t\t<ul>\n\t\t\t\t\t\t<li >\n\t\t\t\t\t\t\t\t\t<span class=\"li-icon\" style=\"color:#ff0000\">\n\t\t\t\t\t\t\t\t\t\t\t\t\t\t\t\t\t\t<i class=\"fas fa-check\"><\/i>\n\t\t\t\t\t\t\t\t\t\t\t\t\t\t\t\t<\/span>\n\t\t\t\t            126 csatorna            <\/li>\n\t\t\t\t\t<\/ul>\n\t\t\t        <\/div>\n\t        <div class=\"footer\">\n\t\t    \t<a href=\"https:\/\/deltanet.hu\/index.php\/kabeltv-plusz\/\"   class=\"eael-pricing-button\">\n\t\t    \t\t\t\t\t\t\t\t\t\t\t\t\t\t\t\t\t\t\t\t\t\t\t<i class=\" fa-icon-left\"><\/i>\n\t\t\t\t\t\t\t\t\t\t\t\t\t\t\t\t\t\t\tezt v\u00e1lasztom\t\t\t\t\t\t\t    \t<\/a>\n\t\t    <\/div>\n\t    <\/div>\n\t<\/div>\n\t\t\t\t\t<\/div>\n\t\t\t\t<\/div>\n\t\t\t\t\t\t<\/div>\n\t\t\t<\/div>\n\t\t<\/div>\n\t\t\t\t\t\t<\/div>\n\t\t\t<\/div>\n\t\t<\/section>\n\t\t\t\t\t\t<\/div>\n\t\t\t<\/div>\n\t\t<\/div>\n\t\t","protected":false},"excerpt":{"rendered":"<p>K\u00e1belTV szolg\u00e1ltat\u00e1sunk jelenleg Kecskem\u00e9t-Het\u00e9nyegyh\u00e1z\u00e1n \u00e9rhet\u0151 el. K\u00e1belTV Mini 4 205 Ft 35 csatorna ezt v\u00e1lasztom K\u00e1belTV Maxi 5 446 Ft 126 csatorna ezt v\u00e1lasztom<\/p>\n","protected":false},"author":4,"featured_media":0,"parent":0,"menu_order":0,"comment_status":"closed","ping_status":"closed","template":"","meta":{"_mi_skip_tracking":false},"_links":{"self":[{"href":"https:\/\/deltanet.hu\/index.php\/wp-json\/wp\/v2\/pages\/7019"}],"collection":[{"href":"https:\/\/deltanet.hu\/index.php\/wp-json\/wp\/v2\/pages"}],"about":[{"href":"https:\/\/deltanet.hu\/index.php\/wp-json\/wp\/v2\/types\/page"}],"author":[{"embeddable":true,"href":"https:\/\/deltanet.hu\/index.php\/wp-json\/wp\/v2\/users\/4"}],"replies":[{"embeddable":true,"href":"https:\/\/deltanet.hu\/index.php\/wp-json\/wp\/v2\/comments?post=7019"}],"version-history":[{"count":16,"href":"https:\/\/deltanet.hu\/index.php\/wp-json\/wp\/v2\/pages\/7019\/revisions"}],"predecessor-version":[{"id":10968,"href":"https:\/\/deltanet.hu\/index.php\/wp-json\/wp\/v2\/pages\/7019\/revisions\/10968"}],"wp:attachment":[{"href":"https:\/\/deltanet.hu\/index.php\/wp-json\/wp\/v2\/media?parent=7019"}],"curies":[{"name":"wp","href":"https:\/\/api.w.org\/{rel}","templated":true}]}}