{"id":7025,"date":"2021-01-05T14:41:09","date_gmt":"2021-01-05T13:41:09","guid":{"rendered":"http:\/\/deltanet.hu\/?page_id=7025"},"modified":"2021-01-05T15:13:01","modified_gmt":"2021-01-05T14:13:01","slug":"kabeltv-mini","status":"publish","type":"page","link":"https:\/\/deltanet.hu\/index.php\/kabeltv-mini\/","title":{"rendered":""},"content":{"rendered":"\t\t<div data-elementor-type=\"wp-page\" data-elementor-id=\"7025\" class=\"elementor elementor-7025\" data-elementor-settings=\"[]\">\n\t\t\t<div class=\"elementor-inner\">\n\t\t\t\t<div class=\"elementor-section-wrap\">\n\t\t\t\t\t\t\t<section class=\"elementor-element elementor-element-eaef531 elementor-section-boxed elementor-section-height-default elementor-section-height-default elementor-section elementor-top-section\" data-id=\"eaef531\" data-element_type=\"section\">\n\t\t\t\t\t\t<div class=\"elementor-container elementor-column-gap-default\">\n\t\t\t\t<div class=\"elementor-row\">\n\t\t\t\t<div class=\"elementor-element elementor-element-a43d884 elementor-column elementor-col-100 elementor-top-column\" data-id=\"a43d884\" data-element_type=\"column\">\n\t\t\t<div class=\"elementor-column-wrap  elementor-element-populated\">\n\t\t\t\t\t<div class=\"elementor-widget-wrap\">\n\t\t\t\t<div class=\"elementor-element elementor-element-835c11f elementor-widget elementor-widget-text-editor\" data-id=\"835c11f\" data-element_type=\"widget\" data-widget_type=\"text-editor.default\">\n\t\t\t\t<div class=\"elementor-widget-container\">\n\t\t\t\t\t<div class=\"elementor-text-editor elementor-clearfix\"><h2>K\u00e1belTV Mini telev\u00edzi\u00f3s szolg\u00e1ltat\u00e1sr\u00f3l<\/h2><p>Szolg\u00e1ltat\u00e1sunkat azoknak aj\u00e1nljuk, akik Kecskem\u00e9t-Het\u00e9nyegyh\u00e1za ter\u00fclet\u00e9n szeretn\u00e9nek hozz\u00e1jutni min\u0151s\u00e9gi m\u0171sortartalomhoz kedvez\u0151 \u00e1ron!<\/p><\/div>\n\t\t\t\t<\/div>\n\t\t\t\t<\/div>\n\t\t\t\t<div class=\"elementor-element elementor-element-47d7c57 elementor-widget elementor-widget-image\" data-id=\"47d7c57\" data-element_type=\"widget\" data-widget_type=\"image.default\">\n\t\t\t\t<div class=\"elementor-widget-container\">\n\t\t\t\t\t<div class=\"elementor-image\">\n\t\t\t\t\t\t\t\t\t\t<img width=\"783\" height=\"440\" src=\"https:\/\/deltanet.hu\/wp-content\/uploads\/2021\/01\/K\u00e1belTV-mini-csatornakioszt\u00e1s-szerkeszthet\u0151-1024x575.jpg\" class=\"attachment-large size-large\" alt=\"\" decoding=\"async\" loading=\"lazy\" srcset=\"https:\/\/deltanet.hu\/wp-content\/uploads\/2021\/01\/K\u00e1belTV-mini-csatornakioszt\u00e1s-szerkeszthet\u0151-1024x575.jpg 1024w, https:\/\/deltanet.hu\/wp-content\/uploads\/2021\/01\/K\u00e1belTV-mini-csatornakioszt\u00e1s-szerkeszthet\u0151-300x168.jpg 300w, https:\/\/deltanet.hu\/wp-content\/uploads\/2021\/01\/K\u00e1belTV-mini-csatornakioszt\u00e1s-szerkeszthet\u0151-768x431.jpg 768w, https:\/\/deltanet.hu\/wp-content\/uploads\/2021\/01\/K\u00e1belTV-mini-csatornakioszt\u00e1s-szerkeszthet\u0151-1536x862.jpg 1536w, https:\/\/deltanet.hu\/wp-content\/uploads\/2021\/01\/K\u00e1belTV-mini-csatornakioszt\u00e1s-szerkeszthet\u0151-2048x1150.jpg 2048w\" sizes=\"(max-width: 783px) 100vw, 783px\" \/>\t\t\t\t\t\t\t\t\t\t\t<\/div>\n\t\t\t\t<\/div>\n\t\t\t\t<\/div>\n\t\t\t\t\t\t<\/div>\n\t\t\t<\/div>\n\t\t<\/div>\n\t\t\t\t\t\t<\/div>\n\t\t\t<\/div>\n\t\t<\/section>\n\t\t\t\t\t\t<\/div>\n\t\t\t<\/div>\n\t\t<\/div>\n\t\t","protected":false},"excerpt":{"rendered":"<p>K\u00e1belTV Mini telev\u00edzi\u00f3s szolg\u00e1ltat\u00e1sr\u00f3l Szolg\u00e1ltat\u00e1sunkat azoknak aj\u00e1nljuk, akik Kecskem\u00e9t-Het\u00e9nyegyh\u00e1za ter\u00fclet\u00e9n szeretn\u00e9nek hozz\u00e1jutni min\u0151s\u00e9gi m\u0171sortartalomhoz kedvez\u0151 \u00e1ron!<\/p>\n","protected":false},"author":4,"featured_media":0,"parent":0,"menu_order":0,"comment_status":"closed","ping_status":"closed","template":"","meta":{"_mi_skip_tracking":false},"_links":{"self":[{"href":"https:\/\/deltanet.hu\/index.php\/wp-json\/wp\/v2\/pages\/7025"}],"collection":[{"href":"https:\/\/deltanet.hu\/index.php\/wp-json\/wp\/v2\/pages"}],"about":[{"href":"https:\/\/deltanet.hu\/index.php\/wp-json\/wp\/v2\/types\/page"}],"author":[{"embeddable":true,"href":"https:\/\/deltanet.hu\/index.php\/wp-json\/wp\/v2\/users\/4"}],"replies":[{"embeddable":true,"href":"https:\/\/deltanet.hu\/index.php\/wp-json\/wp\/v2\/comments?post=7025"}],"version-history":[{"count":4,"href":"https:\/\/deltanet.hu\/index.php\/wp-json\/wp\/v2\/pages\/7025\/revisions"}],"predecessor-version":[{"id":7044,"href":"https:\/\/deltanet.hu\/index.php\/wp-json\/wp\/v2\/pages\/7025\/revisions\/7044"}],"wp:attachment":[{"href":"https:\/\/deltanet.hu\/index.php\/wp-json\/wp\/v2\/media?parent=7025"}],"curies":[{"name":"wp","href":"https:\/\/api.w.org\/{rel}","templated":true}]}}