{"id":7030,"date":"2021-01-05T14:43:50","date_gmt":"2021-01-05T13:43:50","guid":{"rendered":"http:\/\/deltanet.hu\/?page_id=7030"},"modified":"2022-08-01T11:51:58","modified_gmt":"2022-08-01T09:51:58","slug":"kabeltv-plusz","status":"publish","type":"page","link":"https:\/\/deltanet.hu\/index.php\/kabeltv-plusz\/","title":{"rendered":""},"content":{"rendered":"\t\t<div data-elementor-type=\"wp-page\" data-elementor-id=\"7030\" class=\"elementor elementor-7030\" data-elementor-settings=\"[]\">\n\t\t\t<div class=\"elementor-inner\">\n\t\t\t\t<div class=\"elementor-section-wrap\">\n\t\t\t\t\t\t\t<section class=\"elementor-element elementor-element-3fb4c6f elementor-section-boxed elementor-section-height-default elementor-section-height-default elementor-section elementor-top-section\" data-id=\"3fb4c6f\" data-element_type=\"section\">\n\t\t\t\t\t\t<div class=\"elementor-container elementor-column-gap-default\">\n\t\t\t\t<div class=\"elementor-row\">\n\t\t\t\t<div class=\"elementor-element elementor-element-d037e73 elementor-column elementor-col-100 elementor-top-column\" data-id=\"d037e73\" data-element_type=\"column\">\n\t\t\t<div class=\"elementor-column-wrap  elementor-element-populated\">\n\t\t\t\t\t<div class=\"elementor-widget-wrap\">\n\t\t\t\t<div class=\"elementor-element elementor-element-f26cdcc elementor-widget elementor-widget-text-editor\" data-id=\"f26cdcc\" data-element_type=\"widget\" data-widget_type=\"text-editor.default\">\n\t\t\t\t<div class=\"elementor-widget-container\">\n\t\t\t\t\t<div class=\"elementor-text-editor elementor-clearfix\"><h2>K\u00e1belTV Plusz telev\u00edzi\u00f3s szolg\u00e1ltat\u00e1sr\u00f3l<\/h2>\n<p>Szolg\u00e1ltat\u00e1sunkat azoknak aj\u00e1nljuk, akik Kecskem\u00e9t-Het\u00e9nyegyh\u00e1za ter\u00fclet\u00e9n szeretn\u00e9nek hozz\u00e1jutni min\u0151s\u00e9gi m\u0171sortartalomhoz kedvez\u0151 \u00e1ron!<\/p><\/div>\n\t\t\t\t<\/div>\n\t\t\t\t<\/div>\n\t\t\t\t\t\t<\/div>\n\t\t\t<\/div>\n\t\t<\/div>\n\t\t\t\t\t\t<\/div>\n\t\t\t<\/div>\n\t\t<\/section>\n\t\t\t\t<section class=\"elementor-element elementor-element-0f61808 elementor-section-boxed elementor-section-height-default elementor-section-height-default elementor-section elementor-top-section\" data-id=\"0f61808\" data-element_type=\"section\">\n\t\t\t\t\t\t<div class=\"elementor-container elementor-column-gap-default\">\n\t\t\t\t<div class=\"elementor-row\">\n\t\t\t\t<div class=\"elementor-element elementor-element-150a45a elementor-column elementor-col-100 elementor-top-column\" data-id=\"150a45a\" data-element_type=\"column\">\n\t\t\t<div class=\"elementor-column-wrap  elementor-element-populated\">\n\t\t\t\t\t<div class=\"elementor-widget-wrap\">\n\t\t\t\t<div class=\"elementor-element elementor-element-d462ed4 elementor-widget elementor-widget-image\" data-id=\"d462ed4\" data-element_type=\"widget\" data-widget_type=\"image.default\">\n\t\t\t\t<div class=\"elementor-widget-container\">\n\t\t\t\t\t<div class=\"elementor-image\">\n\t\t\t\t\t\t\t\t\t\t<img width=\"595\" height=\"842\" src=\"https:\/\/deltanet.hu\/wp-content\/uploads\/2022\/07\/Hete\u0301nyegyha\u0301za-KTV-csatornakioszta\u0301s_0805.jpg\" class=\"attachment-large size-large\" alt=\"\" decoding=\"async\" loading=\"lazy\" srcset=\"https:\/\/deltanet.hu\/wp-content\/uploads\/2022\/07\/Hete\u0301nyegyha\u0301za-KTV-csatornakioszta\u0301s_0805.jpg 595w, https:\/\/deltanet.hu\/wp-content\/uploads\/2022\/07\/Hete\u0301nyegyha\u0301za-KTV-csatornakioszta\u0301s_0805-212x300.jpg 212w\" sizes=\"(max-width: 595px) 100vw, 595px\" \/>\t\t\t\t\t\t\t\t\t\t\t<\/div>\n\t\t\t\t<\/div>\n\t\t\t\t<\/div>\n\t\t\t\t\t\t<\/div>\n\t\t\t<\/div>\n\t\t<\/div>\n\t\t\t\t\t\t<\/div>\n\t\t\t<\/div>\n\t\t<\/section>\n\t\t\t\t\t\t<\/div>\n\t\t\t<\/div>\n\t\t<\/div>\n\t\t","protected":false},"excerpt":{"rendered":"<p>K\u00e1belTV Plusz telev\u00edzi\u00f3s szolg\u00e1ltat\u00e1sr\u00f3l Szolg\u00e1ltat\u00e1sunkat azoknak aj\u00e1nljuk, akik Kecskem\u00e9t-Het\u00e9nyegyh\u00e1za ter\u00fclet\u00e9n szeretn\u00e9nek hozz\u00e1jutni min\u0151s\u00e9gi m\u0171sortartalomhoz kedvez\u0151 \u00e1ron!<\/p>\n","protected":false},"author":4,"featured_media":0,"parent":0,"menu_order":0,"comment_status":"closed","ping_status":"closed","template":"","meta":{"_mi_skip_tracking":false},"_links":{"self":[{"href":"https:\/\/deltanet.hu\/index.php\/wp-json\/wp\/v2\/pages\/7030"}],"collection":[{"href":"https:\/\/deltanet.hu\/index.php\/wp-json\/wp\/v2\/pages"}],"about":[{"href":"https:\/\/deltanet.hu\/index.php\/wp-json\/wp\/v2\/types\/page"}],"author":[{"embeddable":true,"href":"https:\/\/deltanet.hu\/index.php\/wp-json\/wp\/v2\/users\/4"}],"replies":[{"embeddable":true,"href":"https:\/\/deltanet.hu\/index.php\/wp-json\/wp\/v2\/comments?post=7030"}],"version-history":[{"count":7,"href":"https:\/\/deltanet.hu\/index.php\/wp-json\/wp\/v2\/pages\/7030\/revisions"}],"predecessor-version":[{"id":10546,"href":"https:\/\/deltanet.hu\/index.php\/wp-json\/wp\/v2\/pages\/7030\/revisions\/10546"}],"wp:attachment":[{"href":"https:\/\/deltanet.hu\/index.php\/wp-json\/wp\/v2\/media?parent=7030"}],"curies":[{"name":"wp","href":"https:\/\/api.w.org\/{rel}","templated":true}]}}