{"id":7832,"date":"2018-11-19T14:39:35","date_gmt":"2018-11-19T13:39:35","guid":{"rendered":"http:\/\/deltanet.hu\/?page_id=7832"},"modified":"2022-06-09T12:22:04","modified_gmt":"2022-06-09T10:22:04","slug":"3in1-csomag-hetenyegyhazan-uj-csomagok","status":"publish","type":"page","link":"https:\/\/deltanet.hu\/index.php\/szolgaltatasaink\/3in1-csomag-hetenyegyhazan-uj-csomagok\/","title":{"rendered":"3in1 csomag Het\u00e9nyegyh\u00e1z\u00e1n \u00faj csomagok"},"content":{"rendered":"\t\t<div data-elementor-type=\"wp-post\" data-elementor-id=\"7832\" class=\"elementor elementor-7832\" data-elementor-settings=\"[]\">\n\t\t\t<div class=\"elementor-inner\">\n\t\t\t\t<div class=\"elementor-section-wrap\">\n\t\t\t\t\t\t\t<section class=\"elementor-element elementor-element-dd234ad elementor-section-full_width elementor-section-stretched elementor-section-height-default elementor-section-height-default elementor-section elementor-top-section\" data-id=\"dd234ad\" data-element_type=\"section\" data-settings=\"{&quot;stretch_section&quot;:&quot;section-stretched&quot;}\">\n\t\t\t\t\t\t<div class=\"elementor-container elementor-column-gap-default\">\n\t\t\t\t<div class=\"elementor-row\">\n\t\t\t\t<div class=\"elementor-element elementor-element-4c1743a elementor-column elementor-col-100 elementor-top-column\" data-id=\"4c1743a\" data-element_type=\"column\">\n\t\t\t<div class=\"elementor-column-wrap  elementor-element-populated\">\n\t\t\t\t\t<div class=\"elementor-widget-wrap\">\n\t\t\t\t<div class=\"elementor-element elementor-element-77c7120 elementor-widget__width-inherit elementor-widget elementor-widget-image\" data-id=\"77c7120\" data-element_type=\"widget\" data-widget_type=\"image.default\">\n\t\t\t\t<div class=\"elementor-widget-container\">\n\t\t\t\t\t<div class=\"elementor-image\">\n\t\t\t\t\t\t\t\t\t\t<img width=\"1536\" height=\"385\" src=\"https:\/\/deltanet.hu\/wp-content\/uploads\/2021\/06\/wb_kep_002_Rajzt\u00e1bla-1-m\u00e1solat-3-1536x385.jpg\" class=\"elementor-animation-pulse attachment-1536x1536 size-1536x1536\" alt=\"\" decoding=\"async\" loading=\"lazy\" srcset=\"https:\/\/deltanet.hu\/wp-content\/uploads\/2021\/06\/wb_kep_002_Rajzt\u00e1bla-1-m\u00e1solat-3-1536x385.jpg 1536w, https:\/\/deltanet.hu\/wp-content\/uploads\/2021\/06\/wb_kep_002_Rajzt\u00e1bla-1-m\u00e1solat-3-300x75.jpg 300w, https:\/\/deltanet.hu\/wp-content\/uploads\/2021\/06\/wb_kep_002_Rajzt\u00e1bla-1-m\u00e1solat-3-1024x256.jpg 1024w, https:\/\/deltanet.hu\/wp-content\/uploads\/2021\/06\/wb_kep_002_Rajzt\u00e1bla-1-m\u00e1solat-3-768x192.jpg 768w, https:\/\/deltanet.hu\/wp-content\/uploads\/2021\/06\/wb_kep_002_Rajzt\u00e1bla-1-m\u00e1solat-3-2048x513.jpg 2048w\" sizes=\"(max-width: 1536px) 100vw, 1536px\" \/>\t\t\t\t\t\t\t\t\t\t\t<\/div>\n\t\t\t\t<\/div>\n\t\t\t\t<\/div>\n\t\t\t\t\t\t<\/div>\n\t\t\t<\/div>\n\t\t<\/div>\n\t\t\t\t\t\t<\/div>\n\t\t\t<\/div>\n\t\t<\/section>\n\t\t\t\t<section class=\"elementor-element elementor-element-82812b7 elementor-section-boxed elementor-section-height-default elementor-section-height-default elementor-section elementor-top-section\" data-id=\"82812b7\" data-element_type=\"section\">\n\t\t\t\t\t\t<div class=\"elementor-container elementor-column-gap-no\">\n\t\t\t\t<div class=\"elementor-row\">\n\t\t\t\t<div class=\"elementor-element elementor-element-96217cd elementor-invisible elementor-column elementor-col-25 elementor-top-column\" data-id=\"96217cd\" data-element_type=\"column\" data-settings=\"{&quot;animation&quot;:&quot;slideInDown&quot;}\">\n\t\t\t<div class=\"elementor-column-wrap  elementor-element-populated\">\n\t\t\t\t\t<div class=\"elementor-widget-wrap\">\n\t\t\t\t<div class=\"elementor-element elementor-element-c345690 elementor-widget elementor-widget-image\" data-id=\"c345690\" data-element_type=\"widget\" data-widget_type=\"image.default\">\n\t\t\t\t<div class=\"elementor-widget-container\">\n\t\t\t\t\t<div class=\"elementor-image\">\n\t\t\t\t\t\t\t\t\t\t\t<a href=\"https:\/\/deltanet.hu\/index.php\/kabelnet-xs-csomag\/\">\n\t\t\t\t\t\t\t<img width=\"434\" height=\"1024\" src=\"https:\/\/deltanet.hu\/wp-content\/uploads\/2021\/06\/M-434x1024.jpg\" class=\"elementor-animation-pulse-grow attachment-large size-large\" alt=\"\" decoding=\"async\" loading=\"lazy\" srcset=\"https:\/\/deltanet.hu\/wp-content\/uploads\/2021\/06\/M-434x1024.jpg 434w, https:\/\/deltanet.hu\/wp-content\/uploads\/2021\/06\/M-127x300.jpg 127w, https:\/\/deltanet.hu\/wp-content\/uploads\/2021\/06\/M-768x1811.jpg 768w, https:\/\/deltanet.hu\/wp-content\/uploads\/2021\/06\/M-651x1536.jpg 651w, https:\/\/deltanet.hu\/wp-content\/uploads\/2021\/06\/M.jpg 826w\" sizes=\"(max-width: 434px) 100vw, 434px\" \/>\t\t\t\t\t\t\t\t<\/a>\n\t\t\t\t\t\t\t\t\t\t\t<\/div>\n\t\t\t\t<\/div>\n\t\t\t\t<\/div>\n\t\t\t\t\t\t<\/div>\n\t\t\t<\/div>\n\t\t<\/div>\n\t\t\t\t<div class=\"elementor-element elementor-element-6d47e74 elementor-invisible elementor-column elementor-col-25 elementor-top-column\" data-id=\"6d47e74\" data-element_type=\"column\" data-settings=\"{&quot;animation&quot;:&quot;slideInDown&quot;}\">\n\t\t\t<div class=\"elementor-column-wrap  elementor-element-populated\">\n\t\t\t\t\t<div class=\"elementor-widget-wrap\">\n\t\t\t\t<div class=\"elementor-element elementor-element-2a8d719 elementor-widget elementor-widget-image\" data-id=\"2a8d719\" data-element_type=\"widget\" data-widget_type=\"image.default\">\n\t\t\t\t<div class=\"elementor-widget-container\">\n\t\t\t\t\t<div class=\"elementor-image\">\n\t\t\t\t\t\t\t\t\t\t\t<a href=\"https:\/\/deltanet.hu\/index.php\/kabelnet-s-csomag\/\">\n\t\t\t\t\t\t\t<img width=\"434\" height=\"1024\" src=\"https:\/\/deltanet.hu\/wp-content\/uploads\/2021\/06\/L-434x1024.jpg\" class=\"elementor-animation-pulse-grow attachment-large size-large\" alt=\"\" decoding=\"async\" loading=\"lazy\" srcset=\"https:\/\/deltanet.hu\/wp-content\/uploads\/2021\/06\/L-434x1024.jpg 434w, https:\/\/deltanet.hu\/wp-content\/uploads\/2021\/06\/L-127x300.jpg 127w, https:\/\/deltanet.hu\/wp-content\/uploads\/2021\/06\/L-768x1811.jpg 768w, https:\/\/deltanet.hu\/wp-content\/uploads\/2021\/06\/L-651x1536.jpg 651w, https:\/\/deltanet.hu\/wp-content\/uploads\/2021\/06\/L.jpg 826w\" sizes=\"(max-width: 434px) 100vw, 434px\" \/>\t\t\t\t\t\t\t\t<\/a>\n\t\t\t\t\t\t\t\t\t\t\t<\/div>\n\t\t\t\t<\/div>\n\t\t\t\t<\/div>\n\t\t\t\t\t\t<\/div>\n\t\t\t<\/div>\n\t\t<\/div>\n\t\t\t\t<div class=\"elementor-element elementor-element-678810b elementor-invisible elementor-column elementor-col-25 elementor-top-column\" data-id=\"678810b\" data-element_type=\"column\" data-settings=\"{&quot;animation&quot;:&quot;slideInDown&quot;,&quot;animation_delay&quot;:200}\">\n\t\t\t<div class=\"elementor-column-wrap  elementor-element-populated\">\n\t\t\t\t\t<div class=\"elementor-widget-wrap\">\n\t\t\t\t<div class=\"elementor-element elementor-element-ece0a70 elementor-widget elementor-widget-image\" data-id=\"ece0a70\" data-element_type=\"widget\" data-widget_type=\"image.default\">\n\t\t\t\t<div class=\"elementor-widget-container\">\n\t\t\t\t\t<div class=\"elementor-image\">\n\t\t\t\t\t\t\t\t\t\t\t<a href=\"https:\/\/deltanet.hu\/index.php\/kabelnet-m-csomag\/\">\n\t\t\t\t\t\t\t<img width=\"434\" height=\"1024\" src=\"https:\/\/deltanet.hu\/wp-content\/uploads\/2021\/06\/XL-434x1024.jpg\" class=\"elementor-animation-pulse-grow attachment-large size-large\" alt=\"\" decoding=\"async\" loading=\"lazy\" srcset=\"https:\/\/deltanet.hu\/wp-content\/uploads\/2021\/06\/XL-434x1024.jpg 434w, https:\/\/deltanet.hu\/wp-content\/uploads\/2021\/06\/XL-127x300.jpg 127w, https:\/\/deltanet.hu\/wp-content\/uploads\/2021\/06\/XL-768x1811.jpg 768w, https:\/\/deltanet.hu\/wp-content\/uploads\/2021\/06\/XL-651x1536.jpg 651w, https:\/\/deltanet.hu\/wp-content\/uploads\/2021\/06\/XL.jpg 826w\" sizes=\"(max-width: 434px) 100vw, 434px\" \/>\t\t\t\t\t\t\t\t<\/a>\n\t\t\t\t\t\t\t\t\t\t\t<\/div>\n\t\t\t\t<\/div>\n\t\t\t\t<\/div>\n\t\t\t\t\t\t<\/div>\n\t\t\t<\/div>\n\t\t<\/div>\n\t\t\t\t<div class=\"elementor-element elementor-element-2b544ed elementor-invisible elementor-column elementor-col-25 elementor-top-column\" data-id=\"2b544ed\" data-element_type=\"column\" data-settings=\"{&quot;animation&quot;:&quot;slideInDown&quot;,&quot;animation_delay&quot;:200}\">\n\t\t\t<div class=\"elementor-column-wrap  elementor-element-populated\">\n\t\t\t\t\t<div class=\"elementor-widget-wrap\">\n\t\t\t\t<div class=\"elementor-element elementor-element-1ad2d8a elementor-widget elementor-widget-image\" data-id=\"1ad2d8a\" data-element_type=\"widget\" data-widget_type=\"image.default\">\n\t\t\t\t<div class=\"elementor-widget-container\">\n\t\t\t\t\t<div class=\"elementor-image\">\n\t\t\t\t\t\t\t\t\t\t\t<a href=\"https:\/\/deltanet.hu\/index.php\/kabelnet-l-csomag\/\">\n\t\t\t\t\t\t\t<img width=\"434\" height=\"1024\" src=\"https:\/\/deltanet.hu\/wp-content\/uploads\/2021\/06\/XXL-434x1024.jpg\" class=\"elementor-animation-pulse-grow attachment-large size-large\" alt=\"\" decoding=\"async\" loading=\"lazy\" srcset=\"https:\/\/deltanet.hu\/wp-content\/uploads\/2021\/06\/XXL-434x1024.jpg 434w, https:\/\/deltanet.hu\/wp-content\/uploads\/2021\/06\/XXL-127x300.jpg 127w, https:\/\/deltanet.hu\/wp-content\/uploads\/2021\/06\/XXL-768x1811.jpg 768w, https:\/\/deltanet.hu\/wp-content\/uploads\/2021\/06\/XXL-651x1536.jpg 651w, https:\/\/deltanet.hu\/wp-content\/uploads\/2021\/06\/XXL.jpg 826w\" sizes=\"(max-width: 434px) 100vw, 434px\" \/>\t\t\t\t\t\t\t\t<\/a>\n\t\t\t\t\t\t\t\t\t\t\t<\/div>\n\t\t\t\t<\/div>\n\t\t\t\t<\/div>\n\t\t\t\t\t\t<\/div>\n\t\t\t<\/div>\n\t\t<\/div>\n\t\t\t\t\t\t<\/div>\n\t\t\t<\/div>\n\t\t<\/section>\n\t\t\t\t<section class=\"elementor-element elementor-element-b98e413 elementor-section-stretched elementor-section-boxed elementor-section-height-default elementor-section-height-default elementor-section elementor-top-section\" data-id=\"b98e413\" data-element_type=\"section\" data-settings=\"{&quot;stretch_section&quot;:&quot;section-stretched&quot;}\">\n\t\t\t\t\t\t<div class=\"elementor-container elementor-column-gap-default\">\n\t\t\t\t<div class=\"elementor-row\">\n\t\t\t\t<div class=\"elementor-element elementor-element-79d5f23 elementor-column elementor-col-100 elementor-top-column\" data-id=\"79d5f23\" data-element_type=\"column\">\n\t\t\t<div class=\"elementor-column-wrap  elementor-element-populated\">\n\t\t\t\t\t<div class=\"elementor-widget-wrap\">\n\t\t\t\t<div class=\"elementor-element elementor-element-1793744 elementor-widget elementor-widget-heading\" data-id=\"1793744\" data-element_type=\"widget\" data-widget_type=\"heading.default\">\n\t\t\t\t<div class=\"elementor-widget-container\">\n\t\t\t<h2 class=\"elementor-heading-title elementor-size-medium\">A t\u00e1j\u00e9koztat\u00e1s nem min\u0151s\u00fcl hivatalos aj\u00e1nlatt\u00e9telnek vagy szerz\u0151d\u00e9sk\u00f6t\u00e9snek.<\/h2>\t\t<\/div>\n\t\t\t\t<\/div>\n\t\t\t\t<div class=\"elementor-element elementor-element-7405c73 elementor-widget elementor-widget-heading\" data-id=\"7405c73\" data-element_type=\"widget\" data-widget_type=\"heading.default\">\n\t\t\t\t<div class=\"elementor-widget-container\">\n\t\t\t<h2 class=\"elementor-heading-title elementor-size-medium\">A fenti \u00e1rak m\u00e1r tartalmazz\u00e1k az elektronikus fizet\u00e9si m\u00f3d kedvezm\u00e9nyt \u00e9s a gigabites Wi-Fi routert.\n\nElektronikus fizet\u00e9si m\u00f3d: \u00e1tutal\u00e1ssal vagy csoportos beszed\u00e9si megb\u00edz\u00e1ssal \u00e9s emailben k\u00fcld\u00f6tt .PDF form\u00e1tum\u00fa sz\u00e1ml\u00e1val.\n\n\n\nA fenti \u00e1rak brutt\u00f3 \u00e1rak!<\/h2>\t\t<\/div>\n\t\t\t\t<\/div>\n\t\t\t\t\t\t<\/div>\n\t\t\t<\/div>\n\t\t<\/div>\n\t\t\t\t\t\t<\/div>\n\t\t\t<\/div>\n\t\t<\/section>\n\t\t\t\t<section class=\"elementor-element elementor-element-b2eb622 elementor-section-stretched elementor-section-boxed elementor-section-height-default elementor-section-height-default elementor-section elementor-top-section\" data-id=\"b2eb622\" data-element_type=\"section\" data-settings=\"{&quot;stretch_section&quot;:&quot;section-stretched&quot;,&quot;background_background&quot;:&quot;classic&quot;}\">\n\t\t\t\t\t\t\t<div class=\"elementor-background-overlay\"><\/div>\n\t\t\t\t\t\t\t<div class=\"elementor-container elementor-column-gap-default\">\n\t\t\t\t<div class=\"elementor-row\">\n\t\t\t\t<div class=\"elementor-element elementor-element-7fd362d elementor-column elementor-col-100 elementor-top-column\" data-id=\"7fd362d\" data-element_type=\"column\">\n\t\t\t<div class=\"elementor-column-wrap  elementor-element-populated\">\n\t\t\t\t\t<div class=\"elementor-widget-wrap\">\n\t\t\t\t<div class=\"elementor-element elementor-element-87edffd elementor-widget elementor-widget-heading\" data-id=\"87edffd\" data-element_type=\"widget\" data-widget_type=\"heading.default\">\n\t\t\t\t<div class=\"elementor-widget-container\">\n\t\t\t<h2 class=\"elementor-heading-title elementor-size-medium\">3 szolg\u00e1ltat\u00e1s 1 csomagban aj\u00e1nlatunk kiz\u00e1r\u00f3lag a het\u00e9nyegyh\u00e1zi k\u00e1beltv h\u00e1l\u00f3zaton \u00e9rhet\u0151 el! <\/h2>\t\t<\/div>\n\t\t\t\t<\/div>\n\t\t\t\t<div class=\"elementor-element elementor-element-e01bdf9 elementor-widget elementor-widget-google_maps\" data-id=\"e01bdf9\" data-element_type=\"widget\" data-widget_type=\"google_maps.default\">\n\t\t\t\t<div class=\"elementor-widget-container\">\n\t\t\t<div class=\"elementor-custom-embed\"><iframe frameborder=\"0\" scrolling=\"no\" marginheight=\"0\" marginwidth=\"0\" src=\"https:\/\/maps.google.com\/maps?q=Het%C3%A9nyegyh%C3%A1za&amp;t=m&amp;z=12&amp;output=embed&amp;iwloc=near\" aria-label=\"Het\u00e9nyegyh\u00e1za\"><\/iframe><\/div>\t\t<\/div>\n\t\t\t\t<\/div>\n\t\t\t\t\t\t<\/div>\n\t\t\t<\/div>\n\t\t<\/div>\n\t\t\t\t\t\t<\/div>\n\t\t\t<\/div>\n\t\t<\/section>\n\t\t\t\t<section class=\"elementor-element elementor-element-ece7b3a elementor-section-stretched elementor-section-boxed elementor-section-height-default elementor-section-height-default elementor-section elementor-top-section\" data-id=\"ece7b3a\" data-element_type=\"section\" data-settings=\"{&quot;stretch_section&quot;:&quot;section-stretched&quot;,&quot;background_background&quot;:&quot;classic&quot;}\">\n\t\t\t\t\t\t\t<div class=\"elementor-background-overlay\"><\/div>\n\t\t\t\t\t\t\t<div class=\"elementor-container elementor-column-gap-default\">\n\t\t\t\t<div class=\"elementor-row\">\n\t\t\t\t<div class=\"elementor-element elementor-element-22d3572 elementor-column elementor-col-100 elementor-top-column\" data-id=\"22d3572\" data-element_type=\"column\">\n\t\t\t<div class=\"elementor-column-wrap  elementor-element-populated\">\n\t\t\t\t\t<div class=\"elementor-widget-wrap\">\n\t\t\t\t<div class=\"elementor-element elementor-element-70ad949 elementor-widget elementor-widget-heading\" data-id=\"70ad949\" data-element_type=\"widget\" data-widget_type=\"heading.default\">\n\t\t\t\t<div class=\"elementor-widget-container\">\n\t\t\t<h2 class=\"elementor-heading-title elementor-size-default\">Egyedi aj\u00e1nlatk\u00e9r\u00e9s eset\u00e9n t\u00f6ltse ki az al\u00e1bbi \u0171rlapot \u00e9s Koll\u00e9g\u00e1ink visszah\u00edvj\u00e1k!<\/h2>\t\t<\/div>\n\t\t\t\t<\/div>\n\t\t\t\t<div class=\"elementor-element elementor-element-5d6d60f elementor-widget elementor-widget-heading\" data-id=\"5d6d60f\" data-element_type=\"widget\" data-widget_type=\"heading.default\">\n\t\t\t\t<div class=\"elementor-widget-container\">\n\t\t\t<h2 class=\"elementor-heading-title elementor-size-medium\">Az \u00d6n \u00e1ltal bek\u00fcld\u00f6tt \u0171rlap nem min\u0151s\u00fcl hivatalos aj\u00e1nlatt\u00e9telnek vagy szerz\u0151d\u00e9sk\u00f6t\u00e9snek.<\/h2>\t\t<\/div>\n\t\t\t\t<\/div>\n\t\t\t\t<div class=\"elementor-element elementor-element-ab9db62 elementor-widget elementor-widget-heading\" data-id=\"ab9db62\" data-element_type=\"widget\" data-widget_type=\"heading.default\">\n\t\t\t\t<div class=\"elementor-widget-container\">\n\t\t\t<h2 class=\"elementor-heading-title elementor-size-medium\">A megadott el\u00e9rhet\u0151s\u00e9gen Koll\u00e9g\u00e1ink felveszik \u00d6nnel a kapcsolatot a teljes k\u00f6r\u0171 t\u00e1j\u00e9koztat\u00e1s \u00e9rdek\u00e9ben.<\/h2>\t\t<\/div>\n\t\t\t\t<\/div>\n\t\t\t\t\t\t<\/div>\n\t\t\t<\/div>\n\t\t<\/div>\n\t\t\t\t\t\t<\/div>\n\t\t\t<\/div>\n\t\t<\/section>\n\t\t\t\t<section class=\"elementor-element elementor-element-efc85db elementor-section-boxed elementor-section-height-default elementor-section-height-default elementor-section elementor-top-section\" data-id=\"efc85db\" data-element_type=\"section\">\n\t\t\t\t\t\t<div class=\"elementor-container elementor-column-gap-default\">\n\t\t\t\t<div class=\"elementor-row\">\n\t\t\t\t<div class=\"elementor-element elementor-element-410e99c elementor-column elementor-col-100 elementor-top-column\" data-id=\"410e99c\" data-element_type=\"column\">\n\t\t\t<div class=\"elementor-column-wrap  elementor-element-populated\">\n\t\t\t\t\t<div class=\"elementor-widget-wrap\">\n\t\t\t\t<div class=\"elementor-element elementor-element-9cffadc elementor-widget elementor-widget-spacer\" data-id=\"9cffadc\" data-element_type=\"widget\" data-widget_type=\"spacer.default\">\n\t\t\t\t<div class=\"elementor-widget-container\">\n\t\t\t\t\t<div class=\"elementor-spacer\">\n\t\t\t<div class=\"elementor-spacer-inner\"><\/div>\n\t\t<\/div>\n\t\t\t\t<\/div>\n\t\t\t\t<\/div>\n\t\t\t\t<div class=\"elementor-element elementor-element-05fa6e6 elementor-widget elementor-widget-shortcode\" data-id=\"05fa6e6\" data-element_type=\"widget\" data-widget_type=\"shortcode.default\">\n\t\t\t\t<div class=\"elementor-widget-container\">\n\t\t\t\t\t<div class=\"elementor-shortcode\"><div class=\"everest-forms\"><div class=\"evf-container default\" id=\"evf-1681\"><form id=\"evf-form-1681\" class=\"everest-form\" data-formid=\"1681\" data-ajax_submission=\"0\" method=\"post\" enctype=\"multipart\/form-data\" action=\"\/index.php\/wp-json\/wp\/v2\/pages\/7832\"><div class=\"evf-field-container\"><input type=\"hidden\" id=\"_wpnonce\" name=\"_wpnonce\" value=\"e3c6be116e\" \/><input type=\"hidden\" name=\"_wp_http_referer\" value=\"\/index.php\/wp-json\/wp\/v2\/pages\/7832\" \/><div class=\"evf-frontend-row\" data-row=\"row_6\"><div class=\"evf-frontend-grid evf-grid-1\" data-grid=\"grid_1\"><div id=\"evf-1681-field_711SAuiNjF-30-container\" class=\"evf-field evf-field-last-name form-row validate-required\" data-required-field-message=\"A mez\u0151 kit\u00f6lt\u00e9se k\u00f6telez\u0151.\" data-field-id=\"711SAuiNjF-30\"><label class=\"evf-field-label\" for=\"evf-1681-field_711SAuiNjF-30\"><span class=\"evf-label\">Az \u00d6n neve<\/span> <abbr class=\"required\" title=\"Required\">*<\/abbr><\/label><input type=\"text\" id=\"evf-1681-field_711SAuiNjF-30\" class=\"input-text\" name=\"everest_forms[form_fields][711SAuiNjF-30]\" required><\/div><div id=\"evf-1681-field_d4WZqF1OTt-33-container\" class=\"evf-field evf-field-email form-row validate-required validate-email\" data-required-field-message=\"K\u00e9rj\u00fck val\u00f3s e-mail c\u00edmet adjon meg!\" data-field-id=\"d4WZqF1OTt-33\"><label class=\"evf-field-label\" for=\"evf-1681-field_d4WZqF1OTt-33\"><span class=\"evf-label\">Email c\u00edme<\/span> <abbr class=\"required\" title=\"Required\">*<\/abbr><\/label><input type=\"email\" id=\"evf-1681-field_d4WZqF1OTt-33\" class=\"input-text\" name=\"everest_forms[form_fields][d4WZqF1OTt-33]\" required><\/div><div id=\"evf-1681-field_nJgTAeVkQe-31-container\" class=\"evf-field evf-field-text form-row validate-required\" data-required-field-message=\"A mez\u0151 kit\u00f6lt\u00e9se k\u00f6telez\u0151.\" data-field-id=\"nJgTAeVkQe-31\"><label class=\"evf-field-label\" for=\"evf-1681-field_nJgTAeVkQe-31\"><span class=\"evf-label\">Az \u00d6n telefonsz\u00e1ma, melyen Koll\u00e9g\u00e1ink visszatudj\u00e1k h\u00edvni:<\/span> <abbr class=\"required\" title=\"Required\">*<\/abbr><\/label><input type=\"text\" id=\"evf-1681-field_nJgTAeVkQe-31\" class=\"input-text\" name=\"everest_forms[form_fields][nJgTAeVkQe-31]\" required><\/div><div id=\"evf-1681-field_kMwsFJfA13-58-container\" class=\"evf-field evf-field-last-name form-row validate-required\" data-required-field-message=\"A mez\u0151 kit\u00f6lt\u00e9se k\u00f6telez\u0151.\" data-field-id=\"kMwsFJfA13-58\"><label class=\"evf-field-label\" for=\"evf-1681-field_kMwsFJfA13-58\"><span class=\"evf-label\">Pontos c\u00edm, ahol ig\u00e9nybe szeretn\u00e9 venni a szolg\u00e1ltat\u00e1st<\/span> <abbr class=\"required\" title=\"Required\">*<\/abbr><\/label><input type=\"text\" id=\"evf-1681-field_kMwsFJfA13-58\" class=\"input-text\" name=\"everest_forms[form_fields][kMwsFJfA13-58]\" required><\/div><div id=\"evf-1681-field_8WRVxfn5Sq-56-container\" class=\"evf-field evf-field-textarea form-row\" data-field-id=\"8WRVxfn5Sq-56\"><label class=\"evf-field-label\" for=\"evf-1681-field_8WRVxfn5Sq-56\"><span class=\"evf-label\">Egy\u00e9b \u00fczenet, k\u00e9rd\u00e9sek, speci\u00e1lis ig\u00e9nyek:<\/span> <\/label><textarea id=\"evf-1681-field_8WRVxfn5Sq-56\" class=\"input-text\" name=\"everest_forms[form_fields][8WRVxfn5Sq-56]\" ><\/textarea><\/div><\/div><\/div><\/div><div class=\"evf-honeypot-container evf-field-hp\"><label for=\"evf-1681-field-hp\" class=\"evf-field-label\">Email<\/label><input type=\"text\" name=\"everest_forms[hp]\" id=\"evf-1681-field-hp\" class=\"input-text\"><\/div><div class=\"evf-submit-container \" ><input type=\"hidden\" name=\"everest_forms[id]\" value=\"1681\"><input type=\"hidden\" name=\"everest_forms[author]\" value=\"4\"><button type='submit' name='everest_forms[submit]' class='everest-forms-submit-button button evf-submit ' id='evf-submit-1681' value='evf-submit' data-process-text=\"Processing\u2026\" conditional_rules='\"\"' conditional_id='evf-submit-1681' >K\u00fcld\u00e9s<\/button><\/div><\/form><\/div><!-- .evf-container --><\/div><\/div>\n\t\t\t\t<\/div>\n\t\t\t\t<\/div>\n\t\t\t\t\t\t<\/div>\n\t\t\t<\/div>\n\t\t<\/div>\n\t\t\t\t\t\t<\/div>\n\t\t\t<\/div>\n\t\t<\/section>\n\t\t\t\t\t\t<\/div>\n\t\t\t<\/div>\n\t\t<\/div>\n\t\t","protected":false},"excerpt":{"rendered":"<p>A t\u00e1j\u00e9koztat\u00e1s nem min\u0151s\u00fcl hivatalos aj\u00e1nlatt\u00e9telnek vagy szerz\u0151d\u00e9sk\u00f6t\u00e9snek. A fenti \u00e1rak m\u00e1r tartalmazz\u00e1k az elektronikus fizet\u00e9si m\u00f3d kedvezm\u00e9nyt \u00e9s a gigabites Wi-Fi routert. Elektronikus fizet\u00e9si<\/p>\n","protected":false},"author":4,"featured_media":0,"parent":541,"menu_order":0,"comment_status":"closed","ping_status":"closed","template":"elementor_header_footer","meta":{"_mi_skip_tracking":false},"_links":{"self":[{"href":"https:\/\/deltanet.hu\/index.php\/wp-json\/wp\/v2\/pages\/7832"}],"collection":[{"href":"https:\/\/deltanet.hu\/index.php\/wp-json\/wp\/v2\/pages"}],"about":[{"href":"https:\/\/deltanet.hu\/index.php\/wp-json\/wp\/v2\/types\/page"}],"author":[{"embeddable":true,"href":"https:\/\/deltanet.hu\/index.php\/wp-json\/wp\/v2\/users\/4"}],"replies":[{"embeddable":true,"href":"https:\/\/deltanet.hu\/index.php\/wp-json\/wp\/v2\/comments?post=7832"}],"version-history":[{"count":20,"href":"https:\/\/deltanet.hu\/index.php\/wp-json\/wp\/v2\/pages\/7832\/revisions"}],"predecessor-version":[{"id":9783,"href":"https:\/\/deltanet.hu\/index.php\/wp-json\/wp\/v2\/pages\/7832\/revisions\/9783"}],"up":[{"embeddable":true,"href":"https:\/\/deltanet.hu\/index.php\/wp-json\/wp\/v2\/pages\/541"}],"wp:attachment":[{"href":"https:\/\/deltanet.hu\/index.php\/wp-json\/wp\/v2\/media?parent=7832"}],"curies":[{"name":"wp","href":"https:\/\/api.w.org\/{rel}","templated":true}]}}