{"id":8063,"date":"2021-07-16T16:32:01","date_gmt":"2021-07-16T14:32:01","guid":{"rendered":"http:\/\/deltanet.hu\/?page_id=8063"},"modified":"2021-07-16T16:32:03","modified_gmt":"2021-07-16T14:32:03","slug":"szamlazassal-kapcsolatos-informaciok","status":"publish","type":"page","link":"https:\/\/deltanet.hu\/index.php\/szamlazassal-kapcsolatos-informaciok\/","title":{"rendered":"Sz\u00e1ml\u00e1z\u00e1ssal kapcsolatos inform\u00e1ci\u00f3k"},"content":{"rendered":"\t\t<div data-elementor-type=\"wp-page\" data-elementor-id=\"8063\" class=\"elementor elementor-8063\" data-elementor-settings=\"[]\">\n\t\t\t<div class=\"elementor-inner\">\n\t\t\t\t<div class=\"elementor-section-wrap\">\n\t\t\t\t\t\t\t<section class=\"elementor-element elementor-element-5029736 elementor-section-content-middle elementor-section-boxed elementor-section-height-default elementor-section-height-default elementor-section elementor-top-section\" data-id=\"5029736\" data-element_type=\"section\">\n\t\t\t\t\t\t<div class=\"elementor-container elementor-column-gap-no\">\n\t\t\t\t<div class=\"elementor-row\">\n\t\t\t\t<div class=\"elementor-element elementor-element-8194fe1 elementor-column elementor-col-100 elementor-top-column\" data-id=\"8194fe1\" data-element_type=\"column\">\n\t\t\t<div class=\"elementor-column-wrap  elementor-element-populated\">\n\t\t\t\t\t<div class=\"elementor-widget-wrap\">\n\t\t\t\t<div class=\"elementor-element elementor-element-b3c34b3 elementor-widget elementor-widget-heading\" data-id=\"b3c34b3\" data-element_type=\"widget\" data-widget_type=\"heading.default\">\n\t\t\t\t<div class=\"elementor-widget-container\">\n\t\t\t<h2 class=\"elementor-heading-title elementor-size-large\">Sz\u00e1ml\u00e1z\u00e1ssal kapcsolatos inform\u00e1ci\u00f3k<\/h2>\t\t<\/div>\n\t\t\t\t<\/div>\n\t\t\t\t<div class=\"elementor-element elementor-element-5d78ba24 elementor-widget elementor-widget-toggle\" data-id=\"5d78ba24\" data-element_type=\"widget\" data-widget_type=\"toggle.default\">\n\t\t\t\t<div class=\"elementor-widget-container\">\n\t\t\t\t\t<div class=\"elementor-toggle\" role=\"tablist\">\n\t\t\t\t\t\t\t<div class=\"elementor-toggle-item\">\n\t\t\t\t\t<div id=\"elementor-tab-title-1561\" class=\"elementor-tab-title\" data-tab=\"1\" role=\"tab\" aria-controls=\"elementor-tab-content-1561\">\n\t\t\t\t\t\t\t\t\t\t\t\t<span class=\"elementor-toggle-icon elementor-toggle-icon-right\" aria-hidden=\"true\">\n\t\t\t\t\t\t\t\t\t\t\t\t\t\t\t<span class=\"elementor-toggle-icon-closed\"><i class=\"fas fa-caret-right\"><\/i><\/span>\n\t\t\t\t\t\t\t\t<span class=\"elementor-toggle-icon-opened\"><i class=\"elementor-toggle-icon-opened fas fa-caret-up\"><\/i><\/span>\n\t\t\t\t\t\t\t\t\t\t\t\t\t<\/span>\n\t\t\t\t\t\t\t\t\t\t\t\t<a href=\"\" class=\"elementor-toggle-title\">Hogyan kapom meg a sz\u00e1ml\u00e1mat?<\/a>\n\t\t\t\t\t<\/div>\n\t\t\t\t\t<div id=\"elementor-tab-content-1561\" class=\"elementor-tab-content elementor-clearfix\" data-tab=\"1\" role=\"tabpanel\" aria-labelledby=\"elementor-tab-title-1561\"><h6>Aktu\u00e1lis havi sz\u00e1mlalevel\u00e9t a szerz\u0151d\u00e9s\u00e9ben foglaltak szerint k\u00fcldj\u00fck meg \u00d6nnek. Abban az esetben, ha postai csekkes fizet\u00e9si m\u00f3dot v\u00e1lasztott, akkor minden h\u00f3napban a post\u00e1s \u00e1ltal, pap\u00edr alapon kapja meg. Mindemellett elk\u00fcldj\u00fck elektronikusan, email form\u00e1j\u00e1ban is. Amennyiben CSEKKMENTES fizet\u00e9si m\u00f3dot v\u00e1lasztott, azaz \u00e1tutal\u00e1st vagy csoportos beszed\u00e9si megb\u00edz\u00e1st, akkor a ki\u00e1ll\u00edt\u00e1st k\u00f6vet\u0151en azonnal elk\u00fcldj\u00fck az \u00d6n \u00e1ltal megadott email c\u00edmre, ez\u00e1ltal sokkal hamarabb megkaphatja sz\u00e1ml\u00e1j\u00e1t.<\/h6><\/div>\n\t\t\t\t<\/div>\n\t\t\t\t\t\t\t<div class=\"elementor-toggle-item\">\n\t\t\t\t\t<div id=\"elementor-tab-title-1562\" class=\"elementor-tab-title\" data-tab=\"2\" role=\"tab\" aria-controls=\"elementor-tab-content-1562\">\n\t\t\t\t\t\t\t\t\t\t\t\t<span class=\"elementor-toggle-icon elementor-toggle-icon-right\" aria-hidden=\"true\">\n\t\t\t\t\t\t\t\t\t\t\t\t\t\t\t<span class=\"elementor-toggle-icon-closed\"><i class=\"fas fa-caret-right\"><\/i><\/span>\n\t\t\t\t\t\t\t\t<span class=\"elementor-toggle-icon-opened\"><i class=\"elementor-toggle-icon-opened fas fa-caret-up\"><\/i><\/span>\n\t\t\t\t\t\t\t\t\t\t\t\t\t<\/span>\n\t\t\t\t\t\t\t\t\t\t\t\t<a href=\"\" class=\"elementor-toggle-title\">Mit tegyek, ha nem kaptam meg a sz\u00e1ml\u00e1mat?<\/a>\n\t\t\t\t\t<\/div>\n\t\t\t\t\t<div id=\"elementor-tab-content-1562\" class=\"elementor-tab-content elementor-clearfix\" data-tab=\"2\" role=\"tabpanel\" aria-labelledby=\"elementor-tab-title-1562\"><h6>Amennyiben nem kapta meg sz\u00e1mlalevel\u00e9t az aktu\u00e1lis h\u00f3nap 08. napj\u00e1ig, k\u00e9rj\u00fck vegye fel Vel\u00fcnk a kapcsolatot a penzugy@deltakon.hu email c\u00edmen.<\/h6><\/div>\n\t\t\t\t<\/div>\n\t\t\t\t\t\t\t<div class=\"elementor-toggle-item\">\n\t\t\t\t\t<div id=\"elementor-tab-title-1563\" class=\"elementor-tab-title\" data-tab=\"3\" role=\"tab\" aria-controls=\"elementor-tab-content-1563\">\n\t\t\t\t\t\t\t\t\t\t\t\t<span class=\"elementor-toggle-icon elementor-toggle-icon-right\" aria-hidden=\"true\">\n\t\t\t\t\t\t\t\t\t\t\t\t\t\t\t<span class=\"elementor-toggle-icon-closed\"><i class=\"fas fa-caret-right\"><\/i><\/span>\n\t\t\t\t\t\t\t\t<span class=\"elementor-toggle-icon-opened\"><i class=\"elementor-toggle-icon-opened fas fa-caret-up\"><\/i><\/span>\n\t\t\t\t\t\t\t\t\t\t\t\t\t<\/span>\n\t\t\t\t\t\t\t\t\t\t\t\t<a href=\"\" class=\"elementor-toggle-title\">\u00daj el\u0151fizet\u00e9s eset\u00e9n mikor kapom meg az els\u0151 sz\u00e1ml\u00e1mat?<\/a>\n\t\t\t\t\t<\/div>\n\t\t\t\t\t<div id=\"elementor-tab-content-1563\" class=\"elementor-tab-content elementor-clearfix\" data-tab=\"3\" role=\"tabpanel\" aria-labelledby=\"elementor-tab-title-1563\"><h6>A szolg\u00e1ltat\u00e1s bek\u00f6t\u00e9s\u00e9t \u00e9s aktiv\u00e1l\u00e1s\u00e1t k\u00f6vet\u0151 h\u00f3napban \u00e1ll\u00edtjuk ki a sz\u00e1ml\u00e1t, amelyet a szerz\u0151d\u00e9s szerinti m\u00f3don k\u00fcld\u00fcnk meg \u00d6nnek.<\/h6><\/div>\n\t\t\t\t<\/div>\n\t\t\t\t\t\t\t<div class=\"elementor-toggle-item\">\n\t\t\t\t\t<div id=\"elementor-tab-title-1564\" class=\"elementor-tab-title\" data-tab=\"4\" role=\"tab\" aria-controls=\"elementor-tab-content-1564\">\n\t\t\t\t\t\t\t\t\t\t\t\t<span class=\"elementor-toggle-icon elementor-toggle-icon-right\" aria-hidden=\"true\">\n\t\t\t\t\t\t\t\t\t\t\t\t\t\t\t<span class=\"elementor-toggle-icon-closed\"><i class=\"fas fa-caret-right\"><\/i><\/span>\n\t\t\t\t\t\t\t\t<span class=\"elementor-toggle-icon-opened\"><i class=\"elementor-toggle-icon-opened fas fa-caret-up\"><\/i><\/span>\n\t\t\t\t\t\t\t\t\t\t\t\t\t<\/span>\n\t\t\t\t\t\t\t\t\t\t\t\t<a href=\"\" class=\"elementor-toggle-title\">Milyen m\u00f3don fizethetem a sz\u00e1ml\u00e1imat?<\/a>\n\t\t\t\t\t<\/div>\n\t\t\t\t\t<div id=\"elementor-tab-content-1564\" class=\"elementor-tab-content elementor-clearfix\" data-tab=\"4\" role=\"tabpanel\" aria-labelledby=\"elementor-tab-title-1564\"><ul class=\"txt01-text__ul row\"><li class=\"txt01-text__li fs-md\"><h6><em><strong>El\u0151fizet\u0151i felhatalmaz\u00e1s alapj\u00e1n csoportos beszed\u00e9si megb\u00edz\u00e1s \u00fatj\u00e1n<\/strong><\/em><\/h6><h6>A csoportos beszed\u00e9si megb\u00edz\u00e1s az egyik legk\u00e9nyelmesebb \u00e9s legolcs\u00f3bb m\u00f3dja a havi sz\u00e1ml\u00e1k \u00e9s csekkek befizet\u00e9s\u00e9nek.<\/h6><h6>A csoportos beszed\u00e9s eset\u00e9n nem kell havonta int\u00e9zkedn\u00fcnk. Elegend\u0151 egyszer felhatalmaz\u00e1st adni a banksz\u00e1mlavezet\u0151 bankunknak, hogy a banksz\u00e1ml\u00e1nkr\u00f3l a szolg\u00e1ltat\u00f3 beszedhesse a sz\u00e1mla ellen\u00e9rt\u00e9k\u00e9t. Ut\u00e1na a szolg\u00e1ltat\u00f3 minden h\u00f3napban automatikusan beszedi a banksz\u00e1ml\u00e1nkr\u00f3l a megfelel\u0151 \u00f6sszeget. Tov\u00e1bbi teend\u0151nk nincsen vele.<\/h6><h6>A csoportos beszed\u00e9shez sz\u00fcks\u00e9ges, bank r\u00e9sz\u00e9re sz\u00fcks\u00e9ges meghatalmaz\u00e1s let\u00f6lthet\u0151 az al\u00e1bbi oldalr\u00f3l:<\/h6><h6>https:\/\/deltanet.hu\/index.php\/letoltheto-dokumentumok\/<br \/><br \/><\/h6><\/li><li class=\"txt01-text__li fs-md\"><h6><em><strong><strong>Szolg\u00e1ltat\u00f3 \u00e1ltal minden h\u00f3napban postai \u00faton megk\u00fcld\u00f6tt csekken kereszt\u00fcl<\/strong><\/strong><\/em><\/h6><h6>\u00a0<\/h6><\/li><li class=\"txt01-text__li fs-md\"><h6><em><strong>Banki \u00e1tutal\u00e1ssal<\/strong><\/em><\/h6><h6>\u00c1tutal\u00e1s eset\u00e9n a k\u00f6zlem\u00e9ny rovatban k\u00e9rj\u00fck t\u00fcntesse fel szerz\u0151d\u00e9sssz\u00e1m\u00e1t!<\/h6><h6>Kedvezm\u00e9nyezett neve: Deltakon Kft.<\/h6><h6>Banksz\u00e1mlasz\u00e1m: OTP BANK 11732002-20390561<\/h6><h6>K\u00f6zlem\u00e9ny: a befizetni k\u00edv\u00e1nt sz\u00e1mla sz\u00e1ma (form\u00e1tuma jellemz\u0151en: 2021\/12345)<\/h6><h6>K\u00fclf\u00f6ldi banksz\u00e1ml\u00e1r\u00f3l utal\u00e1s eset\u00e9n IBAN: HU28 1173200220390 56100000000<\/h6><h6>OTP Bank SWIFT k\u00f3dja: OTPVHUHB<\/h6><\/li><\/ul><\/div>\n\t\t\t\t<\/div>\n\t\t\t\t\t\t\t<div class=\"elementor-toggle-item\">\n\t\t\t\t\t<div id=\"elementor-tab-title-1565\" class=\"elementor-tab-title\" data-tab=\"5\" role=\"tab\" aria-controls=\"elementor-tab-content-1565\">\n\t\t\t\t\t\t\t\t\t\t\t\t<span class=\"elementor-toggle-icon elementor-toggle-icon-right\" aria-hidden=\"true\">\n\t\t\t\t\t\t\t\t\t\t\t\t\t\t\t<span class=\"elementor-toggle-icon-closed\"><i class=\"fas fa-caret-right\"><\/i><\/span>\n\t\t\t\t\t\t\t\t<span class=\"elementor-toggle-icon-opened\"><i class=\"elementor-toggle-icon-opened fas fa-caret-up\"><\/i><\/span>\n\t\t\t\t\t\t\t\t\t\t\t\t\t<\/span>\n\t\t\t\t\t\t\t\t\t\t\t\t<a href=\"\" class=\"elementor-toggle-title\">Hogyan tudom m\u00f3dos\u00edtani a sz\u00e1mlak\u00fcld\u00e9si posta vagy email c\u00edmet?<\/a>\n\t\t\t\t\t<\/div>\n\t\t\t\t\t<div id=\"elementor-tab-content-1565\" class=\"elementor-tab-content elementor-clearfix\" data-tab=\"5\" role=\"tabpanel\" aria-labelledby=\"elementor-tab-title-1565\"><h6>Leggyorsabban a sz\u00e1mlak\u00fcld\u00e9si posta vagy email c\u00edm\u00e9t \u00fagy tudja m\u00f3dos\u00edtani, ha k\u00fcld egy \u00fczenetet a P\u00e9nz\u00fcgyi Oszt\u00e1lynak, a penzugy@deltakon.hu email c\u00edmre, melyben le\u00edrja, hogy milyen c\u00edmre szeretn\u00e9 megv\u00e1ltoztatni.<\/h6><h6>A levelet minden esetben a szerz\u0151d\u00e9sben megadott email c\u00edmr\u0151l kell k\u00fcldeni, a pontos azonos\u00edt\u00e1shoz sz\u00fcks\u00e9ges adatok megad\u00e1s\u00e1val: El\u0151fizet\u0151 neve, szolg\u00e1ltat\u00e1si c\u00edme, szerz\u0151d\u00e9ssz\u00e1ma, telefonsz\u00e1ma.<\/h6><\/div>\n\t\t\t\t<\/div>\n\t\t\t\t\t\t\t<div class=\"elementor-toggle-item\">\n\t\t\t\t\t<div id=\"elementor-tab-title-1566\" class=\"elementor-tab-title\" data-tab=\"6\" role=\"tab\" aria-controls=\"elementor-tab-content-1566\">\n\t\t\t\t\t\t\t\t\t\t\t\t<span class=\"elementor-toggle-icon elementor-toggle-icon-right\" aria-hidden=\"true\">\n\t\t\t\t\t\t\t\t\t\t\t\t\t\t\t<span class=\"elementor-toggle-icon-closed\"><i class=\"fas fa-caret-right\"><\/i><\/span>\n\t\t\t\t\t\t\t\t<span class=\"elementor-toggle-icon-opened\"><i class=\"elementor-toggle-icon-opened fas fa-caret-up\"><\/i><\/span>\n\t\t\t\t\t\t\t\t\t\t\t\t\t<\/span>\n\t\t\t\t\t\t\t\t\t\t\t\t<a href=\"\" class=\"elementor-toggle-title\">Korl\u00e1tozt\u00e1k\/felf\u00fcggesztett\u00e9k a szolg\u00e1ltat\u00e1somat. Befizettem a tartoz\u00e1somat, m\u00e9gsem kapcsolt\u00e1k vissza a szolg\u00e1ltat\u00e1st, mi lehet az oka?<\/a>\n\t\t\t\t\t<\/div>\n\t\t\t\t\t<div id=\"elementor-tab-content-1566\" class=\"elementor-tab-content elementor-clearfix\" data-tab=\"6\" role=\"tabpanel\" aria-labelledby=\"elementor-tab-title-1566\"><h6>Amennyiben befizette a tartoz\u00e1s\u00e1t de a szolg\u00e1ltat\u00e1s m\u00e9gsem ker\u00fclt visszakapcsol\u00e1sra, val\u00f3sz\u00edn\u0171leg a sz\u00e1ml\u00e1z\u00f3 rendszer m\u00e9g nem dolgozta fel \u00e9s k\u00f6nyvelte el befizetettk\u00e9nt a tartoz\u00e1st. A lehet\u0151 leggyorsabb visszakapcsol\u00e1s \u00e9rdek\u00e9ben \u00e9rdemes az utal\u00e1st k\u00f6vet\u0151 munkanapon keresni Benn\u00fcnket a 1290-es vagy a 06 76\/76 76 76-os telefonsz\u00e1mon.<\/h6><\/div>\n\t\t\t\t<\/div>\n\t\t\t\t\t\t\t<div class=\"elementor-toggle-item\">\n\t\t\t\t\t<div id=\"elementor-tab-title-1567\" class=\"elementor-tab-title\" data-tab=\"7\" role=\"tab\" aria-controls=\"elementor-tab-content-1567\">\n\t\t\t\t\t\t\t\t\t\t\t\t<span class=\"elementor-toggle-icon elementor-toggle-icon-right\" aria-hidden=\"true\">\n\t\t\t\t\t\t\t\t\t\t\t\t\t\t\t<span class=\"elementor-toggle-icon-closed\"><i class=\"fas fa-caret-right\"><\/i><\/span>\n\t\t\t\t\t\t\t\t<span class=\"elementor-toggle-icon-opened\"><i class=\"elementor-toggle-icon-opened fas fa-caret-up\"><\/i><\/span>\n\t\t\t\t\t\t\t\t\t\t\t\t\t<\/span>\n\t\t\t\t\t\t\t\t\t\t\t\t<a href=\"\" class=\"elementor-toggle-title\">Csoportos beszed\u00e9s eset\u00e9n mikor emelik le az \u00f6sszeget a sz\u00e1ml\u00e1mr\u00f3l?<\/a>\n\t\t\t\t\t<\/div>\n\t\t\t\t\t<div id=\"elementor-tab-content-1567\" class=\"elementor-tab-content elementor-clearfix\" data-tab=\"7\" role=\"tabpanel\" aria-labelledby=\"elementor-tab-title-1567\"><h6>Csoportos beszed\u00e9s eset\u00e9n a leemel\u00e9s napja f\u00fcgg az adott bankt\u00f3l, \u00e1ltal\u00e1ban az adott h\u00f3nap 8. \u00e9s 13. napja k\u00f6z\u00f6tt t\u00f6rt\u00e9nik, amely a k\u00f6zben es\u0151 h\u00e9tv\u00e9g\u00e9k miatt v\u00e1ltoz\u00f3.<\/h6><\/div>\n\t\t\t\t<\/div>\n\t\t\t\t\t\t\t<div class=\"elementor-toggle-item\">\n\t\t\t\t\t<div id=\"elementor-tab-title-1568\" class=\"elementor-tab-title\" data-tab=\"8\" role=\"tab\" aria-controls=\"elementor-tab-content-1568\">\n\t\t\t\t\t\t\t\t\t\t\t\t<span class=\"elementor-toggle-icon elementor-toggle-icon-right\" aria-hidden=\"true\">\n\t\t\t\t\t\t\t\t\t\t\t\t\t\t\t<span class=\"elementor-toggle-icon-closed\"><i class=\"fas fa-caret-right\"><\/i><\/span>\n\t\t\t\t\t\t\t\t<span class=\"elementor-toggle-icon-opened\"><i class=\"elementor-toggle-icon-opened fas fa-caret-up\"><\/i><\/span>\n\t\t\t\t\t\t\t\t\t\t\t\t\t<\/span>\n\t\t\t\t\t\t\t\t\t\t\t\t<a href=\"\" class=\"elementor-toggle-title\">Mi a sz\u00e1mla befizet\u00e9s\u00e9nek hat\u00e1rideje?<\/a>\n\t\t\t\t\t<\/div>\n\t\t\t\t\t<div id=\"elementor-tab-content-1568\" class=\"elementor-tab-content elementor-clearfix\" data-tab=\"8\" role=\"tabpanel\" aria-labelledby=\"elementor-tab-title-1568\"><h6>A fizet\u00e9si hat\u00e1rid\u0151 mindig az esed\u00e9kes h\u00f3nap 10. napja, f\u00fcggetlen\u00fcl att\u00f3l, hogy milyen fizet\u00e9si m\u00f3d szerepel a szerz\u0151d\u00e9sben.\u00a0<\/h6><\/div>\n\t\t\t\t<\/div>\n\t\t\t\t\t\t\t<div class=\"elementor-toggle-item\">\n\t\t\t\t\t<div id=\"elementor-tab-title-1569\" class=\"elementor-tab-title\" data-tab=\"9\" role=\"tab\" aria-controls=\"elementor-tab-content-1569\">\n\t\t\t\t\t\t\t\t\t\t\t\t<span class=\"elementor-toggle-icon elementor-toggle-icon-right\" aria-hidden=\"true\">\n\t\t\t\t\t\t\t\t\t\t\t\t\t\t\t<span class=\"elementor-toggle-icon-closed\"><i class=\"fas fa-caret-right\"><\/i><\/span>\n\t\t\t\t\t\t\t\t<span class=\"elementor-toggle-icon-opened\"><i class=\"elementor-toggle-icon-opened fas fa-caret-up\"><\/i><\/span>\n\t\t\t\t\t\t\t\t\t\t\t\t\t<\/span>\n\t\t\t\t\t\t\t\t\t\t\t\t<a href=\"\" class=\"elementor-toggle-title\">Mit jelent a sz\u00e1ml\u00e1m alj\u00e1n tal\u00e1lhat\u00f3 egyenlegre vonatkoz\u00f3 inform\u00e1ci\u00f3?<\/a>\n\t\t\t\t\t<\/div>\n\t\t\t\t\t<div id=\"elementor-tab-content-1569\" class=\"elementor-tab-content elementor-clearfix\" data-tab=\"9\" role=\"tabpanel\" aria-labelledby=\"elementor-tab-title-1569\"><p>fizetend\u0151 a sz\u00e1mla fizetend\u0151 \u00e9rt\u00e9ke. az egyenlege pedig att\u00f3l f\u00fcgg\u0151en v\u00e1ltozik hogy el\u0151z\u0151leg t\u00f6bbet vagy kevesebbet fizetett be a sz\u00e1ml\u00e1iba. ha el\u0151z\u0151leg t\u00f6bbet fizetett be ANIK\u00d3<\/p><\/div>\n\t\t\t\t<\/div>\n\t\t\t\t\t\t\t<div class=\"elementor-toggle-item\">\n\t\t\t\t\t<div id=\"elementor-tab-title-15610\" class=\"elementor-tab-title\" data-tab=\"10\" role=\"tab\" aria-controls=\"elementor-tab-content-15610\">\n\t\t\t\t\t\t\t\t\t\t\t\t<span class=\"elementor-toggle-icon elementor-toggle-icon-right\" aria-hidden=\"true\">\n\t\t\t\t\t\t\t\t\t\t\t\t\t\t\t<span class=\"elementor-toggle-icon-closed\"><i class=\"fas fa-caret-right\"><\/i><\/span>\n\t\t\t\t\t\t\t\t<span class=\"elementor-toggle-icon-opened\"><i class=\"elementor-toggle-icon-opened fas fa-caret-up\"><\/i><\/span>\n\t\t\t\t\t\t\t\t\t\t\t\t\t<\/span>\n\t\t\t\t\t\t\t\t\t\t\t\t<a href=\"\" class=\"elementor-toggle-title\">Nem a megszokott \u00f6sszeg\u0171 sz\u00e1mla \u00e9rkezett, mi lehet az oka?<\/a>\n\t\t\t\t\t<\/div>\n\t\t\t\t\t<div id=\"elementor-tab-content-15610\" class=\"elementor-tab-content elementor-clearfix\" data-tab=\"10\" role=\"tabpanel\" aria-labelledby=\"elementor-tab-title-15610\"><h6>Ha a megszokott\u00f3l elt\u00e9r\u0151 \u00f6sszeg\u0171 sz\u00e1ml\u00e1t kapott, annak k\u00e9t oka lehet.<\/h6><h6>Egyr\u00e9szt, ha az el\u0151z\u0151 havi d\u00edj\u00e1t nem, vagy csak k\u00e9s\u0151n fizette be akkor adminisztr\u00e1ci\u00f3s d\u00edj ker\u00fcl kisz\u00e1ml\u00e1z\u00e1sra, ez t\u00f6bbletk\u00f6lts\u00e9get jelenthet a sz\u00e1ml\u00e1n. Ez az \u00f6sszeg elt\u00e9r\u0151 lehet, m\u00e9rt\u00e9k\u00e9t az hat\u00e1rozza meg, hogy egym\u00e1st k\u00f6vet\u0151 h\u00f3napokban h\u00e1nyszor fordult el\u0151 a nem &#8211; vagy k\u00e9s\u0151n t\u00f6rt\u00e9nt \u00a0befizet\u00e9s.<\/h6><h6>M\u00e1sr\u00e9szt, abban az esetben, ha lej\u00e1r a hat\u00e1rozott idej\u0171 szerz\u0151d\u00e9se \u00e9s nem ker\u00fcl meg\u00faj\u00edt\u00e1sra, akkor a szerz\u0151d\u00e9s lej\u00e1rt\u00e1val lej\u00e1r a havi d\u00edj kedvezm\u00e9ny is \u00e9s onnant\u00f3l ez nem jelenik meg a sz\u00e1ml\u00e1n, hanem automatikusan kedvezm\u00e9ny n\u00e9lk\u00fcli d\u00edjjal folytat\u00f3dik tov\u00e1bb a sz\u00e1ml\u00e1z\u00e1s. A szerz\u0151d\u00e9s r\u00f6vid \u00e9s egyszer\u0171 meg\u00faj\u00edt\u00e1s\u00e1t k\u00f6vet\u0151en ism\u00e9t kedvezm\u00e9nnyel ker\u00fcl kik\u00fcld\u00e9sre.<\/h6><\/div>\n\t\t\t\t<\/div>\n\t\t\t\t\t\t\t<div class=\"elementor-toggle-item\">\n\t\t\t\t\t<div id=\"elementor-tab-title-15611\" class=\"elementor-tab-title\" data-tab=\"11\" role=\"tab\" aria-controls=\"elementor-tab-content-15611\">\n\t\t\t\t\t\t\t\t\t\t\t\t<span class=\"elementor-toggle-icon elementor-toggle-icon-right\" aria-hidden=\"true\">\n\t\t\t\t\t\t\t\t\t\t\t\t\t\t\t<span class=\"elementor-toggle-icon-closed\"><i class=\"fas fa-caret-right\"><\/i><\/span>\n\t\t\t\t\t\t\t\t<span class=\"elementor-toggle-icon-opened\"><i class=\"elementor-toggle-icon-opened fas fa-caret-up\"><\/i><\/span>\n\t\t\t\t\t\t\t\t\t\t\t\t\t<\/span>\n\t\t\t\t\t\t\t\t\t\t\t\t<a href=\"\" class=\"elementor-toggle-title\">Felsz\u00f3l\u00edt\u00f3 levelet kaptam azonban befizettem a havid\u00edjat. Mi\u00e9rt lehet ez?<\/a>\n\t\t\t\t\t<\/div>\n\t\t\t\t\t<div id=\"elementor-tab-content-15611\" class=\"elementor-tab-content elementor-clearfix\" data-tab=\"11\" role=\"tabpanel\" aria-labelledby=\"elementor-tab-title-15611\"><h6>Amennyiben befizette a havi d\u00edjat de a sz\u00e1ml\u00e1z\u00f3 rendszer m\u00e9g nem dolgozta fel \u00e9s k\u00f6nyvelte el befizetettk\u00e9nt a az \u00f6sszeget, akkor el\u0151fordulhat, hogy felsz\u00f3l\u00edt\u00f3 lev\u00e9l ker\u00fcl kik\u00fcld\u00e9sre. \u00c9rdemes a befizet\u00e9st k\u00f6vet\u0151 munkanapon keresni Benn\u00fcnket a 1290-es vagy a 06 76\/76 76 76-os telefonsz\u00e1mon.<\/h6><\/div>\n\t\t\t\t<\/div>\n\t\t\t\t\t\t\t<div class=\"elementor-toggle-item\">\n\t\t\t\t\t<div id=\"elementor-tab-title-15612\" class=\"elementor-tab-title\" data-tab=\"12\" role=\"tab\" aria-controls=\"elementor-tab-content-15612\">\n\t\t\t\t\t\t\t\t\t\t\t\t<span class=\"elementor-toggle-icon elementor-toggle-icon-right\" aria-hidden=\"true\">\n\t\t\t\t\t\t\t\t\t\t\t\t\t\t\t<span class=\"elementor-toggle-icon-closed\"><i class=\"fas fa-caret-right\"><\/i><\/span>\n\t\t\t\t\t\t\t\t<span class=\"elementor-toggle-icon-opened\"><i class=\"elementor-toggle-icon-opened fas fa-caret-up\"><\/i><\/span>\n\t\t\t\t\t\t\t\t\t\t\t\t\t<\/span>\n\t\t\t\t\t\t\t\t\t\t\t\t<a href=\"\" class=\"elementor-toggle-title\">Hogyan tudom m\u00f3dos\u00edtani jelenlegi fizet\u00e9si m\u00f3domat?<\/a>\n\t\t\t\t\t<\/div>\n\t\t\t\t\t<div id=\"elementor-tab-content-15612\" class=\"elementor-tab-content elementor-clearfix\" data-tab=\"12\" role=\"tabpanel\" aria-labelledby=\"elementor-tab-title-15612\"><h6>A szerz\u0151d\u00e9s\u00e9ben foglalt fizet\u00e9si m\u00f3dj\u00e1t szem\u00e9lyesen \u00dcgyf\u00e9lszolg\u00e1lati irod\u00e1nkban, \u00edr\u00e1sban az ugyfelszolgalat@deltanet.hu email c\u00edmre k\u00fcld\u00f6tt \u00fczenettel vagy a 1290-es telefonsz\u00e1mon lehet m\u00f3dos\u00edtani.<\/h6><\/div>\n\t\t\t\t<\/div>\n\t\t\t\t\t\t\t<div class=\"elementor-toggle-item\">\n\t\t\t\t\t<div id=\"elementor-tab-title-15613\" class=\"elementor-tab-title\" data-tab=\"13\" role=\"tab\" aria-controls=\"elementor-tab-content-15613\">\n\t\t\t\t\t\t\t\t\t\t\t\t<span class=\"elementor-toggle-icon elementor-toggle-icon-right\" aria-hidden=\"true\">\n\t\t\t\t\t\t\t\t\t\t\t\t\t\t\t<span class=\"elementor-toggle-icon-closed\"><i class=\"fas fa-caret-right\"><\/i><\/span>\n\t\t\t\t\t\t\t\t<span class=\"elementor-toggle-icon-opened\"><i class=\"elementor-toggle-icon-opened fas fa-caret-up\"><\/i><\/span>\n\t\t\t\t\t\t\t\t\t\t\t\t\t<\/span>\n\t\t\t\t\t\t\t\t\t\t\t\t<a href=\"\" class=\"elementor-toggle-title\">Elektronikus sz\u00e1mlak\u00fcld\u00e9si m\u00f3dot v\u00e1lasztottam, m\u00e9gis kaptam csekket. Mi\u00e9rt?<\/a>\n\t\t\t\t\t<\/div>\n\t\t\t\t\t<div id=\"elementor-tab-content-15613\" class=\"elementor-tab-content elementor-clearfix\" data-tab=\"13\" role=\"tabpanel\" aria-labelledby=\"elementor-tab-title-15613\"><h6>Ha \u00d6n elektronikus fizet\u00e9si m\u00f3dot v\u00e1lasztott \u00e9s m\u00e9gis kapott csekket, az csak abban az esetben t\u00f6rt\u00e9nhet, ha lej\u00e1rt sz\u00e1ml\u00e1ja van, teh\u00e1t a sz\u00e1ml\u00e1z\u00f3 rendszer tartoz\u00f3k\u00e9nt tartja nyilv\u00e1n. Ekkor csekken megk\u00fcldj\u00fck a felsz\u00f3l\u00edt\u00f3 levelet illetve az adott havi sz\u00e1mlalevel\u00e9t is.<\/h6><h6>Amikor minden tartoz\u00e1s rendez\u00e9sre ker\u00fcl, onnant\u00f3l ism\u00e9t csak elektronikusan fog t\u0151l\u00fcnk sz\u00e1ml\u00e1t kapni.<\/h6><\/div>\n\t\t\t\t<\/div>\n\t\t\t\t\t\t\t<div class=\"elementor-toggle-item\">\n\t\t\t\t\t<div id=\"elementor-tab-title-15614\" class=\"elementor-tab-title\" data-tab=\"14\" role=\"tab\" aria-controls=\"elementor-tab-content-15614\">\n\t\t\t\t\t\t\t\t\t\t\t\t<span class=\"elementor-toggle-icon elementor-toggle-icon-right\" aria-hidden=\"true\">\n\t\t\t\t\t\t\t\t\t\t\t\t\t\t\t<span class=\"elementor-toggle-icon-closed\"><i class=\"fas fa-caret-right\"><\/i><\/span>\n\t\t\t\t\t\t\t\t<span class=\"elementor-toggle-icon-opened\"><i class=\"elementor-toggle-icon-opened fas fa-caret-up\"><\/i><\/span>\n\t\t\t\t\t\t\t\t\t\t\t\t\t<\/span>\n\t\t\t\t\t\t\t\t\t\t\t\t<a href=\"\" class=\"elementor-toggle-title\">El\u0151re vagy ut\u00f3lag sz\u00e1ml\u00e1zunk?<\/a>\n\t\t\t\t\t<\/div>\n\t\t\t\t\t<div id=\"elementor-tab-content-15614\" class=\"elementor-tab-content elementor-clearfix\" data-tab=\"14\" role=\"tabpanel\" aria-labelledby=\"elementor-tab-title-15614\"><h6>A sz\u00e1ml\u00e1z\u00e1s minden alkalommal el\u0151re t\u00f6rt\u00e9nik. Az el\u0151fizet\u0151i d\u00edj kiegyenl\u00edt\u00e9s\u00e9vel a t\u00e1rgyhavi d\u00edj ker\u00fcl kifizet\u00e9sre.<\/h6><\/div>\n\t\t\t\t<\/div>\n\t\t\t\t\t<\/div>\n\t\t\t\t<\/div>\n\t\t\t\t<\/div>\n\t\t\t\t\t\t<\/div>\n\t\t\t<\/div>\n\t\t<\/div>\n\t\t\t\t\t\t<\/div>\n\t\t\t<\/div>\n\t\t<\/section>\n\t\t\t\t<section class=\"elementor-element elementor-element-5243393 elementor-section-boxed elementor-section-height-default elementor-section-height-default elementor-section elementor-top-section\" data-id=\"5243393\" data-element_type=\"section\">\n\t\t\t\t\t\t<div class=\"elementor-container elementor-column-gap-default\">\n\t\t\t\t<div class=\"elementor-row\">\n\t\t\t\t<div class=\"elementor-element elementor-element-284856c elementor-column elementor-col-100 elementor-top-column\" data-id=\"284856c\" data-element_type=\"column\">\n\t\t\t<div class=\"elementor-column-wrap  elementor-element-populated\">\n\t\t\t\t\t<div class=\"elementor-widget-wrap\">\n\t\t\t\t<div class=\"elementor-element elementor-element-81e71d9 elementor-widget elementor-widget-heading\" data-id=\"81e71d9\" data-element_type=\"widget\" data-widget_type=\"heading.default\">\n\t\t\t\t<div class=\"elementor-widget-container\">\n\t\t\t<h2 class=\"elementor-heading-title elementor-size-large\">Sz\u00e1mlamagyar\u00e1zat - \u00e9rtelmezze k\u00f6nnyebben sz\u00e1ml\u00e1j\u00e1t!<\/h2>\t\t<\/div>\n\t\t\t\t<\/div>\n\t\t\t\t<div class=\"elementor-element elementor-element-fbd9f60 elementor-widget elementor-widget-image\" data-id=\"fbd9f60\" data-element_type=\"widget\" data-widget_type=\"image.default\">\n\t\t\t\t<div class=\"elementor-widget-container\">\n\t\t\t\t\t<div class=\"elementor-image\">\n\t\t\t\t\t\t\t\t\t\t<img width=\"1200\" height=\"628\" src=\"https:\/\/deltanet.hu\/wp-content\/uploads\/2021\/07\/infografikak_deltanet_szamlamagyarazo.jpg\" class=\"attachment-full size-full\" alt=\"\" decoding=\"async\" loading=\"lazy\" srcset=\"https:\/\/deltanet.hu\/wp-content\/uploads\/2021\/07\/infografikak_deltanet_szamlamagyarazo.jpg 1200w, https:\/\/deltanet.hu\/wp-content\/uploads\/2021\/07\/infografikak_deltanet_szamlamagyarazo-300x157.jpg 300w, https:\/\/deltanet.hu\/wp-content\/uploads\/2021\/07\/infografikak_deltanet_szamlamagyarazo-1024x536.jpg 1024w, https:\/\/deltanet.hu\/wp-content\/uploads\/2021\/07\/infografikak_deltanet_szamlamagyarazo-768x402.jpg 768w\" sizes=\"(max-width: 1200px) 100vw, 1200px\" \/>\t\t\t\t\t\t\t\t\t\t\t<\/div>\n\t\t\t\t<\/div>\n\t\t\t\t<\/div>\n\t\t\t\t\t\t<\/div>\n\t\t\t<\/div>\n\t\t<\/div>\n\t\t\t\t\t\t<\/div>\n\t\t\t<\/div>\n\t\t<\/section>\n\t\t\t\t\t\t<\/div>\n\t\t\t<\/div>\n\t\t<\/div>\n\t\t","protected":false},"excerpt":{"rendered":"<p>Sz\u00e1ml\u00e1z\u00e1ssal kapcsolatos inform\u00e1ci\u00f3k Hogyan kapom meg a sz\u00e1ml\u00e1mat? Aktu\u00e1lis havi sz\u00e1mlalevel\u00e9t a szerz\u0151d\u00e9s\u00e9ben foglaltak szerint k\u00fcldj\u00fck meg \u00d6nnek. Abban az esetben, ha postai csekkes fizet\u00e9si<\/p>\n","protected":false},"author":4,"featured_media":0,"parent":0,"menu_order":0,"comment_status":"closed","ping_status":"closed","template":"","meta":{"_mi_skip_tracking":false},"_links":{"self":[{"href":"https:\/\/deltanet.hu\/index.php\/wp-json\/wp\/v2\/pages\/8063"}],"collection":[{"href":"https:\/\/deltanet.hu\/index.php\/wp-json\/wp\/v2\/pages"}],"about":[{"href":"https:\/\/deltanet.hu\/index.php\/wp-json\/wp\/v2\/types\/page"}],"author":[{"embeddable":true,"href":"https:\/\/deltanet.hu\/index.php\/wp-json\/wp\/v2\/users\/4"}],"replies":[{"embeddable":true,"href":"https:\/\/deltanet.hu\/index.php\/wp-json\/wp\/v2\/comments?post=8063"}],"version-history":[{"count":43,"href":"https:\/\/deltanet.hu\/index.php\/wp-json\/wp\/v2\/pages\/8063\/revisions"}],"predecessor-version":[{"id":8275,"href":"https:\/\/deltanet.hu\/index.php\/wp-json\/wp\/v2\/pages\/8063\/revisions\/8275"}],"wp:attachment":[{"href":"https:\/\/deltanet.hu\/index.php\/wp-json\/wp\/v2\/media?parent=8063"}],"curies":[{"name":"wp","href":"https:\/\/api.w.org\/{rel}","templated":true}]}}