{"id":8148,"date":"2021-07-16T16:31:59","date_gmt":"2021-07-16T14:31:59","guid":{"rendered":"http:\/\/deltanet.hu\/?page_id=8148"},"modified":"2021-07-16T16:32:01","modified_gmt":"2021-07-16T14:32:01","slug":"szolgaltatassal-kapcsolatos-informaciok","status":"publish","type":"page","link":"https:\/\/deltanet.hu\/index.php\/szolgaltatassal-kapcsolatos-informaciok\/","title":{"rendered":"Szolg\u00e1ltat\u00e1ssal kapcsolatos inform\u00e1ci\u00f3k"},"content":{"rendered":"\t\t<div data-elementor-type=\"wp-page\" data-elementor-id=\"8148\" class=\"elementor elementor-8148\" data-elementor-settings=\"[]\">\n\t\t\t<div class=\"elementor-inner\">\n\t\t\t\t<div class=\"elementor-section-wrap\">\n\t\t\t\t\t\t\t<section class=\"elementor-element elementor-element-201b9c6 elementor-section-content-middle elementor-section-boxed elementor-section-height-default elementor-section-height-default elementor-section elementor-top-section\" data-id=\"201b9c6\" data-element_type=\"section\">\n\t\t\t\t\t\t<div class=\"elementor-container elementor-column-gap-no\">\n\t\t\t\t<div class=\"elementor-row\">\n\t\t\t\t<div class=\"elementor-element elementor-element-7b9cec8a elementor-column elementor-col-100 elementor-top-column\" data-id=\"7b9cec8a\" data-element_type=\"column\">\n\t\t\t<div class=\"elementor-column-wrap  elementor-element-populated\">\n\t\t\t\t\t<div class=\"elementor-widget-wrap\">\n\t\t\t\t<div class=\"elementor-element elementor-element-4c7a1b3 elementor-widget elementor-widget-heading\" data-id=\"4c7a1b3\" data-element_type=\"widget\" data-widget_type=\"heading.default\">\n\t\t\t\t<div class=\"elementor-widget-container\">\n\t\t\t<h4 class=\"elementor-heading-title elementor-size-default\">Szolg\u00e1ltat\u00e1sainkkal kapcsolatos inform\u00e1ci\u00f3k<\/h4>\t\t<\/div>\n\t\t\t\t<\/div>\n\t\t\t\t<div class=\"elementor-element elementor-element-b255699 elementor-widget elementor-widget-toggle\" data-id=\"b255699\" data-element_type=\"widget\" data-widget_type=\"toggle.default\">\n\t\t\t\t<div class=\"elementor-widget-container\">\n\t\t\t\t\t<div class=\"elementor-toggle\" role=\"tablist\">\n\t\t\t\t\t\t\t<div class=\"elementor-toggle-item\">\n\t\t\t\t\t<div id=\"elementor-tab-title-1861\" class=\"elementor-tab-title\" data-tab=\"1\" role=\"tab\" aria-controls=\"elementor-tab-content-1861\">\n\t\t\t\t\t\t\t\t\t\t\t\t<span class=\"elementor-toggle-icon elementor-toggle-icon-right\" aria-hidden=\"true\">\n\t\t\t\t\t\t\t\t\t\t\t\t\t\t\t<span class=\"elementor-toggle-icon-closed\"><i class=\"fas fa-caret-right\"><\/i><\/span>\n\t\t\t\t\t\t\t\t<span class=\"elementor-toggle-icon-opened\"><i class=\"elementor-toggle-icon-opened fas fa-caret-up\"><\/i><\/span>\n\t\t\t\t\t\t\t\t\t\t\t\t\t<\/span>\n\t\t\t\t\t\t\t\t\t\t\t\t<a href=\"\" class=\"elementor-toggle-title\">Mit\u0151l f\u00fcgg, hogy megrendelhetem-e a szolg\u00e1ltat\u00e1st?<\/a>\n\t\t\t\t\t<\/div>\n\t\t\t\t\t<div id=\"elementor-tab-content-1861\" class=\"elementor-tab-content elementor-clearfix\" data-tab=\"1\" role=\"tabpanel\" aria-labelledby=\"elementor-tab-title-1861\"><h6>Internet szolg\u00e1ltat\u00e1sunk ki\u00e9p\u00edt\u00e9s\u00e9nek legfontosabb felt\u00e9tele a tiszta r\u00e1l\u00e1t\u00e1s valamely fej\u00e1llom\u00e1sunkra. Koll\u00e9g\u00e1ink a helysz\u00ednre \u00e9rkez\u00e9st k\u00f6vet\u0151en egy felm\u00e9r\u00e9s sor\u00e1n megn\u00e9zik, hogy melyik fej\u00e1llom\u00e1sunk l\u00e1tsz\u00f3dik a legjobb jelszinttel \u00e9s m\u00e1r el is kezdik az internet-bek\u00f6t\u00e9st.<\/h6><\/div>\n\t\t\t\t<\/div>\n\t\t\t\t\t\t\t<div class=\"elementor-toggle-item\">\n\t\t\t\t\t<div id=\"elementor-tab-title-1862\" class=\"elementor-tab-title\" data-tab=\"2\" role=\"tab\" aria-controls=\"elementor-tab-content-1862\">\n\t\t\t\t\t\t\t\t\t\t\t\t<span class=\"elementor-toggle-icon elementor-toggle-icon-right\" aria-hidden=\"true\">\n\t\t\t\t\t\t\t\t\t\t\t\t\t\t\t<span class=\"elementor-toggle-icon-closed\"><i class=\"fas fa-caret-right\"><\/i><\/span>\n\t\t\t\t\t\t\t\t<span class=\"elementor-toggle-icon-opened\"><i class=\"elementor-toggle-icon-opened fas fa-caret-up\"><\/i><\/span>\n\t\t\t\t\t\t\t\t\t\t\t\t\t<\/span>\n\t\t\t\t\t\t\t\t\t\t\t\t<a href=\"\" class=\"elementor-toggle-title\">Hogyan zajlik egy internet bek\u00f6t\u00e9s?<\/a>\n\t\t\t\t\t<\/div>\n\t\t\t\t\t<div id=\"elementor-tab-content-1862\" class=\"elementor-tab-content elementor-clearfix\" data-tab=\"2\" role=\"tabpanel\" aria-labelledby=\"elementor-tab-title-1862\"><p>Toggle tartalom<\/p><\/div>\n\t\t\t\t<\/div>\n\t\t\t\t\t\t\t<div class=\"elementor-toggle-item\">\n\t\t\t\t\t<div id=\"elementor-tab-title-1863\" class=\"elementor-tab-title\" data-tab=\"3\" role=\"tab\" aria-controls=\"elementor-tab-content-1863\">\n\t\t\t\t\t\t\t\t\t\t\t\t<span class=\"elementor-toggle-icon elementor-toggle-icon-right\" aria-hidden=\"true\">\n\t\t\t\t\t\t\t\t\t\t\t\t\t\t\t<span class=\"elementor-toggle-icon-closed\"><i class=\"fas fa-caret-right\"><\/i><\/span>\n\t\t\t\t\t\t\t\t<span class=\"elementor-toggle-icon-opened\"><i class=\"elementor-toggle-icon-opened fas fa-caret-up\"><\/i><\/span>\n\t\t\t\t\t\t\t\t\t\t\t\t\t<\/span>\n\t\t\t\t\t\t\t\t\t\t\t\t<a href=\"\" class=\"elementor-toggle-title\">Mennyi id\u0151t vesz ig\u00e9nybe a bek\u00f6t\u00e9s?<\/a>\n\t\t\t\t\t<\/div>\n\t\t\t\t\t<div id=\"elementor-tab-content-1863\" class=\"elementor-tab-content elementor-clearfix\" data-tab=\"3\" role=\"tabpanel\" aria-labelledby=\"elementor-tab-title-1863\"><h6>Ide\u00e1lis k\u00f6r\u00fclm\u00e9nyek k\u00f6z\u00f6tt a szolg\u00e1ltat\u00e1s ki\u00e9p\u00edt\u00e9se k\u00f6r\u00fclbel\u00fcl 2 \u00f3r\u00e1t vesz ig\u00e9nybe.<\/h6><\/div>\n\t\t\t\t<\/div>\n\t\t\t\t\t\t\t<div class=\"elementor-toggle-item\">\n\t\t\t\t\t<div id=\"elementor-tab-title-1864\" class=\"elementor-tab-title\" data-tab=\"4\" role=\"tab\" aria-controls=\"elementor-tab-content-1864\">\n\t\t\t\t\t\t\t\t\t\t\t\t<span class=\"elementor-toggle-icon elementor-toggle-icon-right\" aria-hidden=\"true\">\n\t\t\t\t\t\t\t\t\t\t\t\t\t\t\t<span class=\"elementor-toggle-icon-closed\"><i class=\"fas fa-caret-right\"><\/i><\/span>\n\t\t\t\t\t\t\t\t<span class=\"elementor-toggle-icon-opened\"><i class=\"elementor-toggle-icon-opened fas fa-caret-up\"><\/i><\/span>\n\t\t\t\t\t\t\t\t\t\t\t\t\t<\/span>\n\t\t\t\t\t\t\t\t\t\t\t\t<a href=\"\" class=\"elementor-toggle-title\">Hol \u00e9p\u00edthet\u0151 ki a szolg\u00e1ltat\u00e1s?<\/a>\n\t\t\t\t\t<\/div>\n\t\t\t\t\t<div id=\"elementor-tab-content-1864\" class=\"elementor-tab-content elementor-clearfix\" data-tab=\"4\" role=\"tabpanel\" aria-labelledby=\"elementor-tab-title-1864\"><h6>A szolg\u00e1ltat\u00e1s jelenleg Kecskem\u00e9ten \u00e9s 50 km-es vonz\u00e1sk\u00f6rzet\u00e9ben \u00e9rhet\u0151 el.<\/h6><h6>A mikrohull\u00e1m\u00fa internet technol\u00f3gia el\u0151nye, hogy mivel vezet\u00e9k h\u00e1l\u00f3zatot nem ig\u00e9nyel, \u00edgy olyan helyeken is el\u00e9rhet\u0151v\u00e9 v\u00e1lik az internet, ahol nincs k\u00e1belrendszer ki\u00e9p\u00edtetts\u00e9g.\u00a0<\/h6><h6>Ezen tulajdons\u00e1ga miatt k\u00fclteretre, a v\u00e1rost\u00f3l t\u00e1vol es\u0151 tany\u00e1kra is k\u00e9pes id\u0151ben \u00e9s adatmennyis\u00e9gben korl\u00e1tlan, szupergyors internetet biztos\u00edtani.<\/h6><h6>Gyors telep\u00edthet\u0151s\u00e9ge \u00e9s korl\u00e1tlans\u00e1ga miatt versenyk\u00e9pes alternat\u00edv\u00e1t k\u00edn\u00e1l a vezet\u00e9kes \u00e9s a mobil internettel szemben is.<\/h6><h6>A szolg\u00e1ltat\u00e1si ter\u00fcleteinkr\u0151l az al\u00e1bbi oldalon tud t\u00e1j\u00e9koz\u00f3dni:<\/h6><h6><span style=\"text-decoration: underline;\">https:\/\/deltanet.hu\/index.php\/mindig-is-a-kihivasokat-kerestem\/szolgaltatasi-terulet\/<\/span><\/h6><\/div>\n\t\t\t\t<\/div>\n\t\t\t\t\t\t\t<div class=\"elementor-toggle-item\">\n\t\t\t\t\t<div id=\"elementor-tab-title-1865\" class=\"elementor-tab-title\" data-tab=\"5\" role=\"tab\" aria-controls=\"elementor-tab-content-1865\">\n\t\t\t\t\t\t\t\t\t\t\t\t<span class=\"elementor-toggle-icon elementor-toggle-icon-right\" aria-hidden=\"true\">\n\t\t\t\t\t\t\t\t\t\t\t\t\t\t\t<span class=\"elementor-toggle-icon-closed\"><i class=\"fas fa-caret-right\"><\/i><\/span>\n\t\t\t\t\t\t\t\t<span class=\"elementor-toggle-icon-opened\"><i class=\"elementor-toggle-icon-opened fas fa-caret-up\"><\/i><\/span>\n\t\t\t\t\t\t\t\t\t\t\t\t\t<\/span>\n\t\t\t\t\t\t\t\t\t\t\t\t<a href=\"\" class=\"elementor-toggle-title\">Mit jelent a mikrohull\u00e1m\u00fa internet technol\u00f3gia?<\/a>\n\t\t\t\t\t<\/div>\n\t\t\t\t\t<div id=\"elementor-tab-content-1865\" class=\"elementor-tab-content elementor-clearfix\" data-tab=\"5\" role=\"tabpanel\" aria-labelledby=\"elementor-tab-title-1865\"><h6>A mikrohull\u00e1m\u00fa internet olyan vezet\u00e9k n\u00e9lk\u00fcli technol\u00f3gia, amely mikrohull\u00e1m\u00fa r\u00e1di\u00f3jelek haszn\u00e1lat\u00e1nak seg\u00edts\u00e9g\u00e9vel teszi lehet\u0151v\u00e9 a sz\u00e9less\u00e1v\u00fa internet haszn\u00e1latot az ad\u00f3tornyok \u00e1ltal lefedett ter\u00fcleten.<\/h6><h6>A kisebb telep\u00fcl\u00e9seken gyakran alkalmazz\u00e1k, de s\u0171r\u0171n lakott v\u00e1rosr\u00e9szekben is haszn\u00e1lt technol\u00f3gia, egyedi ig\u00e9nyekre.<\/h6><h6>A szolg\u00e1ltat\u00f3 egy vagy t\u00f6bb k\u00f6zpontot m\u00e1sn\u00e9ven fej\u00e1llom\u00e1st, \u00fczemeltet, melyekre az el\u0151fizet\u0151k berendez\u00e9sei kapcsol\u00f3dnak.<\/h6><h6>R\u00e1l\u00e1t\u00e1s a fej\u00e1llom\u00e1sra mindenk\u00e9ppen sz\u00fcks\u00e9ges, legt\u00f6bb esetben a tet\u0151antenna is elengedhetetlen.<\/h6><\/div>\n\t\t\t\t<\/div>\n\t\t\t\t\t\t\t<div class=\"elementor-toggle-item\">\n\t\t\t\t\t<div id=\"elementor-tab-title-1866\" class=\"elementor-tab-title\" data-tab=\"6\" role=\"tab\" aria-controls=\"elementor-tab-content-1866\">\n\t\t\t\t\t\t\t\t\t\t\t\t<span class=\"elementor-toggle-icon elementor-toggle-icon-right\" aria-hidden=\"true\">\n\t\t\t\t\t\t\t\t\t\t\t\t\t\t\t<span class=\"elementor-toggle-icon-closed\"><i class=\"fas fa-caret-right\"><\/i><\/span>\n\t\t\t\t\t\t\t\t<span class=\"elementor-toggle-icon-opened\"><i class=\"elementor-toggle-icon-opened fas fa-caret-up\"><\/i><\/span>\n\t\t\t\t\t\t\t\t\t\t\t\t\t<\/span>\n\t\t\t\t\t\t\t\t\t\t\t\t<a href=\"\" class=\"elementor-toggle-title\">K\u00f6lt\u00f6z\u00e9s miatt szeretn\u00e9m \u00e1thelyezni a szolg\u00e1ltat\u00e1st, hogyan tudom ezt megtenni?<\/a>\n\t\t\t\t\t<\/div>\n\t\t\t\t\t<div id=\"elementor-tab-content-1866\" class=\"elementor-tab-content elementor-clearfix\" data-tab=\"6\" role=\"tabpanel\" aria-labelledby=\"elementor-tab-title-1866\"><h6>Szolg\u00e1ltat\u00e1s \u00e1thelyez\u00e9s\u00e9t k\u00e9rheti szem\u00e9lyesen \u00dcgyf\u00e9lszolg\u00e1lati irod\u00e1nkban, vagy az ugyfelszolgalat@deltanet.hu email c\u00edmen.<\/h6><h6>Az \u00e1thelyez\u00e9si folyamat elind\u00edt\u00e1s\u00e1hoz sz\u00fcks\u00e9ges egy &#8220;\u00c1thelyez\u00e9si nyilatkozat&#8221; kit\u00f6lt\u00e9se \u00e9s ejuttat\u00e1sa \u00dcgyf\u00e9lszolg\u00e1latos Koll\u00e9g\u00e1ink r\u00e9sz\u00e9re. Ez t\u00f6rt\u00e9nhet szem\u00e9lyesen vagy emailben, nem sz\u00fcks\u00e9ges pap\u00edron, nyomtatott form\u00e1ban.\u00a0<\/h6><h6>Email-ben k\u00fcld\u00f6tt nyilatkozatot csak az El\u0151fizet\u0151i szerz\u0151d\u00e9sben r\u00f6gz\u00edtett email c\u00edmr\u0151l fogadunk el!<\/h6><h6>Az \u00e1thelyez\u00e9s k\u00f6lts\u00e9g\u00e9r\u0151l b\u0151vebben a mindenkori, hat\u00e1lyos \u00c1SZF-ben t\u00e1j\u00e9koz\u00f3dhat.<\/h6><\/div>\n\t\t\t\t<\/div>\n\t\t\t\t\t\t\t<div class=\"elementor-toggle-item\">\n\t\t\t\t\t<div id=\"elementor-tab-title-1867\" class=\"elementor-tab-title\" data-tab=\"7\" role=\"tab\" aria-controls=\"elementor-tab-content-1867\">\n\t\t\t\t\t\t\t\t\t\t\t\t<span class=\"elementor-toggle-icon elementor-toggle-icon-right\" aria-hidden=\"true\">\n\t\t\t\t\t\t\t\t\t\t\t\t\t\t\t<span class=\"elementor-toggle-icon-closed\"><i class=\"fas fa-caret-right\"><\/i><\/span>\n\t\t\t\t\t\t\t\t<span class=\"elementor-toggle-icon-opened\"><i class=\"elementor-toggle-icon-opened fas fa-caret-up\"><\/i><\/span>\n\t\t\t\t\t\t\t\t\t\t\t\t\t<\/span>\n\t\t\t\t\t\t\t\t\t\t\t\t<a href=\"\" class=\"elementor-toggle-title\">\u00daj el\u0151fizet\u00e9s eset\u00e9n hol \u00e9s hogyan tudok szerz\u0151d\u00e9st k\u00f6tni?<\/a>\n\t\t\t\t\t<\/div>\n\t\t\t\t\t<div id=\"elementor-tab-content-1867\" class=\"elementor-tab-content elementor-clearfix\" data-tab=\"7\" role=\"tabpanel\" aria-labelledby=\"elementor-tab-title-1867\"><h6>\u00daj szerz\u0151d\u00e9sk\u00f6t\u00e9sre jelenleg kett\u0151 lehet\u0151s\u00e9g van.<\/h6><h6>Szem\u00e9lyesen \u00dcgyf\u00e9lszolg\u00e1lati irod\u00e1nkban, ahol sor ker\u00fcl az \u00daj El\u0151fizet\u0151 adatainak egyeztet\u00e9s\u00e9re \u00e9s a szerz\u0151d\u00e9s al\u00e1\u00edr\u00e1s\u00e1ra vagy telefonon kereszt\u00fcl, ahol csak az adatok leegyeztet\u00e9se t\u00f6rt\u00e9nik.<\/h6><h6>Ebben az esetben a szerz\u0151d\u00e9s al\u00e1\u00edr\u00e1sa a telep\u00edt\u00e9s helysz\u00edn\u00e9n t\u00f6rt\u00e9nik, a szolg\u00e1ltat\u00e1s ki\u00e9p\u00edt\u00e9s\u00e9re egyeztetett id\u0151pontban. Ekkor sz\u00fcks\u00e9ges bemutatni a szem\u00e9lyazonoss\u00e1ghoz sz\u00fcks\u00e9ges szem\u00e9lyi igazolv\u00e1nyt, lakc\u00edmk\u00e1rty\u00e1t.<\/h6><\/div>\n\t\t\t\t<\/div>\n\t\t\t\t\t\t\t<div class=\"elementor-toggle-item\">\n\t\t\t\t\t<div id=\"elementor-tab-title-1868\" class=\"elementor-tab-title\" data-tab=\"8\" role=\"tab\" aria-controls=\"elementor-tab-content-1868\">\n\t\t\t\t\t\t\t\t\t\t\t\t<span class=\"elementor-toggle-icon elementor-toggle-icon-right\" aria-hidden=\"true\">\n\t\t\t\t\t\t\t\t\t\t\t\t\t\t\t<span class=\"elementor-toggle-icon-closed\"><i class=\"fas fa-caret-right\"><\/i><\/span>\n\t\t\t\t\t\t\t\t<span class=\"elementor-toggle-icon-opened\"><i class=\"elementor-toggle-icon-opened fas fa-caret-up\"><\/i><\/span>\n\t\t\t\t\t\t\t\t\t\t\t\t\t<\/span>\n\t\t\t\t\t\t\t\t\t\t\t\t<a href=\"\" class=\"elementor-toggle-title\">Mennyi ideig sz\u00fcneteltethetem a szolg\u00e1ltat\u00e1somat?<\/a>\n\t\t\t\t\t<\/div>\n\t\t\t\t\t<div id=\"elementor-tab-content-1868\" class=\"elementor-tab-content elementor-clearfix\" data-tab=\"8\" role=\"tabpanel\" aria-labelledby=\"elementor-tab-title-1868\"><h6>1 \u00e9ven bel\u00fcl maximum 6 h\u00f3napig sz\u00fcneteltethet\u0151 a szolg\u00e1ltat\u00e1s, 2 000 Ft\/h\u00f3 k\u00e9szenl\u00e9ti d\u00edj ellen\u00e9ben. Hat\u00e1rozott idej\u0171 szerz\u0151d\u00e9s eset\u00e9n a sz\u00fcneteltet\u00e9s id\u0151tartam\u00e1val hosszabbodik meg a szerz\u0151d\u00e9s id\u0151tartama is.<\/h6><\/div>\n\t\t\t\t<\/div>\n\t\t\t\t\t\t\t<div class=\"elementor-toggle-item\">\n\t\t\t\t\t<div id=\"elementor-tab-title-1869\" class=\"elementor-tab-title\" data-tab=\"9\" role=\"tab\" aria-controls=\"elementor-tab-content-1869\">\n\t\t\t\t\t\t\t\t\t\t\t\t<span class=\"elementor-toggle-icon elementor-toggle-icon-right\" aria-hidden=\"true\">\n\t\t\t\t\t\t\t\t\t\t\t\t\t\t\t<span class=\"elementor-toggle-icon-closed\"><i class=\"fas fa-caret-right\"><\/i><\/span>\n\t\t\t\t\t\t\t\t<span class=\"elementor-toggle-icon-opened\"><i class=\"elementor-toggle-icon-opened fas fa-caret-up\"><\/i><\/span>\n\t\t\t\t\t\t\t\t\t\t\t\t\t<\/span>\n\t\t\t\t\t\t\t\t\t\t\t\t<a href=\"\" class=\"elementor-toggle-title\">Mennyi id\u0151 alatt jav\u00edtj\u00e1k ki a bejelentett hib\u00e1mat?<\/a>\n\t\t\t\t\t<\/div>\n\t\t\t\t\t<div id=\"elementor-tab-content-1869\" class=\"elementor-tab-content elementor-clearfix\" data-tab=\"9\" role=\"tabpanel\" aria-labelledby=\"elementor-tab-title-1869\"><h6>A hibabejelent\u00e9st\u0151l sz\u00e1m\u00edtott 24 \u00f3r\u00e1n bel\u00fcl a M\u0171szaki Oszt\u00e1ly kivizsg\u00e1lja a hib\u00e1t. Amennyiben a hiba megjav\u00edt\u00e1s\u00e1hoz sz\u00fcks\u00e9ges a helysz\u00edni kisz\u00e1ll\u00e1s is, Koll\u00e9g\u00e1ink id\u0151pontot egyeztetnek \u00d6nnel. A Szolg\u00e1ltat\u00f3 k\u00f6teletes hiba kijav\u00edt\u00e1s\u00e1t a bejelent\u00e9st\u0151l sz\u00e1m\u00edtott 72 \u00f3r\u00e1n bel\u00fcl elv\u00e9gezni.<\/h6><h6>Abban az esetben, ha a hiba nem a Szolg\u00e1ltat\u00f3 \u00e9rdekk\u00f6r\u00e9ben mer\u00fcl fel, a kisz\u00e1ll\u00e1si \u00e9s munkad\u00edj kisz\u00e1ml\u00e1z\u00e1sra ker\u00fcl.<\/h6><h6>Ilyen probl\u00e9ma lehet, ha az El\u0151fizet\u0151 a saj\u00e1t, bels\u0151 h\u00e1l\u00f3zat\u00e1ban olyan eszk\u00f6z\u00f6ket \u00fczemeltet, amely nem a Szolg\u00e1ltat\u00f3t\u00f3l sz\u00e1rmazik. Pl.: <strong>repeater (Wi-Fi jeltov\u00e1bb\u00edt\u00f3, jeler\u0151s\u00edt\u0151 eszk\u00f6z), extender (Wi-Fi hat\u00f3t\u00e1vn\u00f6vel\u0151 eszk\u00f6z), vezet\u00e9kes router (forgalomir\u00e1ny\u00edt\u00f3 eszk\u00f6z).<\/strong><\/h6><\/div>\n\t\t\t\t<\/div>\n\t\t\t\t\t\t\t<div class=\"elementor-toggle-item\">\n\t\t\t\t\t<div id=\"elementor-tab-title-18610\" class=\"elementor-tab-title\" data-tab=\"10\" role=\"tab\" aria-controls=\"elementor-tab-content-18610\">\n\t\t\t\t\t\t\t\t\t\t\t\t<span class=\"elementor-toggle-icon elementor-toggle-icon-right\" aria-hidden=\"true\">\n\t\t\t\t\t\t\t\t\t\t\t\t\t\t\t<span class=\"elementor-toggle-icon-closed\"><i class=\"fas fa-caret-right\"><\/i><\/span>\n\t\t\t\t\t\t\t\t<span class=\"elementor-toggle-icon-opened\"><i class=\"elementor-toggle-icon-opened fas fa-caret-up\"><\/i><\/span>\n\t\t\t\t\t\t\t\t\t\t\t\t\t<\/span>\n\t\t\t\t\t\t\t\t\t\t\t\t<a href=\"\" class=\"elementor-toggle-title\">Milyen adatokra van sz\u00fcks\u00e9g a szerz\u0151d\u00e9sk\u00f6t\u00e9shez?<\/a>\n\t\t\t\t\t<\/div>\n\t\t\t\t\t<div id=\"elementor-tab-content-18610\" class=\"elementor-tab-content elementor-clearfix\" data-tab=\"10\" role=\"tabpanel\" aria-labelledby=\"elementor-tab-title-18610\"><h6>A szerz\u0151d\u00e9s megk\u00f6t\u00e9s\u00e9hez az al\u00e1bbi adatok sz\u00fcks\u00e9gesek:<br \/>&#8211; El\u0151fizet\u0151 neve,<br \/>&#8211; Telep\u00edt\u00e9si c\u00edm, ahol ig\u00e9nybe szeretn\u00e9 venni a szolg\u00e1ltat\u00e1st,<br \/>&#8211; Telefonsz\u00e1ma, email c\u00edme<br \/>&#8211; Szem\u00e9lyi igazolv\u00e1nya,<br \/>&#8211; Lakc\u00edmk\u00e1rty\u00e1ja,<\/h6><h6>Amennyiben k\u00edv\u00e1n kapcsolattart\u00f3t megadni, aki el\u0151fizet\u00e9ssel kapcsolatban \u00e9rdekl\u0151dhet \u00e9s hib\u00e1t is jelenthet, akkor a kapcsolattart\u00f3k\u00e9nt megadni k\u00edv\u00e1nt szem\u00e9ly neve, telefonsz\u00e1ma.<\/h6><\/div>\n\t\t\t\t<\/div>\n\t\t\t\t\t\t\t<div class=\"elementor-toggle-item\">\n\t\t\t\t\t<div id=\"elementor-tab-title-18611\" class=\"elementor-tab-title\" data-tab=\"11\" role=\"tab\" aria-controls=\"elementor-tab-content-18611\">\n\t\t\t\t\t\t\t\t\t\t\t\t<span class=\"elementor-toggle-icon elementor-toggle-icon-right\" aria-hidden=\"true\">\n\t\t\t\t\t\t\t\t\t\t\t\t\t\t\t<span class=\"elementor-toggle-icon-closed\"><i class=\"fas fa-caret-right\"><\/i><\/span>\n\t\t\t\t\t\t\t\t<span class=\"elementor-toggle-icon-opened\"><i class=\"elementor-toggle-icon-opened fas fa-caret-up\"><\/i><\/span>\n\t\t\t\t\t\t\t\t\t\t\t\t\t<\/span>\n\t\t\t\t\t\t\t\t\t\t\t\t<a href=\"\" class=\"elementor-toggle-title\">Alb\u00e9rl\u0151k\u00e9nt hogyan k\u00f6thetek szerz\u0151d\u00e9st?<\/a>\n\t\t\t\t\t<\/div>\n\t\t\t\t\t<div id=\"elementor-tab-content-18611\" class=\"elementor-tab-content elementor-clearfix\" data-tab=\"11\" role=\"tabpanel\" aria-labelledby=\"elementor-tab-title-18611\"><h6>Az el\u0151fizet\u0151i szerz\u0151d\u00e9s al\u00e1\u00edr\u00e1s\u00e1val \u00d6n nyilatkozik \u00e9s elismeri, hogy a b\u00e9relt ingatlan f\u0151b\u00e9rl\u0151je hozz\u00e1j\u00e1rult a szolg\u00e1ltat\u00e1s ki\u00e9p\u00edt\u00e9s\u00e9hez. B\u00e1rmilyen felmer\u00fcl\u0151 gond eset\u00e9n az El\u0151fizet\u0151 a teljes felel\u0151ss\u00e9gv\u00e1llal\u00f3 az ingatlannal kapcsolatban.<\/h6><\/div>\n\t\t\t\t<\/div>\n\t\t\t\t\t\t\t<div class=\"elementor-toggle-item\">\n\t\t\t\t\t<div id=\"elementor-tab-title-18612\" class=\"elementor-tab-title\" data-tab=\"12\" role=\"tab\" aria-controls=\"elementor-tab-content-18612\">\n\t\t\t\t\t\t\t\t\t\t\t\t<span class=\"elementor-toggle-icon elementor-toggle-icon-right\" aria-hidden=\"true\">\n\t\t\t\t\t\t\t\t\t\t\t\t\t\t\t<span class=\"elementor-toggle-icon-closed\"><i class=\"fas fa-caret-right\"><\/i><\/span>\n\t\t\t\t\t\t\t\t<span class=\"elementor-toggle-icon-opened\"><i class=\"elementor-toggle-icon-opened fas fa-caret-up\"><\/i><\/span>\n\t\t\t\t\t\t\t\t\t\t\t\t\t<\/span>\n\t\t\t\t\t\t\t\t\t\t\t\t<a href=\"\" class=\"elementor-toggle-title\">M\u00e1s n\u00e9vre \u00e1tv\u00e1llalhat\u00f3-e a szolg\u00e1ltat\u00e1s?<\/a>\n\t\t\t\t\t<\/div>\n\t\t\t\t\t<div id=\"elementor-tab-content-18612\" class=\"elementor-tab-content elementor-clearfix\" data-tab=\"12\" role=\"tabpanel\" aria-labelledby=\"elementor-tab-title-18612\"><h6>A szolg\u00e1ltat\u00e1s \u00e1tv\u00e1llal\u00e1sa egy \u00faj n\u00e9vre int\u00e9zhet\u0151 szem\u00e9lyesen \u00dcgyf\u00e9lszolg\u00e1lati irod\u00e1nkban egy \u00e1tv\u00e1llal\u00f3i nyilatkozat kit\u00f6lt\u00e9s\u00e9vel.<br \/><br \/>Az &#8220;\u00e1tv\u00e1llal\u00f3i nyilatkozat&#8221; c\u00edm\u0171 dokumentum let\u00f6lthet\u0151 az al\u00e1bbi oldalon kereszt\u00fcl:<br \/><br \/>https:\/\/deltanet.hu\/index.php\/letoltheto-dokumentumok\/<\/h6><\/div>\n\t\t\t\t<\/div>\n\t\t\t\t\t\t\t<div class=\"elementor-toggle-item\">\n\t\t\t\t\t<div id=\"elementor-tab-title-18613\" class=\"elementor-tab-title\" data-tab=\"13\" role=\"tab\" aria-controls=\"elementor-tab-content-18613\">\n\t\t\t\t\t\t\t\t\t\t\t\t<span class=\"elementor-toggle-icon elementor-toggle-icon-right\" aria-hidden=\"true\">\n\t\t\t\t\t\t\t\t\t\t\t\t\t\t\t<span class=\"elementor-toggle-icon-closed\"><i class=\"fas fa-caret-right\"><\/i><\/span>\n\t\t\t\t\t\t\t\t<span class=\"elementor-toggle-icon-opened\"><i class=\"elementor-toggle-icon-opened fas fa-caret-up\"><\/i><\/span>\n\t\t\t\t\t\t\t\t\t\t\t\t\t<\/span>\n\t\t\t\t\t\t\t\t\t\t\t\t<a href=\"\" class=\"elementor-toggle-title\">Van-e b\u00e1rmilyen eg\u00e9szs\u00e9g\u00fcgyi kock\u00e1zata a mikrohull\u00e1m\u00fa internetnek?<\/a>\n\t\t\t\t\t<\/div>\n\t\t\t\t\t<div id=\"elementor-tab-content-18613\" class=\"elementor-tab-content elementor-clearfix\" data-tab=\"13\" role=\"tabpanel\" aria-labelledby=\"elementor-tab-title-18613\"><h6>Az internet m\u0171k\u00f6d\u00e9s\u00e9hez sz\u00fcks\u00e9ges frekvenci\u00e1k m\u00e1r j\u00f3 ideje haszn\u00e1latban vannak a 2G, 4G \u00e9s az 5G mobil h\u00e1l\u00f3zat rendszereiben, valamint a Wi-Fi kapcsolatokban.<\/h6><h6>Ez a hat\u00e1s teh\u00e1t \u00e9vek \u00f3ta \u00e9r benn\u00fcnket, \u00e9s nincs olyan megk\u00e9rd\u0151jelezhetetlen bizony\u00edt\u00e9k, amely ezekn\u00e9l a frekvenci\u00e1kn\u00e1l az emberi eg\u00e9szs\u00e9gk\u00e1ros\u00edt\u00f3 hat\u00e1sokat al\u00e1t\u00e1masztan\u00e1.<\/h6><h6>A minket \u00e9r\u0151 \u00e9s test\u00fcnkben elnyel\u0151d\u0151 sug\u00e1rz\u00e1s sokszor nagys\u00e1grendendekkel nagyobb r\u00e9sze nem ad\u00f3tornyokb\u00f3l, hanem saj\u00e1t telefonk\u00e9sz\u00fcl\u00e9keinkb\u0151l sz\u00e1rmazik.<\/h6><h6>Egy, a f\u00fcl\u00fcnk\u00f6n l\u00e9v\u0151 mobiltelefon teljes\u00edtm\u00e9ny\u00e9nek 1\/10-ede, 1\/20-ada a kibocs\u00e1jtott sug\u00e1rz\u00e1s, r\u00e1ad\u00e1sul a mikrohull\u00e1m\u00fa internet tet\u0151n k\u00edv\u00fcl, ir\u00e1ny\u00edtott antenn\u00e1k \u00e1ltal m\u0171k\u00f6dik.<\/h6><h6>A Nemzeti M\u00e9dia- \u00e9s H\u00edrk\u00f6zl\u00e9si Hat\u00f3s\u00e1g \u00f6sszesen t\u00f6bb, mint 70 telep\u00edtett \u00e9s mobil m\u00e9r\u0151\u00e1llom\u00e1ssal monitorozza a minket k\u00f6r\u00fclvev\u0151 elektrom\u00e1gneses sug\u00e1rz\u00e1st, \u00e9s amennyiben ez valahol \u00e1tl\u00e9pn\u00e9 az eg\u00e9szs\u00e9g\u00fcgyi hat\u00e1r\u00e9rt\u00e9ket, azonnal int\u00e9zkedn\u00e9nek.<\/h6><\/div>\n\t\t\t\t<\/div>\n\t\t\t\t\t\t\t<div class=\"elementor-toggle-item\">\n\t\t\t\t\t<div id=\"elementor-tab-title-18614\" class=\"elementor-tab-title\" data-tab=\"14\" role=\"tab\" aria-controls=\"elementor-tab-content-18614\">\n\t\t\t\t\t\t\t\t\t\t\t\t<span class=\"elementor-toggle-icon elementor-toggle-icon-right\" aria-hidden=\"true\">\n\t\t\t\t\t\t\t\t\t\t\t\t\t\t\t<span class=\"elementor-toggle-icon-closed\"><i class=\"fas fa-caret-right\"><\/i><\/span>\n\t\t\t\t\t\t\t\t<span class=\"elementor-toggle-icon-opened\"><i class=\"elementor-toggle-icon-opened fas fa-caret-up\"><\/i><\/span>\n\t\t\t\t\t\t\t\t\t\t\t\t\t<\/span>\n\t\t\t\t\t\t\t\t\t\t\t\t<a href=\"\" class=\"elementor-toggle-title\">Lej\u00e1rt a szerz\u0151d\u00e9sem, hogyan tudom meg\u00faj\u00edtani?<\/a>\n\t\t\t\t\t<\/div>\n\t\t\t\t\t<div id=\"elementor-tab-content-18614\" class=\"elementor-tab-content elementor-clearfix\" data-tab=\"14\" role=\"tabpanel\" aria-labelledby=\"elementor-tab-title-18614\"><h6>Szerz\u0151d\u00e9s meg\u00faj\u00edt\u00e1s\u00e1ra lehet\u0151s\u00e9g van telefonon kereszt\u00fcl, ekkor Koll\u00e9g\u00e1im az \u00d6n \u00e1ltal megadott c\u00edmre 2 p\u00e9ld\u00e1nyban kipost\u00e1zz\u00e1k az \u00faj szerz\u0151d\u00e9st, melynek 1 p\u00e9ld\u00e1ny\u00e1t 30 napon bel\u00fcl sz\u00fcks\u00e9ges visszak\u00fcldeni r\u00e9sz\u00fcnkre.<\/h6><h6>A lehet\u0151 leggyorsabb \u00fcgyint\u00e9z\u00e9s \u00dcgyf\u00e9lszolg\u00e1lati irod\u00e1nkban t\u00f6rt\u00e9nik, ahol azonnal al\u00e1\u00edr\u00e1sra ker\u00fcl a szerz\u0151d\u00e9s \u00e9s \u00fajra a havi d\u00edj kedvezm\u00e9nnyel ker\u00fcl kisz\u00e1ml\u00e1z\u00e1sra az aktu\u00e1lis havi el\u0151fizet\u0151i d\u00edj.\u00a0<\/h6><\/div>\n\t\t\t\t<\/div>\n\t\t\t\t\t<\/div>\n\t\t\t\t<\/div>\n\t\t\t\t<\/div>\n\t\t\t\t\t\t<\/div>\n\t\t\t<\/div>\n\t\t<\/div>\n\t\t\t\t\t\t<\/div>\n\t\t\t<\/div>\n\t\t<\/section>\n\t\t\t\t\t\t<\/div>\n\t\t\t<\/div>\n\t\t<\/div>\n\t\t","protected":false},"excerpt":{"rendered":"<p>Szolg\u00e1ltat\u00e1sainkkal kapcsolatos inform\u00e1ci\u00f3k Mit\u0151l f\u00fcgg, hogy megrendelhetem-e a szolg\u00e1ltat\u00e1st? Internet szolg\u00e1ltat\u00e1sunk ki\u00e9p\u00edt\u00e9s\u00e9nek legfontosabb felt\u00e9tele a tiszta r\u00e1l\u00e1t\u00e1s valamely fej\u00e1llom\u00e1sunkra. Koll\u00e9g\u00e1ink a helysz\u00ednre \u00e9rkez\u00e9st k\u00f6vet\u0151en egy<\/p>\n","protected":false},"author":4,"featured_media":0,"parent":0,"menu_order":0,"comment_status":"closed","ping_status":"closed","template":"","meta":{"_mi_skip_tracking":false},"_links":{"self":[{"href":"https:\/\/deltanet.hu\/index.php\/wp-json\/wp\/v2\/pages\/8148"}],"collection":[{"href":"https:\/\/deltanet.hu\/index.php\/wp-json\/wp\/v2\/pages"}],"about":[{"href":"https:\/\/deltanet.hu\/index.php\/wp-json\/wp\/v2\/types\/page"}],"author":[{"embeddable":true,"href":"https:\/\/deltanet.hu\/index.php\/wp-json\/wp\/v2\/users\/4"}],"replies":[{"embeddable":true,"href":"https:\/\/deltanet.hu\/index.php\/wp-json\/wp\/v2\/comments?post=8148"}],"version-history":[{"count":52,"href":"https:\/\/deltanet.hu\/index.php\/wp-json\/wp\/v2\/pages\/8148\/revisions"}],"predecessor-version":[{"id":8274,"href":"https:\/\/deltanet.hu\/index.php\/wp-json\/wp\/v2\/pages\/8148\/revisions\/8274"}],"wp:attachment":[{"href":"https:\/\/deltanet.hu\/index.php\/wp-json\/wp\/v2\/media?parent=8148"}],"curies":[{"name":"wp","href":"https:\/\/api.w.org\/{rel}","templated":true}]}}